

{"id":9553,"date":"2024-08-20T09:45:59","date_gmt":"2024-08-20T12:45:59","guid":{"rendered":"https:\/\/goias.gov.br\/goiasprev\/?page_id=9553"},"modified":"2025-12-03T08:38:26","modified_gmt":"2025-12-03T11:38:26","slug":"processos-de-negocio","status":"publish","type":"page","link":"https:\/\/goias.gov.br\/goiasprev\/processos-de-negocio\/","title":{"rendered":"Processos de Neg\u00f3cio"},"content":{"rendered":"\n<p><a href=\"https:\/\/goias.gov.br\/goiasprev\/processos-de-negocio\/beneficios\/\" target=\"_blank\" data-type=\"link\" data-id=\"https:\/\/goias.gov.br\/goiasprev\/processos-de-negocio\/beneficios\/\" rel=\"noreferrer noopener\">1 &#8211; Benef\u00edcios<\/a><\/p>\n\n\n\n<p><a href=\"https:\/\/goias.gov.br\/goiasprev\/processos-de-negocio\/arrecadacao\/\" target=\"_blank\" rel=\"noreferrer noopener\">2 &#8211; Arrecada\u00e7\u00e3o<\/a><\/p>\n\n\n\n<p><a href=\"https:\/\/goias.gov.br\/goiasprev\/processos-de-negocio\/investimento\/\" target=\"_blank\" rel=\"noreferrer noopener\">3 &#8211; Investimentos<\/a><\/p>\n\n\n\n<p><a href=\"https:\/\/goias.gov.br\/goiasprev\/processos-de-negocio\/compensacao-previdenciaria\/\" target=\"_blank\" rel=\"noreferrer noopener\">4 &#8211; Compensa\u00e7\u00e3o Previdenci\u00e1ria<\/a><\/p>\n\n\n\n<p><a href=\"https:\/\/goias.gov.br\/goiasprev\/processos-de-negocio\/atendimento\/\" target=\"_blank\" rel=\"noreferrer noopener\">5 &#8211; Atendimento<\/a><\/p>\n\n\n\n<p><a href=\"https:\/\/goias.gov.br\/goiasprev\/processos-de-negocio\/financeira\/\" target=\"_blank\" rel=\"noreferrer noopener\">6 &#8211; Financeira<\/a><\/p>\n\n\n\n<p><a href=\"https:\/\/goias.gov.br\/goiasprev\/processos-de-negocio\/tecnologia-da-informacao\/\" target=\"_blank\" rel=\"noreferrer noopener\">7 &#8211; Tecnologia da Informa\u00e7\u00e3o<\/a><\/p>\n\n\n\n<p><a href=\"https:\/\/goias.gov.br\/goiasprev\/processos-de-negocio\/juridica\/\" target=\"_blank\" rel=\"noreferrer noopener\">8 &#8211; Jur\u00eddica<\/a><\/p>\n\n\n\n<p><a href=\"https:\/\/goias.gov.br\/goiasprev\/processos-de-negocio\/administrativa\/\" target=\"_blank\" rel=\"noreferrer noopener\">9 &#8211; Administrativa<\/a><\/p>\n\n\n\n<p><a href=\"https:\/\/goias.gov.br\/goiasprev\/processos-de-negocio\/atuarial\/\" target=\"_blank\" rel=\"noreferrer noopener\">10 &#8211; Atuarial<\/a><\/p>\n","protected":false},"excerpt":{"rendered":"<p>1 &#8211; Benef\u00edcios 2 &#8211; Arrecada\u00e7\u00e3o 3 &#8211; Investimentos 4 &#8211; Compensa\u00e7\u00e3o Previdenci\u00e1ria 5 &#8211; Atendimento 6 &#8211; Financeira 7 &#8211; Tecnologia da Informa\u00e7\u00e3o 8 &#8211; Jur\u00eddica 9 &#8211; Administrativa 10 &#8211; Atuarial<\/p>\n","protected":false},"author":436,"featured_media":0,"parent":0,"menu_order":0,"comment_status":"closed","ping_status":"closed","template":"","meta":{"footnotes":""},"class_list":["post-9553","page","type-page","status-publish","hentry"],"rttpg_featured_image_url":null,"rttpg_author":{"display_name":"Guilherme Corr\u00eaa","author_link":"https:\/\/goias.gov.br\/goiasprev\/author\/guilhermecorrea\/"},"rttpg_comment":0,"rttpg_category":null,"rttpg_excerpt":"1 &#8211; Benef\u00edcios 2 &#8211; Arrecada\u00e7\u00e3o 3 &#8211; Investimentos 4 &#8211; Compensa\u00e7\u00e3o Previdenci\u00e1ria 5 &#8211; Atendimento 6 &#8211; Financeira 7 &#8211; Tecnologia da Informa\u00e7\u00e3o 8 &#8211; Jur\u00eddica 9 &#8211; Administrativa 10 &#8211; Atuarial","_links":{"self":[{"href":"https:\/\/goias.gov.br\/goiasprev\/wp-json\/wp\/v2\/pages\/9553","targetHints":{"allow":["GET"]}}],"collection":[{"href":"https:\/\/goias.gov.br\/goiasprev\/wp-json\/wp\/v2\/pages"}],"about":[{"href":"https:\/\/goias.gov.br\/goiasprev\/wp-json\/wp\/v2\/types\/page"}],"author":[{"embeddable":true,"href":"https:\/\/goias.gov.br\/goiasprev\/wp-json\/wp\/v2\/users\/436"}],"replies":[{"embeddable":true,"href":"https:\/\/goias.gov.br\/goiasprev\/wp-json\/wp\/v2\/comments?post=9553"}],"version-history":[{"count":2,"href":"https:\/\/goias.gov.br\/goiasprev\/wp-json\/wp\/v2\/pages\/9553\/revisions"}],"predecessor-version":[{"id":37389,"href":"https:\/\/goias.gov.br\/goiasprev\/wp-json\/wp\/v2\/pages\/9553\/revisions\/37389"}],"wp:attachment":[{"href":"https:\/\/goias.gov.br\/goiasprev\/wp-json\/wp\/v2\/media?parent=9553"}],"curies":[{"name":"wp","href":"https:\/\/api.w.org\/{rel}","templated":true}]}}