

{"id":5179,"date":"2024-07-12T14:37:51","date_gmt":"2024-07-12T17:37:51","guid":{"rendered":"https:\/\/goias.gov.br\/goiasprev\/?page_id=5179"},"modified":"2025-09-05T10:47:41","modified_gmt":"2025-09-05T13:47:41","slug":"cargos-e-seus-ocupantes","status":"publish","type":"page","link":"https:\/\/goias.gov.br\/goiasprev\/cargos-e-seus-ocupantes\/","title":{"rendered":"Cargos e seus ocupantes"},"content":{"rendered":"\n<h2 class=\"wp-block-heading\">Cargos e seus ocupantes, telefones e endere\u00e7os<\/h2>\n\n\n\n<p>Hor\u00e1rio de atendimento presencial: de segunda a sexta-feira das&nbsp;08h \u00e0s 12h e das 14h&nbsp;\u00e0s 18h<\/p>\n\n\n\n<p><strong>1. Gabinete do Presidente<\/strong><br><br>Presidente: Gilvan C\u00e2ndido da Silva<br>Endere\u00e7o: Av. Primeira Radial, n\u00ba 586, Bloco 04, 5\u00ba Andar, Sala 01, Setor Pedro Ludovico, Goi\u00e2nia-GO \u2013 CEP: 74.820-300<br>E-mail:&nbsp;<a class=\"\" href=\"mailto:gabinetedopresidente.goiasprev@goias.gov.br\">gabinetedopresidente.goiasprev@goias.gov.br<\/a><br>Tel.: (62) 3201-7812<br>SEI: 11679<\/p>\n\n\n\n<p><strong>1.1 Chefia de Gabinete<\/strong><br><br>Chefe de Gabinete: Jos\u00e9 Ant\u00f4nio Capparelli Vieira Borges<br>Endere\u00e7o: Av. Primeira Radial, n\u00ba 586, Bloco 04, 5\u00ba Andar, Sala 01, Setor Pedro Ludovico,&nbsp;Goi\u00e2nia-GO \u2013 CEP: 74820-300<br>E-mail:&nbsp;<a href=\"mailto:jose.capparelli@goias.gov.br\">jose.capparelli@goias.gov.br<\/a><br>Tel.: (62) 3201-7804<br>SEI: 11687<\/p>\n\n\n\n<p><strong>1.2 Procuradoria Setorial<\/strong><br><br>Chefe: Bruna Rodrigues Tannus Tinoco<br>Endere\u00e7o: Av. Primeira Radial, n\u00ba 586, Bloco 01, 2\u00ba Andar, Sala 15, Setor Pedro Ludovico, Goi\u00e2nia-GO \u2013 CEP: 74820-300<br>E-mail:&nbsp;<a href=\"mailto:prs.goiasprev@goias.gov.br\">prs.goiasprev@goias.gov.br<\/a><br>Tel.: (62) 3201-7838<br>SEI: 11684<\/p>\n\n\n\n<p><strong>1.2.1 Ger\u00eancia de Processos Administrativos<\/strong><\/p>\n\n\n\n<p>Gerente:&nbsp;Aliny Nunes Terra Miranda<br>Endere\u00e7o: Av. Primeira Radial, n\u00ba 586, Bloco 01, 2\u00ba Andar, Sala 15, Setor Pedro Ludovico, Goi\u00e2nia-GO \u2013 CEP: 74820-300<br>E-mail:&nbsp;<a href=\"mailto:gpad.goiasprev@goias.gov.br\">gpad.goiasprev@goias.gov.br<\/a><br>Tel.: (62)&nbsp;3201-7838<br>SEI: 21047<\/p>\n\n\n\n<p><strong>1.2.2&nbsp;Ger\u00eancia do Contencioso<\/strong><\/p>\n\n\n\n<p>Gerente: Viviane Macedo Sousa Nogueira<br>Endere\u00e7o:&nbsp;Av. Primeira Radial, n\u00ba 586, Bloco 01, 2\u00ba Andar, Sala 15, Setor Pedro Ludovico, Goi\u00e2nia-GO \u2013 CEP: 74820-300<br>E-mail:&nbsp;<a href=\"mailto:gcon.goiasprev@goias.gov.br\">gcon.goiasprev@goias.gov.br<\/a><br>Tel.:&nbsp;(62) 3201-7838<br>SEI: 21048<\/p>\n\n\n\n<p><strong>1.3 Comunica\u00e7\u00e3o Setorial<\/strong><br><br>Chefe:&nbsp;Marilda de F\u00e1tima Castro Pimentel<br>Endere\u00e7o: Av. Primeira Radial, n\u00ba 586, Bloco 03, 5\u00ba Andar, Sala 08, Setor Pedro Ludovico,&nbsp;Goi\u00e2nia-GO \u2013 CEP: 74820-300<br>E-mail:&nbsp;<a href=\"mailto:marilda.castro@goias.gov.br\">marilda.castro@goias.gov.br<\/a><br>Tel.: (62) 3201-7851<br>SEI: 18466<\/p>\n\n\n\n<p><strong>1.4 Assessoria Estrat\u00e9gica<\/strong><br><br>Chefe:&nbsp;Fernando Rocha Abr\u00e3o<br>Endere\u00e7o: Av. Primeira Radial, n\u00ba 586, Bloco 04, 5\u00ba Andar, Sala 02, Setor Pedro Ludovico,&nbsp;Goi\u00e2nia-GO \u2013 CEP: 74820-300<br>E-mail:&nbsp;<a href=\"fernando.abrao@goias.gov.br\">fernando.abrao@goias.gov.br<\/a><br>Tel.: (62) 3201-7809<br>SEI: 15857<\/p>\n\n\n\n<p><strong>1.5&nbsp;Ger\u00eancia de An\u00e1lise de Inatividade<\/strong><\/p>\n\n\n\n<p>Gerente: Cynthia Dayse Rosa Nogueira<br>Endere\u00e7o: Av. Primeira Radial, n\u00ba 586, Bloco 02, 2\u00ba Andar, Salas 17, 18, 22, 27, 28 e 29, Setor Pedro Ludovico,&nbsp;Goi\u00e2nia-GO \u2013 CEP: 74820-300<br>E-mail:&nbsp;<a href=\"mailto:geai.goiasprev@goias.gov.br\">geai.goiasprev@goias.gov.br<\/a><br>Tel.: (62) 3201-7821<br>Hor\u00e1rio de atendimento presencial:&nbsp;de segunda a sexta-feira das 07:30h \u00e0s 12h e das&nbsp;14h \u00e0s 17:30h<br>SEI: 15893<\/p>\n\n\n\n<p><strong>1.6&nbsp;Ger\u00eancia de Governan\u00e7a Corporativa<\/strong><\/p>\n\n\n\n<p>Gerente:&nbsp;Roberta&nbsp;Grazielle&nbsp;Roque&nbsp;Crispim<br>Endere\u00e7o: Av. Primeira Radial, n\u00ba 586, Bloco 01, 1\u00ba Andar, Salas 05, 06 e 07, Setor Pedro Ludovico, Goi\u00e2nia-GO \u2013 CEP: 74820-300<br>E-mail:&nbsp;<a href=\"mailto:ggov.goiasprev@goias.gov.br\">ggov.goiasprev@goias.gov.br<\/a><br>Tel.: 3201-7812<br>SEI: 21051<\/p>\n\n\n\n<p><strong>1.7 Ger\u00eancia da Secretaria-Geral<\/strong><br><br>Gerente: Deise Mara Nascimento Santos<br>Endere\u00e7o: Av. Primeira Radial, n\u00ba 586, Bloco 04, 5\u00ba Andar, Sala 01, Setor Pedro Ludovico,&nbsp;Goi\u00e2nia-GO \u2013 CEP: 74820-300<br>E-mail:&nbsp;<a href=\"mailto:secretariageral.goiasprev@goias.gov.br\" target=\"_blank\" rel=\"noreferrer noopener\">secretariageral.goiasprev@goias.gov.br<\/a><br>Tel.: (62) 3201-7811<br>Hor\u00e1rio de atendimento presencial:&nbsp;de segunda a sexta-feira das 08h \u00e0s 18h.<br>SEI: 11682<\/p>\n\n\n\n<p><strong>1.8 Diretoria de Gest\u00e3o Integrada<\/strong><br><br>Diretor: Marcos Medeiros da Silva<br>Endere\u00e7o: Av. Primeira Radial, n\u00ba 586, Bloco 03, 5\u00ba Andar, Sala 09, Setor Pedro Ludovico,&nbsp;Goi\u00e2nia-GO \u2013 CEP: 74820-300<br>E-mail: <a href=\"mailto:marcos.medeiros@goias.gov.br\"><\/a><a href=\"mailto:marcos.medeiros@goias.gov.br\">marcos.medeiros@goias.gov.br<\/a><br>Tel.: (62) 3201-7803<br>SEI: 11688<\/p>\n\n\n\n<p><strong>1.8.1 Ger\u00eancia de Gest\u00e3o e Finan\u00e7as<\/strong><br><br>Gerente:&nbsp;Karla&nbsp;Patr\u00edcia&nbsp;Gomes&nbsp;Gon\u00e7alves&nbsp;de&nbsp;Rezende&nbsp;Albernaz<br>Endere\u00e7o: Av. Primeira Radial, n\u00ba 586, Bloco 04, 5\u00ba Andar, Sala 04, Setor Pedro Ludovico Goi\u00e2nia-GO \u2013 CEP: 74820-300<br>E-mail:&nbsp;<a href=\"mailto:geplan.goiasprev@goias.gov.br\">geplan.goiasprev@goias.gov.br<\/a><br>Tel.:&nbsp;(62) 3201-7819\/7820<br>SEI: 11696<\/p>\n\n\n\n<p><strong>1.8.2 Ger\u00eancia de Gest\u00e3o e Desenvolvimento de Pessoas<\/strong><\/p>\n\n\n\n<p>Gerente: Alessandra Oliveira de Souza<br>Endere\u00e7o: Av. Primeira Radial, n\u00b0 586, Bloco 03, 5\u00b0 Andar, Sala 10, Setor Pedro Ludovico, Goi\u00e2nia-GO &#8211; CEP: 74820300<br>E-mail: <a href=\"mailto:gestaodepessoas.goiasprev@goias.gov.br\">gestaodepessoas.goiasprev@goias.gov.br<\/a><br>Tel: (62) 3201-7866<br>SEI: 1169<\/p>\n\n\n\n<p><strong>1.8.3 Ger\u00eancia de Compras e Apoio Administrativo<\/strong><br><br>Gerente:&nbsp; Lucas Rodrigues Teixeira de Brito<br>Endere\u00e7o: Av. Primeira Radial, n\u00ba 586, Bloco 04, 5\u00ba Andar, Sala 03, Setor Pedro Ludovico,&nbsp;Goi\u00e2nia-GO \u2013 CEP: 74820-300<br>E-mail:&nbsp;<a href=\"mailto:gelc.goiasprev@goias.gov.br\">gelc.goiasprev@goias.gov.br&nbsp;<\/a><br>Tel.: (62) 3201-7815<br>Hor\u00e1rio de atendimento presencial:&nbsp;de segunda a sexta-feira das&nbsp;08h \u00e0s&nbsp;17h<br>SEI: 14003<\/p>\n\n\n\n<p><strong>1.8.4\u00a0Ger\u00eancia de Tecnologia\u00a0<\/strong><br><br>Gerente: Andr\u00e9 Dias Campos<br>Endere\u00e7o: Av. Primeira Radial, n\u00ba 586, Bloco 03, 5\u00ba Andar, Sala 12, Setor Pedro Ludovico,\u00a0Goi\u00e2nia-GO \u2013 CEP: 74820-300<br>E-mail:\u00a0<a href=\"mailto:atendimento.ti.goiasprev@goias.gov.br\">atendimento.ti.goiasprev@goias.gov.br<\/a><br>Tel.: (62) 3201-7840<br>Hor\u00e1rio de atendimento presencial: de segunda a sexta-feira das\u00a008h \u00e0s 18h<br>SEI: 11685<\/p>\n\n\n\n<p><strong>1.8.5 Ger\u00eancia&nbsp;de Contabilidade<\/strong><br><br>Gerente: Adriana Jesus Silva Batista<br>Endere\u00e7o: Av. Primeira Radial, n\u00ba 586, Bloco 04, 5\u00ba Andar, Sala 05, Setor Pedro Ludovico,&nbsp;Goi\u00e2nia-GO \u2013 CEP: 74820-300<br>E-mail:&nbsp;<a href=\"mailto:ascon.goiasprev@goias.gov.br\">ascon.goiasprev@goias.gov.br<\/a><br>Tel.: (62) 3201-7818<br>Hor\u00e1rio de atendimento presencial: de segunda a sexta-feira das&nbsp;07h \u00e0s 17h<br>SEI: 18194<\/p>\n\n\n\n<p><strong>1.9 Diretoria de Previd\u00eancia<\/strong><br><br>Diretora: Milena Guilherme Dias<br>Endere\u00e7o: Av. Primeira Radial, n\u00ba 586, Bloco 04, 5\u00ba Andar, Sala 06, Setor Pedro Ludovico,&nbsp;Goi\u00e2nia-GO \u2013 CEP: 74820-300<br>E-mail:&nbsp;<a href=\"mailto:dprev.goiasprev@goias.gov.br\"><u>dprev.goiasprev@goias.gov.br<\/u><\/a><br>Tel.: (62) 3201-7822<br>SEI: 11689<\/p>\n\n\n\n<p><strong>1.9.1&nbsp;Ger\u00eancia de&nbsp;Folha de Pagamento de Benef\u00edcios<\/strong><\/p>\n\n\n\n<p>Gerente: Alyne Gon\u00e7alves da Silva<br>Endere\u00e7o:&nbsp;Av. Primeira Radial, n\u00ba 586, Bloco 03, 5\u00ba Andar, Sala 09, Setor Pedro Ludovico,&nbsp;Goi\u00e2nia-GO \u2013 CEP: 74820-300<br>E-mail:&nbsp;<a href=\"mailto:gefolha.goiasprev@goias.gov.br\">gefolha.goiasprev@goias.gov.br<\/a><br>Tel.:(62) 3201-7832, (62) 3201-7832 e (62) 98634-0483 (apenas WhatsApp)<br>Hor\u00e1rio de atendimento presencial:&nbsp;de segunda a sexta-feira das&nbsp;07h&nbsp;\u00e0s&nbsp;18h<br>SEI: 18468<\/p>\n\n\n\n<p><strong>1.9.2 Ger\u00eancia de Cadastro, Auditoria e Junta M\u00e9dica Previdenci\u00e1ria<\/strong><br><br>Gerente: Marina Ribeiro Moreira<br>Endere\u00e7o: Av. Primeira Radial, n\u00ba 586, Bloco 04, 5\u00ba Andar, Sala 07, Setor Pedro Ludovico,&nbsp;Goi\u00e2nia-GO \u2013 CEP: 74820-300<br>E-mail:&nbsp;<a href=\"mailto:cadastro.goiasprev@goias.gov.br\">cadastro.goiasprev@goias.gov.br<\/a><br>Tel.: (62) 3201-7827\/ 7828 \/7830<br>Hor\u00e1rio de atendimento presencial:&nbsp;de segunda a sexta-feira das&nbsp;07h&nbsp;\u00e0s&nbsp;18h<br>SEI: 11699<\/p>\n\n\n\n<p><strong>1.9.3 Ger\u00eancia de Pens\u00e3o e Direitos de Civis<\/strong><br><br>Gerente: Kelly Cristina Mendes de Rezende<br>Endere\u00e7o: Av. Primeira Radial, n\u00ba 586, Bloco 03, 5\u00ba Andar, Sala 11, Setor Pedro Ludovico,&nbsp;Goi\u00e2nia-GO \u2013 CEP: 74820-300<br>E-mail:&nbsp;<a href=\"mailto:gdpc.goiasprev@goias.gov.br\">gpdc.goiasprev@goias.gov.br<\/a><br>Tel.: (62) 3201-7806<br>Hor\u00e1rio de atendimento presencial:&nbsp;de segunda a sexta-feira das&nbsp;08h&nbsp;\u00e0s&nbsp;18h<br>SEI: 11681<\/p>\n\n\n\n<p><strong>1.9.4 Ger\u00eancia de Concess\u00e3o de Aposentadoria<\/strong><br><br>Gerente: Josiniro da Silva Coelho<br>Endere\u00e7o: Av. Primeira Radial, n\u00ba 586, Bloco 01, 2\u00ba Andar, Sala 14 e 14A, Setor Pedro Ludovico,&nbsp;Goi\u00e2nia-GO \u2013 CEP: 74820-300<br>E-mail:&nbsp;<a href=\"mailto:josiniro.coelho@goias.gov.br\">josiniro.coelho@goias.gov.br<\/a><br>Tel.: (62) 3201-7853<br>SEI: 15894<\/p>\n\n\n\n<p><strong>1.9.5 Ger\u00eancia de C\u00e1lculos&nbsp;<\/strong><br><br>Gerente: Maria da Gl\u00f3ria do Espirito Santo<br>Endere\u00e7o: Av. Primeira Radial, n\u00ba 586, Bloco 02, 2\u00ba Andar, Salas 20 e 23, Setor Pedro Ludovico,&nbsp;Goi\u00e2nia-GO \u2013 CEP: 74820-300<br>E-mail:&nbsp;<a href=\"mailto:gecal.goiasprev@goias.gov.br\">gecal.goiasprev@goias.gov.br<\/a><br>Tel.: (62) 3201-7823<br>SEI: 14143<\/p>\n\n\n\n<p><strong>1.10 Diretoria de Militares<\/strong><\/p>\n\n\n\n<p>Diretor: Cel. Cl\u00e1udio Danilo Moura Braga<br>Endere\u00e7o: Av. Primeira Radial, n\u00ba 586, Bloco 02, 2\u00ba Andar, Sala 27, Setor Pedro Ludovico, Goi\u00e2nia-GO<br>CEP: 74820-300<br>E-mail: <a href=\"mailto:andre.asousa@goias.gov.br\">coronel.braga@goias.gov.br<\/a><br>Tel.: (62) 3201-7825<br>Hor\u00e1rio de atendimento presencial: de segunda a sexta-feira das 08h \u00e0s 12h das 13h \u00e1s 17h<br>SEI: 17047<\/p>\n\n\n\n<p><strong>1.10.1 Ger\u00eancia de Inatividade de Militares<\/strong><br><br>Gerente: Geovani Junqueira Souza<br>Endere\u00e7o: Av. Primeira Radial, n\u00ba 586, Bloco 02, 2\u00ba Andar, Sala 19, Setor Pedro Ludovico<br>Goi\u00e2nia-GO \u2013 CEP: 74820-300<br>E-mail:&nbsp;<a href=\"mailto:geovani.souza@goias.gov.br\">geovani.souza@goias.gov.br<\/a><br>Tel.: (62) 3201-7865<br>SEI: 11698<\/p>\n\n\n\n<p><strong>1.10.2 Ger\u00eancia de Pens\u00e3o&nbsp;e&nbsp;Direitos de Militares&nbsp;<\/strong><\/p>\n\n\n\n<p>Gerente: Sara Cristina Fonseca Faustino<br>Endere\u00e7o: Av. Primeira Radial, n\u00ba 586, Bloco 02, 2\u00ba Andar, Sala 26, Setor Pedro Ludovico,&nbsp;Goi\u00e2nia-GO \u2013 CEP: 74820-300<br>E-mail:&nbsp;<a href=\"mailto:gpdm.goiasprev@goias.gov.br\">gpdm.goiasprev@goias.gov.br<\/a><br>Tel.: (62) 3201-7825<br>SEI: 17819<\/p>\n\n\n\n<p><strong>1.11 Diretoria de Gest\u00e3o de Ativos e Passivos<\/strong><br><br>Diretor: Leonardo L\u00facio Barbosa Ferreira<br>Endere\u00e7o: Av. Primeira Radial, n\u00ba 586, Bloco 03, 5\u00ba Andar, Sala 13, Setor Pedro Ludovico,&nbsp;Goi\u00e2nia-GO \u2013 CEP: 74820-300<br>E-mail:&nbsp;<a href=\"mailto:leonardo.bferreira@goias.gov.br\">leonardo.bferreira@goias.gov.br<\/a> <br>Tel.:&nbsp;(62) 3201-7826<br>SEI: 21054<\/p>\n\n\n\n<p><strong>1.11.1&nbsp;Ger\u00eancia de Investimentos<\/strong><br><br>Gerente: Ant\u00f4nio Francisco Craveiro Portela<br>Endere\u00e7o: Av. Primeira Radial, n\u00ba 586, Bloco 03, 5\u00ba Andar, Sala 13, Setor Pedro Ludovico&nbsp;Goi\u00e2nia-GO \u2013 CEP: 74820-300<br>E-mail:&nbsp;&nbsp;<a href=\"mailto:ginv.goiasprev@goias.gov.br\">ginv.goiasprev@goias.gov.br<\/a><br>Tel.:&nbsp;(62) 3201-7826<br>SEI: 21055<\/p>\n\n\n\n<p><strong>1.11.2 Ger\u00eancia de Atu\u00e1ria e Dados Previdenci\u00e1rios<\/strong><br><br>Gerente: Juliana Salgado Quintans<br>Endere\u00e7o: Av. Primeira Radial, n\u00ba 586, Bloco 03, 5\u00ba Andar, Sala 13, Setor Pedro Ludovico,&nbsp;Goi\u00e2nia-GO \u2013 CEP: 74820-300<br>E-mail:&nbsp;<a href=\"mailto:gadprev.goiasprev@goias.gov.br\">gadprev.goiasprev@goias.gov.br<\/a><br>Tel.: (62) 3201-7826<br>SEI: 15896<\/p>\n\n\n\n<p><strong>1.11.3 Ger\u00eancia de Compensa\u00e7\u00e3o Previdenci\u00e1ria<\/strong><br><br>Gerente: F\u00e1bio Resende Martins<br>Endere\u00e7o: Av. Primeira Radial, n\u00ba 586, Bloco 01, 2\u00ba Andar, Sala 16, Setor Pedro Ludovico, Goi\u00e2nia-GO \u2013 CEP: 74820-300<br>E-mail:&nbsp;<a href=\"mailto:gecomprev.goiasprev@goias.gov.br\" target=\"_blank\" rel=\"noreferrer noopener\">gecomprev.goiasprev@goias.gov.br<\/a><br>Tel.: (62) 3201-7843<br>SEI: 11686<\/p>\n","protected":false},"excerpt":{"rendered":"<p>Cargos e seus ocupantes, telefones e endere\u00e7os Hor\u00e1rio de atendimento presencial: de segunda a sexta-feira das&nbsp;08h \u00e0s 12h e das 14h&nbsp;\u00e0s 18h 1. Gabinete do Presidente Presidente: Gilvan C\u00e2ndido da SilvaEndere\u00e7o: Av. Primeira Radial, n\u00ba 586, Bloco 04, 5\u00ba Andar, Sala 01, Setor Pedro Ludovico, Goi\u00e2nia-GO \u2013 CEP: 74.820-300E-mail:&nbsp;gabinetedopresidente.goiasprev@goias.gov.brTel.: (62) 3201-7812SEI: 11679 1.1 Chefia de [&hellip;]<\/p>\n","protected":false},"author":412,"featured_media":0,"parent":0,"menu_order":0,"comment_status":"closed","ping_status":"closed","template":"","meta":{"footnotes":""},"class_list":["post-5179","page","type-page","status-publish","hentry"],"rttpg_featured_image_url":null,"rttpg_author":{"display_name":"paulomecarvalho","author_link":"https:\/\/goias.gov.br\/goiasprev\/author\/paulomecarvalho\/"},"rttpg_comment":0,"rttpg_category":null,"rttpg_excerpt":"Cargos e seus ocupantes, telefones e endere\u00e7os Hor\u00e1rio de atendimento presencial: de segunda a sexta-feira das&nbsp;08h \u00e0s 12h e das 14h&nbsp;\u00e0s 18h 1. Gabinete do Presidente Presidente: Gilvan C\u00e2ndido da SilvaEndere\u00e7o: Av. Primeira Radial, n\u00ba 586, Bloco 04, 5\u00ba Andar, Sala 01, Setor Pedro Ludovico, Goi\u00e2nia-GO \u2013 CEP: 74.820-300E-mail:&nbsp;gabinetedopresidente.goiasprev@goias.gov.brTel.: (62) 3201-7812SEI: 11679 1.1 Chefia de&hellip;","_links":{"self":[{"href":"https:\/\/goias.gov.br\/goiasprev\/wp-json\/wp\/v2\/pages\/5179","targetHints":{"allow":["GET"]}}],"collection":[{"href":"https:\/\/goias.gov.br\/goiasprev\/wp-json\/wp\/v2\/pages"}],"about":[{"href":"https:\/\/goias.gov.br\/goiasprev\/wp-json\/wp\/v2\/types\/page"}],"author":[{"embeddable":true,"href":"https:\/\/goias.gov.br\/goiasprev\/wp-json\/wp\/v2\/users\/412"}],"replies":[{"embeddable":true,"href":"https:\/\/goias.gov.br\/goiasprev\/wp-json\/wp\/v2\/comments?post=5179"}],"version-history":[{"count":2,"href":"https:\/\/goias.gov.br\/goiasprev\/wp-json\/wp\/v2\/pages\/5179\/revisions"}],"predecessor-version":[{"id":31481,"href":"https:\/\/goias.gov.br\/goiasprev\/wp-json\/wp\/v2\/pages\/5179\/revisions\/31481"}],"wp:attachment":[{"href":"https:\/\/goias.gov.br\/goiasprev\/wp-json\/wp\/v2\/media?parent=5179"}],"curies":[{"name":"wp","href":"https:\/\/api.w.org\/{rel}","templated":true}]}}