

{"id":4395,"date":"2024-02-28T10:47:02","date_gmt":"2024-02-28T13:47:02","guid":{"rendered":"https:\/\/siteshom.goias.gov.br\/goiasprev\/agenda-de-autoridades\/"},"modified":"2026-04-25T22:13:54","modified_gmt":"2026-04-26T01:13:54","slug":"agenda-de-autoridades","status":"publish","type":"page","link":"https:\/\/goias.gov.br\/goiasprev\/agenda-de-autoridades\/","title":{"rendered":"Agenda de Autoridades"},"content":{"rendered":"<p><strong style='margin-block-end: -1.8rem'><a href='https:\/\/goias.gov.br\/goiasprev\/presidente\/'>Presidente<\/a><\/strong><br \/>GILVAN CANDIDO DA SILVA<\/p>\n<p><strong style='margin-block-end: -1.8rem'><a href='https:\/\/goias.gov.br\/goiasprev\/chefe-de-gabinete\/'>Chefe de Gabinete<\/a><\/strong><br \/>JOSE ANTONIO CAPPARELLI VIEIRA BORGES<\/p>\n<p><strong style='margin-block-end: -1.8rem'><a href='https:\/\/goias.gov.br\/goiasprev\/chefe-da-procuradoria-setorial\/'>Chefe da Procuradoria Setorial<\/a><\/strong><br \/>BRUNA RODRIGUES TANNUS TINOCO<\/p>\n<p><strong style='margin-block-end: -1.8rem'><a href='https:\/\/goias.gov.br\/goiasprev\/diretora-de-previdencia\/'>Diretora de Previd\u00eancia<\/a><\/strong><br \/>MILENA GUILHERME DIAS<\/p>\n<p><strong style='margin-block-end: -1.8rem'><a href='https:\/\/goias.gov.br\/goiasprev\/diretor-de-gestao-integrada\/'>Diretor de Gest\u00e3o Integrada<\/a><\/strong><br \/>MARCOS MEDEIROS DA SILVA<\/p>\n<p><strong style='margin-block-end: -1.8rem'><a href='https:\/\/goias.gov.br\/goiasprev\/diretor-de-militares\/'>Diretor de Militares<\/a><\/strong><br \/>CLAUDIO DANILO MOURA BRAGA<\/p>\n<p><strong style='margin-block-end: -1.8rem'><a href='https:\/\/goias.gov.br\/goiasprev\/diretoria-de-gestao-de-ativos-e-passivos\/'>Diretoria de Gest\u00e3o de Ativos e Passivos<\/a><\/strong><br \/>LEONARDO LUCIO BARBOSA FERREIRA<\/p>\n<p><strong style='margin-block-end: -1.8rem'><a href='https:\/\/goias.gov.br\/goiasprev\/chefe-de-assessoria-estrategica\/'>Chefe de Assessoria Estrat\u00e9gica<\/a><\/strong><br \/>FERNANDO ROCHA ABRAO<\/p>\n<p><strong style='margin-block-end: -1.8rem'><a href='https:\/\/goias.gov.br\/goiasprev\/chefe-de-comunicacao-setorial\/'>Chefe de Comunica\u00e7\u00e3o Setorial<\/a><\/strong><br \/>MARILDA DE FATIMA CASTRO PIMENTEL<\/p>\n","protected":false},"excerpt":{"rendered":"<p>PresidenteGILVAN CANDIDO DA SILVA Chefe de GabineteJOSE ANTONIO CAPPARELLI VIEIRA BORGES Chefe da Procuradoria SetorialBRUNA RODRIGUES TANNUS TINOCO Diretora de Previd\u00eanciaMILENA GUILHERME DIAS Diretor de Gest\u00e3o IntegradaMARCOS MEDEIROS DA SILVA Diretor de MilitaresCLAUDIO DANILO MOURA BRAGA Diretoria de Gest\u00e3o de Ativos e PassivosLEONARDO LUCIO BARBOSA FERREIRA Chefe de Assessoria Estrat\u00e9gicaFERNANDO ROCHA ABRAO Chefe de Comunica\u00e7\u00e3o [&hellip;]<\/p>\n","protected":false},"author":2,"featured_media":0,"parent":0,"menu_order":0,"comment_status":"closed","ping_status":"closed","template":"","meta":{"footnotes":""},"class_list":["post-4395","page","type-page","status-publish","hentry"],"rttpg_featured_image_url":null,"rttpg_author":{"display_name":"rogerioduarte","author_link":"https:\/\/goias.gov.br\/goiasprev\/author\/rogerioduarte\/"},"rttpg_comment":0,"rttpg_category":null,"rttpg_excerpt":"PresidenteGILVAN CANDIDO DA SILVA Chefe de GabineteJOSE ANTONIO CAPPARELLI VIEIRA BORGES Chefe da Procuradoria SetorialBRUNA RODRIGUES TANNUS TINOCO Diretora de Previd\u00eanciaMILENA GUILHERME DIAS Diretor de Gest\u00e3o IntegradaMARCOS MEDEIROS DA SILVA Diretor de MilitaresCLAUDIO DANILO MOURA BRAGA Diretoria de Gest\u00e3o de Ativos e PassivosLEONARDO LUCIO BARBOSA FERREIRA Chefe de Assessoria Estrat\u00e9gicaFERNANDO ROCHA ABRAO Chefe de Comunica\u00e7\u00e3o&hellip;","_links":{"self":[{"href":"https:\/\/goias.gov.br\/goiasprev\/wp-json\/wp\/v2\/pages\/4395","targetHints":{"allow":["GET"]}}],"collection":[{"href":"https:\/\/goias.gov.br\/goiasprev\/wp-json\/wp\/v2\/pages"}],"about":[{"href":"https:\/\/goias.gov.br\/goiasprev\/wp-json\/wp\/v2\/types\/page"}],"author":[{"embeddable":true,"href":"https:\/\/goias.gov.br\/goiasprev\/wp-json\/wp\/v2\/users\/2"}],"replies":[{"embeddable":true,"href":"https:\/\/goias.gov.br\/goiasprev\/wp-json\/wp\/v2\/comments?post=4395"}],"version-history":[{"count":2,"href":"https:\/\/goias.gov.br\/goiasprev\/wp-json\/wp\/v2\/pages\/4395\/revisions"}],"predecessor-version":[{"id":41180,"href":"https:\/\/goias.gov.br\/goiasprev\/wp-json\/wp\/v2\/pages\/4395\/revisions\/41180"}],"wp:attachment":[{"href":"https:\/\/goias.gov.br\/goiasprev\/wp-json\/wp\/v2\/media?parent=4395"}],"curies":[{"name":"wp","href":"https:\/\/api.w.org\/{rel}","templated":true}]}}