

{"id":37407,"date":"2025-12-03T11:17:27","date_gmt":"2025-12-03T14:17:27","guid":{"rendered":"https:\/\/goias.gov.br\/goiasprev\/?page_id=37407"},"modified":"2026-03-02T10:44:04","modified_gmt":"2026-03-02T13:44:04","slug":"conselho-fiscal-da-goiasprev","status":"publish","type":"page","link":"https:\/\/goias.gov.br\/goiasprev\/conselho-fiscal-da-goiasprev\/","title":{"rendered":"Conselho Fiscal da GOIASPREV"},"content":{"rendered":"\n<p><a href=\"https:\/\/goias.gov.br\/goiasprev\/atas-de-reunioes-do-conselho-fiscal-da-goiasprev\/\" target=\"_blank\" rel=\"noreferrer noopener\">Atas de Reuni\u00f5es<\/a><\/p>\n\n\n\n<p><a href=\"https:\/\/goias.gov.br\/goiasprev\/conselho-fiscal-2\/\" target=\"_blank\" rel=\"noreferrer noopener\">Composi\u00e7\u00e3o<\/a><\/p>\n\n\n\n<p><a href=\"https:\/\/goias.gov.br\/goiasprev\/cronograma-de-reunioes-conselho-fiscal\/\" target=\"_blank\" rel=\"noreferrer noopener\">Cronograma de Reuni\u00f5es<\/a><\/p>\n\n\n\n<p><a href=\"https:\/\/goias.gov.br\/goiasprev\/wp-content\/uploads\/sites\/36\/2026\/03\/Prestacao-de-Contas-2024-2025-e-Plano-de-Trabalho-2026-rev.-2-FEV-26-CFG.pdf\" target=\"_blank\" rel=\"noreferrer noopener\">Presta\u00e7\u00e3o de Contas 2024-2025 e Plano de Trabalho 2026<\/a><\/p>\n\n\n\n<p><a href=\"https:\/\/goias.gov.br\/goiasprev\/wp-content\/uploads\/sites\/36\/2022\/12\/Resolucao_1-23-Regimento_Interno_CFG-2f4.pdf\" target=\"_blank\" rel=\"noreferrer noopener\">Regimento Interno<\/a><\/p>\n\n\n\n<p><\/p>\n","protected":false},"excerpt":{"rendered":"<p>Atas de Reuni\u00f5es Composi\u00e7\u00e3o Cronograma de Reuni\u00f5es Presta\u00e7\u00e3o de Contas 2024-2025 e Plano de Trabalho 2026 Regimento Interno<\/p>\n","protected":false},"author":436,"featured_media":0,"parent":0,"menu_order":0,"comment_status":"closed","ping_status":"closed","template":"","meta":{"footnotes":""},"class_list":["post-37407","page","type-page","status-publish","hentry"],"rttpg_featured_image_url":null,"rttpg_author":{"display_name":"Guilherme Corr\u00eaa","author_link":"https:\/\/goias.gov.br\/goiasprev\/author\/guilhermecorrea\/"},"rttpg_comment":0,"rttpg_category":null,"rttpg_excerpt":"Atas de Reuni\u00f5es Composi\u00e7\u00e3o Cronograma de Reuni\u00f5es Presta\u00e7\u00e3o de Contas 2024-2025 e Plano de Trabalho 2026 Regimento Interno","_links":{"self":[{"href":"https:\/\/goias.gov.br\/goiasprev\/wp-json\/wp\/v2\/pages\/37407","targetHints":{"allow":["GET"]}}],"collection":[{"href":"https:\/\/goias.gov.br\/goiasprev\/wp-json\/wp\/v2\/pages"}],"about":[{"href":"https:\/\/goias.gov.br\/goiasprev\/wp-json\/wp\/v2\/types\/page"}],"author":[{"embeddable":true,"href":"https:\/\/goias.gov.br\/goiasprev\/wp-json\/wp\/v2\/users\/436"}],"replies":[{"embeddable":true,"href":"https:\/\/goias.gov.br\/goiasprev\/wp-json\/wp\/v2\/comments?post=37407"}],"version-history":[{"count":2,"href":"https:\/\/goias.gov.br\/goiasprev\/wp-json\/wp\/v2\/pages\/37407\/revisions"}],"predecessor-version":[{"id":39448,"href":"https:\/\/goias.gov.br\/goiasprev\/wp-json\/wp\/v2\/pages\/37407\/revisions\/39448"}],"wp:attachment":[{"href":"https:\/\/goias.gov.br\/goiasprev\/wp-json\/wp\/v2\/media?parent=37407"}],"curies":[{"name":"wp","href":"https:\/\/api.w.org\/{rel}","templated":true}]}}