

{"id":36295,"date":"2025-11-28T14:37:12","date_gmt":"2025-11-28T17:37:12","guid":{"rendered":"https:\/\/goias.gov.br\/goiasprev\/?page_id=36295"},"modified":"2025-11-28T14:42:22","modified_gmt":"2025-11-28T17:42:22","slug":"caixa-economica-federal","status":"publish","type":"page","link":"https:\/\/goias.gov.br\/goiasprev\/caixa-economica-federal\/","title":{"rendered":"Caixa Econ\u00f4mica Federal"},"content":{"rendered":"\n<p><a href=\"https:\/\/goias.gov.br\/goiasprev\/wp-content\/uploads\/sites\/36\/2025\/11\/RELATORIO_DE_DILIGENCIA_1__SEMESTRE_2025__CAIXA_ECONOMICA_FEDERAL___24.11.2025.pdf\" target=\"_blank\" rel=\"noreferrer noopener\">Relat\u00f3rio de Dilig\u00eancia<\/a><\/p>\n\n\n\n<p><a href=\"https:\/\/goias.gov.br\/goiasprev\/wp-content\/uploads\/sites\/36\/2025\/11\/TERMO-DE-ANALISE-E-ATESTADO-DE-CREDENCIAMENTO_CAIXA_DTVM_42.040.639_0001_40-893.pdf\" target=\"_blank\" rel=\"noreferrer noopener\">Termo de An\u00e1lise e Atestado de Credenciamento<\/a><\/p>\n","protected":false},"excerpt":{"rendered":"<p>Relat\u00f3rio de Dilig\u00eancia Termo de An\u00e1lise e Atestado de Credenciamento<\/p>\n","protected":false},"author":436,"featured_media":0,"parent":0,"menu_order":0,"comment_status":"closed","ping_status":"closed","template":"","meta":{"footnotes":""},"class_list":["post-36295","page","type-page","status-publish","hentry"],"rttpg_featured_image_url":null,"rttpg_author":{"display_name":"Guilherme Corr\u00eaa","author_link":"https:\/\/goias.gov.br\/goiasprev\/author\/guilhermecorrea\/"},"rttpg_comment":0,"rttpg_category":null,"rttpg_excerpt":"Relat\u00f3rio de Dilig\u00eancia Termo de An\u00e1lise e Atestado de Credenciamento","_links":{"self":[{"href":"https:\/\/goias.gov.br\/goiasprev\/wp-json\/wp\/v2\/pages\/36295","targetHints":{"allow":["GET"]}}],"collection":[{"href":"https:\/\/goias.gov.br\/goiasprev\/wp-json\/wp\/v2\/pages"}],"about":[{"href":"https:\/\/goias.gov.br\/goiasprev\/wp-json\/wp\/v2\/types\/page"}],"author":[{"embeddable":true,"href":"https:\/\/goias.gov.br\/goiasprev\/wp-json\/wp\/v2\/users\/436"}],"replies":[{"embeddable":true,"href":"https:\/\/goias.gov.br\/goiasprev\/wp-json\/wp\/v2\/comments?post=36295"}],"version-history":[{"count":2,"href":"https:\/\/goias.gov.br\/goiasprev\/wp-json\/wp\/v2\/pages\/36295\/revisions"}],"predecessor-version":[{"id":36306,"href":"https:\/\/goias.gov.br\/goiasprev\/wp-json\/wp\/v2\/pages\/36295\/revisions\/36306"}],"wp:attachment":[{"href":"https:\/\/goias.gov.br\/goiasprev\/wp-json\/wp\/v2\/media?parent=36295"}],"curies":[{"name":"wp","href":"https:\/\/api.w.org\/{rel}","templated":true}]}}