

{"id":34216,"date":"2025-10-30T07:04:47","date_gmt":"2025-10-30T10:04:47","guid":{"rendered":"https:\/\/goias.gov.br\/goiasprev\/?page_id=34216"},"modified":"2025-10-30T07:14:01","modified_gmt":"2025-10-30T10:14:01","slug":"atuarial","status":"publish","type":"page","link":"https:\/\/goias.gov.br\/goiasprev\/processos-de-negocio\/atuarial\/","title":{"rendered":"Atuarial"},"content":{"rendered":"\n<p><a href=\"https:\/\/goias.gov.br\/goiasprev\/processos-de-negocio\/atuarial\/elaborar-relatorio-de-avaliacao-atuarial\/\" target=\"_blank\" rel=\"noreferrer noopener\">Elaborar Relat\u00f3rio de Avalia\u00e7\u00e3o Atuarial<\/a><\/p>\n\n\n\n<p><a href=\"https:\/\/goias.gov.br\/goiasprev\/processos-de-negocio\/atuarial\/elaborar-relatorio-de-gestao-atuarial\/\" target=\"_blank\" rel=\"noreferrer noopener\">Elaborar Relat\u00f3rio de Gest\u00e3o Atuarial<\/a><\/p>\n","protected":false},"excerpt":{"rendered":"<p>Elaborar Relat\u00f3rio de Avalia\u00e7\u00e3o Atuarial Elaborar Relat\u00f3rio de Gest\u00e3o Atuarial<\/p>\n","protected":false},"author":436,"featured_media":0,"parent":9553,"menu_order":0,"comment_status":"closed","ping_status":"closed","template":"","meta":{"footnotes":""},"class_list":["post-34216","page","type-page","status-publish","hentry"],"rttpg_featured_image_url":null,"rttpg_author":{"display_name":"Guilherme Corr\u00eaa","author_link":"https:\/\/goias.gov.br\/goiasprev\/author\/guilhermecorrea\/"},"rttpg_comment":0,"rttpg_category":null,"rttpg_excerpt":"Elaborar Relat\u00f3rio de Avalia\u00e7\u00e3o Atuarial Elaborar Relat\u00f3rio de Gest\u00e3o Atuarial","_links":{"self":[{"href":"https:\/\/goias.gov.br\/goiasprev\/wp-json\/wp\/v2\/pages\/34216","targetHints":{"allow":["GET"]}}],"collection":[{"href":"https:\/\/goias.gov.br\/goiasprev\/wp-json\/wp\/v2\/pages"}],"about":[{"href":"https:\/\/goias.gov.br\/goiasprev\/wp-json\/wp\/v2\/types\/page"}],"author":[{"embeddable":true,"href":"https:\/\/goias.gov.br\/goiasprev\/wp-json\/wp\/v2\/users\/436"}],"replies":[{"embeddable":true,"href":"https:\/\/goias.gov.br\/goiasprev\/wp-json\/wp\/v2\/comments?post=34216"}],"version-history":[{"count":2,"href":"https:\/\/goias.gov.br\/goiasprev\/wp-json\/wp\/v2\/pages\/34216\/revisions"}],"predecessor-version":[{"id":34236,"href":"https:\/\/goias.gov.br\/goiasprev\/wp-json\/wp\/v2\/pages\/34216\/revisions\/34236"}],"up":[{"embeddable":true,"href":"https:\/\/goias.gov.br\/goiasprev\/wp-json\/wp\/v2\/pages\/9553"}],"wp:attachment":[{"href":"https:\/\/goias.gov.br\/goiasprev\/wp-json\/wp\/v2\/media?parent=34216"}],"curies":[{"name":"wp","href":"https:\/\/api.w.org\/{rel}","templated":true}]}}