

{"id":34210,"date":"2025-10-30T07:00:54","date_gmt":"2025-10-30T10:00:54","guid":{"rendered":"https:\/\/goias.gov.br\/goiasprev\/?page_id=34210"},"modified":"2025-10-30T07:09:10","modified_gmt":"2025-10-30T10:09:10","slug":"juridica","status":"publish","type":"page","link":"https:\/\/goias.gov.br\/goiasprev\/processos-de-negocio\/juridica\/","title":{"rendered":"Jur\u00eddica"},"content":{"rendered":"\n<p><a href=\"https:\/\/goias.gov.br\/goiasprev\/processos-de-negocio\/juridica\/autorizar-pagamento-de-requisicoes-de-pequeno-valor-rpvs\/\" target=\"_blank\" rel=\"noreferrer noopener\">Autorizar Pagamento de Requisi\u00e7\u00f5es de Pequeno Valor (RPV&#8217;s)<\/a><\/p>\n\n\n\n<p><a href=\"https:\/\/goias.gov.br\/goiasprev\/processos-de-negocio\/juridica\/orientar-o-cumprimento-de-decisoes-judiciais\/\" target=\"_blank\" rel=\"noreferrer noopener\">Orientar o Cumprimento de Decis\u00f5es Judiciais<\/a><\/p>\n\n\n\n<p><\/p>\n","protected":false},"excerpt":{"rendered":"<p>Autorizar Pagamento de Requisi\u00e7\u00f5es de Pequeno Valor (RPV&#8217;s) Orientar o Cumprimento de Decis\u00f5es Judiciais<\/p>\n","protected":false},"author":436,"featured_media":0,"parent":9553,"menu_order":0,"comment_status":"closed","ping_status":"closed","template":"","meta":{"footnotes":""},"class_list":["post-34210","page","type-page","status-publish","hentry"],"rttpg_featured_image_url":null,"rttpg_author":{"display_name":"Guilherme Corr\u00eaa","author_link":"https:\/\/goias.gov.br\/goiasprev\/author\/guilhermecorrea\/"},"rttpg_comment":0,"rttpg_category":null,"rttpg_excerpt":"Autorizar Pagamento de Requisi\u00e7\u00f5es de Pequeno Valor (RPV&#8217;s) Orientar o Cumprimento de Decis\u00f5es Judiciais","_links":{"self":[{"href":"https:\/\/goias.gov.br\/goiasprev\/wp-json\/wp\/v2\/pages\/34210","targetHints":{"allow":["GET"]}}],"collection":[{"href":"https:\/\/goias.gov.br\/goiasprev\/wp-json\/wp\/v2\/pages"}],"about":[{"href":"https:\/\/goias.gov.br\/goiasprev\/wp-json\/wp\/v2\/types\/page"}],"author":[{"embeddable":true,"href":"https:\/\/goias.gov.br\/goiasprev\/wp-json\/wp\/v2\/users\/436"}],"replies":[{"embeddable":true,"href":"https:\/\/goias.gov.br\/goiasprev\/wp-json\/wp\/v2\/comments?post=34210"}],"version-history":[{"count":2,"href":"https:\/\/goias.gov.br\/goiasprev\/wp-json\/wp\/v2\/pages\/34210\/revisions"}],"predecessor-version":[{"id":34224,"href":"https:\/\/goias.gov.br\/goiasprev\/wp-json\/wp\/v2\/pages\/34210\/revisions\/34224"}],"up":[{"embeddable":true,"href":"https:\/\/goias.gov.br\/goiasprev\/wp-json\/wp\/v2\/pages\/9553"}],"wp:attachment":[{"href":"https:\/\/goias.gov.br\/goiasprev\/wp-json\/wp\/v2\/media?parent=34210"}],"curies":[{"name":"wp","href":"https:\/\/api.w.org\/{rel}","templated":true}]}}