

{"id":33547,"date":"2025-10-16T10:41:26","date_gmt":"2025-10-16T13:41:26","guid":{"rendered":"https:\/\/goias.gov.br\/goiasprev\/?page_id=33547"},"modified":"2025-12-03T11:06:35","modified_gmt":"2025-12-03T14:06:35","slug":"etica","status":"publish","type":"page","link":"https:\/\/goias.gov.br\/goiasprev\/institucional\/etica\/","title":{"rendered":"\u00c9tica"},"content":{"rendered":"\n<p><a href=\"https:\/\/goias.gov.br\/goiasprev\/wp-content\/uploads\/sites\/36\/2025\/10\/Codigo_de_etica_GOIASPREV-69c.pdf\" target=\"_blank\" rel=\"noreferrer noopener\">C\u00f3digo de \u00c9tica &#8211; GOIASPREV<\/a><\/p>\n\n\n\n<p><a href=\"https:\/\/goias.gov.br\/goiasprev\/wp-content\/uploads\/sites\/36\/2025\/10\/NOVOCODIGODEETICA-BRASAO1-02c.pdf\" target=\"_blank\" rel=\"noreferrer noopener\">C\u00f3digo de \u00c9tica &#8211; Poder Executivo do Estado de Goi\u00e1s<\/a><\/p>\n\n\n\n<p><a href=\"https:\/\/goias.gov.br\/goiasprev\/wp-content\/uploads\/sites\/36\/2025\/10\/PORTARIA-No-2093-de-14-de-outubro-de-2025-Comissao-de-Etica.pdf\" target=\"_blank\" rel=\"noreferrer noopener\">Comiss\u00e3o de \u00c9tica &#8211; GOIASPREV<\/a><\/p>\n\n\n\n<p><\/p>\n","protected":false},"excerpt":{"rendered":"<p>C\u00f3digo de \u00c9tica &#8211; GOIASPREV C\u00f3digo de \u00c9tica &#8211; Poder Executivo do Estado de Goi\u00e1s Comiss\u00e3o de \u00c9tica &#8211; GOIASPREV<\/p>\n","protected":false},"author":436,"featured_media":0,"parent":2144,"menu_order":0,"comment_status":"closed","ping_status":"closed","template":"","meta":{"footnotes":""},"class_list":["post-33547","page","type-page","status-publish","hentry"],"rttpg_featured_image_url":null,"rttpg_author":{"display_name":"Guilherme Corr\u00eaa","author_link":"https:\/\/goias.gov.br\/goiasprev\/author\/guilhermecorrea\/"},"rttpg_comment":0,"rttpg_category":null,"rttpg_excerpt":"C\u00f3digo de \u00c9tica &#8211; GOIASPREV C\u00f3digo de \u00c9tica &#8211; Poder Executivo do Estado de Goi\u00e1s Comiss\u00e3o de \u00c9tica &#8211; GOIASPREV","_links":{"self":[{"href":"https:\/\/goias.gov.br\/goiasprev\/wp-json\/wp\/v2\/pages\/33547","targetHints":{"allow":["GET"]}}],"collection":[{"href":"https:\/\/goias.gov.br\/goiasprev\/wp-json\/wp\/v2\/pages"}],"about":[{"href":"https:\/\/goias.gov.br\/goiasprev\/wp-json\/wp\/v2\/types\/page"}],"author":[{"embeddable":true,"href":"https:\/\/goias.gov.br\/goiasprev\/wp-json\/wp\/v2\/users\/436"}],"replies":[{"embeddable":true,"href":"https:\/\/goias.gov.br\/goiasprev\/wp-json\/wp\/v2\/comments?post=33547"}],"version-history":[{"count":2,"href":"https:\/\/goias.gov.br\/goiasprev\/wp-json\/wp\/v2\/pages\/33547\/revisions"}],"predecessor-version":[{"id":37405,"href":"https:\/\/goias.gov.br\/goiasprev\/wp-json\/wp\/v2\/pages\/33547\/revisions\/37405"}],"up":[{"embeddable":true,"href":"https:\/\/goias.gov.br\/goiasprev\/wp-json\/wp\/v2\/pages\/2144"}],"wp:attachment":[{"href":"https:\/\/goias.gov.br\/goiasprev\/wp-json\/wp\/v2\/media?parent=33547"}],"curies":[{"name":"wp","href":"https:\/\/api.w.org\/{rel}","templated":true}]}}