

{"id":32678,"date":"2025-10-02T11:25:25","date_gmt":"2025-10-02T14:25:25","guid":{"rendered":"https:\/\/goias.gov.br\/goiasprev\/?page_id=32678"},"modified":"2025-10-02T11:38:18","modified_gmt":"2025-10-02T14:38:18","slug":"credenciamento-para-titulos-publicos","status":"publish","type":"page","link":"https:\/\/goias.gov.br\/goiasprev\/credenciamento-para-titulos-publicos\/","title":{"rendered":"Credenciamento para T\u00edtulos P\u00fablicos"},"content":{"rendered":"<ul>\n<li>\n<h3><strong><a href=\"https:\/\/goias.gov.br\/goiasprev\/edital-de-credenciamento-e-anexos\/\">Edital de Credenciamento e Anexos<\/a><\/strong><\/h3>\n<\/li>\n<li>\n<h3><strong><a href=\"https:\/\/goias.gov.br\/goiasprev\/wp-content\/uploads\/sites\/36\/2025\/10\/Anexo_3.pdf\">Manual de Procedimentos para Aquisi\u00e7\u00e3o de T\u00edtulos P\u00fablicos<\/a><\/strong><\/h3>\n<\/li>\n<\/ul>\n","protected":false},"excerpt":{"rendered":"<p>Edital de Credenciamento e Anexos Manual de Procedimentos para Aquisi\u00e7\u00e3o de T\u00edtulos P\u00fablicos<\/p>\n","protected":false},"author":412,"featured_media":0,"parent":0,"menu_order":0,"comment_status":"closed","ping_status":"closed","template":"","meta":{"footnotes":""},"class_list":["post-32678","page","type-page","status-publish","hentry"],"rttpg_featured_image_url":null,"rttpg_author":{"display_name":"paulomecarvalho","author_link":"https:\/\/goias.gov.br\/goiasprev\/author\/paulomecarvalho\/"},"rttpg_comment":0,"rttpg_category":null,"rttpg_excerpt":"Edital de Credenciamento e Anexos Manual de Procedimentos para Aquisi\u00e7\u00e3o de T\u00edtulos P\u00fablicos","_links":{"self":[{"href":"https:\/\/goias.gov.br\/goiasprev\/wp-json\/wp\/v2\/pages\/32678","targetHints":{"allow":["GET"]}}],"collection":[{"href":"https:\/\/goias.gov.br\/goiasprev\/wp-json\/wp\/v2\/pages"}],"about":[{"href":"https:\/\/goias.gov.br\/goiasprev\/wp-json\/wp\/v2\/types\/page"}],"author":[{"embeddable":true,"href":"https:\/\/goias.gov.br\/goiasprev\/wp-json\/wp\/v2\/users\/412"}],"replies":[{"embeddable":true,"href":"https:\/\/goias.gov.br\/goiasprev\/wp-json\/wp\/v2\/comments?post=32678"}],"version-history":[{"count":2,"href":"https:\/\/goias.gov.br\/goiasprev\/wp-json\/wp\/v2\/pages\/32678\/revisions"}],"predecessor-version":[{"id":32783,"href":"https:\/\/goias.gov.br\/goiasprev\/wp-json\/wp\/v2\/pages\/32678\/revisions\/32783"}],"wp:attachment":[{"href":"https:\/\/goias.gov.br\/goiasprev\/wp-json\/wp\/v2\/media?parent=32678"}],"curies":[{"name":"wp","href":"https:\/\/api.w.org\/{rel}","templated":true}]}}