

{"id":32665,"date":"2025-10-02T11:25:25","date_gmt":"2025-10-02T14:25:25","guid":{"rendered":"https:\/\/goias.gov.br\/goiasprev\/?page_id=32665"},"modified":"2026-02-03T12:26:55","modified_gmt":"2026-02-03T15:26:55","slug":"investimentos","status":"publish","type":"page","link":"https:\/\/goias.gov.br\/goiasprev\/investimentos\/","title":{"rendered":"Investimentos"},"content":{"rendered":"<ul>\n<li>\n<h3><a href=\"https:\/\/goias.gov.br\/goiasprev\/credenciamento-para-titulos-publicos\/\">Credenciamento para T\u00edtulos P\u00fablicos<\/a><\/h3>\n<\/li>\n<li>\n<h3><a href=\"https:\/\/goias.gov.br\/goiasprev\/relatorios-de-investimento\/\">Relat\u00f3rio de Investimentos<\/a><\/h3>\n<\/li>\n<li>\n<h3><a href=\"https:\/\/goias.gov.br\/goiasprev\/entidades-credenciadas-para-investimentos-2\/\">Entidades Credenciadas<\/a><\/h3>\n<\/li>\n<li>\n<h3><a href=\"https:\/\/goias.gov.br\/goiasprev\/politica-de-investimentos\/\">Pol\u00edtica de Investimentos<\/a><\/h3>\n<\/li>\n<li>\n<h3><strong><a href=\"https:\/\/goias.gov.br\/goiasprev\/manual-de-metodologias-e-procedimentos\/\">Manual de Metodologias e Procedimentos<\/a><\/strong><\/h3>\n<\/li>\n<\/ul>\n","protected":false},"excerpt":{"rendered":"<p>Credenciamento para T\u00edtulos P\u00fablicos Relat\u00f3rio de Investimentos Entidades Credenciadas Pol\u00edtica de Investimentos Manual de Metodologias e Procedimentos<\/p>\n","protected":false},"author":412,"featured_media":0,"parent":0,"menu_order":0,"comment_status":"closed","ping_status":"closed","template":"","meta":{"footnotes":""},"class_list":["post-32665","page","type-page","status-publish","hentry"],"rttpg_featured_image_url":null,"rttpg_author":{"display_name":"paulomecarvalho","author_link":"https:\/\/goias.gov.br\/goiasprev\/author\/paulomecarvalho\/"},"rttpg_comment":0,"rttpg_category":null,"rttpg_excerpt":"Credenciamento para T\u00edtulos P\u00fablicos Relat\u00f3rio de Investimentos Entidades Credenciadas Pol\u00edtica de Investimentos Manual de Metodologias e Procedimentos","_links":{"self":[{"href":"https:\/\/goias.gov.br\/goiasprev\/wp-json\/wp\/v2\/pages\/32665","targetHints":{"allow":["GET"]}}],"collection":[{"href":"https:\/\/goias.gov.br\/goiasprev\/wp-json\/wp\/v2\/pages"}],"about":[{"href":"https:\/\/goias.gov.br\/goiasprev\/wp-json\/wp\/v2\/types\/page"}],"author":[{"embeddable":true,"href":"https:\/\/goias.gov.br\/goiasprev\/wp-json\/wp\/v2\/users\/412"}],"replies":[{"embeddable":true,"href":"https:\/\/goias.gov.br\/goiasprev\/wp-json\/wp\/v2\/comments?post=32665"}],"version-history":[{"count":2,"href":"https:\/\/goias.gov.br\/goiasprev\/wp-json\/wp\/v2\/pages\/32665\/revisions"}],"predecessor-version":[{"id":38758,"href":"https:\/\/goias.gov.br\/goiasprev\/wp-json\/wp\/v2\/pages\/32665\/revisions\/38758"}],"wp:attachment":[{"href":"https:\/\/goias.gov.br\/goiasprev\/wp-json\/wp\/v2\/media?parent=32665"}],"curies":[{"name":"wp","href":"https:\/\/api.w.org\/{rel}","templated":true}]}}