

{"id":2167,"date":"2023-11-28T16:29:52","date_gmt":"2023-11-28T19:29:52","guid":{"rendered":"https:\/\/siteshom.goias.gov.br\/goiasprev\/?page_id=2167"},"modified":"2024-07-09T03:49:49","modified_gmt":"2024-07-09T06:49:49","slug":"mapa-do-site","status":"publish","type":"page","link":"https:\/\/goias.gov.br\/goiasprev\/mapa-do-site\/","title":{"rendered":"Mapa do Site"},"content":{"rendered":"<div id=\"custom-sitemap\" class=\"sitemap-container\"><div class='sitemap-group'><h3>A<\/h3><ul><li><a href='https:\/\/goias.gov.br\/goiasprev\/aposentadoria-voluntaria\/' target='_blank'>APOSENTADORIA VOLUNT\u00c1RIA<\/a><\/li><li><a href='https:\/\/goias.gov.br\/goiasprev\/aposentadoria-por-invalidez-permanente\/' target='_blank'>APOSENTADORIA POR INCAPACIDADE PERMANENTE PARA O TRABALHO<\/a><\/li><li><a href='https:\/\/goias.gov.br\/goiasprev\/aposentadoria-compulsoria\/' target='_blank'>APOSENTADORIA COMPULS\u00d3RIA<\/a><\/li><li><a href='https:\/\/goias.gov.br\/goiasprev\/acesso-a-informacao\/' target='_blank'>ACESSO \u00c0 INFORMA\u00c7\u00c3O<\/a><\/li><li><a href='https:\/\/portal.al.go.leg.br\/' target='_blank'>ASSEMBLEIA LEGISLATIVA DO ESTADO DE GOI\u00c1S<\/a><\/li><li><a href='https:\/\/goias.gov.br\/goiasprev\/agenda-de-autoridades\/' target='_blank'>AGENDA DE AUTORIDADES<\/a><\/li><li><a href='\/goiasprev\/convenios-e-transferencias-realizadas\/' target='_blank'>ACORDOS SEM TRANSFER\u00caNCIA DE RECURSOS<\/a><\/li><li><a href='https:\/\/goias.gov.br\/goiasprev\/autoridade-de-monitoramento\/' target='_blank'>AUTORIDADE DE MONITORAMENTO DE\u00a0APLICA\u00c7\u00c3O DA LAI<\/a><\/li><li><a href='https:\/\/goias.gov.br\/goiasprev\/audiencias-publicas\/' target='_blank'>AUDI\u00caNCIAS P\u00daBLICAS<\/a><\/li><\/ul><\/div><div class='sitemap-group'><h3>B<\/h3><ul><li><a href='https:\/\/goias.gov.br\/goiasprev\/wp-content\/uploads\/sites\/36\/2018\/06\/Relatorio-de-Bens-Permanentes-GOIASPREV-JUL2025.pdf' target='_blank'>BENS M\u00d3VEIS<\/a><\/li><li><a href='https:\/\/goias.gov.br\/goiasprev\/bens-imoveis-2\/' target='_blank'>BENS IM\u00d3VEIS<\/a><\/li><li><a href='https:\/\/goias.gov.br\/economia\/prestacao-de-contas-de-governo\/' target='_blank'>BALAN\u00c7O GERAL DO ESTADO<\/a><\/li><\/ul><\/div><div class='sitemap-group'><h3>C<\/h3><ul><li><a href='https:\/\/sei.go.gov.br\/sei\/modulos\/pesquisa\/md_pesq_processo_pesquisar.php?acao_externa=protocolo_pesquisar&acao_origem_externa=protocolo_pesquisar&id_orgao_acesso_externo=1' target='_blank'>CONSULTA P\u00daBLICA<\/a><\/li><li><a href='https:\/\/www.go.gov.br\/servicos\/servicos-por-orgao\/goias-previdencia' target='_blank'>CARTA DE SERVI\u00c7OS<\/a><\/li><li><a href='https:\/\/goias.gov.br\/goiasprev\/wp-content\/uploads\/sites\/36\/2024\/09\/CARTILHA-PREVIDENCIARIA-VERSAO-SETEMBRO-24.pdf' target='_blank'>CARTILHA PREVIDENCI\u00c1RIA<\/a><\/li><li><a href='https:\/\/calculadoraprevidenciaria-web.goiasprev.go.gov.br\/' target='_blank'>CALCULADORA PREVIDENCI\u00c1RIA RPPS<\/a><\/li><li><a href='https:\/\/goias.gov.br\/goiasprev\/calendario-de-recadastramento-2024\/' target='_blank'>CALEND\u00c1RIO<\/a><\/li><li><a href='https:\/\/goias.gov.br\/goiasprev\/comunicacao-de-falecimento-de-segurado\/' target='_blank'>COMUNICA\u00c7\u00c3O DE FALECIMENTO<\/a><\/li><li><a href='https:\/\/goias.gov.br\/goiasprev\/formularios-cartorarios-e-dobristas\/' target='_blank'>CARTOR\u00c1RIOS E DOBRISTAS<\/a><\/li><li><a href='https:\/\/goias.gov.br\/goiasprev\/credenciamento-para-titulos-publicos\/' target='_blank'>CREDENCIAMENTO PARA T\u00cdTULOS P\u00daBLICOS<\/a><\/li><li><a href='https:\/\/legisla.casacivil.go.gov.br\/pesquisa_legislacao\/103904\/decreto-9837' target='_blank'>C\u00d3DIGO DE \u00c9TICA<\/a><\/li><li><a href='https:\/\/sei.go.gov.br\/sei\/modulos\/pesquisa\/md_pesq_processo_pesquisar.php?acao_externa=protocolo_pesquisar&acao_origem_externa=protocolo_pesquisar&id_orgao_acesso_externo=1' target='_blank'>CONSULTA DE PROCESSOS (SEI)<\/a><\/li><li><a href='https:\/\/folhapagamento.sistemas.go.gov.br\/folhapagamento\/control?cmd=ConsContraCheque&ambiente=folhapg' target='_blank'>CONSULTAR CONTRACHEQUE<\/a><\/li><li><a href='https:\/\/folhapagamento.sistemas.go.gov.br\/folhapagamento\/control?cmd=ConsCedulaC&ambiente=cedulac' target='_blank'>COMPROVANTE DE RENDIMENTO (IMPOSTO DE RENDA - PESSOA F\u00cdSICA)<\/a><\/li><li><a href='https:\/\/goias.gov.br\/controladoria' target='_blank'>CONTROLADORIA-GERAL DO ESTADO DE GOI\u00c1S<\/a><\/li><li><a href='https:\/\/folhapagamento.sistemas.go.gov.br\/folhapagamento\/control?cmd=ConsContraCheque&ambiente=folhapg' target='_blank'>CONSULTA CONTRACHEQUE<\/a><\/li><li><a href='https:\/\/goias.gov.br\/governo\/cadastro-de-autoridade\/' target='_blank'>CADASTRO DE AUTORIDADES<\/a><\/li><li><a href='https:\/\/goias.gov.br\/goiasprev\/institucional' target='_blank'>COMPET\u00caNCIAS<\/a><\/li><li><a href='https:\/\/goias.gov.br\/goiasprev\/cargos-e-seus-ocupantes\/' target='_blank'>CARGOS E SEUS OCUPANTES<\/a><\/li><li><a href='https:\/\/goias.gov.br\/goiasprev\/orgaos-colegiados\/' target='_blank'>CONSELHOS<\/a><\/li><li><a href='https:\/\/goias.gov.br\/goiasprev\/convenios-recebidos\/' target='_blank'>CONV\u00caNIOS RECEBIDOS<\/a><\/li><li><a href='https:\/\/goias.gov.br\/goiasprev\/convenios-concedidos\/' target='_blank'>CONV\u00caNIOS CONCEDIDOS<\/a><\/li><li><a href='https:\/\/www.comprasnet.go.gov.br\/' target='_blank'>COMPRASNET<\/a><\/li><li><a href='https:\/\/www.transparencia.go.gov.br\/wp-content\/uploads\/sites\/2\/painel\/lai.php?painel=contratos_detalhamento&orgao=goiasprev' target='_blank'>CONTRATOS<\/a><\/li><li><a href='https:\/\/goias.gov.br\/goiasprev\/contratos-emergenciais\/' target='_blank'>CONTRATOS EMERGENCIAIS<\/a><\/li><li><a href='https:\/\/goias.gov.br\/goiasprev\/contrato-de-locacao-de-imoveis-2\/' target='_blank'>CONTRATOS DE LOCA\u00c7\u00c3O DE IM\u00d3VEIS<\/a><\/li><li><a href='https:\/\/goias.gov.br\/goiasprev\/classificacao-das-informacoes-sigilosas\/' target='_blank'>CLASSIFICA\u00c7\u00c3O DAS INFORMA\u00c7\u00d5ES SIGILOSAS<\/a><\/li><li><a href='https:\/\/goias.gov.br\/goiasprev\/wp-content\/uploads\/sites\/36\/2018\/06\/SEI_75394724_Declaracao_3.pdf' target='_blank'>CONSULTAS P\u00daBLICAS<\/a><\/li><\/ul><\/div><div class='sitemap-group'><h3>D<\/h3><ul><li><a href='https:\/\/goias.gov.br\/goiasprev\/declaracoes\/' target='_blank'>DECLARA\u00c7\u00d5ES<\/a><\/li><li><a href='https:\/\/dadosabertos.go.gov.br\/' target='_blank'>DADOS ABERTOS<\/a><\/li><li><a href='https:\/\/www.go.gov.br\/servicos-digitais\/cge\/nova-ouvidoria\/nova-manifestacao\/tela-negativo?orgao=18' target='_blank'>DEN\u00daNCIAS CONTRA CORRUP\u00c7\u00c3O<\/a><\/li><li><a href='https:\/\/diariooficial.abc.go.gov.br\/' target='_blank'>DI\u00c1RIO OFICIAL<\/a><\/li><li><a href='https:\/\/dadosabertos.go.gov.br\/' target='_blank'>DADOS ABERTOS GOI\u00c1S<\/a><\/li><li><a href='https:\/\/goias.gov.br\/goiasprev\/doacoes\/' target='_blank'>DOA\u00c7\u00d5ES<\/a><\/li><li><a href='https:\/\/www.transparencia.go.gov.br\/lai.php?painel=diarias&orgao=goiasprev' target='_blank'>DI\u00c1RIAS<\/a><\/li><\/ul><\/div><div class='sitemap-group'><h3>E<\/h3><ul><li><a href='https:\/\/goias.gov.br\/goiasprev\/calendario-de-recadastramento-2023-e-agendamento\/' target='_blank'>EM GOI\u00c1S<\/a><\/li><li><a href='https:\/\/www.go.gov.br\/servicos-digitais\/cge\/nova-ouvidoria\/pedido-informacao-publica?orgao=18&tipo_manifestacao=7' target='_blank'>E-SIC<\/a><\/li><li><a href='https:\/\/mail.goias.gov.br\/' target='_blank'>E-MAIL CORPORATIVO<\/a><\/li><li><a href='https:\/\/www.go.gov.br\/servicos-digitais\/cge\/nova-ouvidoria\/pedido-informacao-publica?orgao=18&tipo_manifestacao=7' target='_blank'>E-SIC - SERVI\u00c7O ELETR\u00d4NICO DE INFORMA\u00c7\u00c3O AO CIDAD\u00c3O<\/a><\/li><li><a href='https:\/\/www.go.gov.br\/' target='_blank'>EXPRESSO GOI\u00c1S<\/a><\/li><li><a href='https:\/\/portal.go.gov.br\/' target='_blank'>EXPRESSO APLICA\u00c7\u00d5ES<\/a><\/li><li><a href='https:\/\/www.go.gov.br\/' target='_blank'>EXPRESSO SERVIDOR<\/a><\/li><li><a href='https:\/\/goias.gov.br\/escoladegoverno\/' target='_blank'>ESCOLA DE GOVERNO<\/a><\/li><li><a href='https:\/\/goias.gov.br\/administracao\/goias-previdencia-goiasprev-dados-gerais\/' target='_blank'>ESTRUTURA ORGANIZACIONAL<\/a><\/li><li><a href='\/goiasprev\/cargos-e-seus-ocupantes-old\/' target='_blank'>ENDERE\u00c7OS,\u00a0TELEFONES, E-MAILS\u00a0E HOR\u00c1RIOS DE ATENDIMENTO<\/a><\/li><li><a href='https:\/\/www.transparencia.go.gov.br\/wp-content\/uploads\/sites\/2\/painel\/lai.php?painel=empenhos&orgao=goiasprev' target='_blank'>EMPENHOS E PAGAMENTOS -  GOIASPREV<\/a><\/li><li><a href='https:\/\/www.transparencia.go.gov.br\/wp-content\/uploads\/sites\/2\/painel\/lai.php?painel=empenhos&orgao=ffrpps' target='_blank'>EMPENHOS E PAGAMENTOS -  FFRPPS<\/a><\/li><li><a href='https:\/\/www.transparencia.go.gov.br\/wp-content\/uploads\/sites\/2\/painel\/lai.php?painel=empenhos&orgao=ffrppm' target='_blank'>EMPENHOS E PAGAMENTOS -  FFSPSM<\/a><\/li><li><a href='https:\/\/www.transparencia.go.gov.br\/wp-content\/uploads\/sites\/2\/painel\/lai.php?painel=empenhos&orgao=funprev' target='_blank'>EMPENHOS E PAGAMENTOS -  FUNPREV<\/a><\/li><li><a href='https:\/\/www.transparencia.go.gov.br\/lai.php?painel=execucao_orcamentaria_visao_geral&orgao=goiasprev' target='_blank'>EXECU\u00c7\u00c3O OR\u00c7AMENT\u00c1RIA -  GOIASPREV<\/a><\/li><li><a href='https:\/\/www.transparencia.go.gov.br\/lai.php?painel=execucao_orcamentaria_visao_geral&orgao=ffrpps' target='_blank'>EXECU\u00c7\u00c3O OR\u00c7AMENT\u00c1RIA -  FFRPPS<\/a><\/li><li><a href='https:\/\/www.transparencia.go.gov.br\/lai.php?painel=execucao_orcamentaria_visao_geral&orgao=ffrppm' target='_blank'>EXECU\u00c7\u00c3O OR\u00c7AMENT\u00c1RIA -  FFSPSM<\/a><\/li><li><a href='https:\/\/www.transparencia.go.gov.br\/lai.php?painel=execucao_orcamentaria_visao_geral&orgao=funprev' target='_blank'>EXECU\u00c7\u00c3O OR\u00c7AMENT\u00c1RIA -  FUNPREV<\/a><\/li><li><a href='https:\/\/goias.gov.br\/goiasprev\/emendas-parlamentares-estaduais\/' target='_blank'>EMENDAS PARLAMENTARES ESTADUAIS<\/a><\/li><li><a href='https:\/\/goias.gov.br\/goiasprev\/emendas-parlamentares-federais\/' target='_blank'>EMENDAS PARLAMENTARES FEDERAIS<\/a><\/li><li><a href='https:\/\/www.go.gov.br\/servicos-digitais\/cge\/nova-ouvidoria\/nova-manifestacao?orgao=18' target='_blank'>E-SIC ELETR\u00d4NICO<\/a><\/li><li><a href='https:\/\/goias.gov.br\/goiasprev\/encarregado-pelo-tratamento-de-dados-pessoais-goias-previdencia\/' target='_blank'>ENCARREGADO PELO TRATAMENTO DE DADOS PESSOAIS<\/a><\/li><\/ul><\/div><div class='sitemap-group'><h3>F<\/h3><ul><li><a href='https:\/\/goias.gov.br\/goiasprev\/comunicado-2\/' target='_blank'>FORA DO ESTADO<\/a><\/li><li><a href='https:\/\/goias.gov.br\/goiasprev\/formularios\/' target='_blank'>FORMUL\u00c1RIOS<\/a><\/li><li><a href='https:\/\/goias.gov.br\/goiasprev\/formularios\/' target='_blank'>FORMUL\u00c1RIOS DIVERSOS<\/a><\/li><li><a href='https:\/\/goias.gov.br\/goiasprev\/cargos-e-seus-ocupantes-old\/' target='_blank'>FALE CONOSCO<\/a><\/li><li><a href='https:\/\/folhapagamento.sistemas.go.gov.br\/folhapagamento\/control?cmd=ConsFichaFinanceiraAnual' target='_blank'>FICHA FINANCEIRA ANUAL<\/a><\/li><li><a href='https:\/\/www.transparencia.go.gov.br\/lai.php?painel=folha_de_pagamento_salarios_de_servidores_ativos&orgao=goiasprev' target='_blank'>FOLHA DE PAGAMENTO<\/a><\/li><\/ul><\/div><div class='sitemap-group'><h3>G<\/h3><ul><li><a href='https:\/\/goias.gov.br\/goiasprev\/gestao-unica-da-previdencia-estadual-transmissao-de-arquivos\/' target='_blank'>GEST\u00c3O \u00daNICA - TRANSMISS\u00c3O DE ARQUIVOS<\/a><\/li><li><a href='https:\/\/www.desenvolvimento.go.gov.br\/index.php\/assinatura' target='_blank'>GERADOR DE ASSINATURA PADR\u00c3O P\/EMAIL CORPORATIVO<\/a><\/li><li><a href='https:\/\/sistemas.goiasprev.go.gov.br' target='_blank'>GPREV<\/a><\/li><li><a href='https:\/\/www.gov.br\/' target='_blank'>GOVERNO FEDERAL<\/a><\/li><li><a href='https:\/\/transparencia.go.gov.br\/' target='_blank'>GOI\u00c1S TRANSPAR\u00caNCIA<\/a><\/li><li><a href='https:\/\/sistemas.goiasprev.go.gov.br\/' target='_blank'>GPREV<\/a><\/li><li><a href='https:\/\/www.transparencia.go.gov.br\/wp-content\/uploads\/sites\/2\/painel\/lai.php?painel=gastos_governamentais&orgao=goiasprev' target='_blank'>GASTOS GOVERNAMENTAIS -  GOIASPREV<\/a><\/li><li><a href='https:\/\/www.transparencia.go.gov.br\/wp-content\/uploads\/sites\/2\/painel\/lai.php?painel=gastos_governamentais&orgao=ffrpps' target='_blank'>GASTOS GOVERNAMENTAIS -  FFRPPS<\/a><\/li><li><a href='https:\/\/www.transparencia.go.gov.br\/wp-content\/uploads\/sites\/2\/painel\/lai.php?painel=gastos_governamentais&orgao=ffrppm' target='_blank'>GASTOS GOVERNAMENTAIS -  FFSPSM<\/a><\/li><li><a href='https:\/\/www.transparencia.go.gov.br\/wp-content\/uploads\/sites\/2\/painel\/lai.php?painel=gastos_governamentais&orgao=funprev' target='_blank'>GASTOS GOVERNAMENTAIS -  FUNPREV<\/a><\/li><li><a href='https:\/\/www.transparencia.go.gov.br\/lai.php?painel=publicidade_propaganda&orgao=goiasprev' target='_blank'>GASTOS COM PUBLICIDADE E PROPAGANDA -  GOIASPREV<\/a><\/li><li><a href='https:\/\/www.transparencia.go.gov.br\/lai.php?painel=publicidade_propaganda&orgao=ffrpps' target='_blank'>GASTOS COM PUBLICIDADE E PROPAGANDA -  FFRPPS<\/a><\/li><li><a href='https:\/\/www.transparencia.go.gov.br\/lai.php?painel=publicidade_propaganda&orgao=ffrppm' target='_blank'>GASTOS COM PUBLICIDADE E PROPAGANDA -  FFSPSM<\/a><\/li><li><a href='https:\/\/www.transparencia.go.gov.br\/lai.php?painel=publicidade_propaganda&orgao=funprev' target='_blank'>GASTOS COM PUBLICIDADE E PROPAGANDA -  FUNPREV<\/a><\/li><\/ul><\/div><div class='sitemap-group'><h3>I<\/h3><ul><li><a href='https:\/\/goias.gov.br\/goiasprev\/institucional\/' target='_blank'>INSTITUCIONAL<\/a><\/li><li><a href='https:\/\/goias.gov.br\/goiasprev\/inatividade-de-militares\/' target='_blank'>INATIVIDADE DE MILITARES<\/a><\/li><li><a href='https:\/\/goias.gov.br\/goiasprev\/investimentos\/' target='_blank'>INVESTIMENTOS<\/a><\/li><li><a href='https:\/\/dadosabertos.go.gov.br\/group\/previdencia' target='_blank'>INVENT\u00c1RIO DE DADOS<\/a><\/li><\/ul><\/div><div class='sitemap-group'><h3>J<\/h3><ul><li><a href='https:\/\/goias.gov.br\/goiasprev\/julgamento-das-contas-pelo-tce-go\/' target='_blank'>JULGAMENTO DAS CONTAS PELO TCE-GO<\/a><\/li><\/ul><\/div><div class='sitemap-group'><h3>L<\/h3><ul><li><a href='https:\/\/goias.gov.br\/goiasprev\/lei-geral-de-protecao-de-dados\/' target='_blank'>LEI GERAL DE PROTE\u00c7\u00c3O DE DADOS<\/a><\/li><li><a href='https:\/\/lgpd.go.gov.br\/' target='_blank'>LGPD<\/a><\/li><li><a href='https:\/\/goias.gov.br\/goiasprev\/legislacao-previdenciaria\/' target='_blank'>LEGISLA\u00c7\u00c3O APLIC\u00c1VEL<\/a><\/li><li><a href='https:\/\/www.transparencia.go.gov.br\/wp-content\/uploads\/sites\/2\/painel\/lai.php?painel=folha_de_pagamento_salarios_de_estagiarios_ativos&orgao=(goiasprev' target='_blank'>LISTA DE ESTAGI\u00c1RIOS<\/a><\/li><li><a href='https:\/\/www.transparencia.go.gov.br\/wp-content\/uploads\/sites\/2\/painel\/lai.php?painel=licitacoes_licitacoes_concluidas&orgao=goiasprev' target='_blank'>LICITA\u00c7\u00d5ES - COMPRASNET<\/a><\/li><li><a href='https:\/\/www.transparencia.go.gov.br\/wp-content\/uploads\/sites\/2\/painel\/lai.php?painel=licitacoes_concluidas_sislog&orgao=goiasprev' target='_blank'>LICITA\u00c7\u00d5ES - SISLOG<\/a><\/li><li><a href='https:\/\/transparencia.go.gov.br\/fornecedores-impedidos\/' target='_blank'>LICITANTES SANCIONADOS ADMINISTRATIVAMENTE<\/a><\/li><li><a href='https:\/\/transparencia.go.gov.br\/orcamento-e-planejamento-pecas\/' target='_blank'>LDO\/LOA<\/a><\/li><li><a href='https:\/\/legisla.casacivil.go.gov.br\/api\/v2\/pesquisa\/legislacoes\/90142\/pdf' target='_blank'>LEI DE ACESSO \u00c0 INFORMA\u00c7\u00c3O ESTADUAL<\/a><\/li><\/ul><\/div><div class='sitemap-group'><h3>M<\/h3><ul><li><a href='https:\/\/www.mpgo.mp.br\/portal\/' target='_blank'>MINIST\u00c9RIO P\u00daBLICO DO ESTADO DE GOI\u00c1S<\/a><\/li><li><a href='https:\/\/goias.gov.br\/goiasprev\/wp-content\/uploads\/sites\/36\/2018\/06\/Monitoramento-PE.pdf' target='_blank'>MONITORAMENTO DE PROGRAMAS, PROJETOS, A\u00c7\u00d5ES E ATIVIDADES<\/a><\/li><\/ul><\/div><div class='sitemap-group'><h3>O<\/h3><ul><li><a href='https:\/\/goias.gov.br\/goiasprev\/organograma\/' target='_blank'>ORGANOGRAMA<\/a><\/li><li><a href='https:\/\/www.go.gov.br\/servicos-digitais\/cge\/nova-ouvidoria?orgao=18' target='_blank'>OUVIDORIA<\/a><\/li><li><a href='https:\/\/www.go.gov.br\/servicos-digitais\/cge\/nova-ouvidoria?orgao=18' target='_blank'>OUVIDORIA SETORIAL (EXPRESSO)<\/a><\/li><li><a href='https:\/\/goias.gov.br\/goiasprev\/ouvidoria-setorial\/' target='_blank'>OUVIDORIA SETORIAL (PRESENCIAL)<\/a><\/li><li><a href='https:\/\/www.transparencia.go.gov.br\/wp-content\/uploads\/sites\/2\/painel\/lai.php?painel=ordem_cronologica_despesas&orgao=goiasprev' target='_blank'>ORDEM CRONOL\u00d3GICA DE PAGAMENTOS -  GOIASPREV<\/a><\/li><li><a href='https:\/\/www.transparencia.go.gov.br\/wp-content\/uploads\/sites\/2\/painel\/lai.php?painel=ordem_cronologica_despesas&orgao=ffrpps' target='_blank'>ORDEM CRONOL\u00d3GICA DE PAGAMENTOS -  FFRPPS<\/a><\/li><li><a href='https:\/\/www.transparencia.go.gov.br\/wp-content\/uploads\/sites\/2\/painel\/lai.php?painel=ordem_cronologica_despesas&orgao=ffrppm' target='_blank'>ORDEM CRONOL\u00d3GICA DE PAGAMENTOS -  FFSPSM<\/a><\/li><li><a href='https:\/\/www.transparencia.go.gov.br\/wp-content\/uploads\/sites\/2\/painel\/lai.php?painel=ordem_cronologica_despesas&orgao=funprev' target='_blank'>ORDEM CRONOL\u00d3GICA DE PAGAMENTOS -  FUNPREV<\/a><\/li><li><a href='https:\/\/goias.gov.br\/goiasprev\/obras\/' target='_blank'>OBRAS<\/a><\/li><li><a href='https:\/\/goias.gov.br\/goiasprev\/obras-paralisadas\/' target='_blank'>OBRAS PARALISADAS<\/a><\/li><li><a href='https:\/\/goias.gov.br\/goiasprev\/obras-audiencias-consultas-publicas\/' target='_blank'>OBRAS - AUDI\u00caNCIAS OU CONSULTAS P\u00daBLICAS<\/a><\/li><li><a href='https:\/\/goias.gov.br\/goiasprev\/atendimento-presencial-ouvidoria-2\/' target='_blank'>OUVIDORIA - ATENDIMENTO PRESENCIAL\u00a0<\/a><\/li><\/ul><\/div><div class='sitemap-group'><h3>P<\/h3><ul><li><a href='https:\/\/goias.gov.br\/goiasprev\/pensao-por-morte\/' target='_blank'>PENS\u00c3O POR MORTE<\/a><\/li><li><a href='https:\/\/goias.gov.br\/goiasprev\/pensao-militar\/' target='_blank'>PENS\u00c3O MILITAR<\/a><\/li><li><a href='https:\/\/goias.gov.br\/goiasprev\/pensao-por-morte\/' target='_blank'>PENS\u00c3O POR MORTE<\/a><\/li><li><a href='https:\/\/goias.gov.br\/goiasprev\/pensao-militar\/' target='_blank'>PENS\u00c3O MILITAR<\/a><\/li><li><a href='https:\/\/goias.gov.br\/goiasprev\/programa-de-compliance-publico\/' target='_blank'>PROGRAMA DE COMPLIANCE P\u00daBLICO<\/a><\/li><li><a href='https:\/\/transparencia.go.gov.br\/' target='_blank'>PORTAL DA TRANSPAR\u00caNCIA<\/a><\/li><li><a href='https:\/\/goias.gov.br\/controladoria\/programa-de-compliance-publico-do-governo-de-goias\/' target='_blank'>PCP<\/a><\/li><li><a href='https:\/\/goias.gov.br\/goiasprev\/gestao-previdenciaria\/' target='_blank'>PR\u00d3-GEST\u00c3O RPPS<\/a><\/li><li><a href='https:\/\/portal.go.gov.br\/' target='_blank'>PORTAL GOI\u00c1S<\/a><\/li><li><a href='https:\/\/goias.gov.br\/procuradoria\/' target='_blank'>PROCURADORIA-GERAL DO ESTADO DE GOI\u00c1S<\/a><\/li><li><a href='https:\/\/goias.gov.br\/goiasprev\/programa-de-compliance-publico\/' target='_blank'>PROGRAMA DE COMPLIANCE P\u00daBLICO DO ESTADO DE GOI\u00c1S<\/a><\/li><li><a href='https:\/\/goias.gov.br\/goiasprev\/perguntas-e-respostas-mais-frequentes-sobre-a-goiasprev\/' target='_blank'>PERGUNTAS E RESPOSTAS\u00a0FREQUENTES<\/a><\/li><li><a href='https:\/\/www.transparencia.go.gov.br\/lai.php?painel=folha_de_pagamento_salarios_de_servidores_inativos&orgao=goiasprev' target='_blank'>PENSIONISTAS\/APOSENTADOS (INATIVOS)<\/a><\/li><li><a href='https:\/\/sislog.go.gov.br\/Pca' target='_blank'>PCA - PLANO DE CONTRATA\u00c7\u00d5ES ANUAL<\/a><\/li><li><a href='https:\/\/www.gov.br\/pncp\/pt-br\/acesso-a-informacao\/painel-pncp-em-numeros\/pncp-em-numeros-contratacoes\/pncp-em-numeros-municipio' target='_blank'>PNCP<\/a><\/li><li><a href='https:\/\/goias.gov.br\/goiasprev\/parcerias-com-oscs\/' target='_blank'>PARCERIAS COM OSCS<\/a><\/li><li><a href='https:\/\/goias.gov.br\/goiasprev\/wp-content\/uploads\/sites\/36\/2018\/06\/PLAN-ESTRAT-25-29-REVISAO-1.pdf' target='_blank'>PLANO ESTRAT\u00c9GICO INSTITUCIONAL<\/a><\/li><li><a href='https:\/\/goias.gov.br\/goiasprev\/wp-content\/uploads\/sites\/36\/2018\/06\/Programa-de-Educacao-Previdenciaria.-R01-1.pdf' target='_blank'>PLANO DE CAPACITA\u00c7\u00c3O - GOIASPREV<\/a><\/li><li><a href='https:\/\/ppa.go.gov.br\/' target='_blank'>PPA (PLANO PLURIANUAL)<\/a><\/li><li><a href='https:\/\/www.planalto.gov.br\/ccivil_03\/_ato2015-2018\/2018\/lei\/l13709.htm' target='_blank'>POL\u00cdTICA DE PRIVACIDADE E PROTE\u00c7\u00c3O DE DADOS<\/a><\/li><li><a href='https:\/\/app.powerbi.com\/view?r=eyJrIjoiNmRhN2MzZmYtMWZkMi00ODdmLWJhNGQtYTJkODcwNDJlMTU4IiwidCI6IjY3ZmQ0MzFjLWIyYWQtNDg2Ny04MWJjLWQ3NTYyMjBiNTZkNCJ9' target='_blank'>PESQUISAS DE SATISFA\u00c7\u00c3O<\/a><\/li><li><a href='https:\/\/transparencia.go.gov.br\/' target='_blank'>PORTAL GOI\u00c1S TRANSPARENTE<\/a><\/li><li><a href='https:\/\/goias.gov.br\/goiasprev\/projetos-de-participacao-social\/' target='_blank'>PROJETOS DE PARTICIPA\u00c7\u00c3O SOCIAL<\/a><\/li><li><a href='https:\/\/goias.gov.br\/goiasprev\/projetos-de-inovacao-no-servico-publico\/' target='_blank'>PROJETOS DE INOVA\u00c7\u00c3O NO SERVI\u00c7O P\u00daBLICO<\/a><\/li><\/ul><\/div><div class='sitemap-group'><h3>Q<\/h3><ul><li><a href='https:\/\/www.transparencia.go.gov.br\/lai.php?painel=folha_de_pagamento_cargos_por_orgaos&orgao=goiasprev' target='_blank'>QUANTITATIVO DE CARGOS<\/a><\/li><\/ul><\/div><div class='sitemap-group'><h3>R<\/h3><ul><li><a href='https:\/\/goias.gov.br\/goiasprev\/regulamento-2\/' target='_blank'>REGULAMENTO<\/a><\/li><li><a href='https:\/\/goias.gov.br\/goiasprev\/wp-content\/uploads\/sites\/36\/2025\/05\/Requerimento___aposentadoria_comum__versao_final_.pdf' target='_blank'>REQUERIMENTO DE APOSENTADORIA COMUM<\/a><\/li><li><a href='https:\/\/goias.gov.br\/goiasprev\/wp-content\/uploads\/sites\/36\/2025\/05\/Requerimento___aposentadoria_especial__versao_final_.pdf' target='_blank'>REQUERIMENTO DE APOSENTADORIA ESPECIAL<\/a><\/li><li><a href='https:\/\/goias.gov.br\/goiasprev\/wp-content\/uploads\/sites\/36\/2025\/05\/Requerimento___servidores_da_SEDUC__versao_final_.pdf' target='_blank'>REQUERIMENTO DE APOSENTADORIA SEDUC<\/a><\/li><li><a href='https:\/\/radardatransparencia.atricon.org.br\/' target='_blank'>RADAR DA TRANSPAR\u00caNCIA<\/a><\/li><li><a href='https:\/\/goias.gov.br\/goiasprev\/aposentadoria-e-pensao-conheca-as-novas-regras\/' target='_blank'>REGRAS PREVIDENCI\u00c1RIAS AP\u00d3S A EC N\u00ba 103\/2019<\/a><\/li><li><a href='https:\/\/www.transparencia.go.gov.br\/lai.php?painel=receitas_estaduais&orgao=goiasprev' target='_blank'>RECEITA ESTADUAL -  GOIASPREV<\/a><\/li><li><a href='https:\/\/www.transparencia.go.gov.br\/lai.php?painel=receitas_estaduais&orgao=ffrpps' target='_blank'>RECEITA ESTADUAL -  FFRPPS<\/a><\/li><li><a href='https:\/\/www.transparencia.go.gov.br\/wp-content\/uploads\/sites\/2\/painel\/lai.php?painel=receitas_estaduais&orgao=ffrppm' target='_blank'>RECEITA ESTADUAL -  FFSPSM<\/a><\/li><li><a href='https:\/\/www.transparencia.go.gov.br\/wp-content\/uploads\/sites\/2\/painel\/lai.php?painel=receitas_estaduais&orgao=funprev' target='_blank'>RECEITA ESTADUAL -  FUNPREV<\/a><\/li><li><a href='https:\/\/goias.gov.br\/goiasprev\/lista-de-terceirizados\/' target='_blank'>RELA\u00c7\u00c3O DE TERCEIRIZADOS <\/a><\/li><li><a href='https:\/\/www.transparencia.go.gov.br\/wp-content\/uploads\/sites\/2\/painel\/lai.php?painel=contratos_fiscais_e_gestores&orgao=PREV' target='_blank'>RELA\u00c7\u00c3O DOS FISCAIS DOS CONTRATOS<\/a><\/li><li><a href='https:\/\/goias.gov.br\/goiasprev\/wp-content\/uploads\/sites\/36\/2018\/06\/SEI_74951447_Relatorio_1.pdf' target='_blank'>RELA\u00c7\u00c3O DE VE\u00cdCULOS<\/a><\/li><li><a href='https:\/\/goias.gov.br\/goiasprev\/wp-content\/uploads\/sites\/36\/2018\/06\/RELATORIO-DE-GESTAO-2025.pdf' target='_blank'>RELAT\u00d3RIO DE GEST\u00c3O OU ATIVIDADES<\/a><\/li><li><a href='https:\/\/transparencia.go.gov.br\/gestao-fiscal-e-governamental-rgf\/' target='_blank'>RGF<\/a><\/li><li><a href='\/\/transparencia.go.gov.br\/rreo\/' target='_blank'>RREO<\/a><\/li><li><a href='https:\/\/www.ouvidoriageral.go.gov.br\/api\/relatorio_gestao.php?tipo=7&orgao=18' target='_blank'>RELAT\u00d3RIO DE PEDIDOS DE ACESSO \u00c0 INFORMA\u00c7\u00c3O<\/a><\/li><li><a href='https:\/\/goias.gov.br\/goiasprev\/relatorios-quadrimestrais-da-ouvidoria-adjunta\/' target='_blank'>RELAT\u00d3RIOS DE GEST\u00c3O DE OUVIDORIA<\/a><\/li><\/ul><\/div><div class='sitemap-group'><h3>S<\/h3><ul><li><a href='https:\/\/sa.goiasprev.go.gov.br\/login' target='_blank'>SIMULADOR PREVIDENCI\u00c1RIO RPPS<\/a><\/li><li><a href='https:\/\/sa.goiasprev.go.gov.br\/login' target='_blank'>SIMULADOR PREVIDENCI\u00c1RIO SPSM<\/a><\/li><li><a href='https:\/\/goias.gov.br\/administracao\/siga-eng\/' target='_blank'>SIGA<\/a><\/li><li><a href='https:\/\/sei.go.gov.br\/sei\/' target='_blank'>SEI!<\/a><\/li><li><a href='https:\/\/www.go.gov.br\/unidadesvaptvupt' target='_blank'>SIC - SERVI\u00c7O DE INFORMA\u00c7\u00c3O AO CIDAD\u00c3O<\/a><\/li><li><a href='https:\/\/sei.go.gov.br\/sei\/modulos\/goias\/login-sei\/MdGoiasLoginSEI.php?acao=md_goias_login_SEI&sigla_orgao_sistema=GOVERNADORIA&sigla_sistema=SEI&infra_url=L3NlaS8=' target='_blank'>SEI GOVERNADORIA<\/a><\/li><li><a href='https:\/\/sislog.go.gov.br\/' target='_blank'>SISLOG<\/a><\/li><li><a href='https:\/\/vaptvupt.go.gov.br\/unidades' target='_blank'>SIC F\u00cdSICO - UNIDADES DO VAPT VUPT<\/a><\/li><\/ul><\/div><div class='sitemap-group'><h3>T<\/h3><ul><li><a href='https:\/\/www.tjgo.jus.br\/' target='_blank'>TRIBUNAL DE JUSTI\u00c7A DO ESTADO DE GOI\u00c1S<\/a><\/li><\/ul><\/div><div class='sitemap-group'><h3>V<\/h3><ul><li><a href='https:\/\/validacertidoes.goiasprev.go.gov.br' target='_blank'>VALIDA CERTID\u00d5ES<\/a><\/li><\/ul><\/div><\/div>\n","protected":false},"excerpt":{"rendered":"","protected":false},"author":222,"featured_media":0,"parent":0,"menu_order":0,"comment_status":"closed","ping_status":"closed","template":"","meta":{"footnotes":""},"class_list":["post-2167","page","type-page","status-publish","hentry"],"rttpg_featured_image_url":null,"rttpg_author":{"display_name":"diegomsilva","author_link":"https:\/\/goias.gov.br\/goiasprev\/author\/diegomsilva\/"},"rttpg_comment":0,"rttpg_category":null,"rttpg_excerpt":null,"_links":{"self":[{"href":"https:\/\/goias.gov.br\/goiasprev\/wp-json\/wp\/v2\/pages\/2167","targetHints":{"allow":["GET"]}}],"collection":[{"href":"https:\/\/goias.gov.br\/goiasprev\/wp-json\/wp\/v2\/pages"}],"about":[{"href":"https:\/\/goias.gov.br\/goiasprev\/wp-json\/wp\/v2\/types\/page"}],"author":[{"embeddable":true,"href":"https:\/\/goias.gov.br\/goiasprev\/wp-json\/wp\/v2\/users\/222"}],"replies":[{"embeddable":true,"href":"https:\/\/goias.gov.br\/goiasprev\/wp-json\/wp\/v2\/comments?post=2167"}],"version-history":[{"count":2,"href":"https:\/\/goias.gov.br\/goiasprev\/wp-json\/wp\/v2\/pages\/2167\/revisions"}],"predecessor-version":[{"id":5144,"href":"https:\/\/goias.gov.br\/goiasprev\/wp-json\/wp\/v2\/pages\/2167\/revisions\/5144"}],"wp:attachment":[{"href":"https:\/\/goias.gov.br\/goiasprev\/wp-json\/wp\/v2\/media?parent=2167"}],"curies":[{"name":"wp","href":"https:\/\/api.w.org\/{rel}","templated":true}]}}