

{"id":2156,"date":"2023-11-28T14:20:59","date_gmt":"2023-11-28T17:20:59","guid":{"rendered":"https:\/\/siteshom.goias.gov.br\/goiasprev\/?page_id=2156"},"modified":"2025-10-31T16:38:02","modified_gmt":"2025-10-31T19:38:02","slug":"aposentadoria-compulsoria","status":"publish","type":"page","link":"https:\/\/goias.gov.br\/goiasprev\/aposentadoria-compulsoria\/","title":{"rendered":"Aposentadoria Compuls\u00f3ria"},"content":{"rendered":"\t\t<div data-elementor-type=\"wp-page\" data-elementor-id=\"2156\" class=\"elementor elementor-2156\">\n\t\t\t\t<div class=\"elementor-element elementor-element-b6916d4 e-flex e-con-boxed e-con e-parent\" data-id=\"b6916d4\" data-element_type=\"container\" data-e-type=\"container\">\n\t\t\t\t\t<div class=\"e-con-inner\">\n\t\t<div class=\"elementor-element elementor-element-45dd97b e-con-full e-flex e-con e-child\" data-id=\"45dd97b\" data-element_type=\"container\" data-e-type=\"container\">\n\t\t\t\t<div class=\"elementor-element elementor-element-47e20f6 elementor-widget elementor-widget-shortcode\" data-id=\"47e20f6\" data-element_type=\"widget\" data-e-type=\"widget\" data-widget_type=\"shortcode.default\">\n\t\t\t\t\t\t\t<div class=\"elementor-shortcode\"><div data-post-id=\"2977\" class=\"insert-page insert-page-2977 \"><h1 class='insert-page-title'>Aposentadoria Compuls\u00f3ria<\/h1><p style=\"text-align: justify;\">O segurado do RPPS\/GO ser\u00e1 aposentado compulsoriamente aos 75 (setenta e cinco) anos de idade, com proventos proporcionais\u00a0ao tempo de contribui\u00e7\u00e3o, observado o disposto\u00a0na\u00a0\u00a0<a href=\"https:\/\/legisla.casacivil.go.gov.br\/pesquisa_legislacao\/103671\">Lei Complementar Estadual n\u00ba 161\/2020<\/a>.<\/p>\n<p style=\"text-align: justify;\">A aposentadoria ser\u00e1 declarada por ato da autoridade competente da GOIASPREV, com efeito a partir do dia imediato \u00e0quele\u00a0em que o servidor atingir a idade-limite de perman\u00eancia no servi\u00e7o p\u00fablico.<\/p>\n<p style=\"text-align: justify;\">O segurado ativo fica imediatamente afastado de suas fun\u00e7\u00f5es, a partir da data em que atingir a idade-limite, sob pena de\u00a0responsabilidade do titular do setor de gest\u00e3o de pessoas de seu \u00f3rg\u00e3o de origem ou de qualquer outro agente p\u00fablico que o mantiver no servi\u00e7o ou\u00a0autorize a sua perman\u00eancia.<\/p>\n<p style=\"text-align: justify;\">\n<ul class='post-meta'>\n<li><span class='post-meta-key'>tpg-post-view-count:<\/span> 620<\/li>\n<li><span class='post-meta-key'>rank_math_analytic_object_id:<\/span> 524<\/li>\n<li><span class='post-meta-key'>rank_math_internal_links_processed:<\/span> 1<\/li>\n<\/ul>\n<\/div><\/div>\n\t\t\t\t\t\t<\/div>\n\t\t\t\t<\/div>\n\t\t<div class=\"elementor-element elementor-element-8f99451 e-con-full e-flex e-con e-child\" data-id=\"8f99451\" data-element_type=\"container\" data-e-type=\"container\">\n\t\t\t\t<div class=\"elementor-element elementor-element-54364d3 elementor-widget elementor-widget-shortcode\" data-id=\"54364d3\" data-element_type=\"widget\" data-e-type=\"widget\" data-widget_type=\"shortcode.default\">\n\t\t\t\t\t\t\t<div class=\"elementor-shortcode\"><div data-post-id=\"2985\" class=\"insert-page insert-page-2985 \"><h1 class='insert-page-title'>Simulador Previdenci\u00e1rio<\/h1><p style=\"text-align: left;\">O m&oacute;dulo de simula&ccedil;&atilde;o previdenci&aacute;ria foi criado no&nbsp;sistema GPREV para que o servidor p&uacute;blico e o militar possam conhecer as poss&iacute;veis regras que se aplicam ao seu caso. O&nbsp;relat&oacute;rio exibe uma previs&atilde;o de quando pode ser requerida a aposentadoria ou a reserva remunerada ou a reforma, das regras em que h&aacute;&nbsp;direito adquirido e das regras de transi&ccedil;&atilde;o.<\/p>\n<p style=\"text-align: left;\"><strong>T<strong>o<\/strong>das as informa&ccedil;&otilde;es da simula&ccedil;&atilde;o devem ser confirmadas pelo hist&oacute;rico funcional do servidor\/militar, emitido pelo &oacute;rg&atilde;o\/ente de origem do seu cargo.<\/strong><\/p>\n<p><a class=\"btn btn-block btn-success\" href=\"https:\/\/simulador.goiasprev.go.gov.br\" target=\"_blank\" rel=\"noopener\">Acesse ao Simulador Previdenci&aacute;rio<\/a><\/p>\n<ul class='post-meta'>\n<li><span class='post-meta-key'>rank_math_analytic_object_id:<\/span> 520<\/li>\n<li><span class='post-meta-key'>tpg-post-view-count:<\/span> 3482<\/li>\n<li><span class='post-meta-key'>rank_math_internal_links_processed:<\/span> 1<\/li>\n<\/ul>\n<\/div><\/div>\n\t\t\t\t\t\t<\/div>\n\t\t\t\t<\/div>\n\t\t\t\t\t<\/div>\n\t\t\t\t<\/div>\n\t\t\t\t<\/div>\n\t\t","protected":false},"excerpt":{"rendered":"","protected":false},"author":222,"featured_media":0,"parent":0,"menu_order":0,"comment_status":"closed","ping_status":"closed","template":"wppb_theme_template","meta":{"footnotes":""},"class_list":["post-2156","page","type-page","status-publish","hentry"],"rttpg_featured_image_url":null,"rttpg_author":{"display_name":"diegomsilva","author_link":"https:\/\/goias.gov.br\/goiasprev\/author\/diegomsilva\/"},"rttpg_comment":0,"rttpg_category":"","rttpg_excerpt":null,"_links":{"self":[{"href":"https:\/\/goias.gov.br\/goiasprev\/wp-json\/wp\/v2\/pages\/2156","targetHints":{"allow":["GET"]}}],"collection":[{"href":"https:\/\/goias.gov.br\/goiasprev\/wp-json\/wp\/v2\/pages"}],"about":[{"href":"https:\/\/goias.gov.br\/goiasprev\/wp-json\/wp\/v2\/types\/page"}],"author":[{"embeddable":true,"href":"https:\/\/goias.gov.br\/goiasprev\/wp-json\/wp\/v2\/users\/222"}],"replies":[{"embeddable":true,"href":"https:\/\/goias.gov.br\/goiasprev\/wp-json\/wp\/v2\/comments?post=2156"}],"version-history":[{"count":2,"href":"https:\/\/goias.gov.br\/goiasprev\/wp-json\/wp\/v2\/pages\/2156\/revisions"}],"predecessor-version":[{"id":34589,"href":"https:\/\/goias.gov.br\/goiasprev\/wp-json\/wp\/v2\/pages\/2156\/revisions\/34589"}],"wp:attachment":[{"href":"https:\/\/goias.gov.br\/goiasprev\/wp-json\/wp\/v2\/media?parent=2156"}],"curies":[{"name":"wp","href":"https:\/\/api.w.org\/{rel}","templated":true}]}}