

{"id":19458,"date":"2025-03-06T09:56:02","date_gmt":"2025-03-06T12:56:02","guid":{"rendered":"https:\/\/goias.gov.br\/goiasprev\/?page_id=19458"},"modified":"2025-03-06T10:00:29","modified_gmt":"2025-03-06T13:00:29","slug":"relatorios-de-analise-de-hipoteses","status":"publish","type":"page","link":"https:\/\/goias.gov.br\/goiasprev\/institucional\/relatorios-de-analise-de-hipoteses\/","title":{"rendered":"Relat\u00f3rios de An\u00e1lise das Hip\u00f3teses"},"content":{"rendered":"\n<figure class=\"wp-block-table is-style-regular\"><table class=\"has-fixed-layout\"><tbody><tr><td class=\"has-text-align-center\" data-align=\"center\"><strong>2023<\/strong><\/td><td class=\"has-text-align-center\" data-align=\"center\"><strong>2024<\/strong><\/td><\/tr><tr><td class=\"has-text-align-center\" data-align=\"center\"><a href=\"https:\/\/goias.gov.br\/goiasprev\/wp-content\/uploads\/sites\/36\/2022\/01\/Relatorio_analise_hipoteses_2023_v13-3a1.pdf\" target=\"_blank\" rel=\"noreferrer noopener\">Relat\u00f3rio de An\u00e1lise das Hip\u00f3teses &#8211; 2023<\/a><\/td><td class=\"has-text-align-center\" data-align=\"center\"><a href=\"https:\/\/goias.gov.br\/goiasprev\/wp-content\/uploads\/sites\/36\/2025\/03\/Relatorio_analise_hipoteses_2024_RPPS.pdf\" target=\"_blank\" rel=\"noreferrer noopener\">Relat\u00f3rio de <a href=\"https:\/\/goias.gov.br\/goiasprev\/wp-content\/uploads\/sites\/36\/2022\/01\/Relatorio_analise_hipoteses_2023_v13-3a1.pdf\" target=\"_blank\" rel=\"noreferrer noopener\"> An\u00e1lise das<\/a><\/a> <a href=\"https:\/\/goias.gov.br\/goiasprev\/wp-content\/uploads\/sites\/36\/2025\/03\/Relatorio_analise_hipoteses_2024_RPPS.pdf\" target=\"_blank\" rel=\"noreferrer noopener\">Hip\u00f3teses RPPS &#8211; 2024<\/a><\/td><\/tr><tr><td class=\"has-text-align-center\" data-align=\"center\"><\/td><td class=\"has-text-align-center\" data-align=\"center\"><a href=\"https:\/\/goias.gov.br\/goiasprev\/wp-content\/uploads\/sites\/36\/2025\/03\/Relatorio_analise_hipoteses_2024_SPSM.pdf\" target=\"_blank\" rel=\"noreferrer noopener\">Relat\u00f3rio de <a href=\"https:\/\/goias.gov.br\/goiasprev\/wp-content\/uploads\/sites\/36\/2022\/01\/Relatorio_analise_hipoteses_2023_v13-3a1.pdf\" target=\"_blank\" rel=\"noreferrer noopener\"> An\u00e1lise das<\/a><\/a> <a href=\"https:\/\/goias.gov.br\/goiasprev\/wp-content\/uploads\/sites\/36\/2025\/03\/Relatorio_analise_hipoteses_2024_SPSM.pdf\" target=\"_blank\" rel=\"noreferrer noopener\">Hip\u00f3teses SPSM &#8211; 2024<\/a><\/td><\/tr><\/tbody><\/table><\/figure>\n\n\n\n<p><\/p>\n","protected":false},"excerpt":{"rendered":"<p>2023 2024 Relat\u00f3rio de An\u00e1lise das Hip\u00f3teses &#8211; 2023 Relat\u00f3rio de An\u00e1lise das Hip\u00f3teses RPPS &#8211; 2024 Relat\u00f3rio de An\u00e1lise das Hip\u00f3teses SPSM &#8211; 2024<\/p>\n","protected":false},"author":436,"featured_media":0,"parent":2144,"menu_order":0,"comment_status":"closed","ping_status":"closed","template":"","meta":{"footnotes":""},"class_list":["post-19458","page","type-page","status-publish","hentry"],"rttpg_featured_image_url":null,"rttpg_author":{"display_name":"Guilherme Corr\u00eaa","author_link":"https:\/\/goias.gov.br\/goiasprev\/author\/guilhermecorrea\/"},"rttpg_comment":0,"rttpg_category":null,"rttpg_excerpt":"2023 2024 Relat\u00f3rio de An\u00e1lise das Hip\u00f3teses &#8211; 2023 Relat\u00f3rio de An\u00e1lise das Hip\u00f3teses RPPS &#8211; 2024 Relat\u00f3rio de An\u00e1lise das Hip\u00f3teses SPSM &#8211; 2024","_links":{"self":[{"href":"https:\/\/goias.gov.br\/goiasprev\/wp-json\/wp\/v2\/pages\/19458","targetHints":{"allow":["GET"]}}],"collection":[{"href":"https:\/\/goias.gov.br\/goiasprev\/wp-json\/wp\/v2\/pages"}],"about":[{"href":"https:\/\/goias.gov.br\/goiasprev\/wp-json\/wp\/v2\/types\/page"}],"author":[{"embeddable":true,"href":"https:\/\/goias.gov.br\/goiasprev\/wp-json\/wp\/v2\/users\/436"}],"replies":[{"embeddable":true,"href":"https:\/\/goias.gov.br\/goiasprev\/wp-json\/wp\/v2\/comments?post=19458"}],"version-history":[{"count":2,"href":"https:\/\/goias.gov.br\/goiasprev\/wp-json\/wp\/v2\/pages\/19458\/revisions"}],"predecessor-version":[{"id":19466,"href":"https:\/\/goias.gov.br\/goiasprev\/wp-json\/wp\/v2\/pages\/19458\/revisions\/19466"}],"up":[{"embeddable":true,"href":"https:\/\/goias.gov.br\/goiasprev\/wp-json\/wp\/v2\/pages\/2144"}],"wp:attachment":[{"href":"https:\/\/goias.gov.br\/goiasprev\/wp-json\/wp\/v2\/media?parent=19458"}],"curies":[{"name":"wp","href":"https:\/\/api.w.org\/{rel}","templated":true}]}}