

{"id":12418,"date":"2024-10-04T14:23:17","date_gmt":"2024-10-04T17:23:17","guid":{"rendered":"https:\/\/goias.gov.br\/goiasprev\/?page_id=12418"},"modified":"2024-10-09T12:41:14","modified_gmt":"2024-10-09T15:41:14","slug":"ouvidoria-setorial","status":"publish","type":"page","link":"https:\/\/goias.gov.br\/goiasprev\/ouvidoria-setorial\/","title":{"rendered":"Ouvidoria Setorial"},"content":{"rendered":"\n<h4 class=\"wp-block-heading\"><span style=\"color: #008000;\">Atendimento Presencial<\/span><\/h4>\n\n\n\n<p>Ouvidora Setorial: <strong>LILYANE CHRISTINE PEREIRA RODRIGUES<\/strong><\/p>\n\n\n\n<div class=\"wp-block-group\"><div class=\"wp-block-group__inner-container is-layout-constrained wp-block-group-is-layout-constrained\">\n<p>Endere\u00e7o: Av. Primeira Radial Qd. F, n\u00ba 586 Bloco 04, 5\u00ba Andar-Sala 06<br \/>Setor Pedro Ludovico, Goi\u00e2nia\/GO &#8211; CEP: 74.820-300<br \/>Hor\u00e1rio de Atendimento: 08h \u00e0s 12h e das 14h \u00e0s 18h<br \/>E-mail: <a href=\"mailto:ouvidoria@goiasprev.go.gov.br\">ouvidoria@goiasprev.go.gov.br<\/a><br \/>Telefone: (62) 3201-7816<br \/>Unidade SEI: 11820<\/p>\n<\/div><\/div>\n\n\n\n<p><\/p>\n","protected":false},"excerpt":{"rendered":"<p>Atendimento Presencial Ouvidora Setorial: LILYANE CHRISTINE PEREIRA RODRIGUES Endere\u00e7o: Av. Primeira Radial Qd. F, n\u00ba 586 Bloco 04, 5\u00ba Andar-Sala 06Setor Pedro Ludovico, Goi\u00e2nia\/GO &#8211; CEP: 74.820-300Hor\u00e1rio de Atendimento: 08h \u00e0s 12h e das 14h \u00e0s 18hE-mail: ouvidoria@goiasprev.go.gov.brTelefone: (62) 3201-7816Unidade SEI: 11820<\/p>\n","protected":false},"author":62,"featured_media":0,"parent":0,"menu_order":0,"comment_status":"closed","ping_status":"closed","template":"","meta":{"footnotes":""},"class_list":["post-12418","page","type-page","status-publish","hentry"],"rttpg_featured_image_url":null,"rttpg_author":{"display_name":"italoreis","author_link":"https:\/\/goias.gov.br\/goiasprev\/author\/italoreis\/"},"rttpg_comment":0,"rttpg_category":null,"rttpg_excerpt":"Atendimento Presencial Ouvidora Setorial: LILYANE CHRISTINE PEREIRA RODRIGUES Endere\u00e7o: Av. Primeira Radial Qd. F, n\u00ba 586 Bloco 04, 5\u00ba Andar-Sala 06Setor Pedro Ludovico, Goi\u00e2nia\/GO &#8211; CEP: 74.820-300Hor\u00e1rio de Atendimento: 08h \u00e0s 12h e das 14h \u00e0s 18hE-mail: ouvidoria@goiasprev.go.gov.brTelefone: (62) 3201-7816Unidade SEI: 11820","_links":{"self":[{"href":"https:\/\/goias.gov.br\/goiasprev\/wp-json\/wp\/v2\/pages\/12418","targetHints":{"allow":["GET"]}}],"collection":[{"href":"https:\/\/goias.gov.br\/goiasprev\/wp-json\/wp\/v2\/pages"}],"about":[{"href":"https:\/\/goias.gov.br\/goiasprev\/wp-json\/wp\/v2\/types\/page"}],"author":[{"embeddable":true,"href":"https:\/\/goias.gov.br\/goiasprev\/wp-json\/wp\/v2\/users\/62"}],"replies":[{"embeddable":true,"href":"https:\/\/goias.gov.br\/goiasprev\/wp-json\/wp\/v2\/comments?post=12418"}],"version-history":[{"count":2,"href":"https:\/\/goias.gov.br\/goiasprev\/wp-json\/wp\/v2\/pages\/12418\/revisions"}],"predecessor-version":[{"id":12455,"href":"https:\/\/goias.gov.br\/goiasprev\/wp-json\/wp\/v2\/pages\/12418\/revisions\/12455"}],"wp:attachment":[{"href":"https:\/\/goias.gov.br\/goiasprev\/wp-json\/wp\/v2\/media?parent=12418"}],"curies":[{"name":"wp","href":"https:\/\/api.w.org\/{rel}","templated":true}]}}