

{"id":10436,"date":"2024-09-02T16:07:39","date_gmt":"2024-09-02T19:07:39","guid":{"rendered":"https:\/\/goias.gov.br\/goiasprev\/?page_id=10436"},"modified":"2025-12-01T14:09:43","modified_gmt":"2025-12-01T17:09:43","slug":"elaborar-previsao-orcamentaria","status":"publish","type":"page","link":"https:\/\/goias.gov.br\/goiasprev\/processos-de-negocio\/financeira\/orcamento\/elaborar-previsao-orcamentaria\/","title":{"rendered":"Elaborar Previs\u00e3o Or\u00e7ament\u00e1ria &#8211; Execu\u00e7\u00e3o 2025"},"content":{"rendered":"\n<p><a href=\"https:\/\/goias.gov.br\/goiasprev\/wp-content\/uploads\/sites\/36\/2025\/12\/Fluxog_Elaborar_Prev_Orcament-exec-2025.pdf\" target=\"_blank\" rel=\"noreferrer noopener\">Fluxograma<\/a><\/p>\n\n\n\n<p><a href=\"https:\/\/goias.gov.br\/goiasprev\/wp-content\/uploads\/sites\/36\/2025\/12\/Manual_Elaborar_Prev_Orcament-exec-2025.pdf\" target=\"_blank\" rel=\"noreferrer noopener\">Manual<\/a><\/p>\n","protected":false},"excerpt":{"rendered":"<p>Fluxograma Manual<\/p>\n","protected":false},"author":436,"featured_media":0,"parent":10427,"menu_order":0,"comment_status":"closed","ping_status":"closed","template":"","meta":{"footnotes":""},"class_list":["post-10436","page","type-page","status-publish","hentry"],"rttpg_featured_image_url":null,"rttpg_author":{"display_name":"Guilherme Corr\u00eaa","author_link":"https:\/\/goias.gov.br\/goiasprev\/author\/guilhermecorrea\/"},"rttpg_comment":0,"rttpg_category":null,"rttpg_excerpt":"Fluxograma Manual","_links":{"self":[{"href":"https:\/\/goias.gov.br\/goiasprev\/wp-json\/wp\/v2\/pages\/10436","targetHints":{"allow":["GET"]}}],"collection":[{"href":"https:\/\/goias.gov.br\/goiasprev\/wp-json\/wp\/v2\/pages"}],"about":[{"href":"https:\/\/goias.gov.br\/goiasprev\/wp-json\/wp\/v2\/types\/page"}],"author":[{"embeddable":true,"href":"https:\/\/goias.gov.br\/goiasprev\/wp-json\/wp\/v2\/users\/436"}],"replies":[{"embeddable":true,"href":"https:\/\/goias.gov.br\/goiasprev\/wp-json\/wp\/v2\/comments?post=10436"}],"version-history":[{"count":2,"href":"https:\/\/goias.gov.br\/goiasprev\/wp-json\/wp\/v2\/pages\/10436\/revisions"}],"predecessor-version":[{"id":36867,"href":"https:\/\/goias.gov.br\/goiasprev\/wp-json\/wp\/v2\/pages\/10436\/revisions\/36867"}],"up":[{"embeddable":true,"href":"https:\/\/goias.gov.br\/goiasprev\/wp-json\/wp\/v2\/pages\/10427"}],"wp:attachment":[{"href":"https:\/\/goias.gov.br\/goiasprev\/wp-json\/wp\/v2\/media?parent=10436"}],"curies":[{"name":"wp","href":"https:\/\/api.w.org\/{rel}","templated":true}]}}