

{"id":10433,"date":"2024-09-02T16:05:59","date_gmt":"2024-09-02T19:05:59","guid":{"rendered":"https:\/\/goias.gov.br\/goiasprev\/?page_id=10433"},"modified":"2024-09-02T16:11:53","modified_gmt":"2024-09-02T19:11:53","slug":"contabilidade","status":"publish","type":"page","link":"https:\/\/goias.gov.br\/goiasprev\/processos-de-negocio\/financeira\/contabilidade\/","title":{"rendered":"Contabilidade"},"content":{"rendered":"\n<p><a href=\"https:\/\/goias.gov.br\/goiasprev\/processos-de-negocio\/financeira\/contabilidade\/elaborar-demonstrativo-de-informacoes-previdenciarias-e-repasses-dipr\/\" target=\"_blank\" rel=\"noreferrer noopener\">Elaborar Demonstrativo de Informa\u00e7\u00f5es Previdenci\u00e1rias e Repasses &#8211; DIPR<\/a><\/p>\n\n\n\n<p><a href=\"https:\/\/goias.gov.br\/goiasprev\/processos-de-negocio\/financeira\/contabilidade\/realizar-prestacao-de-contas-mensal\/\" target=\"_blank\" rel=\"noreferrer noopener\">Realizar Presta\u00e7\u00e3o de Contas Mensal<\/a><\/p>\n\n\n\n<p><\/p>\n","protected":false},"excerpt":{"rendered":"<p>Elaborar Demonstrativo de Informa\u00e7\u00f5es Previdenci\u00e1rias e Repasses &#8211; DIPR Realizar Presta\u00e7\u00e3o de Contas Mensal<\/p>\n","protected":false},"author":436,"featured_media":0,"parent":10357,"menu_order":0,"comment_status":"closed","ping_status":"closed","template":"","meta":{"footnotes":""},"class_list":["post-10433","page","type-page","status-publish","hentry"],"rttpg_featured_image_url":null,"rttpg_author":{"display_name":"Guilherme Corr\u00eaa","author_link":"https:\/\/goias.gov.br\/goiasprev\/author\/guilhermecorrea\/"},"rttpg_comment":0,"rttpg_category":null,"rttpg_excerpt":"Elaborar Demonstrativo de Informa\u00e7\u00f5es Previdenci\u00e1rias e Repasses &#8211; DIPR Realizar Presta\u00e7\u00e3o de Contas Mensal","_links":{"self":[{"href":"https:\/\/goias.gov.br\/goiasprev\/wp-json\/wp\/v2\/pages\/10433","targetHints":{"allow":["GET"]}}],"collection":[{"href":"https:\/\/goias.gov.br\/goiasprev\/wp-json\/wp\/v2\/pages"}],"about":[{"href":"https:\/\/goias.gov.br\/goiasprev\/wp-json\/wp\/v2\/types\/page"}],"author":[{"embeddable":true,"href":"https:\/\/goias.gov.br\/goiasprev\/wp-json\/wp\/v2\/users\/436"}],"replies":[{"embeddable":true,"href":"https:\/\/goias.gov.br\/goiasprev\/wp-json\/wp\/v2\/comments?post=10433"}],"version-history":[{"count":2,"href":"https:\/\/goias.gov.br\/goiasprev\/wp-json\/wp\/v2\/pages\/10433\/revisions"}],"predecessor-version":[{"id":10450,"href":"https:\/\/goias.gov.br\/goiasprev\/wp-json\/wp\/v2\/pages\/10433\/revisions\/10450"}],"up":[{"embeddable":true,"href":"https:\/\/goias.gov.br\/goiasprev\/wp-json\/wp\/v2\/pages\/10357"}],"wp:attachment":[{"href":"https:\/\/goias.gov.br\/goiasprev\/wp-json\/wp\/v2\/media?parent=10433"}],"curies":[{"name":"wp","href":"https:\/\/api.w.org\/{rel}","templated":true}]}}