

{"id":10427,"date":"2024-09-02T16:01:55","date_gmt":"2024-09-02T19:01:55","guid":{"rendered":"https:\/\/goias.gov.br\/goiasprev\/?page_id=10427"},"modified":"2024-09-02T16:08:53","modified_gmt":"2024-09-02T19:08:53","slug":"orcamento","status":"publish","type":"page","link":"https:\/\/goias.gov.br\/goiasprev\/processos-de-negocio\/financeira\/orcamento\/","title":{"rendered":"Or\u00e7amento"},"content":{"rendered":"\n<p><a href=\"https:\/\/goias.gov.br\/goiasprev\/processos-de-negocio\/financeira\/orcamento\/elaborar-previsao-orcamentaria\/\" target=\"_blank\" rel=\"noreferrer noopener\">Elaborar Previs\u00e3o Or\u00e7ament\u00e1ria<\/a><\/p>\n\n\n\n<p><a href=\"https:\/\/goias.gov.br\/goiasprev\/processos-de-negocio\/financeira\/orcamento\/realizar-suplementacao-orcamentaria\/\" target=\"_blank\" rel=\"noreferrer noopener\">Realizar Suplementa\u00e7\u00e3o Or\u00e7ament\u00e1ria<\/a><\/p>\n\n\n\n<p><\/p>\n","protected":false},"excerpt":{"rendered":"<p>Elaborar Previs\u00e3o Or\u00e7ament\u00e1ria Realizar Suplementa\u00e7\u00e3o Or\u00e7ament\u00e1ria<\/p>\n","protected":false},"author":436,"featured_media":0,"parent":10357,"menu_order":0,"comment_status":"closed","ping_status":"closed","template":"","meta":{"footnotes":""},"class_list":["post-10427","page","type-page","status-publish","hentry"],"rttpg_featured_image_url":null,"rttpg_author":{"display_name":"Guilherme Corr\u00eaa","author_link":"https:\/\/goias.gov.br\/goiasprev\/author\/guilhermecorrea\/"},"rttpg_comment":0,"rttpg_category":null,"rttpg_excerpt":"Elaborar Previs\u00e3o Or\u00e7ament\u00e1ria Realizar Suplementa\u00e7\u00e3o Or\u00e7ament\u00e1ria","_links":{"self":[{"href":"https:\/\/goias.gov.br\/goiasprev\/wp-json\/wp\/v2\/pages\/10427","targetHints":{"allow":["GET"]}}],"collection":[{"href":"https:\/\/goias.gov.br\/goiasprev\/wp-json\/wp\/v2\/pages"}],"about":[{"href":"https:\/\/goias.gov.br\/goiasprev\/wp-json\/wp\/v2\/types\/page"}],"author":[{"embeddable":true,"href":"https:\/\/goias.gov.br\/goiasprev\/wp-json\/wp\/v2\/users\/436"}],"replies":[{"embeddable":true,"href":"https:\/\/goias.gov.br\/goiasprev\/wp-json\/wp\/v2\/comments?post=10427"}],"version-history":[{"count":2,"href":"https:\/\/goias.gov.br\/goiasprev\/wp-json\/wp\/v2\/pages\/10427\/revisions"}],"predecessor-version":[{"id":10441,"href":"https:\/\/goias.gov.br\/goiasprev\/wp-json\/wp\/v2\/pages\/10427\/revisions\/10441"}],"up":[{"embeddable":true,"href":"https:\/\/goias.gov.br\/goiasprev\/wp-json\/wp\/v2\/pages\/10357"}],"wp:attachment":[{"href":"https:\/\/goias.gov.br\/goiasprev\/wp-json\/wp\/v2\/media?parent=10427"}],"curies":[{"name":"wp","href":"https:\/\/api.w.org\/{rel}","templated":true}]}}