

{"id":10393,"date":"2024-09-02T15:14:30","date_gmt":"2024-09-02T18:14:30","guid":{"rendered":"https:\/\/goias.gov.br\/goiasprev\/?page_id=10393"},"modified":"2025-12-03T08:40:59","modified_gmt":"2025-12-03T11:40:59","slug":"folha-de-pagamento","status":"publish","type":"page","link":"https:\/\/goias.gov.br\/goiasprev\/processos-de-negocio\/beneficios\/folha-de-pagamento\/","title":{"rendered":"Folha de Pagamento de Benef\u00edcios"},"content":{"rendered":"\n<p><a href=\"https:\/\/goias.gov.br\/goiasprev\/alterar-beneficio-aposentadoria-inatividade-pensao-por-morte-pensao-militar-em-folha-de-pagamento\/\" target=\"_blank\" rel=\"noreferrer noopener\">Alterar Benef\u00edcio (Aposentadoria \/ Inatividade \/ Pens\u00e3o por Morte \/ Pens\u00e3o Militar) em Folha de Pagamento<\/a><\/p>\n\n\n\n<p><a href=\"https:\/\/goias.gov.br\/goiasprev\/excluir-beneficio-retorno-militar-ativa-de-folha-de-pagamento\/\" target=\"_blank\" rel=\"noreferrer noopener\">Excluir Benef\u00edcio (Retorno Militar Ativa) de Folha de Pagamento<\/a><\/p>\n\n\n\n<p><a href=\"https:\/\/goias.gov.br\/goiasprev\/processos-de-negocio\/beneficios\/folha-de-pagamento\/incluir-beneficio-de-aposentadoria-ou-de-inatividade-em-folha-de-pagamento\/\" target=\"_blank\" rel=\"noreferrer noopener\">Incluir Benef\u00edcio de Aposentadoria ou de Inatividade em Folha de Pagamento<\/a><\/p>\n\n\n\n<p><a href=\"https:\/\/goias.gov.br\/goiasprev\/processos-de-negocio\/beneficios\/folha-de-pagamento\/incluir-beneficio-de-pensao-por-morte-ou-militar-em-folha-de-pagamento\/\" target=\"_blank\" rel=\"noreferrer noopener\">Incluir Benef\u00edcio de Pens\u00e3o por Morte ou Militar em Folha de Pagamento<\/a><\/p>\n","protected":false},"excerpt":{"rendered":"<p>Alterar Benef\u00edcio (Aposentadoria \/ Inatividade \/ Pens\u00e3o por Morte \/ Pens\u00e3o Militar) em Folha de Pagamento Excluir Benef\u00edcio (Retorno Militar Ativa) de Folha de Pagamento Incluir Benef\u00edcio de Aposentadoria ou de Inatividade em Folha de Pagamento Incluir Benef\u00edcio de Pens\u00e3o por Morte ou Militar em Folha de Pagamento<\/p>\n","protected":false},"author":436,"featured_media":0,"parent":9559,"menu_order":0,"comment_status":"closed","ping_status":"closed","template":"","meta":{"footnotes":""},"class_list":["post-10393","page","type-page","status-publish","hentry"],"rttpg_featured_image_url":null,"rttpg_author":{"display_name":"Guilherme Corr\u00eaa","author_link":"https:\/\/goias.gov.br\/goiasprev\/author\/guilhermecorrea\/"},"rttpg_comment":0,"rttpg_category":null,"rttpg_excerpt":"Alterar Benef\u00edcio (Aposentadoria \/ Inatividade \/ Pens\u00e3o por Morte \/ Pens\u00e3o Militar) em Folha de Pagamento Excluir Benef\u00edcio (Retorno Militar Ativa) de Folha de Pagamento Incluir Benef\u00edcio de Aposentadoria ou de Inatividade em Folha de Pagamento Incluir Benef\u00edcio de Pens\u00e3o por Morte ou Militar em Folha de Pagamento","_links":{"self":[{"href":"https:\/\/goias.gov.br\/goiasprev\/wp-json\/wp\/v2\/pages\/10393","targetHints":{"allow":["GET"]}}],"collection":[{"href":"https:\/\/goias.gov.br\/goiasprev\/wp-json\/wp\/v2\/pages"}],"about":[{"href":"https:\/\/goias.gov.br\/goiasprev\/wp-json\/wp\/v2\/types\/page"}],"author":[{"embeddable":true,"href":"https:\/\/goias.gov.br\/goiasprev\/wp-json\/wp\/v2\/users\/436"}],"replies":[{"embeddable":true,"href":"https:\/\/goias.gov.br\/goiasprev\/wp-json\/wp\/v2\/comments?post=10393"}],"version-history":[{"count":2,"href":"https:\/\/goias.gov.br\/goiasprev\/wp-json\/wp\/v2\/pages\/10393\/revisions"}],"predecessor-version":[{"id":37392,"href":"https:\/\/goias.gov.br\/goiasprev\/wp-json\/wp\/v2\/pages\/10393\/revisions\/37392"}],"up":[{"embeddable":true,"href":"https:\/\/goias.gov.br\/goiasprev\/wp-json\/wp\/v2\/pages\/9559"}],"wp:attachment":[{"href":"https:\/\/goias.gov.br\/goiasprev\/wp-json\/wp\/v2\/media?parent=10393"}],"curies":[{"name":"wp","href":"https:\/\/api.w.org\/{rel}","templated":true}]}}