

{"id":10390,"date":"2024-09-02T15:13:31","date_gmt":"2024-09-02T18:13:31","guid":{"rendered":"https:\/\/goias.gov.br\/goiasprev\/?page_id=10390"},"modified":"2025-01-23T10:03:06","modified_gmt":"2025-01-23T13:03:06","slug":"pensao-por-morte","status":"publish","type":"page","link":"https:\/\/goias.gov.br\/goiasprev\/processos-de-negocio\/beneficios\/pensao-por-morte\/","title":{"rendered":"Pens\u00e3o por Morte"},"content":{"rendered":"\n<p><a href=\"https:\/\/goias.gov.br\/goiasprev\/processos-de-negocio\/beneficios\/pensao-por-morte\/analisar-recurso-administrativo-em-pensao-por-morte\/\" target=\"_blank\" rel=\"noreferrer noopener\">Analisar Recurso Administrativo em Pens\u00e3o por Morte<\/a><\/p>\n\n\n\n<p><a href=\"https:\/\/goias.gov.br\/goiasprev\/conceder-pensao-por-morte\/\" target=\"_blank\" rel=\"noreferrer noopener\">Conceder Pens\u00e3o por Morte<\/a><\/p>\n\n\n\n<p><a href=\"https:\/\/goias.gov.br\/goiasprev\/processos-de-negocio\/beneficios\/pensao-por-morte\/revisar-pensao-por-morte\/\" target=\"_blank\" rel=\"noreferrer noopener\">Revisar Pens\u00e3o por Morte<\/a><\/p>\n\n\n\n<p><\/p>\n","protected":false},"excerpt":{"rendered":"<p>Analisar Recurso Administrativo em Pens\u00e3o por Morte Conceder Pens\u00e3o por Morte Revisar Pens\u00e3o por Morte<\/p>\n","protected":false},"author":436,"featured_media":0,"parent":9559,"menu_order":0,"comment_status":"closed","ping_status":"closed","template":"","meta":{"footnotes":""},"class_list":["post-10390","page","type-page","status-publish","hentry"],"rttpg_featured_image_url":null,"rttpg_author":{"display_name":"Guilherme Corr\u00eaa","author_link":"https:\/\/goias.gov.br\/goiasprev\/author\/guilhermecorrea\/"},"rttpg_comment":0,"rttpg_category":null,"rttpg_excerpt":"Analisar Recurso Administrativo em Pens\u00e3o por Morte Conceder Pens\u00e3o por Morte Revisar Pens\u00e3o por Morte","_links":{"self":[{"href":"https:\/\/goias.gov.br\/goiasprev\/wp-json\/wp\/v2\/pages\/10390","targetHints":{"allow":["GET"]}}],"collection":[{"href":"https:\/\/goias.gov.br\/goiasprev\/wp-json\/wp\/v2\/pages"}],"about":[{"href":"https:\/\/goias.gov.br\/goiasprev\/wp-json\/wp\/v2\/types\/page"}],"author":[{"embeddable":true,"href":"https:\/\/goias.gov.br\/goiasprev\/wp-json\/wp\/v2\/users\/436"}],"replies":[{"embeddable":true,"href":"https:\/\/goias.gov.br\/goiasprev\/wp-json\/wp\/v2\/comments?post=10390"}],"version-history":[{"count":2,"href":"https:\/\/goias.gov.br\/goiasprev\/wp-json\/wp\/v2\/pages\/10390\/revisions"}],"predecessor-version":[{"id":17032,"href":"https:\/\/goias.gov.br\/goiasprev\/wp-json\/wp\/v2\/pages\/10390\/revisions\/17032"}],"up":[{"embeddable":true,"href":"https:\/\/goias.gov.br\/goiasprev\/wp-json\/wp\/v2\/pages\/9559"}],"wp:attachment":[{"href":"https:\/\/goias.gov.br\/goiasprev\/wp-json\/wp\/v2\/media?parent=10390"}],"curies":[{"name":"wp","href":"https:\/\/api.w.org\/{rel}","templated":true}]}}