

{"id":10354,"date":"2024-09-02T11:34:31","date_gmt":"2024-09-02T14:34:31","guid":{"rendered":"https:\/\/goias.gov.br\/goiasprev\/?page_id=10354"},"modified":"2024-09-02T14:40:54","modified_gmt":"2024-09-02T17:40:54","slug":"compensacao-previdenciaria","status":"publish","type":"page","link":"https:\/\/goias.gov.br\/goiasprev\/processos-de-negocio\/compensacao-previdenciaria\/","title":{"rendered":"Compensa\u00e7\u00e3o Previdenci\u00e1ria"},"content":{"rendered":"\n<p><a href=\"https:\/\/goias.gov.br\/goiasprev\/processos-de-negocio\/compensacao-previdenciaria\/analisar-requerimento-de-compensacao-previdenciaria\/\" target=\"_blank\" rel=\"noreferrer noopener\">Analisar Requerimento de Compensa\u00e7\u00e3o Previdenci\u00e1ria<\/a><\/p>\n\n\n\n<p><a href=\"https:\/\/goias.gov.br\/goiasprev\/processos-de-negocio\/compensacao-previdenciaria\/enviar-requerimento-de-compensacao-previdenciaria\/\" target=\"_blank\" rel=\"noreferrer noopener\">Enviar Requerimento de Compensa\u00e7\u00e3o Previdenci\u00e1ria<\/a><\/p>\n","protected":false},"excerpt":{"rendered":"<p>Analisar Requerimento de Compensa\u00e7\u00e3o Previdenci\u00e1ria Enviar Requerimento de Compensa\u00e7\u00e3o Previdenci\u00e1ria<\/p>\n","protected":false},"author":436,"featured_media":0,"parent":9553,"menu_order":0,"comment_status":"closed","ping_status":"closed","template":"","meta":{"footnotes":""},"class_list":["post-10354","page","type-page","status-publish","hentry"],"rttpg_featured_image_url":null,"rttpg_author":{"display_name":"Guilherme Corr\u00eaa","author_link":"https:\/\/goias.gov.br\/goiasprev\/author\/guilhermecorrea\/"},"rttpg_comment":0,"rttpg_category":null,"rttpg_excerpt":"Analisar Requerimento de Compensa\u00e7\u00e3o Previdenci\u00e1ria Enviar Requerimento de Compensa\u00e7\u00e3o Previdenci\u00e1ria","_links":{"self":[{"href":"https:\/\/goias.gov.br\/goiasprev\/wp-json\/wp\/v2\/pages\/10354","targetHints":{"allow":["GET"]}}],"collection":[{"href":"https:\/\/goias.gov.br\/goiasprev\/wp-json\/wp\/v2\/pages"}],"about":[{"href":"https:\/\/goias.gov.br\/goiasprev\/wp-json\/wp\/v2\/types\/page"}],"author":[{"embeddable":true,"href":"https:\/\/goias.gov.br\/goiasprev\/wp-json\/wp\/v2\/users\/436"}],"replies":[{"embeddable":true,"href":"https:\/\/goias.gov.br\/goiasprev\/wp-json\/wp\/v2\/comments?post=10354"}],"version-history":[{"count":2,"href":"https:\/\/goias.gov.br\/goiasprev\/wp-json\/wp\/v2\/pages\/10354\/revisions"}],"predecessor-version":[{"id":10374,"href":"https:\/\/goias.gov.br\/goiasprev\/wp-json\/wp\/v2\/pages\/10354\/revisions\/10374"}],"up":[{"embeddable":true,"href":"https:\/\/goias.gov.br\/goiasprev\/wp-json\/wp\/v2\/pages\/9553"}],"wp:attachment":[{"href":"https:\/\/goias.gov.br\/goiasprev\/wp-json\/wp\/v2\/media?parent=10354"}],"curies":[{"name":"wp","href":"https:\/\/api.w.org\/{rel}","templated":true}]}}