

{"id":10344,"date":"2024-09-02T11:18:55","date_gmt":"2024-09-02T14:18:55","guid":{"rendered":"https:\/\/goias.gov.br\/goiasprev\/?page_id=10344"},"modified":"2025-04-29T10:13:44","modified_gmt":"2025-04-29T13:13:44","slug":"arrecadar-contribuicao-previdenciaria-de-servidor-cedido","status":"publish","type":"page","link":"https:\/\/goias.gov.br\/goiasprev\/processos-de-negocio\/arrecadacao\/arrecadar-contribuicao-previdenciaria-de-servidor-cedido\/","title":{"rendered":"Arrecadar Contribui\u00e7\u00e3o Previdenci\u00e1ria de Servidor Cedido"},"content":{"rendered":"\n<p><a href=\"https:\/\/goias.gov.br\/goiasprev\/wp-content\/uploads\/sites\/36\/2025\/04\/Fluxog_Arrec_Contrib_Previd_Serv_Cedido.pdf\" target=\"_blank\" rel=\"noreferrer noopener\">Fluxograma<\/a><\/p>\n\n\n\n<p><a href=\"https:\/\/goias.gov.br\/goiasprev\/wp-content\/uploads\/sites\/36\/2025\/04\/Manual-Arrec_Contrib_Previd_Serv_Cedido.pdf\" target=\"_blank\" rel=\"noreferrer noopener\">Manual<\/a><\/p>\n","protected":false},"excerpt":{"rendered":"<p>Fluxograma Manual<\/p>\n","protected":false},"author":436,"featured_media":0,"parent":10341,"menu_order":0,"comment_status":"closed","ping_status":"closed","template":"","meta":{"footnotes":""},"class_list":["post-10344","page","type-page","status-publish","hentry"],"rttpg_featured_image_url":null,"rttpg_author":{"display_name":"Guilherme Corr\u00eaa","author_link":"https:\/\/goias.gov.br\/goiasprev\/author\/guilhermecorrea\/"},"rttpg_comment":0,"rttpg_category":null,"rttpg_excerpt":"Fluxograma Manual","_links":{"self":[{"href":"https:\/\/goias.gov.br\/goiasprev\/wp-json\/wp\/v2\/pages\/10344","targetHints":{"allow":["GET"]}}],"collection":[{"href":"https:\/\/goias.gov.br\/goiasprev\/wp-json\/wp\/v2\/pages"}],"about":[{"href":"https:\/\/goias.gov.br\/goiasprev\/wp-json\/wp\/v2\/types\/page"}],"author":[{"embeddable":true,"href":"https:\/\/goias.gov.br\/goiasprev\/wp-json\/wp\/v2\/users\/436"}],"replies":[{"embeddable":true,"href":"https:\/\/goias.gov.br\/goiasprev\/wp-json\/wp\/v2\/comments?post=10344"}],"version-history":[{"count":2,"href":"https:\/\/goias.gov.br\/goiasprev\/wp-json\/wp\/v2\/pages\/10344\/revisions"}],"predecessor-version":[{"id":22156,"href":"https:\/\/goias.gov.br\/goiasprev\/wp-json\/wp\/v2\/pages\/10344\/revisions\/22156"}],"up":[{"embeddable":true,"href":"https:\/\/goias.gov.br\/goiasprev\/wp-json\/wp\/v2\/pages\/10341"}],"wp:attachment":[{"href":"https:\/\/goias.gov.br\/goiasprev\/wp-json\/wp\/v2\/media?parent=10344"}],"curies":[{"name":"wp","href":"https:\/\/api.w.org\/{rel}","templated":true}]}}