

{"id":10230,"date":"2024-09-02T09:17:25","date_gmt":"2024-09-02T12:17:25","guid":{"rendered":"https:\/\/goias.gov.br\/goiasprev\/?page_id=10230"},"modified":"2025-01-23T10:00:48","modified_gmt":"2025-01-23T13:00:48","slug":"pensao","status":"publish","type":"page","link":"https:\/\/goias.gov.br\/goiasprev\/processos-de-negocio\/atendimento\/multiatendimento\/pensao\/","title":{"rendered":"Pens\u00e3o"},"content":{"rendered":"\n<p><a href=\"https:\/\/goias.gov.br\/goiasprev\/processos-de-negocio\/atendimento\/multiatendimento\/pensao\/conceder-pensao-militar-autuacao-de-processo\/\" target=\"_blank\" rel=\"noreferrer noopener\">Conceder Pens\u00e3o Militar &#8211; Autua\u00e7\u00e3o de Processo<\/a><\/p>\n\n\n\n<p><a href=\"https:\/\/goias.gov.br\/goiasprev\/processos-de-negocio\/atendimento\/multiatendimento\/pensao\/conceder-pensao-por-morte-autuacao-de-processo\/\" target=\"_blank\" rel=\"noreferrer noopener\">Conceder Pens\u00e3o por Morte &#8211; Autua\u00e7\u00e3o de Processo<\/a><\/p>\n\n\n\n<p><a href=\"https:\/\/goias.gov.br\/goiasprev\/processos-de-negocio\/atendimento\/multiatendimento\/pensao\/conceder-reversao-recalculo-de-pensao-militar-autuacao-de-processo\/\" target=\"_blank\" rel=\"noreferrer noopener\">Conceder Revers\u00e3o \/ Rec\u00e1lculo de Pens\u00e3o Militar &#8211; Autua\u00e7\u00e3o de Processo<\/a><\/p>\n\n\n\n<p><a href=\"https:\/\/goias.gov.br\/goiasprev\/processos-de-negocio\/atendimento\/multiatendimento\/pensao\/conceder-reversao-recalculo-de-pensao-por-morte-autuacao-de-processo\/\" target=\"_blank\" rel=\"noreferrer noopener\">Conceder Revers\u00e3o \/ Rec\u00e1lculo de Pens\u00e3o por Morte &#8211; Autua\u00e7\u00e3o de Processo<\/a><\/p>\n\n\n\n<p><a href=\"https:\/\/goias.gov.br\/goiasprev\/processos-de-negocio\/atendimento\/multiatendimento\/pensao\/emitir-declaracao-de-inexistencia-de-dependentes-habilitados\/\" target=\"_blank\" rel=\"noreferrer noopener\">Emitir Declara\u00e7\u00e3o de Inexist\u00eancia de Dependentes Habilitados<\/a><\/p>\n\n\n\n<p><a href=\"https:\/\/goias.gov.br\/goiasprev\/processos-de-negocio\/atendimento\/multiatendimento\/pensao\/emitir-declaracao-de-pensionista-civil-ou-militar\/\" target=\"_blank\" rel=\"noreferrer noopener\">Emitir Declara\u00e7\u00e3o de Pensionista Civil ou Militar<\/a><\/p>\n\n\n\n<p><a href=\"https:\/\/goias.gov.br\/goiasprev\/processos-de-negocio\/atendimento\/multiatendimento\/pensao\/informar-andamento-de-processo-de-pensao\/\" target=\"_blank\" rel=\"noreferrer noopener\">Informar Andamento de Processo de Pens\u00e3o<\/a><\/p>\n\n\n\n<p><a href=\"https:\/\/goias.gov.br\/goiasprev\/processos-de-negocio\/atendimento\/multiatendimento\/pensao\/revisar-pensao-militar-autuacao-de-processo\/\" target=\"_blank\" rel=\"noreferrer noopener\">Revisar Pens\u00e3o Militar &#8211; Autua\u00e7\u00e3o de Processo<\/a><\/p>\n\n\n\n<p><a href=\"https:\/\/goias.gov.br\/goiasprev\/processos-de-negocio\/atendimento\/multiatendimento\/pensao\/revisar-pensao-por-morte-autuacao-de-processo\/\" target=\"_blank\" rel=\"noreferrer noopener\">Revisar Pens\u00e3o por Morte &#8211; Autua\u00e7\u00e3o de Processo<\/a><\/p>\n\n\n\n<p><\/p>\n\n\n\n<p><\/p>\n\n\n\n<p><\/p>\n","protected":false},"excerpt":{"rendered":"<p>Conceder Pens\u00e3o Militar &#8211; Autua\u00e7\u00e3o de Processo Conceder Pens\u00e3o por Morte &#8211; Autua\u00e7\u00e3o de Processo Conceder Revers\u00e3o \/ Rec\u00e1lculo de Pens\u00e3o Militar &#8211; Autua\u00e7\u00e3o de Processo Conceder Revers\u00e3o \/ Rec\u00e1lculo de Pens\u00e3o por Morte &#8211; Autua\u00e7\u00e3o de Processo Emitir Declara\u00e7\u00e3o de Inexist\u00eancia de Dependentes Habilitados Emitir Declara\u00e7\u00e3o de Pensionista Civil ou Militar Informar Andamento de [&hellip;]<\/p>\n","protected":false},"author":436,"featured_media":0,"parent":10215,"menu_order":0,"comment_status":"closed","ping_status":"closed","template":"","meta":{"footnotes":""},"class_list":["post-10230","page","type-page","status-publish","hentry"],"rttpg_featured_image_url":null,"rttpg_author":{"display_name":"Guilherme Corr\u00eaa","author_link":"https:\/\/goias.gov.br\/goiasprev\/author\/guilhermecorrea\/"},"rttpg_comment":0,"rttpg_category":null,"rttpg_excerpt":"Conceder Pens\u00e3o Militar &#8211; Autua\u00e7\u00e3o de Processo Conceder Pens\u00e3o por Morte &#8211; Autua\u00e7\u00e3o de Processo Conceder Revers\u00e3o \/ Rec\u00e1lculo de Pens\u00e3o Militar &#8211; Autua\u00e7\u00e3o de Processo Conceder Revers\u00e3o \/ Rec\u00e1lculo de Pens\u00e3o por Morte &#8211; Autua\u00e7\u00e3o de Processo Emitir Declara\u00e7\u00e3o de Inexist\u00eancia de Dependentes Habilitados Emitir Declara\u00e7\u00e3o de Pensionista Civil ou Militar Informar Andamento de&hellip;","_links":{"self":[{"href":"https:\/\/goias.gov.br\/goiasprev\/wp-json\/wp\/v2\/pages\/10230","targetHints":{"allow":["GET"]}}],"collection":[{"href":"https:\/\/goias.gov.br\/goiasprev\/wp-json\/wp\/v2\/pages"}],"about":[{"href":"https:\/\/goias.gov.br\/goiasprev\/wp-json\/wp\/v2\/types\/page"}],"author":[{"embeddable":true,"href":"https:\/\/goias.gov.br\/goiasprev\/wp-json\/wp\/v2\/users\/436"}],"replies":[{"embeddable":true,"href":"https:\/\/goias.gov.br\/goiasprev\/wp-json\/wp\/v2\/comments?post=10230"}],"version-history":[{"count":2,"href":"https:\/\/goias.gov.br\/goiasprev\/wp-json\/wp\/v2\/pages\/10230\/revisions"}],"predecessor-version":[{"id":17030,"href":"https:\/\/goias.gov.br\/goiasprev\/wp-json\/wp\/v2\/pages\/10230\/revisions\/17030"}],"up":[{"embeddable":true,"href":"https:\/\/goias.gov.br\/goiasprev\/wp-json\/wp\/v2\/pages\/10215"}],"wp:attachment":[{"href":"https:\/\/goias.gov.br\/goiasprev\/wp-json\/wp\/v2\/media?parent=10230"}],"curies":[{"name":"wp","href":"https:\/\/api.w.org\/{rel}","templated":true}]}}