

{"id":10225,"date":"2024-09-02T09:08:37","date_gmt":"2024-09-02T12:08:37","guid":{"rendered":"https:\/\/goias.gov.br\/goiasprev\/?page_id=10225"},"modified":"2025-07-08T07:10:06","modified_gmt":"2025-07-08T10:10:06","slug":"diversos","status":"publish","type":"page","link":"https:\/\/goias.gov.br\/goiasprev\/processos-de-negocio\/atendimento\/multiatendimento\/diversos\/","title":{"rendered":"Diversos"},"content":{"rendered":"\n<p><a href=\"https:\/\/goias.gov.br\/goiasprev\/processos-de-negocio\/atendimento\/multiatendimento\/diversos\/conceder-devolucao-previdenciaria-civil-autuacao-de-processo\/\" target=\"_blank\" rel=\"noreferrer noopener\">Conceder Devolu\u00e7\u00e3o Previdenci\u00e1ria &#8211; Civil &#8211; Autua\u00e7\u00e3o de Processo<\/a><\/p>\n\n\n\n<p><a href=\"https:\/\/goias.gov.br\/goiasprev\/processos-de-negocio\/atendimento\/multiatendimento\/diversos\/conceder-isencao-de-imposto-de-renda\/\" target=\"_blank\" rel=\"noreferrer noopener\">Conceder Isen\u00e7\u00e3o de Imposto de Renda Retido na Fonte &#8211; Autua\u00e7\u00e3o de Processo<\/a><\/p>\n\n\n\n<p><a href=\"https:\/\/goias.gov.br\/goiasprev\/processos-de-negocio\/atendimento\/multiatendimento\/diversos\/conceder-pagamento-de-contribuicao-previdenciaria-a-servidor-licenciado-autuacao-de-processo\/\" target=\"_blank\" rel=\"noreferrer noopener\">Conceder Pagamento de Contribui\u00e7\u00e3o Previdenci\u00e1ria a Servidor Licenciado &#8211; Autua\u00e7\u00e3o de processo<\/a><\/p>\n\n\n\n<p><a href=\"https:\/\/goias.gov.br\/goiasprev\/processos-de-negocio\/atendimento\/multiatendimento\/diversos\/digitalizar-documentos\/\" data-type=\"link\" data-id=\"https:\/\/goias.gov.br\/goiasprev\/processos-de-negocio\/atendimento\/multiatendimento\/diversos\/digitalizar-documentos\/\" target=\"_blank\" rel=\"noreferrer noopener\">Digitalizar Documentos<\/a><\/p>\n\n\n\n<p><a href=\"https:\/\/goias.gov.br\/goiasprev\/processos-de-negocio\/atendimento\/multiatendimento\/diversos\/fornecer-acesso-externo-de-processo\/\" target=\"_blank\" rel=\"noreferrer noopener\">Fornecer Acesso Externo de Processo &#8211; Autua\u00e7\u00e3o de Processo<\/a><\/p>\n\n\n\n<p><a href=\"https:\/\/goias.gov.br\/goiasprev\/processos-de-negocio\/atendimento\/multiatendimento\/diversos\/fornecer-copia-digital-de-processo\/\" target=\"_blank\" rel=\"noreferrer noopener\">Fornecer C\u00f3pia Digital de Processo &#8211; Autua\u00e7\u00e3o de Processo<\/a><\/p>\n\n\n\n<p><a href=\"https:\/\/goias.gov.br\/goiasprev\/processos-de-negocio\/atendimento\/multiatendimento\/diversos\/gerar-senha-de-contracheque-por-e-mail\/\" target=\"_blank\" rel=\"noreferrer noopener\">Gerar Senha de Contracheque por E-mail<\/a><\/p>\n\n\n\n<p><a href=\"https:\/\/goias.gov.br\/goiasprev\/processos-de-negocio\/atendimento\/multiatendimento\/diversos\/gerar-senha-de-contracheque\/\" target=\"_blank\" rel=\"noreferrer noopener\">Gerar Senha de Contracheque Presencial<\/a><\/p>\n\n\n\n<p><a href=\"https:\/\/goias.gov.br\/goiasprev\/processos-de-negocio\/atendimento\/multiatendimento\/diversos\/imprimir-contracheque-ficha-financeira-ou-comprovante-de-rendimento\/\" target=\"_blank\" rel=\"noreferrer noopener\">Imprimir Contracheque, Ficha Financeira ou Comprovante de Rendimento<\/a><\/p>\n\n\n\n<p><a href=\"https:\/\/goias.gov.br\/goiasprev\/processos-de-negocio\/atendimento\/multiatendimento\/diversos\/informar-data-de-pagamento-do-beneficio-de-aposentadoria-pensao-reserva-ou-reforma\/\" target=\"_blank\" rel=\"noreferrer noopener\">Informar Data de Pagamento do Benef\u00edcio de Aposentadoria, Pens\u00e3o, Reserva ou Reforma<\/a><\/p>\n\n\n\n<p><a href=\"https:\/\/goias.gov.br\/goiasprev\/processos-de-negocio\/atendimento\/multiatendimento\/diversos\/informar-documentacao-para-abertura-de-processo\/\" target=\"_blank\" rel=\"noreferrer noopener\">Informar Documenta\u00e7\u00e3o para Abertura de Process<\/a>o<\/p>\n\n\n\n<p><a href=\"https:\/\/goias.gov.br\/goiasprev\/processos-de-negocio\/atendimento\/multiatendimento\/diversos\/informar-sobre-pagamento-bloqueado-de-beneficio-de-aposentadoria-pensao-reserva-ou-reforma\/\" target=\"_blank\" rel=\"noreferrer noopener\">Informar sobre Pagamento Bloqueado de Benef\u00edcio de Aposentadoria, Pens\u00e3o, Reserva ou Reforma<\/a><\/p>\n\n\n\n<p><a href=\"https:\/\/goias.gov.br\/goiasprev\/processos-de-negocio\/atendimento\/multiatendimento\/diversos\/realizar-inclusao-e-ou-exclusao-de-dependentes-para-fins-de-imposto-de-renda-autuacao-de-processo\/\" target=\"_blank\" rel=\"noreferrer noopener\">Realizar Inclus\u00e3o e \/ou Exclus\u00e3o de Dependentes para fins de Imposto de Renda &#8211; Autua\u00e7\u00e3o de Processo<\/a><\/p>\n\n\n\n<p><a href=\"https:\/\/goias.gov.br\/goiasprev\/processos-de-negocio\/atendimento\/multiatendimento\/diversos\/realizar-juntada-de-documento-a-processo-de-aposentadoria-pensao-reserva-ou-reforma\/\" target=\"_blank\" rel=\"noreferrer noopener\">Realizar Juntada de Documento a Processo de Aposentadoria, Pens\u00e3o, Reserva ou Reforma<\/a><\/p>\n\n\n\n<p><a href=\"https:\/\/goias.gov.br\/goiasprev\/realizar-recadastramento-a-distancia-por-kit-correspondencia\/\" target=\"_blank\" rel=\"noreferrer noopener\">Realizar Recadastramento \u00e0 Dist\u00e2ncia por Kit (Correspond\u00eancia)<\/a><\/p>\n\n\n\n<p><a href=\"https:\/\/goias.gov.br\/goiasprev\/processos-de-negocio\/atendimento\/multiatendimento\/diversos\/realizar-recadastramento-por-videoconferencia\/\" target=\"_blank\" rel=\"noreferrer noopener\">Realizar Recadastramento por Videoconfer\u00eancia<\/a><\/p>\n\n\n\n<p><a href=\"https:\/\/goias.gov.br\/goiasprev\/processos-de-negocio\/atendimento\/multiatendimento\/diversos\/realizar-recadastramento-presencial\/\" target=\"_blank\" rel=\"noreferrer noopener\">Realizar Recadastramento Presencial<\/a><\/p>\n\n\n\n<p><\/p>\n","protected":false},"excerpt":{"rendered":"<p>Conceder Devolu\u00e7\u00e3o Previdenci\u00e1ria &#8211; Civil &#8211; Autua\u00e7\u00e3o de Processo Conceder Isen\u00e7\u00e3o de Imposto de Renda Retido na Fonte &#8211; Autua\u00e7\u00e3o de Processo Conceder Pagamento de Contribui\u00e7\u00e3o Previdenci\u00e1ria a Servidor Licenciado &#8211; Autua\u00e7\u00e3o de processo Digitalizar Documentos Fornecer Acesso Externo de Processo &#8211; Autua\u00e7\u00e3o de Processo Fornecer C\u00f3pia Digital de Processo &#8211; Autua\u00e7\u00e3o de Processo Gerar [&hellip;]<\/p>\n","protected":false},"author":436,"featured_media":0,"parent":10215,"menu_order":0,"comment_status":"closed","ping_status":"closed","template":"","meta":{"footnotes":""},"class_list":["post-10225","page","type-page","status-publish","hentry"],"rttpg_featured_image_url":null,"rttpg_author":{"display_name":"Guilherme Corr\u00eaa","author_link":"https:\/\/goias.gov.br\/goiasprev\/author\/guilhermecorrea\/"},"rttpg_comment":0,"rttpg_category":null,"rttpg_excerpt":"Conceder Devolu\u00e7\u00e3o Previdenci\u00e1ria &#8211; Civil &#8211; Autua\u00e7\u00e3o de Processo Conceder Isen\u00e7\u00e3o de Imposto de Renda Retido na Fonte &#8211; Autua\u00e7\u00e3o de Processo Conceder Pagamento de Contribui\u00e7\u00e3o Previdenci\u00e1ria a Servidor Licenciado &#8211; Autua\u00e7\u00e3o de processo Digitalizar Documentos Fornecer Acesso Externo de Processo &#8211; Autua\u00e7\u00e3o de Processo Fornecer C\u00f3pia Digital de Processo &#8211; Autua\u00e7\u00e3o de Processo Gerar&hellip;","_links":{"self":[{"href":"https:\/\/goias.gov.br\/goiasprev\/wp-json\/wp\/v2\/pages\/10225","targetHints":{"allow":["GET"]}}],"collection":[{"href":"https:\/\/goias.gov.br\/goiasprev\/wp-json\/wp\/v2\/pages"}],"about":[{"href":"https:\/\/goias.gov.br\/goiasprev\/wp-json\/wp\/v2\/types\/page"}],"author":[{"embeddable":true,"href":"https:\/\/goias.gov.br\/goiasprev\/wp-json\/wp\/v2\/users\/436"}],"replies":[{"embeddable":true,"href":"https:\/\/goias.gov.br\/goiasprev\/wp-json\/wp\/v2\/comments?post=10225"}],"version-history":[{"count":2,"href":"https:\/\/goias.gov.br\/goiasprev\/wp-json\/wp\/v2\/pages\/10225\/revisions"}],"predecessor-version":[{"id":27024,"href":"https:\/\/goias.gov.br\/goiasprev\/wp-json\/wp\/v2\/pages\/10225\/revisions\/27024"}],"up":[{"embeddable":true,"href":"https:\/\/goias.gov.br\/goiasprev\/wp-json\/wp\/v2\/pages\/10215"}],"wp:attachment":[{"href":"https:\/\/goias.gov.br\/goiasprev\/wp-json\/wp\/v2\/media?parent=10225"}],"curies":[{"name":"wp","href":"https:\/\/api.w.org\/{rel}","templated":true}]}}