

{"id":5460,"date":"2024-10-04T14:46:30","date_gmt":"2024-10-04T17:46:30","guid":{"rendered":"https:\/\/goias.gov.br\/goiasparcerias\/?page_id=5460"},"modified":"2024-10-08T14:42:35","modified_gmt":"2024-10-08T17:42:35","slug":"ouvidoria-setorial","status":"publish","type":"page","link":"https:\/\/goias.gov.br\/goiasparcerias\/ouvidoria-setorial\/","title":{"rendered":"Ouvidoria Setorial"},"content":{"rendered":"\n<h4 class=\"wp-block-heading\"><span style=\"color: #008000;\">Atendimento Presencial<\/span><\/h4>\n\n\n\n<p>Ouvidora Setorial: <strong>J\u00c9SSICA REGES DE MELO<\/strong><\/p>\n\n\n\n<div class=\"wp-block-group\"><div class=\"wp-block-group__inner-container is-layout-constrained wp-block-group-is-layout-constrained\">\n<p>Endere\u00e7o: Rua 82, n\u00ba 400, 3\u00ba andar \u2013 Pal\u00e1cio Pedro Ludovico Teixeira<br \/>Setor Sul, Goi\u00e2nia-GO, CEP: 74.015-908<br \/>Hor\u00e1rio de Atendimento: 08h \u00e0s 12h e das 14h \u00e0s 18h<br \/>E-mail: <a href=\"mailto:ouvidoria.goiasparcerias@goias.gov.br\">ouvidoria.goiasparcerias@goias.gov.br<\/a><br \/>Telefone: (62) 3201-5396 \/ (62) 3201-5315<br \/>Unidade SEI:\u00a0<\/p>\n<\/div><\/div>\n","protected":false},"excerpt":{"rendered":"<p>Atendimento Presencial Ouvidora Setorial: J\u00c9SSICA REGES DE MELO Endere\u00e7o: Rua 82, n\u00ba 400, 3\u00ba andar \u2013 Pal\u00e1cio Pedro Ludovico TeixeiraSetor Sul, Goi\u00e2nia-GO, CEP: 74.015-908Hor\u00e1rio de Atendimento: 08h \u00e0s 12h e das 14h \u00e0s 18hE-mail: ouvidoria.goiasparcerias@goias.gov.brTelefone: (62) 3201-5396 \/ (62) 3201-5315Unidade SEI:\u00a0<\/p>\n","protected":false},"author":62,"featured_media":0,"parent":0,"menu_order":0,"comment_status":"closed","ping_status":"closed","template":"","meta":{"footnotes":""},"class_list":["post-5460","page","type-page","status-publish","hentry"],"rttpg_featured_image_url":null,"rttpg_author":{"display_name":"italoreis","author_link":"https:\/\/goias.gov.br\/goiasparcerias\/author\/italoreis\/"},"rttpg_comment":0,"rttpg_category":null,"rttpg_excerpt":"Atendimento Presencial Ouvidora Setorial: J\u00c9SSICA REGES DE MELO Endere\u00e7o: Rua 82, n\u00ba 400, 3\u00ba andar \u2013 Pal\u00e1cio Pedro Ludovico TeixeiraSetor Sul, Goi\u00e2nia-GO, CEP: 74.015-908Hor\u00e1rio de Atendimento: 08h \u00e0s 12h e das 14h \u00e0s 18hE-mail: ouvidoria.goiasparcerias@goias.gov.brTelefone: (62) 3201-5396 \/ (62) 3201-5315Unidade SEI:\u00a0","_links":{"self":[{"href":"https:\/\/goias.gov.br\/goiasparcerias\/wp-json\/wp\/v2\/pages\/5460","targetHints":{"allow":["GET"]}}],"collection":[{"href":"https:\/\/goias.gov.br\/goiasparcerias\/wp-json\/wp\/v2\/pages"}],"about":[{"href":"https:\/\/goias.gov.br\/goiasparcerias\/wp-json\/wp\/v2\/types\/page"}],"author":[{"embeddable":true,"href":"https:\/\/goias.gov.br\/goiasparcerias\/wp-json\/wp\/v2\/users\/62"}],"replies":[{"embeddable":true,"href":"https:\/\/goias.gov.br\/goiasparcerias\/wp-json\/wp\/v2\/comments?post=5460"}],"version-history":[{"count":2,"href":"https:\/\/goias.gov.br\/goiasparcerias\/wp-json\/wp\/v2\/pages\/5460\/revisions"}],"predecessor-version":[{"id":5561,"href":"https:\/\/goias.gov.br\/goiasparcerias\/wp-json\/wp\/v2\/pages\/5460\/revisions\/5561"}],"wp:attachment":[{"href":"https:\/\/goias.gov.br\/goiasparcerias\/wp-json\/wp\/v2\/media?parent=5460"}],"curies":[{"name":"wp","href":"https:\/\/api.w.org\/{rel}","templated":true}]}}