

{"id":2564,"date":"2024-03-08T10:02:52","date_gmt":"2024-03-08T13:02:52","guid":{"rendered":"https:\/\/siteshom.goias.gov.br\/goiasparcerias\/?page_id=2564"},"modified":"2026-02-25T11:04:18","modified_gmt":"2026-02-25T14:04:18","slug":"manifestacao-de-propostas","status":"publish","type":"page","link":"https:\/\/goias.gov.br\/goiasparcerias\/manifestacao-de-propostas\/","title":{"rendered":"Manifesta\u00e7\u00e3o de Propostas"},"content":{"rendered":"\t\t<div data-elementor-type=\"wp-page\" data-elementor-id=\"2564\" class=\"elementor elementor-2564\">\n\t\t\t\t<div class=\"elementor-element elementor-element-3b5aeb7 e-flex e-con-boxed e-con e-parent\" data-id=\"3b5aeb7\" data-element_type=\"container\" data-e-type=\"container\" data-settings=\"{&quot;background_background&quot;:&quot;classic&quot;}\">\n\t\t\t\t\t<div class=\"e-con-inner\">\n\t\t\t\t<div class=\"elementor-element elementor-element-3a92132 elementor-widget elementor-widget-text-editor\" data-id=\"3a92132\" data-element_type=\"widget\" data-e-type=\"widget\" data-widget_type=\"text-editor.default\">\n\t\t\t\t\t\t\t\t\t<div data-darkreader-inline-color=\"\"><img decoding=\"async\" class=\"size-full wp-image-2566 aligncenter\" src=\"https:\/\/goias.gov.br\/goiasparcerias\/wp-content\/uploads\/sites\/37\/2024\/03\/convertforms-08.png\" alt=\"\" width=\"150\" height=\"150\" \/><\/div><div data-darkreader-inline-color=\"\">\u00a0<\/div><div data-darkreader-inline-color=\"\">A manifesta\u00e7\u00e3o de proposta dever\u00e1 conter qualifica\u00e7\u00e3o completa que permita a identifica\u00e7\u00e3o do proponente, conforme formul\u00e1rio.<\/div><div><span data-darkreader-inline-color=\"\">Em caso de d\u00favidas, envie e-mail para\u00a0<span id=\"cloakedc65bd8b1b40ac968243563363eecea\"><\/span><a href=\"mailto:contato.goiasparcerias@goias.gov.br\" data-darkreader-inline-bgimage=\"\" data-darkreader-inline-bgcolor=\"\" data-darkreader-inline-color=\"\">contato.goiasparcerias@goias.gov.br<\/a>..<\/span><\/div>\t\t\t\t\t\t\t\t<\/div>\n\t\t\t\t\t<\/div>\n\t\t\t\t<\/div>\n\t\t<div class=\"elementor-element elementor-element-897c95f e-flex e-con-boxed e-con e-parent\" data-id=\"897c95f\" data-element_type=\"container\" data-e-type=\"container\" data-settings=\"{&quot;background_background&quot;:&quot;classic&quot;}\">\n\t\t\t\t\t<div class=\"e-con-inner\">\n\t\t\t\t<div class=\"elementor-element elementor-element-d0146e3 elementor-widget elementor-widget-shortcode\" data-id=\"d0146e3\" data-element_type=\"widget\" data-e-type=\"widget\" data-widget_type=\"shortcode.default\">\n\t\t\t\t\t\t\t<div class=\"elementor-shortcode\">\n<div class=\"wpcf7 no-js\" id=\"wpcf7-f2563-o1\" lang=\"pt-BR\" dir=\"ltr\" data-wpcf7-id=\"2563\">\n<div class=\"screen-reader-response\"><p role=\"status\" aria-live=\"polite\" aria-atomic=\"true\"><\/p> <ul><\/ul><\/div>\n<form action=\"\/goiasparcerias\/wp-json\/wp\/v2\/pages\/2564#wpcf7-f2563-o1\" method=\"post\" class=\"wpcf7-form init\" aria-label=\"Formul\u00e1rios de contato\" enctype=\"multipart\/form-data\" novalidate=\"novalidate\" data-status=\"init\">\n<fieldset class=\"hidden-fields-container\"><input type=\"hidden\" name=\"_wpcf7\" value=\"2563\" \/><input type=\"hidden\" name=\"_wpcf7_version\" value=\"6.1.5\" \/><input type=\"hidden\" name=\"_wpcf7_locale\" value=\"pt_BR\" \/><input type=\"hidden\" name=\"_wpcf7_unit_tag\" value=\"wpcf7-f2563-o1\" \/><input type=\"hidden\" name=\"_wpcf7_container_post\" value=\"0\" \/><input type=\"hidden\" name=\"_wpcf7_posted_data_hash\" value=\"\" \/>\n<\/fieldset>\n<p><label> Assunto *<br \/>\n<span class=\"wpcf7-form-control-wrap\" data-name=\"your-assunto\"><input size=\"40\" maxlength=\"400\" class=\"wpcf7-form-control wpcf7-text wpcf7-validates-as-required required\" aria-required=\"true\" aria-invalid=\"false\" value=\"\" type=\"text\" name=\"your-assunto\" \/><\/span> <\/label>\n<\/p>\n<p><label> Segmento de atua\u00e7\u00e3o para a proposta: *<br \/>\n<span class=\"wpcf7-form-control-wrap\" data-name=\"your-segmento_atuacao\"><input size=\"40\" maxlength=\"400\" class=\"wpcf7-form-control wpcf7-text wpcf7-validates-as-required required\" aria-required=\"true\" aria-invalid=\"false\" value=\"\" type=\"text\" name=\"your-segmento_atuacao\" \/><\/span> <\/label>\n<\/p>\n<p><label> Descritivo da proposta *<br \/>\n<span class=\"wpcf7-form-control-wrap\" data-name=\"your-descritivo_proposta\"><input size=\"40\" maxlength=\"400\" class=\"wpcf7-form-control wpcf7-text wpcf7-validates-as-required required\" aria-required=\"true\" aria-invalid=\"false\" value=\"\" type=\"text\" name=\"your-descritivo_proposta\" \/><\/span> <\/label>\n<\/p>\n<p><label> Respons\u00e1vel *<br \/>\n<span class=\"wpcf7-form-control-wrap\" data-name=\"your-responsavel\"><input size=\"40\" maxlength=\"400\" class=\"wpcf7-form-control wpcf7-text wpcf7-validates-as-required required\" aria-required=\"true\" aria-invalid=\"false\" value=\"\" type=\"text\" name=\"your-responsavel\" \/><\/span> <\/label>\n<\/p>\n<p><label> Contato *<br \/>\n<span class=\"wpcf7-form-control-wrap\" data-name=\"your-contato\"><input size=\"40\" maxlength=\"400\" class=\"wpcf7-form-control wpcf7-text wpcf7-validates-as-required required\" aria-required=\"true\" aria-invalid=\"false\" value=\"\" type=\"text\" name=\"your-contato\" \/><\/span> <\/label>\n<\/p>\n<p><label> Anexos (.jpg, .png, .pdf, .docx)<br \/>\n<span class=\"wpcf7-form-control-wrap\" data-name=\"file-365\"><input size=\"40\" class=\"wpcf7-form-control wpcf7-file\" accept=\"audio\/*,video\/*,image\/*\" aria-invalid=\"false\" type=\"file\" name=\"file-365\" \/><\/span> <\/label>\n<\/p>\n<p><input class=\"wpcf7-form-control wpcf7-submit has-spinner\" type=\"submit\" value=\"Enviar\" \/>\n<\/p><div class=\"wpcf7-response-output\" aria-hidden=\"true\"><\/div>\n<\/form>\n<\/div>\n<\/div>\n\t\t\t\t\t\t<\/div>\n\t\t\t\t\t<\/div>\n\t\t\t\t<\/div>\n\t\t\t\t<\/div>\n\t\t","protected":false},"excerpt":{"rendered":"<p>\u00a0A manifesta\u00e7\u00e3o de proposta dever\u00e1 conter qualifica\u00e7\u00e3o completa que permita a identifica\u00e7\u00e3o do proponente, conforme formul\u00e1rio.Em caso de d\u00favidas, envie e-mail para\u00a0contato.goiasparcerias@goias.gov.br..<\/p>\n","protected":false},"author":7,"featured_media":0,"parent":0,"menu_order":0,"comment_status":"closed","ping_status":"closed","template":"wppb_theme_template","meta":{"footnotes":""},"class_list":["post-2564","page","type-page","status-publish","hentry"],"rttpg_featured_image_url":null,"rttpg_author":{"display_name":"gustavogoncalves","author_link":"https:\/\/goias.gov.br\/goiasparcerias\/author\/gustavogoncalves\/"},"rttpg_comment":0,"rttpg_category":null,"rttpg_excerpt":"\u00a0A manifesta\u00e7\u00e3o de proposta dever\u00e1 conter qualifica\u00e7\u00e3o completa que permita a identifica\u00e7\u00e3o do proponente, conforme formul\u00e1rio.Em caso de d\u00favidas, envie e-mail para\u00a0contato.goiasparcerias@goias.gov.br..","_links":{"self":[{"href":"https:\/\/goias.gov.br\/goiasparcerias\/wp-json\/wp\/v2\/pages\/2564","targetHints":{"allow":["GET"]}}],"collection":[{"href":"https:\/\/goias.gov.br\/goiasparcerias\/wp-json\/wp\/v2\/pages"}],"about":[{"href":"https:\/\/goias.gov.br\/goiasparcerias\/wp-json\/wp\/v2\/types\/page"}],"author":[{"embeddable":true,"href":"https:\/\/goias.gov.br\/goiasparcerias\/wp-json\/wp\/v2\/users\/7"}],"replies":[{"embeddable":true,"href":"https:\/\/goias.gov.br\/goiasparcerias\/wp-json\/wp\/v2\/comments?post=2564"}],"version-history":[{"count":2,"href":"https:\/\/goias.gov.br\/goiasparcerias\/wp-json\/wp\/v2\/pages\/2564\/revisions"}],"predecessor-version":[{"id":26841,"href":"https:\/\/goias.gov.br\/goiasparcerias\/wp-json\/wp\/v2\/pages\/2564\/revisions\/26841"}],"wp:attachment":[{"href":"https:\/\/goias.gov.br\/goiasparcerias\/wp-json\/wp\/v2\/media?parent=2564"}],"curies":[{"name":"wp","href":"https:\/\/api.w.org\/{rel}","templated":true}]}}