

{"id":2457,"date":"2024-03-01T10:39:27","date_gmt":"2024-03-01T13:39:27","guid":{"rendered":"https:\/\/siteshom.goias.gov.br\/goiasparcerias\/?page_id=2457"},"modified":"2026-02-25T11:01:36","modified_gmt":"2026-02-25T14:01:36","slug":"institucional","status":"publish","type":"page","link":"https:\/\/goias.gov.br\/goiasparcerias\/institucional\/","title":{"rendered":"Institucional"},"content":{"rendered":"\t\t<div data-elementor-type=\"wp-page\" data-elementor-id=\"2457\" class=\"elementor elementor-2457\">\n\t\t\t\t<div class=\"elementor-element elementor-element-de978f1 e-flex e-con-boxed e-con e-parent\" data-id=\"de978f1\" data-element_type=\"container\" data-e-type=\"container\">\n\t\t\t\t\t<div class=\"e-con-inner\">\n\t\t\t\t<div class=\"elementor-element elementor-element-ddc54bc elementor-widget elementor-widget-shortcode\" data-id=\"ddc54bc\" data-element_type=\"widget\" data-e-type=\"widget\" data-widget_type=\"shortcode.default\">\n\t\t\t\t\t\t\t<div class=\"elementor-shortcode\"><div data-post-id=\"1215\" class=\"insert-page insert-page-1215 \"><h1 class='insert-page-title'>A Companhia<\/h1><p>A Companhia de Investimentos e Parcerias do Estado de Goi\u00e1s &#8211;\u00a0<strong>Goi\u00e1s Parcerias<\/strong> \u00e9 uma sociedade de economia mista, de capital fechado, que tem como como objetivo colaborar, apoiar e viabilizar a implementa\u00e7\u00e3o do Programa de Parcerias P\u00fablico-Privadas (PPP) e outras parcerias de interesse do desenvolvimento econ\u00f4mico e social de Goi\u00e1s.<\/p>\n<p style=\"text-align: right;\"><a href=\"https:\/\/goias.gov.br\/goiasparcerias\/sobre-nos\/\">Saiba\u00a0mais sobre a\u00a0Goi\u00e1s Parcerias<\/a><\/p>\n<ul class='post-meta'>\n<li><span class='post-meta-key'>author_alias:<\/span> Joomla<\/li>\n<li><span class='post-meta-key'>rank_math_primary_category:<\/span> 26<\/li>\n<li><span class='post-meta-key'>rank_math_seo_score:<\/span> 11<\/li>\n<li><span class='post-meta-key'>tpg-post-view-count:<\/span> 242<\/li>\n<li><span class='post-meta-key'>rank_math_analytic_object_id:<\/span> 340<\/li>\n<li><span class='post-meta-key'>rank_math_internal_links_processed:<\/span> 1<\/li>\n<\/ul>\n<\/div><\/div>\n\t\t\t\t\t\t<\/div>\n\t\t\t\t\t<\/div>\n\t\t\t\t<\/div>\n\t\t<div class=\"elementor-element elementor-element-b7e7bb5 e-flex e-con-boxed e-con e-parent\" data-id=\"b7e7bb5\" data-element_type=\"container\" data-e-type=\"container\">\n\t\t\t\t\t<div class=\"e-con-inner\">\n\t\t<div class=\"elementor-element elementor-element-aaa11ea e-con-full e-flex e-con e-child\" data-id=\"aaa11ea\" data-element_type=\"container\" data-e-type=\"container\">\n\t\t\t\t<div class=\"elementor-element elementor-element-d81047c elementor-widget elementor-widget-shortcode\" data-id=\"d81047c\" data-element_type=\"widget\" data-e-type=\"widget\" data-widget_type=\"shortcode.default\">\n\t\t\t\t\t\t\t<div class=\"elementor-shortcode\"><div data-post-id=\"1241\" class=\"insert-page insert-page-1241 \"><h1 class='insert-page-title'>Compet\u00eancias<\/h1><p>A descri\u00e7\u00e3o do papel, das compet\u00eancias, de cada unidade na presta\u00e7\u00e3o de servi\u00e7os, execu\u00e7\u00e3o de pol\u00edticas p\u00fablicas ou explora\u00e7\u00e3o de atividade econ\u00f4mica, com fun\u00e7\u00f5es t\u00e9cnicas, administrativas e operacionais da Goi\u00e1s Parcerias est\u00e3o dispon\u00edveis no Estatuto Social da Companhia e em seu Regimento Interno, conforme links a seguir:<\/p>\n<p><a href=\"https:\/\/goias.gov.br\/goiasparcerias\/wp-content\/uploads\/sites\/37\/2025\/12\/08-AGE-06.11.2025-ESTATUTO-REGISTRADO-JUCEG_site.pdf\">Estatuto Social<\/a><\/p>\n<p><a href=\"https:\/\/goias.gov.br\/goiasparcerias\/wp-content\/uploads\/sites\/37\/2025\/07\/REGIMENTO_INTERNO_julho_2025_assinado_assinado_assinado.pdf\">Regimento Interno<\/a><\/p>\n<p>Em aspecto geral, a Companhia de Investimentos e Parcerias do Estado de Goi\u00e1s (Goi\u00e1s Parcerias), sociedade an\u00f4nima de economia mista, de capital fechado, tem suas compet\u00eancias descritas em seu Estatuto Social, artigo 3\u00ba:<\/p>\n<p style=\"text-align: justify;\">[&#8230;] Artigo 3\u00ba &#8211; A Companhia tem por objetivo prec\u00edpuo colaborar, apoiar e viabilizar a implementa\u00e7\u00e3o do Programa de Parcerias P\u00fablico- privadas &#8211; PPP, institu\u00eddo pela Lei Estadual no 14.910, de 11 de agosto de 2004, com altera\u00e7\u00f5es feitas pela Lei LEI N\u00b0 23.561, DE 9 DE JULHO DE 2025 e estruturar outras parcerias de interesse do desenvolvimento econ\u00f4mico e social de Goi\u00e1s, disponibilizando bens, equipamentos e utilidades para a administra\u00e7\u00e3o p\u00fablica, mediante contrapartida financeira, gerir os ativos patrimoniais a ela transferidos pelo Estado ou por entidades da administra\u00e7\u00e3o p\u00fablica indireta, ou que tenham sido adquiridos a qualquer t\u00edtulo, bem como organizar, promover e executar feiras, exposi\u00e7\u00f5es, miss\u00f5es nacionais e internacionais e outros eventos voltados \u00e0 atra\u00e7\u00e3o de investimentos privados e ao desenvolvimento econ\u00f4mico do Estado de Goi\u00e1s, inclusive com a gest\u00e3o das receitas decorrentes de parcerias, loca\u00e7\u00f5es e patroc\u00ednios, servi\u00e7os estes que ser\u00e3o prestados exclusivamente a \u00f3rg\u00e3os e entidades da administra\u00e7\u00e3o p\u00fablica direta e indireta. A Companhia poder\u00e1, para atingir os seus objetivos, celebrar de forma isolada ou em conjunto com a administra\u00e7\u00e3o p\u00fablica, \u00f3rg\u00e3os da administra\u00e7\u00e3o direta e indireta, contratos, conv\u00eanios ou outros termos ou instrumentos afins, que tenham por objeto: a elabora\u00e7\u00e3o de estudos t\u00e9cnicos de sua viabilidade, mediante demonstra\u00e7\u00e3o das metas e resultados a serem atingidos, prazos de execu\u00e7\u00e3o e de amortiza\u00e7\u00e3o do capital investido, bem como a indica\u00e7\u00e3o dos crit\u00e9rios de avalia\u00e7\u00e3o ou desempenho a ser utilizada, a institui\u00e7\u00e3o de Parcerias P\u00fablico Privadas-PPP, a loca\u00e7\u00e3o ou promessa de loca\u00e7\u00e3o, arrendamento, cess\u00e3o de uso ou outra modalidade onerosa, de instala\u00e7\u00f5es e equipamentos ou outros bens, podendo neste caso assumir, total ou parcialmente, direitos e obriga\u00e7\u00f5es<br \/>\ndecorrentes dos termos destes instrumentos.<\/p>\n<p style=\"text-align: justify;\">Poder\u00e1 ainda:<br \/>\na) Contratar a aquisi\u00e7\u00e3o de instala\u00e7\u00f5es e equipamentos, bem como a sua constru\u00e7\u00e3o ou reforma, pelo regime de empreitada, para pagamento a prazo, que ter\u00e1 in\u00edcio ap\u00f3s a conclus\u00e3o das obras, observada a legisla\u00e7\u00e3o pertinente;<br \/>\nb)Contratar com a administra\u00e7\u00e3o direta e\/ou indireta do Estado de Goi\u00e1s loca\u00e7\u00e3o ou promessa de loca\u00e7\u00e3o arrendamento, cess\u00e3o de uso ou outra modalidade onerosa, de instala\u00e7\u00f5es e equipamentos ou outros bens integrantes de seu patrim\u00f4nio;<br \/>\nc) Contrair empr\u00e9stimos e emitir t\u00edtulos, nos termos da legisla\u00e7\u00e3o em vigor;<br \/>\nd) Explorar, gravar e alienar onerosamente os bens integrantes de seu patrim\u00f4nio;<br \/>\ne) Prestar garantias reais, fidejuss\u00f3rias e contratar seguros;<br \/>\nf) Participar do capital social de outras empresas controladas por ente p\u00fablico ou privado;<br \/>\nCelebrar conv\u00eanios e acordos com \u00f3rg\u00e3os e entidades da administra\u00e7\u00e3o p\u00fablica direta ou indireta do Estado deGoi\u00e1s;<br \/>\ng) Contratar servi\u00e7os t\u00e9cnicos de terceiros, observada a legisla\u00e7\u00e3o pertinente.<br \/>\n\u00a7 1o Prestar servi\u00e7o aos \u00f3rg\u00e3os da administra\u00e7\u00e3o p\u00fablica direta e indireta para comercializa\u00e7\u00e3o de ativos ambientais e cr\u00e9ditos de carbono, decorrentes de servi\u00e7os ambientais e ecossist\u00eamicos produtos vinculados ao manejo florestal sustent\u00e1vel e \u00e0 conserva\u00e7\u00e3o, manuten\u00e7\u00e3o e aumentos dos estoques de carbono florestal no Estado;<br \/>\n\u00a7 2o Obter recursos oriundos das seguintes a\u00e7\u00f5es, isolada ou cumulativamente: (i) aliena\u00e7\u00e3o ou explora\u00e7\u00e3o de bens e direitos e da presta\u00e7\u00e3o de servi\u00e7os, inclusive os decorrentes da opera\u00e7\u00e3o e da explora\u00e7\u00e3o de atividades e da explora\u00e7\u00e3o de atividades por terceiro, incluindo, sem se limitar a, cr\u00e9ditos de carbono; (ii) comercializa\u00e7\u00e3o de ativos ambientais decorrentes de servi\u00e7os ambientais ou ecossist\u00eamicos; (iii) aliena\u00e7\u00e3o ou explora\u00e7\u00e3o de produtos vinculados ao manejo florestal sustent\u00e1vel; e (iv) conserva\u00e7\u00e3o, manuten\u00e7\u00e3o e aumento dos estoques de carbono florestal no Estado;<br \/>\n\u00a7 3o Complementando os objetivos detalhados no caput deste artigo, contidos na Lei 14.910 de 11 de agosto\u00a0de 2004, a Companhia de Investimentos e Parcerias do Estado de Goi\u00e1s est\u00e1 cadastrada na Classifica\u00e7\u00e3o Nacional de Atividade Econ\u00f4mica junto a Receita Federal nas seguintes atividades principal e secund\u00e1ria:<br \/>\nAtividade principal:<br \/>\nI &#8211; Administra\u00e7\u00e3o P\u00fablica em Geral.<br \/>\na) Atividades Secund\u00e1rias:<br \/>\nI. Servi\u00e7os de engenharia;<br \/>\nII. Servi\u00e7os de desenho t\u00e9cnico relacionados \u00e0 arquitetura e engenharia;<br \/>\nIII. Atividades de consultoria em gest\u00e3o empresarial, exceto consultoria t\u00e9cnica espec\u00edfica;<br \/>\nIV. Prepara\u00e7\u00e3o de documentos e servi\u00e7os especializados de apoio administrativo n\u00e3o especificados anteriormente;<br \/>\nV. Tratamento de dados, provedores de servi\u00e7os de aplica\u00e7\u00e3o e servi\u00e7os de hospedagem na internet;<br \/>\nVI. Agenciamento de espa\u00e7os para publicidade, exceto em ve\u00edculos de comunica\u00e7\u00e3o;<br \/>\nVII. Gest\u00e3o e administra\u00e7\u00e3o da propriedade imobili\u00e1ria;<br \/>\nVIII. Compra e venda de im\u00f3veis pr\u00f3prios;<br \/>\nIX. Outras sociedades de participa\u00e7\u00e3o, exceto holdings;<br \/>\nX. Atividades de administra\u00e7\u00e3o de fundos por contrato ou comiss\u00e3o;<br \/>\nXI. Atividades de intermedia\u00e7\u00e3o e agenciamento de servi\u00e7os e neg\u00f3cios em geral, exceto imobili\u00e1rios;<br \/>\nXII. Outras atividades de servi\u00e7os prestados principalmente \u00e0s empresas n\u00e3o especificadasanteriormente;<br \/>\nXIII.Outras atividades de presta\u00e7\u00e3o de servi\u00e7os de informa\u00e7\u00e3o n\u00e3o especificadas anteriormente;<br \/>\nXIV.Outras atividades profissionais, cient\u00edficas e t\u00e9cnicas n\u00e3o especificadas anteriormente;<br \/>\nXV. Desenvolvimento de programas de computador sob encomenda;<br \/>\nXVI.Desenvolvimento e licenciamento de programas de computador customiz\u00e1veis;<br \/>\nXVII. Consultoria em tecnologia da informa\u00e7\u00e3o, suporte t\u00e9cnico;<br \/>\nXVIII. Manuten\u00e7\u00e3o e outros servi\u00e7os em tecnologia da informa\u00e7\u00e3o;<br \/>\nXIX.Portais, provedores de conte\u00fado e outros servi\u00e7os de informa\u00e7\u00e3o na internet;<br \/>\nXX. Sociedades de cr\u00e9dito, financiamento e investimento financeiras agentes de investimentos em aplica\u00e7\u00f5es financeiras;<br \/>\nXXI. Administra\u00e7\u00e3o de cart\u00f5es de cr\u00e9dito atividades auxiliares dos servi\u00e7os financeiros n\u00e3o especificadas<br \/>\nanteriormente;<br \/>\nXXII. Correspondentes de institui\u00e7\u00f5es financeiras;<br \/>\nXXIII. Atividades auxiliares dos servi\u00e7os financeiros n\u00e3o especificadas anteriormente;<br \/>\nXXIV. Outras atividades auxiliares dos servi\u00e7os financeiros n\u00e3o especificadas anteriormente<br \/>\nXXV. Atividades de teleatendimento;<br \/>\nXXVI. Gest\u00e3o de ativos intang\u00edveis n\u00e3o-financeiros;<br \/>\nXXVII. Intermedia\u00e7\u00e3o de certificados de cr\u00e9ditos de carbono.<\/p>\n<p><strong>Fonte: Estatuto Social da Companhia de Investimentos e Parcerias do Estado de Goi\u00e1s, de 6 de novembro de 2025.<\/strong><\/p>\n<ul class='post-meta'>\n<li><span class='post-meta-key'>tpg-post-view-count:<\/span> 445<\/li>\n<li><span class='post-meta-key'>rank_math_analytic_object_id:<\/span> 330<\/li>\n<li><span class='post-meta-key'>rank_math_internal_links_processed:<\/span> 1<\/li>\n<\/ul>\n<\/div><\/div>\n\t\t\t\t\t\t<\/div>\n\t\t\t\t<div class=\"elementor-element elementor-element-44fb7c3 elementor-widget elementor-widget-shortcode\" data-id=\"44fb7c3\" data-element_type=\"widget\" data-e-type=\"widget\" data-widget_type=\"shortcode.default\">\n\t\t\t\t\t\t\t<div class=\"elementor-shortcode\"><div data-post-id=\"1231\" class=\"insert-page insert-page-1231 \"><h1 class='insert-page-title'>Canais de Atendimento<\/h1><p class=\"nomargintop\">O atendimento presencial ocorre das <strong>8h \u00e0s 12h<\/strong> e <strong>14h \u00e0s 18h<\/strong>.<\/p>\n<p>Rua 82, n\u00ba 400 Ed. Pal\u00e1cio Pedro Ludovico Teixeira, 3\u00ba andar, Setor Central &#8211; CEP: 74.083-010 &#8211;\u00a0Goi\u00e2nia-GO.<\/p>\n<p>Telefones:<\/p>\n<p>Presid\u00eancia &#8211; (62) 3201-5315<\/p>\n<p>Diretoria T\u00e9cnica &#8211; (62) 3997-0502<\/p>\n<p>Diretoria Administrativa\/ Diretoria Financeira &#8211; (62) 3997-0503<\/p>\n<p><a href=\"mailto:contato.goiasparcerias@goias.gov.br\" target=\"_blank\" rel=\"noopener\">contato.goiasparcerias@goias.<wbr \/>gov.br<\/a><\/p>\n<p><span id=\"more-1231\"><\/span><\/p>\n<hr \/>\n<p>Para informa\u00e7\u00f5es de imprensa, entre em contato com a <a href=\"\/goiasparcerias\/comunicacao-setorial\/\">Assessoria de Comunica\u00e7\u00e3o<\/a>.<\/p>\n<p><a href=\"\/goiasparcerias\/telefones-enderecos-e-horarios-de-atendimento\/\">Saiba mais informa\u00e7\u00f5es sobre telefones, endere\u00e7os e hor\u00e1rios de atendimentos<\/a>.<\/p>\n<ul class='post-meta'>\n<li><span class='post-meta-key'>rank_math_seo_score:<\/span> 11<\/li>\n<li><span class='post-meta-key'>tpg-post-view-count:<\/span> 189<\/li>\n<li><span class='post-meta-key'>rank_math_analytic_object_id:<\/span> 339<\/li>\n<li><span class='post-meta-key'>rank_math_internal_links_processed:<\/span> 1<\/li>\n<\/ul>\n<\/div><\/div>\n\t\t\t\t\t\t<\/div>\n\t\t\t\t<div class=\"elementor-element elementor-element-63540ff elementor-widget elementor-widget-shortcode\" data-id=\"63540ff\" data-element_type=\"widget\" data-e-type=\"widget\" data-widget_type=\"shortcode.default\">\n\t\t\t\t\t\t\t<div class=\"elementor-shortcode\"><div data-post-id=\"1242\" class=\"insert-page insert-page-1242 \"><h1 class='insert-page-title'>Estrutura Organizacional<\/h1><p>A Goi\u00e1s Parcerias \u00e9 composta por Diretoria Executiva, Conselho de Administra\u00e7\u00e3o e Conselho Fiscal<\/p>\n<ul class=\"list-unidades\">\n<li>Diretoria Executiva\n<ul>\n<li>Presid\u00eancia<\/li>\n<li>Vice-presid\u00eancia<\/li>\n<li>Chefia de Gabinete<\/li>\n<li>Diretoria Administrativa, de Regula\u00e7\u00e3o e Governan\u00e7a<\/li>\n<li>Diretoria Financeira, de Rela\u00e7\u00e3o com Investidores e Novos Neg\u00f3cios<\/li>\n<li>Diretoria T\u00e9cnica<\/li>\n<\/ul>\n<\/li>\n<li>Conselho de Administra\u00e7\u00e3o<\/li>\n<li>Conselho Fiscal<\/li>\n<\/ul>\n<ul>\n<li><a href=\"\/goiasparcerias\/cargos-e-seus-ocupantes\/\">Cargos e seus ocupantes<\/a><\/li>\n<li><a href=\"https:\/\/goias.gov.br\/goiasparcerias\/carta-de-valores-goias-parcerias\/\">Carta de Valores Goi\u00e1s Parcerias<\/a><\/li>\n<\/ul>\n<p class=\"nomarginbottom\">\n<ul class='post-meta'>\n<li><span class='post-meta-key'>rank_math_seo_score:<\/span> 11<\/li>\n<li><span class='post-meta-key'>rank_math_analytic_object_id:<\/span> 329<\/li>\n<li><span class='post-meta-key'>tpg-post-view-count:<\/span> 248<\/li>\n<li><span class='post-meta-key'>rank_math_internal_links_processed:<\/span> 1<\/li>\n<\/ul>\n<\/div><\/div>\n\t\t\t\t\t\t<\/div>\n\t\t\t\t<\/div>\n\t\t<div class=\"elementor-element elementor-element-e75c2c1 e-con-full e-flex e-con e-child\" data-id=\"e75c2c1\" data-element_type=\"container\" data-e-type=\"container\">\n\t\t\t\t<div class=\"elementor-element elementor-element-58ec623 elementor-widget elementor-widget-shortcode\" data-id=\"58ec623\" data-element_type=\"widget\" data-e-type=\"widget\" data-widget_type=\"shortcode.default\">\n\t\t\t\t\t\t\t<div class=\"elementor-shortcode\"><div data-post-id=\"2191\" class=\"insert-page insert-page-2191 \"><h1 class='insert-page-title'>O Presidente<\/h1>\n<figure class=\"wp-block-image size-full\"><img fetchpriority=\"high\" fetchpriority=\"high\" decoding=\"async\" width=\"683\" height=\"1024\" src=\"https:\/\/goias.gov.br\/goiasparcerias\/wp-content\/uploads\/sites\/37\/2024\/12\/Diego-presidente.jpeg\" alt=\"\" class=\"wp-image-19680\" srcset=\"https:\/\/goias.gov.br\/goiasparcerias\/wp-content\/uploads\/sites\/37\/2024\/12\/Diego-presidente.jpeg 683w, https:\/\/goias.gov.br\/goiasparcerias\/wp-content\/uploads\/sites\/37\/2024\/12\/Diego-presidente-200x300.jpeg 200w\" sizes=\"(max-width: 683px) 100vw, 683px\" \/><\/figure>\n\n\n\n<p><strong>Diego de Oliveira Soares <\/strong><br>Natural de Goi\u00e2nia-GO, Diego tem 41 anos, \u00e9 formado em Administra\u00e7\u00e3o de Empresas pela Pontif\u00edcia Universidade Cat\u00f3lica de Goi\u00e1s (PUC-GO), p\u00f3s-graduado com MBA em PPP e Concess\u00f5es, pela Funda\u00e7\u00e3o Escola de Sociologia e Pol\u00edtica de S\u00e3o Paulo (FESPSP); MBA em Rela\u00e7\u00f5es Institucionais e Governamentais, pela FGV; MBA em Gest\u00e3o P\u00fablica e Pol\u00edticas P\u00fablicas, pelo Instituto de Direito P\u00fablico (IDP); MBA em Gest\u00e3o de Pessoas, Compet\u00eancias e Coaching, pelo Instituto de P\u00f3s Gradua\u00e7\u00e3o e Gradua\u00e7\u00e3o (IPOG); MBA em Finan\u00e7as, Controladoria e Auditoria, pela Funda\u00e7\u00e3o Get\u00falio Vargas (FGV). Possui certifica\u00e7\u00e3o em Infrastructure Business Cases \u2013 Foundation, pela APMG International; em \u201cParcerias P\u00fablico Privadas para o Desenvolvimento: Implementando Solu\u00e7\u00f5es no Brasil\u201d, pelo Banco Interamericano de Desenvolvimento (BID); em lideran\u00e7a para a infraestrutura, pela FESP SP por meio do Infraleaders (Programa internacional de capacita\u00e7\u00e3o para a infraestrutura); e em Compliance P\u00fablico, no \u00e2mbito do Poder Executivo do Estado de Goi\u00e1s, promovida pela Secretaria de Estado da Administra\u00e7\u00e3o (Sead), e Controladoria Geral do Estado (CGE). Viv\u00eancia de mais de 20 anos na gest\u00e3o de grupos empresariais de renome no Estado de Goi\u00e1s e s\u00f3lida experi\u00eancia em gest\u00e3o p\u00fablica, gest\u00e3o de pessoas; gest\u00e3o operacional; gest\u00e3o estrat\u00e9gica, performance e resultados; implanta\u00e7\u00e3o e gerenciamento de projetos, processos e rotinas nas \u00e1reas administrativas, financeira, cont\u00e1bil, auditoria, jur\u00eddica, recursos humanos e tecnologia de informa\u00e7\u00e3o.<\/p>\n<ul class='post-meta'>\n<li><span class='post-meta-key'>tpg-post-view-count:<\/span> 465<\/li>\n<li><span class='post-meta-key'>rank_math_seo_score:<\/span> 6<\/li>\n<li><span class='post-meta-key'>rank_math_internal_links_processed:<\/span> 1<\/li>\n<\/ul>\n<\/div><\/div>\n\t\t\t\t\t\t<\/div>\n\t\t\t\t<\/div>\n\t\t\t\t\t<\/div>\n\t\t\t\t<\/div>\n\t\t\t\t<\/div>\n\t\t","protected":false},"excerpt":{"rendered":"","protected":false},"author":7,"featured_media":0,"parent":0,"menu_order":0,"comment_status":"closed","ping_status":"closed","template":"wppb_theme_template","meta":{"footnotes":""},"class_list":["post-2457","page","type-page","status-publish","hentry"],"rttpg_featured_image_url":null,"rttpg_author":{"display_name":"gustavogoncalves","author_link":"https:\/\/goias.gov.br\/goiasparcerias\/author\/gustavogoncalves\/"},"rttpg_comment":0,"rttpg_category":"","rttpg_excerpt":null,"_links":{"self":[{"href":"https:\/\/goias.gov.br\/goiasparcerias\/wp-json\/wp\/v2\/pages\/2457","targetHints":{"allow":["GET"]}}],"collection":[{"href":"https:\/\/goias.gov.br\/goiasparcerias\/wp-json\/wp\/v2\/pages"}],"about":[{"href":"https:\/\/goias.gov.br\/goiasparcerias\/wp-json\/wp\/v2\/types\/page"}],"author":[{"embeddable":true,"href":"https:\/\/goias.gov.br\/goiasparcerias\/wp-json\/wp\/v2\/users\/7"}],"replies":[{"embeddable":true,"href":"https:\/\/goias.gov.br\/goiasparcerias\/wp-json\/wp\/v2\/comments?post=2457"}],"version-history":[{"count":2,"href":"https:\/\/goias.gov.br\/goiasparcerias\/wp-json\/wp\/v2\/pages\/2457\/revisions"}],"predecessor-version":[{"id":26825,"href":"https:\/\/goias.gov.br\/goiasparcerias\/wp-json\/wp\/v2\/pages\/2457\/revisions\/26825"}],"wp:attachment":[{"href":"https:\/\/goias.gov.br\/goiasparcerias\/wp-json\/wp\/v2\/media?parent=2457"}],"curies":[{"name":"wp","href":"https:\/\/api.w.org\/{rel}","templated":true}]}}