

{"id":1207,"date":"2024-01-04T15:47:07","date_gmt":"2024-01-04T18:47:07","guid":{"rendered":"https:\/\/siteshom.goias.gov.br\/goiasparcerias\/?page_id=1207"},"modified":"2024-07-09T03:39:22","modified_gmt":"2024-07-09T06:39:22","slug":"mapa-do-site","status":"publish","type":"page","link":"https:\/\/goias.gov.br\/goiasparcerias\/mapa-do-site\/","title":{"rendered":"Mapa do Site"},"content":{"rendered":"<div id=\"custom-sitemap\" class=\"sitemap-container\"><div class='sitemap-group'><h3>A<\/h3><ul><li><a href='https:\/\/goias.gov.br\/goiasparcerias\/apoio-regulatorio\/' target='_blank'>APOIO REGULAT\u00d3RIO<\/a><\/li><li><a href='https:\/\/goias.gov.br\/goiasparcerias\/carta-de-valores-goias-parcerias\/' target='_blank'>ACESSE AQUI<\/a><\/li><li><a href='https:\/\/goias.gov.br\/goiasparcerias\/acesso-a-informacao\/' target='_blank'>ACESSO \u00c0 INFORMA\u00c7\u00c3O<\/a><\/li><li><a href='https:\/\/portal.al.go.leg.br\/' target='_blank'>ASSEMBLEIA LEGISLATIVA DO ESTADO DE GOI\u00c1S<\/a><\/li><li><a href='\/goiasparcerias\/agenda-de-autoridades' target='_blank'>AGENDA DE AUTORIDADES<\/a><\/li><li><a href='https:\/\/goias.gov.br\/goiasparcerias\/acordos-sem-transferencia-de-recursos\/' target='_blank'>ACORDOS SEM TRANSFER\u00caNCIA DE RECURSOS<\/a><\/li><li><a href='https:\/\/goias.gov.br\/goiasparcerias\/autoridade-de-monitoramento-da-aplicacao-da-lei\/' target='_blank'>AUTORIDADE DE MONITORAMENTO DA APLICA\u00c7\u00c3O DA LAI<\/a><\/li><li><a href='https:\/\/goias.gov.br\/goiasparcerias\/audiencias-publicas\/' target='_blank'>AUDI\u00caNCIAS P\u00daBLICAS<\/a><\/li><\/ul><\/div><div class='sitemap-group'><h3>B<\/h3><ul><li><a href='https:\/\/goias.gov.br\/goiasparcerias\/bens-moveis-2\/' target='_blank'>BENS M\u00d3VEIS<\/a><\/li><li><a href='https:\/\/goias.gov.br\/goiasparcerias\/bens-imoveis\/' target='_blank'>BENS IM\u00d3VEIS<\/a><\/li><li><a href='https:\/\/goias.gov.br\/economia\/prestacao-de-contas-de-governo\/' target='_blank'>BALAN\u00c7O GERAL DO ESTADO<\/a><\/li><\/ul><\/div><div class='sitemap-group'><h3>C<\/h3><ul><li><a href='https:\/\/goias.gov.br\/goiasparcerias\/consulta-publica\/' target='_blank'>CONSULTA P\u00daBLICA<\/a><\/li><li><a href='https:\/\/goias.gov.br\/goiasparcerias\/contrato-projetos\/' target='_blank'>CONTRATOS ASSINADOS<\/a><\/li><li><a href='https:\/\/goias.gov.br\/goiasparcerias\/concessao-comum\/' target='_blank'>CONCESS\u00c3O COMUM<\/a><\/li><li><a href='https:\/\/goias.gov.br\/goiasparcerias\/conselho-superior-de-desenvolvimento-industrial-comercial-e-de-servicos\/' target='_blank'>CONSELHO SUPERIOR DE DESENVOLVIMENTO INDUSTRIAL, COMERCIAL E DE SERVI\u00c7OS<\/a><\/li><li><a href='https:\/\/goias.gov.br\/goiasparcerias\/programa-de-compliance\/' target='_blank'>COMPLIANCE NA GOI\u00c1S PARCERIAS<\/a><\/li><li><a href='https:\/\/www.go.gov.br\/servicos\/servicos-por-orgao\/goias-parcerias' target='_blank'>CARTA DE SERVI\u00c7OS<\/a><\/li><li><a href='https:\/\/legisla.casacivil.go.gov.br\/pesquisa_legislacao\/103904\/decreto-9837' target='_blank'>C\u00d3DIGO DE \u00c9TICA<\/a><\/li><li><a href='https:\/\/goias.gov.br\/controladoria' target='_blank'>CONTROLADORIA-GERAL DO ESTADO DE GOI\u00c1S<\/a><\/li><li><a href='https:\/\/goias.gov.br\/governo\/cadastro-de-autoridade\/' target='_blank'>CADASTRO DE AUTORIDADES<\/a><\/li><li><a href='https:\/\/goias.gov.br\/goiasparcerias\/competencias\/' target='_blank'>COMPET\u00caNCIAS<\/a><\/li><li><a href='https:\/\/goias.gov.br\/goiasparcerias\/cargos-e-seus-ocupantes\/' target='_blank'>CARGOS E SEUS OCUPANTES<\/a><\/li><li><a href='https:\/\/goias.gov.br\/goiasparcerias\/comite-estatutario\/' target='_blank'>COMIT\u00ca DE AUDITORIA ESTATUT\u00c1RIO<\/a><\/li><li><a href='https:\/\/goias.gov.br\/goiasparcerias\/comite-de-elegibilidade\/' target='_blank'>COMIT\u00ca DE ELEGIBILIDADE<\/a><\/li><li><a href='https:\/\/goias.gov.br\/goiasparcerias\/convenios\/' target='_blank'>CONV\u00caNIOS RECEBIDOS<\/a><\/li><li><a href='https:\/\/goias.gov.br\/goiasparcerias\/convenios-concedidos-realizados\/' target='_blank'>CONV\u00caNIOS CONCEDIDOS<\/a><\/li><li><a href='https:\/\/goias.gov.br\/goiasparcerias\/convenios-para-exploracao-de-atividade-economica\/' target='_blank'>CONV\u00caNIOS PARA EXPLORA\u00c7\u00c3O DE ATIVIDADE ECON\u00d4MICA<\/a><\/li><li><a href='https:\/\/goias.gov.br\/goiasparcerias\/concursos-publicos-e-selecoes\/' target='_blank'>CONCURSOS P\u00daBLICOS E SELE\u00c7\u00d5ES<\/a><\/li><li><a href='https:\/\/goias.gov.br\/goiasparcerias\/contratos-2023\/' target='_blank'>CONTRATOS<\/a><\/li><li><a href='https:\/\/goias.gov.br\/goiasparcerias\/contratos-emergenciais\/' target='_blank'>CONTRATOS EMERGENCIAIS<\/a><\/li><li><a href='https:\/\/goias.gov.br\/goiasparcerias\/contratos-para-exploracao-da-atividade-economica\/' target='_blank'>CONTRATOS PARA EXPLORA\u00c7\u00c3O DE ATIVIDADE ECON\u00d4MICA<\/a><\/li><li><a href='https:\/\/goias.gov.br\/goiasparcerias\/contratos-de-locacao-de-imoveis\/' target='_blank'>CONTRATOS DE LOCA\u00c7\u00c3O DE IM\u00d3VEIS<\/a><\/li><li><a href='https:\/\/goias.gov.br\/goiasparcerias\/classificacao-das-informacoes-sigilosas\/' target='_blank'>CLASSIFICA\u00c7\u00c3O DAS INFORMA\u00c7\u00d5ES SIGILOSAS<\/a><\/li><li><a href='https:\/\/goias.gov.br\/goiasparcerias\/carta-anual-de-governanca-corporativa\/' target='_blank'>CARTA ANUAL DE GOVERNAN\u00c7A<\/a><\/li><li><a href='https:\/\/goias.gov.br\/goiasparcerias\/codigo-de-conduta-e-integridade\/' target='_blank'>C\u00d3DIGO DE CONDUTA E INTEGRIDADE<\/a><\/li><li><a href='https:\/\/goias.gov.br\/goiasparcerias\/consultas-publicas\/' target='_blank'>CONSULTAS P\u00daBLICAS<\/a><\/li><\/ul><\/div><div class='sitemap-group'><h3>D<\/h3><ul><li><a href='https:\/\/dadosabertos.go.gov.br\/' target='_blank'>DADOS ABERTOS<\/a><\/li><li><a href='https:\/\/www.go.gov.br\/servicos-digitais\/cge\/nova-ouvidoria\/nova-manifestacao\/tela-negativo?orgao=17' target='_blank'>DENUNCIAS CONTRA CORRUP\u00c7\u00c3O<\/a><\/li><li><a href='http:\/\/diariooficial.abc.go.gov.br\/' target='_blank'>DI\u00c1RIO OFICIAL<\/a><\/li><li><a href='https:\/\/dadosabertos.go.gov.br\/' target='_blank'>DADOS ABERTOS GOI\u00c1S<\/a><\/li><li><a href='https:\/\/goias.gov.br\/goiasparcerias\/doacoes\/' target='_blank'>DOA\u00c7\u00d5ES<\/a><\/li><li><a href='https:\/\/goias.gov.br\/goiasparcerias\/despesas\/' target='_blank'>DESPESAS<\/a><\/li><li><a href='https:\/\/goias.gov.br\/goiasparcerias\/diarias\/' target='_blank'>DI\u00c1RIAS<\/a><\/li><li><a href='https:\/\/goias.gov.br\/goiasparcerias\/demonstracoes-contabeis\/' target='_blank'>DEMONSTRA\u00c7\u00d5ES FINANCEIRAS<\/a><\/li><\/ul><\/div><div class='sitemap-group'><h3>E<\/h3><ul><li><a href='https:\/\/goias.gov.br\/goiasparcerias\/estudo-de-viabilidade\/' target='_blank'>ESTUDO DE VIABILIDADE<\/a><\/li><li><a href='https:\/\/www.go.gov.br\/servicos-digitais\/cge\/nova-ouvidoria\/pedido-informacao-publica?orgao=17&tipo_manifestacao=7' target='_blank'>E-SIC<\/a><\/li><li><a href='https:\/\/www.go.gov.br\/servicos-digitais\/cge\/nova-ouvidoria\/pedido-informacao-publica?orgao=17&tipo_manifestacao=7' target='_blank'>E-SIC - SERVI\u00c7O ELETR\u00d4NICO DE INFORMA\u00c7\u00c3O AO CIDAD\u00c3O<\/a><\/li><li><a href='https:\/\/www.go.gov.br\/' target='_blank'>EXPRESSO GOI\u00c1S<\/a><\/li><li><a href='https:\/\/portal.go.gov.br\/' target='_blank'>EXPRESSO APLICA\u00c7\u00d5ES<\/a><\/li><li><a href='https:\/\/www.go.gov.br\/' target='_blank'>EXPRESSO SERVIDOR<\/a><\/li><li><a href='https:\/\/goias.gov.br\/escoladegoverno\/' target='_blank'>ESCOLA DE GOVERNO<\/a><\/li><li><a href='https:\/\/goias.gov.br\/goiasparcerias\/wp-content\/uploads\/sites\/37\/2025\/05\/Organograma-Goias-Parcerias-3.pdf' target='_blank'>ESTRUTURA ORGANIZACIONAL<\/a><\/li><li><a href='https:\/\/goias.gov.br\/goiasparcerias\/telefones-enderecos-e-horarios-de-atendimento\/' target='_blank'>ENDERE\u00c7OS, TELEFONES, E-MAILS E HOR\u00c1RIOS DE ATENDIMENTO<\/a><\/li><li><a href='https:\/\/goias.gov.br\/goiasparcerias\/lei-geral-de-protecao-de-dados\/' target='_blank'>ENCARREGADO PELO TRATAMENTO DOS DADOS PESSOAIS<\/a><\/li><\/ul><\/div><div class='sitemap-group'><h3>F<\/h3><ul><li><a href='https:\/\/goias.gov.br\/goiasparcerias\/fale-conosco\/' target='_blank'>FALE CONOSCO<\/a><\/li><li><a href='https:\/\/www.facebook.com\/goiasparcerias\/' target='_blank'>FACEBOOK<\/a><\/li><li><a href='https:\/\/goias.gov.br\/goiasparcerias\/empregados-ativos-2\/' target='_blank'>FOLHA DE PAGAMENTO<\/a><\/li><li><a href='https:\/\/goias.gov.br\/goiasparcerias\/fatos-relevantes\/' target='_blank'>FATOS RELEVANTES<\/a><\/li><\/ul><\/div><div class='sitemap-group'><h3>G<\/h3><ul><li><a href='https:\/\/www.gov.br\/' target='_blank'>GOVERNO FEDERAL<\/a><\/li><li><a href='https:\/\/transparencia.go.gov.br\/' target='_blank'>GOI\u00c1S TRANSPAR\u00caNCIA<\/a><\/li><li><a href='https:\/\/goias.gov.br\/goiasparcerias\/gastos-com-publicidade-e-propaganda\/' target='_blank'>GASTOS COM PUBLICIDADE E PROPAGANDA<\/a><\/li><li><a href='https:\/\/goias.gov.br\/goiasparcerias\/gastos-com-patrocinio\/' target='_blank'>GASTOS COM PATROC\u00cdNIO<\/a><\/li><\/ul><\/div><div class='sitemap-group'><h3>I<\/h3><ul><li><a href='https:\/\/goias.gov.br\/goiasparcerias\/institucional\/' target='_blank'>INSTITUCIONAL<\/a><\/li><li><a href='https:\/\/www.instagram.com\/goiasparcerias\/?hl=pt-br' target='_blank'>INSTAGRAM<\/a><\/li><li><a href='https:\/\/www.transparencia.go.gov.br\/wp-content\/uploads\/sites\/2\/painel\/lai.php?painel=pda&orgao=goiasparcerias' target='_blank'>INVENT\u00c1RIO DE DADOS<\/a><\/li><\/ul><\/div><div class='sitemap-group'><h3>J<\/h3><ul><li><a href='https:\/\/goias.gov.br\/goiasparcerias\/julgamento-das-contas-pelo-tce-go\/' target='_blank'>JULGAMENTO DAS CONTAS PELO TCE-GO<\/a><\/li><\/ul><\/div><div class='sitemap-group'><h3>L<\/h3><ul><li><a href='https:\/\/goias.gov.br\/goiasparcerias\/lei-geral-de-protecao-de-dados\/' target='_blank'>LGPD<\/a><\/li><li><a href='https:\/\/pt.linkedin.com\/company\/goi%C3%A1s-parcerias' target='_blank'>LINKEDIN<\/a><\/li><li><a href='https:\/\/goias.gov.br\/goiasparcerias\/legislacao-aplicavel\/' target='_blank'>LEGISLA\u00c7\u00c3O APLIC\u00c1VEL<\/a><\/li><li><a href='https:\/\/goias.gov.br\/goiasparcerias\/lista-de-estagiarios\/' target='_blank'>LISTA DE ESTAGI\u00c1RIOS<\/a><\/li><li><a href='https:\/\/goias.gov.br\/goiasparcerias\/licitacoes-2024\/' target='_blank'>LICITA\u00c7\u00d5ES<\/a><\/li><li><a href='https:\/\/goias.gov.br\/goiasparcerias\/licitantes-contratados-sancionados-administrativamente\/' target='_blank'>LICITANTES SANCIONADOS ADMINISTRATIVAMENTE <\/a><\/li><li><a href='https:\/\/transparencia.go.gov.br\/orcamento-e-planejamento-pecas\/' target='_blank'>LDO E LOA<\/a><\/li><li><a href='https:\/\/legisla.casacivil.go.gov.br\/pesquisa_legislacao\/90142\/lei-18025' target='_blank'>LEI DE ACESSO \u00c0 INFORMA\u00c7\u00c3O ESTADUAL<\/a><\/li><li><a href='https:\/\/transparencia.go.gov.br\/governo-digital\/' target='_blank'>LEI DO GOVERNO DIGITAL<\/a><\/li><\/ul><\/div><div class='sitemap-group'><h3>M<\/h3><ul><li><a href='https:\/\/www.goiasparcerias.go.gov.br\/files\/Governanca\/2022\/ManualdePPPseConcessoes.pdf' target='_blank'>MANUAL DE PPPS E CONCESS\u00d5ES<\/a><\/li><li><a href='https:\/\/goias.gov.br\/goiasparcerias\/manifestacao-de-propostas\/' target='_blank'>MANIFESTA\u00c7\u00c3O DE PROPOSTAS<\/a><\/li><li><a href='https:\/\/www.mpgo.mp.br\/portal\/' target='_blank'>MINIST\u00c9RIO P\u00daBLICO DO ESTADO DE GOI\u00c1S<\/a><\/li><li><a href='https:\/\/goias.gov.br\/goiasparcerias\/15555-2\/' target='_blank'>MISS\u00c3O, PRINC\u00cdPIOS E VALORES<\/a><\/li><li><a href='https:\/\/goias.gov.br\/goiasparcerias\/monitoramento-de-programas-projetos-acoes-e-atividades\/' target='_blank'>MONITORAMENTO DE PROGRAMAS, PROJETOS, A\u00c7\u00d5ES E ATIVIDADES<\/a><\/li><\/ul><\/div><div class='sitemap-group'><h3>O<\/h3><ul><li><a href='https:\/\/goias.gov.br\/goiasparcerias\/outros\/' target='_blank'>OUTROS<\/a><\/li><li><a href='https:\/\/goias.gov.br\/goiasparcerias\/parceria-publico-privada\/' target='_blank'>O QUE \u00c9 PPP<\/a><\/li><li><a href='https:\/\/goias.gov.br\/goiasparcerias\/o-que-e-pmi\/' target='_blank'>O QUE \u00c9 PMI E MIP<\/a><\/li><li><a href='https:\/\/www.go.gov.br\/servicos-digitais\/cge\/nova-ouvidoria?orgao=17' target='_blank'>OUVIDORIA<\/a><\/li><li><a href='https:\/\/www.go.gov.br\/servicos-digitais\/cge\/nova-ouvidoria?orgao=17' target='_blank'>OUVIDORIA SETORIAL (EXPRESSO)<\/a><\/li><li><a href='https:\/\/goias.gov.br\/goiasparcerias\/ouvidoria-setorial\/' target='_blank'>OUVIDORIA SETORIAL (PRESENCIAL)<\/a><\/li><li><a href='https:\/\/goias.gov.br\/goiasparcerias\/relacao-de-obras\/' target='_blank'>OBRAS<\/a><\/li><li><a href='https:\/\/goias.gov.br\/goiasparcerias\/relacao-de-obras-paralisadas\/' target='_blank'>OBRAS PARALISADAS<\/a><\/li><li><a href='https:\/\/goias.gov.br\/goiasparcerias\/declaracao-loa\/' target='_blank'>OR\u00c7AMENTO DE INVESTIMENTOS<\/a><\/li><li><a href='https:\/\/goias.gov.br\/goiasparcerias\/ouvidoria\/' target='_blank'>OUVIDORIA - ATENDIMENTO PRESENCIAL<\/a><\/li><li><a href='https:\/\/www.go.gov.br\/servicos-digitais\/cge\/nova-ouvidoria\/nova-manifestacao?goiasparcerias=17' target='_blank'>OUVIDORIA ELETR\u00d4NICA \/ E-SIC <\/a><\/li><\/ul><\/div><div class='sitemap-group'><h3>P<\/h3><ul><li><a href='https:\/\/goias.gov.br\/goiasparcerias\/pre-viabilidade\/' target='_blank'>PR\u00c9-VIABILIDADE<\/a><\/li><li><a href='https:\/\/goias.gov.br\/goiasparcerias\/procedimento-de-manifestacao-de-interesse-pmi\/' target='_blank'>PROCEDIMENTO DE MANIFESTA\u00c7\u00c3O DE INTERESSE (PMI)<\/a><\/li><li><a href='https:\/\/goias.gov.br\/goiasparcerias\/projetos-em-licitacao\/' target='_blank'>PROJETOS EM LICITA\u00c7\u00c3O<\/a><\/li><li><a href='https:\/\/goias.gov.br\/goiasparcerias\/projetos-concluidos\/' target='_blank'>PROJETOS CONCLU\u00cdDOS<\/a><\/li><li><a href='https:\/\/goias.gov.br\/goiasparcerias\/planejamento-estrategico\/' target='_blank'>PLANEJAMENTO ESTRAT\u00c9GICO<\/a><\/li><li><a href='https:\/\/goias.gov.br\/goiasparcerias\/projetos-goias-parcerias-all\/' target='_blank'>PROJETOS GOI\u00c1S PARCERIAS<\/a><\/li><li><a href='https:\/\/transparencia.go.gov.br\/' target='_blank'>PORTAL DA TRANSPAR\u00caNCIA<\/a><\/li><li><a href='https:\/\/goias.gov.br\/controladoria\/programa-de-compliance-publico-do-governo-de-goias\/' target='_blank'>PCP<\/a><\/li><li><a href='https:\/\/goias.gov.br\/procuradoria\/' target='_blank'>PROCURADORIA-GERAL DO ESTADO DE GOI\u00c1S<\/a><\/li><li><a href='https:\/\/app.powerbi.com\/view?r=eyJrIjoiYzBiOTRmYjYtM2NmOC00OGVhLWFmZmUtMWQxNmVlMmU2NzE5IiwidCI6IjY3ZmQ0MzFjLWIyYWQtNDg2Ny04MWJjLWQ3NTYyMjBiNTZkNCJ9&pageName=ReportSection7765beba28765a9ded12' target='_blank'>PAINEL DAS ESTATAIS<\/a><\/li><li><a href='https:\/\/goias.gov.br\/goiasparcerias\/projetos-goias-parcerias-all\/' target='_blank'>PARCERIAS P\u00daBLICO-PRIVADAS<\/a><\/li><li><a href='https:\/\/goias.gov.br\/goiasparcerias\/perguntas-e-respostas-frequentes\/' target='_blank'>PERGUNTAS E RESPOSTAS FREQUENTES<\/a><\/li><li><a href='https:\/\/goias.gov.br\/goiasparcerias\/politica-de-remuneracao\/' target='_blank'>POL\u00cdTICA DE REMUNERA\u00c7\u00c3O<\/a><\/li><li><a href='https:\/\/goias.gov.br\/goiasparcerias\/parcerias-com-oscs\/' target='_blank'>PARCERIAS COM OSCS<\/a><\/li><li><a href='https:\/\/goias.gov.br\/goiasparcerias\/parecer-do-conselho-fiscal\/' target='_blank'>PARECER DO CONSELHO FISCAL<\/a><\/li><li><a href='\/goiasparcerias\/planejamento-estrategico\/' target='_blank'>PLANO ESTRAT\u00c9GICO INSTITUCIONAL<\/a><\/li><li><a href='https:\/\/goias.gov.br\/goiasparcerias\/plano-de-negocios\/' target='_blank'>PLANO DE NEG\u00d3CIOS<\/a><\/li><li><a href='https:\/\/ppa.go.gov.br\/' target='_blank'>PPA<\/a><\/li><li><a href='https:\/\/goias.gov.br\/goiasparcerias\/wp-content\/uploads\/sites\/37\/2024\/02\/PoliticaLGPD-9d4.pdf' target='_blank'>POL\u00cdTICA DE PRIVACIDADE E PROTE\u00c7\u00c3O DE DADOS<\/a><\/li><li><a href='https:\/\/goias.gov.br\/goiasparcerias\/pesquisa-de-satisfacao\/' target='_blank'>PESQUISAS DE SATISFA\u00c7\u00c3O<\/a><\/li><li><a href='https:\/\/goias.gov.br\/goiasparcerias\/politica-de-divulgacao-de-informacoes\/' target='_blank'>POL\u00cdTICA DE DIVULGA\u00c7\u00c3O DE INFORMA\u00c7\u00d5ES<\/a><\/li><li><a href='https:\/\/goias.gov.br\/goiasparcerias\/politica-de-distribuicao-de-dividendos\/' target='_blank'>POL\u00cdTICA DE DISTRIBUI\u00c7\u00c3O DE DIVIDENDOS<\/a><\/li><li><a href='https:\/\/goias.gov.br\/goiasparcerias\/politica-de-transacoes-com-partes-relacionadas\/' target='_blank'>POL\u00cdTICA DE TRANSA\u00c7\u00d5ES COM PARTES RELACIONADAS<\/a><\/li><li><a href='https:\/\/goias.gov.br\/goiasparcerias\/projetos-de-participacao-social\/' target='_blank'>PROJETOS DE PARTICIPA\u00c7\u00c3O SOCIAL<\/a><\/li><li><a href='https:\/\/goias.gov.br\/goiasparcerias\/projetos-de-inovacao-no-servico-publico\/' target='_blank'>PROJETOS DE INOVA\u00c7\u00c3O NO SERVI\u00c7O P\u00daBLICO<\/a><\/li><\/ul><\/div><div class='sitemap-group'><h3>R<\/h3><ul><li><a href='https:\/\/radardatransparencia.atricon.org.br\/' target='_blank'>RADAR DA TRANSPAR\u00caNCIA<\/a><\/li><li><a href='https:\/\/goias.gov.br\/goiasparcerias\/receita-prevista-realizada\/' target='_blank'>RECEITA PREVIS\u00c3O E REALIZA\u00c7\u00c3O<\/a><\/li><li><a href='https:\/\/goias.gov.br\/goiasparcerias\/relacao-de-terceirizados\/' target='_blank'>RELA\u00c7\u00c3O DE TERCEIRIZADOS<\/a><\/li><li><a href='https:\/\/goias.gov.br\/goiasparcerias\/regulamento-interno-de-licitacoes-e-contratos\/' target='_blank'>REGULAMENTO INTERNO DE LICITA\u00c7\u00d5ES E CONTRATOS<\/a><\/li><li><a href='https:\/\/goias.gov.br\/goiasparcerias\/contratos-2023\/' target='_blank'>RELA\u00c7\u00c3O DOS FISCAIS DOS CONTRATOS<\/a><\/li><li><a href='https:\/\/goias.gov.br\/goiasparcerias\/relatorio-de-gestao-ou-atividades\/' target='_blank'>RELAT\u00d3RIO DA ADMINISTRA\u00c7\u00c3O<\/a><\/li><li><a href='https:\/\/goias.gov.br\/goiasparcerias\/relatorio-de-auditoria-independente\/' target='_blank'>RELAT\u00d3RIO DE AUDITORIA INDEPENDENTE<\/a><\/li><li><a href='https:\/\/goias.gov.br\/goiasparcerias\/relatorio-integrado-ou-de-sustentabilidade-2\/' target='_blank'>RELAT\u00d3RIO INTEGRADO OU DE SUSTENTABILIDADE<\/a><\/li><li><a href='https:\/\/www.ouvidoriageral.go.gov.br\/api\/relatorio_gestao.php?tipo=7&orgao=17' target='_blank'>RELAT\u00d3RIO DE PEDIDOS DE ACESSO \u00c0 INFORMA\u00c7\u00c3O<\/a><\/li><li><a href='https:\/\/goias.gov.br\/goiasparcerias\/relatorio-de-gestao-da-ouvidoria\/' target='_blank'>RELAT\u00d3RIO DE GEST\u00c3O DA OUVIDORIA<\/a><\/li><\/ul><\/div><div class='sitemap-group'><h3>S<\/h3><ul><li><a href='https:\/\/goias.gov.br\/administracao\/siga-eng\/' target='_blank'>SIGA<\/a><\/li><li><a href='https:\/\/www.go.gov.br\/unidadesvaptvupt' target='_blank'>SIC - SERVI\u00c7O DE INFORMA\u00c7\u00c3O AO CIDAD\u00c3O<\/a><\/li><li><a href='https:\/\/sei.go.gov.br\/sei\/modulos\/goias\/login-sei\/MdGoiasLoginSEI.php?acao=md_goias_login_SEI&sigla_orgao_sistema=GOVERNADORIA&sigla_sistema=SEI&infra_url=L3NlaS8=' target='_blank'>SEI GOVERNADORIA<\/a><\/li><li><a href='https:\/\/vaptvupt.go.gov.br\/unidades' target='_blank'>SIC F\u00cdSICO - UNIDADES DO VAPT VUPT<\/a><\/li><\/ul><\/div><div class='sitemap-group'><h3>T<\/h3><ul><li><a href='https:\/\/goias.gov.br\/goiasparcerias\/tipos-de-ppp\/' target='_blank'>TIPOS DE CONCESS\u00d5ES<\/a><\/li><li><a href='https:\/\/www.tjgo.jus.br\/' target='_blank'>TRIBUNAL DE JUSTI\u00c7A DO ESTADO DE GOI\u00c1S<\/a><\/li><li><a href='https:\/\/twitter.com\/goiasparcerias' target='_blank'>TWITTER<\/a><\/li><li><a href='https:\/\/goias.gov.br\/goiasparcerias\/tabela-remuneratoria\/' target='_blank'>TABELA REMUNERAT\u00d3RIA<\/a><\/li><\/ul><\/div><\/div>\n","protected":false},"excerpt":{"rendered":"","protected":false},"author":222,"featured_media":0,"parent":0,"menu_order":0,"comment_status":"closed","ping_status":"closed","template":"wppb_theme_template","meta":{"footnotes":""},"class_list":["post-1207","page","type-page","status-publish","hentry"],"rttpg_featured_image_url":null,"rttpg_author":{"display_name":"diegomsilva","author_link":"https:\/\/goias.gov.br\/goiasparcerias\/author\/diegomsilva\/"},"rttpg_comment":0,"rttpg_category":null,"rttpg_excerpt":null,"_links":{"self":[{"href":"https:\/\/goias.gov.br\/goiasparcerias\/wp-json\/wp\/v2\/pages\/1207","targetHints":{"allow":["GET"]}}],"collection":[{"href":"https:\/\/goias.gov.br\/goiasparcerias\/wp-json\/wp\/v2\/pages"}],"about":[{"href":"https:\/\/goias.gov.br\/goiasparcerias\/wp-json\/wp\/v2\/types\/page"}],"author":[{"embeddable":true,"href":"https:\/\/goias.gov.br\/goiasparcerias\/wp-json\/wp\/v2\/users\/222"}],"replies":[{"embeddable":true,"href":"https:\/\/goias.gov.br\/goiasparcerias\/wp-json\/wp\/v2\/comments?post=1207"}],"version-history":[{"count":2,"href":"https:\/\/goias.gov.br\/goiasparcerias\/wp-json\/wp\/v2\/pages\/1207\/revisions"}],"predecessor-version":[{"id":3757,"href":"https:\/\/goias.gov.br\/goiasparcerias\/wp-json\/wp\/v2\/pages\/1207\/revisions\/3757"}],"wp:attachment":[{"href":"https:\/\/goias.gov.br\/goiasparcerias\/wp-json\/wp\/v2\/media?parent=1207"}],"curies":[{"name":"wp","href":"https:\/\/api.w.org\/{rel}","templated":true}]}}