

{"id":88294,"date":"2025-12-17T18:26:00","date_gmt":"2025-12-17T21:26:00","guid":{"rendered":"https:\/\/goias.gov.br\/fapeg\/?page_id=88294"},"modified":"2025-12-17T18:30:30","modified_gmt":"2025-12-17T21:30:30","slug":"prorrogacao-de-vigencia-de-projeto","status":"publish","type":"page","link":"https:\/\/goias.gov.br\/fapeg\/prorrogacao-de-vigencia-de-projeto\/","title":{"rendered":"Prorroga\u00e7\u00e3o de Vig\u00eancia de Projeto"},"content":{"rendered":"\n<p><a href=\"https:\/\/docs.google.com\/forms\/d\/e\/1FAIpQLSfzUPucNbfZRvA2EVIsMKWE75XrR0GpbfEeEpGxyexLsiH3Iw\/viewform\">Formul\u00e1rio para Encaminhamento de Solicita\u00e7\u00e3o de Prorroga\u00e7\u00e3o de Vig\u00eancia\u00a0<\/a><\/p>\n","protected":false},"excerpt":{"rendered":"<p>Formul\u00e1rio para Encaminhamento de Solicita\u00e7\u00e3o de Prorroga\u00e7\u00e3o de Vig\u00eancia\u00a0<\/p>\n","protected":false},"author":92,"featured_media":0,"parent":0,"menu_order":0,"comment_status":"closed","ping_status":"closed","template":"","meta":{"footnotes":""},"class_list":["post-88294","page","type-page","status-publish","hentry"],"rttpg_featured_image_url":null,"rttpg_author":{"display_name":"leticiasantana","author_link":"https:\/\/goias.gov.br\/fapeg\/author\/leticiasantana\/"},"rttpg_comment":0,"rttpg_category":null,"rttpg_excerpt":"Formul\u00e1rio para Encaminhamento de Solicita\u00e7\u00e3o de Prorroga\u00e7\u00e3o de Vig\u00eancia\u00a0","_links":{"self":[{"href":"https:\/\/goias.gov.br\/fapeg\/wp-json\/wp\/v2\/pages\/88294","targetHints":{"allow":["GET"]}}],"collection":[{"href":"https:\/\/goias.gov.br\/fapeg\/wp-json\/wp\/v2\/pages"}],"about":[{"href":"https:\/\/goias.gov.br\/fapeg\/wp-json\/wp\/v2\/types\/page"}],"author":[{"embeddable":true,"href":"https:\/\/goias.gov.br\/fapeg\/wp-json\/wp\/v2\/users\/92"}],"replies":[{"embeddable":true,"href":"https:\/\/goias.gov.br\/fapeg\/wp-json\/wp\/v2\/comments?post=88294"}],"version-history":[{"count":2,"href":"https:\/\/goias.gov.br\/fapeg\/wp-json\/wp\/v2\/pages\/88294\/revisions"}],"predecessor-version":[{"id":88320,"href":"https:\/\/goias.gov.br\/fapeg\/wp-json\/wp\/v2\/pages\/88294\/revisions\/88320"}],"wp:attachment":[{"href":"https:\/\/goias.gov.br\/fapeg\/wp-json\/wp\/v2\/media?parent=88294"}],"curies":[{"name":"wp","href":"https:\/\/api.w.org\/{rel}","templated":true}]}}