

{"id":88221,"date":"2025-12-17T18:12:24","date_gmt":"2025-12-17T21:12:24","guid":{"rendered":"https:\/\/goias.gov.br\/fapeg\/?page_id=88221"},"modified":"2026-02-25T11:29:06","modified_gmt":"2026-02-25T14:29:06","slug":"adequacao-de-plano-de-trabalho","status":"publish","type":"page","link":"https:\/\/goias.gov.br\/fapeg\/adequacao-de-plano-de-trabalho\/","title":{"rendered":"Adequa\u00e7\u00e3o de Plano de Trabalho"},"content":{"rendered":"\n<p><br><a href=\"https:\/\/docs.google.com\/forms\/d\/e\/1FAIpQLScbBZxv4bIAosnsFZCiUpoITJcLqj3W1FloItb3zwMwOS9HmA\/viewform\">1. Adequa\u00e7\u00e3o do Plano de Trabalho: Pesquisa e Realiza\u00e7\u00e3o de Eventos<\/a><\/p>\n\n\n\n<p><a href=\"https:\/\/docs.google.com\/forms\/d\/e\/1FAIpQLSc0zI6K5-LUc57PD9zFQ4BxYB0DSmawf1luCHFduxt0GE_dsA\/viewform\">2. Adequa\u00e7\u00e3o do Plano de Trabalho: Subven\u00e7\u00e3o Econ\u00f4mica e Inova\u00e7\u00e3o<\/a><\/p>\n\n\n\n<p><\/p>\n","protected":false},"excerpt":{"rendered":"<p>1. Adequa\u00e7\u00e3o do Plano de Trabalho: Pesquisa e Realiza\u00e7\u00e3o de Eventos 2. Adequa\u00e7\u00e3o do Plano de Trabalho: Subven\u00e7\u00e3o Econ\u00f4mica e Inova\u00e7\u00e3o<\/p>\n","protected":false},"author":92,"featured_media":0,"parent":0,"menu_order":0,"comment_status":"closed","ping_status":"closed","template":"","meta":{"footnotes":""},"class_list":["post-88221","page","type-page","status-publish","hentry"],"rttpg_featured_image_url":null,"rttpg_author":{"display_name":"leticiasantana","author_link":"https:\/\/goias.gov.br\/fapeg\/author\/leticiasantana\/"},"rttpg_comment":0,"rttpg_category":null,"rttpg_excerpt":"1. Adequa\u00e7\u00e3o do Plano de Trabalho: Pesquisa e Realiza\u00e7\u00e3o de Eventos 2. Adequa\u00e7\u00e3o do Plano de Trabalho: Subven\u00e7\u00e3o Econ\u00f4mica e Inova\u00e7\u00e3o","_links":{"self":[{"href":"https:\/\/goias.gov.br\/fapeg\/wp-json\/wp\/v2\/pages\/88221","targetHints":{"allow":["GET"]}}],"collection":[{"href":"https:\/\/goias.gov.br\/fapeg\/wp-json\/wp\/v2\/pages"}],"about":[{"href":"https:\/\/goias.gov.br\/fapeg\/wp-json\/wp\/v2\/types\/page"}],"author":[{"embeddable":true,"href":"https:\/\/goias.gov.br\/fapeg\/wp-json\/wp\/v2\/users\/92"}],"replies":[{"embeddable":true,"href":"https:\/\/goias.gov.br\/fapeg\/wp-json\/wp\/v2\/comments?post=88221"}],"version-history":[{"count":2,"href":"https:\/\/goias.gov.br\/fapeg\/wp-json\/wp\/v2\/pages\/88221\/revisions"}],"predecessor-version":[{"id":90800,"href":"https:\/\/goias.gov.br\/fapeg\/wp-json\/wp\/v2\/pages\/88221\/revisions\/90800"}],"wp:attachment":[{"href":"https:\/\/goias.gov.br\/fapeg\/wp-json\/wp\/v2\/media?parent=88221"}],"curies":[{"name":"wp","href":"https:\/\/api.w.org\/{rel}","templated":true}]}}