

{"id":85119,"date":"2025-10-31T15:07:37","date_gmt":"2025-10-31T18:07:37","guid":{"rendered":"https:\/\/goias.gov.br\/fapeg\/?page_id=85119"},"modified":"2026-01-08T15:33:00","modified_gmt":"2026-01-08T18:33:00","slug":"endereco","status":"publish","type":"page","link":"https:\/\/goias.gov.br\/fapeg\/endereco\/","title":{"rendered":"Endere\u00e7os, Telefones, E-mails e Hor\u00e1rios de Atendimento"},"content":{"rendered":"<p><strong>Funda\u00e7\u00e3o de Amparo \u00e0 Pesquisa do Estado de Goi\u00e1s &#8211; FAPEG<\/strong><br \/>\n<strong>Endere\u00e7o:<\/strong> Rua Dona Maria Joana (travessa da AV. 83), N\u00b0 150,\u00a0Qd.F-14, Lote \u00c1rea, Setor Sul, Goi\u00e2nia &#8211; GO \u2013CEP: 74.083-140<br \/>\n<strong>Hor\u00e1rio de atendimento ao p\u00fablico:<\/strong> 8 \u00e0s 18 horas<\/p>\n<p><strong>Atendimento ao pesquisador:<\/strong> <strong>atendimento.fapeg@goias.gov.br<\/strong><\/p>\n<p>Protocolo: (62) 3623-0400<br \/>\n<strong>Ouvidoria: <\/strong>(62) 3623-0440\/ouvidoria.fapeg@goias.gov.br<strong><br \/>\nPresid\u00eancia:<\/strong> (62) 3623-0401 \/ secretaria.fapeg@goias.gov.br<br \/>\n<strong>Chefia de Gabinete:<\/strong> (62) 3623-0435 \/ henrique.chaves@goias.gov.br<br \/>\n<strong>Procuradoria Setorial: <\/strong>(62) 3623-0420 \/ frederico.ctormin@goias.gov.br<\/p>\n<p><strong>Ger\u00eancia da Secretaria-Geral:<\/strong> (62) 3623-0401 \/ danilo.almeida@goias.gov.br\/ secretaria.fapeg@goias.gov.br<br \/>\n<strong>Comunica\u00e7\u00e3o Setorial: <\/strong>(62) 3623-0409 \/ (62) 3623-0410 \/ comunicacao.fapeg@goias.gov.br<br \/>\n<span style=\"background-color: #ffffff\"><strong>Assessoria de Pol\u00edticas de Fomento em CT&amp;I: \u00a0<\/strong>(62) 3623-0408 \/ roberto.pacheco@goias.gov.br<\/span><\/p>\n<p><strong>Diretoria Cient\u00edfica e de Inova\u00e7\u00e3o: <\/strong>(62) 3623-0427 \/ claudio.leles@goias.gov.br<br \/>\n<strong>Diretoria de Gest\u00e3o Integrada: <\/strong>(62) 3623-0419 \/ lorena.peixoto@goias.gov.br<br \/>\n<strong>Diretoria de Programas e Monitoramento: <\/strong>(62) 3623-0426 \/ \u00a0vanderlei.lopes@goias.gov.br<br \/>\n<strong><br \/>\n<\/strong><strong>Ger\u00eancia de Avalia\u00e7\u00e3o e Monitoramento:<\/strong>(62) 3623-0439 \/ vinicius.rodrigues@goias.gov.br<strong><br \/>\nGer\u00eancia de Opera\u00e7\u00f5es de Fomento:<\/strong>(62) 3623-0414 \/ aline.vaz@goias.gov.br<strong><br \/>\n<span style=\"background-color: #ffffff\">Ger\u00eancia de Parcerias e Monitoramento: <\/span><\/strong><span style=\"background-color: #ffffff\">(62) 3623-0408 \/ flavia.aferreira@goias.gov.br<\/span><br \/>\n<strong>Ger\u00eancia Cient\u00edfica:<\/strong> (62) 3623-0415 \/ fritz.kasbaum@goias.gov.br<strong><br \/>\nGer\u00eancia de Inova\u00e7\u00e3o:<\/strong> (62) 3623-0407 \/ polyana.mendonca@goias.gov.br<strong><br \/>\n<span style=\"background-color: #ffffff\">Ger\u00eancia de Parcerias Internacionais:<\/span><\/strong><span style=\"background-color: #ffffff\"> (62) 3623-0433 \/ caio.alexandrino@goias.gov.br<\/span><br \/>\n<span style=\"background-color: #ffffff\"><strong>Ger\u00eancia de Execu\u00e7\u00e3o Or\u00e7ament\u00e1ria e Financeira:<\/strong> (62) 3623-0441 \/ thyalita.rocha@goias.gov.br<strong><br \/>\nGer\u00eancia de Compras Governamentais, Patrim\u00f4nio e Log\u00edstica: <\/strong>(62) 3623-0403 \/ solange.silva@goias.gov.br<strong><br \/>\nGer\u00eancia de Planejamento e Gest\u00e3o de Pessoas: <\/strong>(62) 3623-0416 \/ luciana.ribeiro@goias.gov.br<strong><br \/>\nGer\u00eancia de Tecnologia: <\/strong>(62) 3623-0422 \/ francisco.sousa@goias.gov.br<strong><br \/>\nGer\u00eancia de Contabilidade: <\/strong>(62) 3623-0418\/0428 \/ carlos.fernandes@goias.gov.br<\/span><strong><br \/>\n<\/strong><\/p>\n<p><strong>Convites, of\u00edcios e comunicados oficiais:<\/strong> secretaria.fapeg@goias.gov.br<\/p>\n<p><strong>Imprensa:<\/strong> comunicacao.fapeg@goias.gov.br<br \/>\n<strong>Informa\u00e7\u00f5es, reclama\u00e7\u00f5es e\/ou sugest\u00f5es:<\/strong>\u00a0<a href=\"http:\/\/www.cge.go.gov.br\/ouvidoria\" target=\"_blank\" rel=\"noopener noreferrer\">www.cge.go.gov.br\/ouvidoria<\/a><\/p>\n<p><strong>Localiza\u00e7\u00e3o:<\/strong><\/p>\n<p><iframe src=\"\/\/maps.google.com\/maps?q=Rua%20Dona%20Maria%20Joana%2C%20N.%20150%2C%20Setor%20Sul%2C%20Goi%C3%A2nia%2C%20Goi%C3%A1s%2C%20Brazil&amp;output=embed\" width=\"100%\" height=\"400\"><\/iframe><\/p>\n","protected":false},"excerpt":{"rendered":"<p>Funda\u00e7\u00e3o de Amparo \u00e0 Pesquisa do Estado de Goi\u00e1s &#8211; FAPEG Endere\u00e7o: Rua Dona Maria Joana (travessa da AV. 83), N\u00b0 150,\u00a0Qd.F-14, Lote \u00c1rea, Setor Sul, Goi\u00e2nia &#8211; GO \u2013CEP: 74.083-140 Hor\u00e1rio de atendimento ao p\u00fablico: 8 \u00e0s 18 horas Atendimento ao pesquisador: atendimento.fapeg@goias.gov.br Protocolo: (62) 3623-0400 Ouvidoria: (62) 3623-0440\/ouvidoria.fapeg@goias.gov.br Presid\u00eancia: (62) 3623-0401 \/ secretaria.fapeg@goias.gov.br [&hellip;]<\/p>\n","protected":false},"author":1,"featured_media":0,"parent":0,"menu_order":0,"comment_status":"closed","ping_status":"closed","template":"","meta":{"footnotes":""},"class_list":["post-85119","page","type-page","status-publish","hentry"],"rttpg_featured_image_url":null,"rttpg_author":{"display_name":"wagner.viana","author_link":"https:\/\/goias.gov.br\/fapeg\/author\/wagner-viana\/"},"rttpg_comment":0,"rttpg_category":null,"rttpg_excerpt":"Funda\u00e7\u00e3o de Amparo \u00e0 Pesquisa do Estado de Goi\u00e1s &#8211; FAPEG Endere\u00e7o: Rua Dona Maria Joana (travessa da AV. 83), N\u00b0 150,\u00a0Qd.F-14, Lote \u00c1rea, Setor Sul, Goi\u00e2nia &#8211; GO \u2013CEP: 74.083-140 Hor\u00e1rio de atendimento ao p\u00fablico: 8 \u00e0s 18 horas Atendimento ao pesquisador: atendimento.fapeg@goias.gov.br Protocolo: (62) 3623-0400 Ouvidoria: (62) 3623-0440\/ouvidoria.fapeg@goias.gov.br Presid\u00eancia: (62) 3623-0401 \/ secretaria.fapeg@goias.gov.br&hellip;","_links":{"self":[{"href":"https:\/\/goias.gov.br\/fapeg\/wp-json\/wp\/v2\/pages\/85119","targetHints":{"allow":["GET"]}}],"collection":[{"href":"https:\/\/goias.gov.br\/fapeg\/wp-json\/wp\/v2\/pages"}],"about":[{"href":"https:\/\/goias.gov.br\/fapeg\/wp-json\/wp\/v2\/types\/page"}],"author":[{"embeddable":true,"href":"https:\/\/goias.gov.br\/fapeg\/wp-json\/wp\/v2\/users\/1"}],"replies":[{"embeddable":true,"href":"https:\/\/goias.gov.br\/fapeg\/wp-json\/wp\/v2\/comments?post=85119"}],"version-history":[{"count":2,"href":"https:\/\/goias.gov.br\/fapeg\/wp-json\/wp\/v2\/pages\/85119\/revisions"}],"predecessor-version":[{"id":89477,"href":"https:\/\/goias.gov.br\/fapeg\/wp-json\/wp\/v2\/pages\/85119\/revisions\/89477"}],"wp:attachment":[{"href":"https:\/\/goias.gov.br\/fapeg\/wp-json\/wp\/v2\/media?parent=85119"}],"curies":[{"name":"wp","href":"https:\/\/api.w.org\/{rel}","templated":true}]}}