

{"id":66761,"date":"2025-05-30T11:26:00","date_gmt":"2025-05-30T14:26:00","guid":{"rendered":"https:\/\/goias.gov.br\/fapeg\/?page_id=66761"},"modified":"2025-08-25T18:05:08","modified_gmt":"2025-08-25T21:05:08","slug":"programa-de-compliance-publico-pcp","status":"publish","type":"page","link":"https:\/\/goias.gov.br\/fapeg\/programa-de-compliance-publico-pcp\/","title":{"rendered":"Programa de Compliance P\u00fablico PCP"},"content":{"rendered":"\n<p><a href=\"https:\/\/goias.gov.br\/fapeg\/wp-content\/uploads\/sites\/5\/2025\/08\/Portaria-Comite-Storial-de-Compliance.pdf\">Portaria Comit\u00ea Setorial do Compliance<\/a> 2025<br><a href=\"https:\/\/goias.gov.br\/fapeg\/wp-content\/uploads\/sites\/5\/2025\/08\/Portaria-Escritorio-de-Compliance.pdf\">Portaria do Escrit\u00f3rio de Compliance (Di\u00e1rio Oficial<\/a>)<br><a href=\"https:\/\/goias.gov.br\/fapeg\/wp-content\/uploads\/sites\/5\/2025\/08\/Escopo_-Contexto-e-Criterios_2025_V.6_26.06.2025-1.pdf\">Escopo, Contextos e Crit\u00e9rios<\/a><br><a href=\"https:\/\/goias.gov.br\/fapeg\/wp-content\/uploads\/sites\/5\/2025\/06\/03-Portaria-85-Dispoe-sobre-a-Politica-de-Gestao-de-Riscos-20.09.2019.pdf\">Pol\u00edtica de Gest\u00e3o de Riscos<br><\/a><a href=\"https:\/\/goias.gov.br\/fapeg\/wp-content\/uploads\/sites\/5\/2025\/06\/4.1-Plano-de-Comunicacao-Detalhado-FAPEG.pdf\">Plano de Comunica\u00e7\u00e3o de Gest\u00e3o de Riscos (Detalhado)<br><\/a><br><a href=\"https:\/\/legisla.casacivil.go.gov.br\/api\/v2\/pesquisa\/legislacoes\/103904\/pdf\">C\u00f3digo de \u00c9tica do Estado de Goi\u00e1s<br><\/a><a href=\"https:\/\/goias.gov.br\/fapeg\/wp-content\/uploads\/sites\/5\/2023\/10\/Codigo-de-Etica.pdf\">C\u00f3digo de \u00c9tica da Fapeg<\/a><br><br><strong>Reposit\u00f3rio de Documentos:<\/strong><br><a href=\"https:\/\/goias.gov.br\/fapeg\/wp-content\/uploads\/sites\/5\/2025\/06\/05-Estabelecimento-de-Escopo-Contexto-e-Criterio-04.10.2019.pdf\">Escopo, Contexto e Crit\u00e9rios em Gest\u00e3o de Risco<\/a><br><a href=\"https:\/\/goias.gov.br\/fapeg\/wp-content\/uploads\/sites\/5\/2025\/06\/02-Portaria-039-Institui-o-Escritorio-de-Compliance-Publico-05.03.2024.pdf\">Portaria de Institui\u00e7\u00e3o do Escrit\u00f3rio de PCP<\/a><br><br><a href=\"https:\/\/goias.gov.br\/fapeg\/wp-content\/uploads\/sites\/5\/2025\/06\/01-Portaria-086-Institui-o-Comite-Setorial-do-Programa-de-Compliance-Publico-20.09.2019.pdf\">Portaria de Institui\u00e7\u00e3o do Comit\u00ea Setorial do PCP<\/a><\/p>\n\n\n\n<p><a href=\"https:\/\/goias.gov.br\/fapeg\/wp-content\/uploads\/sites\/5\/2025\/08\/portaria-comite.pdf\">Portaria Comit\u00ea Compliance 2022<\/a><br><a href=\"https:\/\/goias.gov.br\/fapeg\/wp-content\/uploads\/sites\/5\/2025\/08\/Portaria-Comite-Setorial-2023.pdf\">Portaria Comit\u00ea Compliance 2023<\/a><br><a href=\"https:\/\/goias.gov.br\/fapeg\/wp-content\/uploads\/sites\/5\/2025\/08\/Portaria-Comite-Setorial-2024.pdf\">Portaria Comit\u00ea Compliance 2024<\/a><\/p>\n\n\n\n<p><br><br><\/p>\n\n\n\n<p><\/p>\n","protected":false},"excerpt":{"rendered":"<p>Portaria Comit\u00ea Setorial do Compliance 2025Portaria do Escrit\u00f3rio de Compliance (Di\u00e1rio Oficial)Escopo, Contextos e Crit\u00e9riosPol\u00edtica de Gest\u00e3o de RiscosPlano de Comunica\u00e7\u00e3o de Gest\u00e3o de Riscos (Detalhado)C\u00f3digo de \u00c9tica do Estado de Goi\u00e1sC\u00f3digo de \u00c9tica da Fapeg Reposit\u00f3rio de Documentos:Escopo, Contexto e Crit\u00e9rios em Gest\u00e3o de RiscoPortaria de Institui\u00e7\u00e3o do Escrit\u00f3rio de PCP Portaria de Institui\u00e7\u00e3o [&hellip;]<\/p>\n","protected":false},"author":101,"featured_media":0,"parent":0,"menu_order":0,"comment_status":"closed","ping_status":"closed","template":"","meta":{"footnotes":""},"class_list":["post-66761","page","type-page","status-publish","hentry"],"rttpg_featured_image_url":null,"rttpg_author":{"display_name":"adrianobrandao","author_link":"https:\/\/goias.gov.br\/fapeg\/author\/adrianobrandao\/"},"rttpg_comment":0,"rttpg_category":null,"rttpg_excerpt":"Portaria Comit\u00ea Setorial do Compliance 2025Portaria do Escrit\u00f3rio de Compliance (Di\u00e1rio Oficial)Escopo, Contextos e Crit\u00e9riosPol\u00edtica de Gest\u00e3o de RiscosPlano de Comunica\u00e7\u00e3o de Gest\u00e3o de Riscos (Detalhado)C\u00f3digo de \u00c9tica do Estado de Goi\u00e1sC\u00f3digo de \u00c9tica da Fapeg Reposit\u00f3rio de Documentos:Escopo, Contexto e Crit\u00e9rios em Gest\u00e3o de RiscoPortaria de Institui\u00e7\u00e3o do Escrit\u00f3rio de PCP Portaria de Institui\u00e7\u00e3o&hellip;","_links":{"self":[{"href":"https:\/\/goias.gov.br\/fapeg\/wp-json\/wp\/v2\/pages\/66761","targetHints":{"allow":["GET"]}}],"collection":[{"href":"https:\/\/goias.gov.br\/fapeg\/wp-json\/wp\/v2\/pages"}],"about":[{"href":"https:\/\/goias.gov.br\/fapeg\/wp-json\/wp\/v2\/types\/page"}],"author":[{"embeddable":true,"href":"https:\/\/goias.gov.br\/fapeg\/wp-json\/wp\/v2\/users\/101"}],"replies":[{"embeddable":true,"href":"https:\/\/goias.gov.br\/fapeg\/wp-json\/wp\/v2\/comments?post=66761"}],"version-history":[{"count":2,"href":"https:\/\/goias.gov.br\/fapeg\/wp-json\/wp\/v2\/pages\/66761\/revisions"}],"predecessor-version":[{"id":77485,"href":"https:\/\/goias.gov.br\/fapeg\/wp-json\/wp\/v2\/pages\/66761\/revisions\/77485"}],"wp:attachment":[{"href":"https:\/\/goias.gov.br\/fapeg\/wp-json\/wp\/v2\/media?parent=66761"}],"curies":[{"name":"wp","href":"https:\/\/api.w.org\/{rel}","templated":true}]}}