

{"id":65072,"date":"2025-05-27T11:51:37","date_gmt":"2025-05-27T14:51:37","guid":{"rendered":"https:\/\/goias.gov.br\/fapeg\/?page_id=65072"},"modified":"2026-03-12T15:02:08","modified_gmt":"2026-03-12T18:02:08","slug":"em-andamento","status":"publish","type":"page","link":"https:\/\/goias.gov.br\/fapeg\/editais\/em-andamento\/","title":{"rendered":"Em Andamento"},"content":{"rendered":"\n<table class=\"planilhaview display\" style=\"width:100%\"><thead><tr><th>N\u00ba<\/th><th>Tipo<\/th><th>Origem<\/th><th>Descri\u00e7\u00e3o<\/th><th>Link<\/th><\/tr><tr><th><input type=\"text\" placeholder=\"Filtrar N\u00ba\"><\/th><th><input type=\"text\" placeholder=\"Filtrar Tipo\"><\/th><th><input type=\"text\" placeholder=\"Filtrar Origem\"><\/th><th><input type=\"text\" placeholder=\"Filtrar Descri\u00e7\u00e3o\"><\/th><th><input type=\"text\" placeholder=\"Filtrar Link\"><\/th><\/tr><\/thead><tbody><tr><td style=\"color: #000000; background-color: #FFFFFF;\">04\/2026*<\/td><td style=\"color: #000000; background-color: #FFFFFF;\">Chamada P\u00fablica <\/td><td style=\"color: #000000; background-color: #FFFFFF;\">Fapeg\/Confap\/ GCUB<\/td><td style=\"color: #000000; background-color: #FFFFFF;\">*Programa GCUB de Mobilidade Internacional - GCUB-Mob (Edital P\u00fablico de Sele\u00e7\u00e3o N\u00ba 001\/2025 ao GCUB-Mob)<\/td><td style=\"color: #467886; background-color: #FFFFFF;text-decoration: underline;\"><a href=\"https:\/\/goias.gov.br\/fapeg\/chamada-04-2026-01-2025-gcub\/\" target=\"_blank\">ABRIR<\/a><\/td><\/tr><tr><td style=\"color: #000000; background-color: #FFFFFF;\">44\/2025<\/td><td style=\"color: #000000; background-color: #FFFFFF;\">Chamada P\u00fablica<\/td><td style=\"color: #000000; background-color: #FFFFFF;\">Fapeg<\/td><td style=\"color: #000000; background-color: #FFFFFF;\">Programa de Concess\u00e3o de Bolsas de Forma\u00e7\u00e3o \u2013 Bolsa de Excel\u00eancia na P\u00f3s-Gradua\u00e7\u00e3o - Edi\u00e7\u00e3o 2026<\/td><td style=\"color: #467886; background-color: #FFFFFF;text-decoration: underline;\"><a href=\"https:\/\/goias.gov.br\/fapeg\/chamada-publica-fapeg-no-44-2025-programa-de-concessao-de-bolsas-de-formacao-bolsa-de-excelencia-na-pos-graduacao-edicao-2026\/\" target=\"_blank\">ABRIR<\/a><\/td><\/tr><tr><td style=\"color: #000000; background-color: #FFFFFF;\">43\/2025<\/td><td style=\"color: #000000; background-color: #FFFFFF;\">Chamada P\u00fablica<\/td><td style=\"color: #000000; background-color: #FFFFFF;\">Fapeg<\/td><td style=\"color: #000000; background-color: #FFFFFF;\">Programa de Concess\u00e3o de Bolsas de Forma\u00e7\u00e3o em Mestrado e Doutorado\/2026<\/td><td style=\"color: #467886; background-color: #FFFFFF;text-decoration: underline;\"><a href=\"https:\/\/goias.gov.br\/fapeg\/chamada-publica-fapeg-no-43-2025-programa-de-concessao-de-bolsas-de-formacao-em-mestrado-e-doutorado-2026\/\" target=\"_blank\">ABRIR<\/a><\/td><\/tr><tr><td style=\"color: #000000; background-color: #FFFFFF;\">42\/2025<\/td><td style=\"color: #000000; background-color: #FFFFFF;\">Chamada P\u00fablica <\/td><td style=\"color: #000000; background-color: #FFFFFF;\">Fapeg\/Senai<\/td><td style=\"color: #000000; background-color: #FFFFFF;\">Edital de Sele\u00e7\u00e3o de Bolsistas para Projetos de Desenvolvimento Tecnol\u00f3gico e Industrial - 2\u00aa Chamada<\/td><td style=\"color: #467886; background-color: #FFFFFF;text-decoration: underline;\"><a href=\"https:\/\/goias.gov.br\/fapeg\/chamada-publica-fapeg-senai-no-42-2025-edital-de-selecao-de-bolsistas-para-projetos-de-desenvolvimento-tecnologico-e-industrial-2a-chamada\/\" target=\"_blank\">ABRIR<\/a><\/td><\/tr><tr><td style=\"color: #000000; background-color: #FFFFFF;\">41\/2025<\/td><td style=\"color: #000000; background-color: #FFFFFF;\">Chamada P\u00fablica <\/td><td style=\"color: #000000; background-color: #FFFFFF;\">Fapeg<\/td><td style=\"color: #000000; background-color: #FFFFFF;\">Chamada P\u00fablica Fapeg n\u00ba 41\/2025 - Sele\u00e7\u00e3o de Bolsistas para Atua\u00e7\u00e3o no Apoio e Desenvolvimento do Tecnova III em Goi\u00e1s e Cadastro de Reserva - A\u00e7\u00e3o Transversal - 3\u00aa Chamada<\/td><td style=\"color: #467886; background-color: #FFFFFF;text-decoration: underline;\"><a href=\"https:\/\/goias.gov.br\/fapeg\/chamada-publica-fapeg-no-41-2025-selecao-de-bolsistas-para-atuacao-no-apoio-e-desenvolvimento-do-tecnova-iii-em-goias-e-cadastro-de-reserva-acao-transversal-3a-chamada\/\" target=\"_blank\">ABRIR<\/a><\/td><\/tr><tr><td style=\"color: #000000; background-color: #FFFFFF;\">40\/2025<\/td><td style=\"color: #000000; background-color: #FFFFFF;\">Chamada P\u00fablica <\/td><td style=\"color: #000000; background-color: #FFFFFF;\">Fapeg<\/td><td style=\"color: #000000; background-color: #FFFFFF;\">Programa de Apoio a Biot\u00e9rios para Experimenta\u00e7\u00e3o Animal<\/td><td style=\"color: #467886; background-color: #FFFFFF;text-decoration: underline;\"><a href=\"https:\/\/goias.gov.br\/fapeg\/chamada-publica-fapeg-no-40-2025-programa-de-apoio-a-bioterios-para-experimentacao-animal\/\" target=\"_blank\">ABRIR<\/a><\/td><\/tr><tr><td style=\"color: #000000; background-color: #FFFFFF;\">39\/2025<\/td><td style=\"color: #000000; background-color: #FFFFFF;\">Chamada P\u00fablica<\/td><td style=\"color: #000000; background-color: #FFFFFF;\">Fapeg<\/td><td style=\"color: #000000; background-color: #FFFFFF;\">Programa Pesquisador Visitante Estrangeiro<\/td><td style=\"color: #467886; background-color: #FFFFFF;text-decoration: underline;\"><a href=\"https:\/\/goias.gov.br\/fapeg\/chamada-publica-fapeg-no-39-2025-programa-pesquisador-visitante-estrangeiro\/\" target=\"_blank\">ABRIR<\/a><\/td><\/tr><tr><td style=\"color: #000000; background-color: #FFFFFF;\">38\/2025<\/td><td style=\"color: #000000; background-color: #FFFFFF;\">Chamada P\u00fablica <\/td><td style=\"color: #000000; background-color: #FFFFFF;\">Fapeg<\/td><td style=\"color: #000000; background-color: #FFFFFF;\">Sele\u00e7\u00e3o de Bolsista para Atua\u00e7\u00e3o no Apoio e Desenvolvimento do Programa Centelha III em Goi\u00e1s<\/td><td style=\"color: #467886; background-color: #FFFFFF;text-decoration: underline;\"><a href=\"https:\/\/goias.gov.br\/fapeg\/chamada-publica-no-38-2025-selecao-de-bolsista-para-atuacao-no-apoio-e-desenvolvimento-do-programa-centelha-iii-em-goias\/\" target=\"_blank\">ABRIR<\/a><\/td><\/tr><tr><td style=\"color: #000000; background-color: #FFFFFF;\">37\/2025<\/td><td style=\"color: #000000; background-color: #FFFFFF;\">Chamada P\u00fablica <\/td><td style=\"color: #000000; background-color: #FFFFFF;\">Fapeg\/Secti<\/td><td style=\"color: #000000; background-color: #FFFFFF;\">Edital de Apoio \u00e0 Pesquisa e Extens\u00e3o em Inova\u00e7\u00e3o na Sociobioeconomia e Uso Sustent\u00e1vel dos Recursos Naturais para o Nordeste Goiano \u2014 Cerrado Tech<\/td><td style=\"color: #467886; background-color: #FFFFFF;text-decoration: underline;\"><a href=\"https:\/\/goias.gov.br\/fapeg\/chamada-publica-fapeg-secti-no-37-2025-edital-de-apoio-a-pesquisa-e-extensao-em-inovacao-na-sociobioeconomia-e-uso-sustentavel-dos-recursos-naturais-para-o-nordeste-goiano-cerrado-tech\/\" target=\"_blank\">ABRIR<\/a><\/td><\/tr><tr><td style=\"color: #000000; background-color: #FFFFFF;\">36\/2025<\/td><td style=\"color: #000000; background-color: #FFFFFF;\">Chamada P\u00fablica <\/td><td style=\"color: #000000; background-color: #FFFFFF;\">Fapeg<\/td><td style=\"color: #000000; background-color: #FFFFFF;\">Edital de Apoio \u00e0 Produ\u00e7\u00e3o de Livros T\u00e9cnico-Cient\u00edficos<\/td><td style=\"color: #467886; background-color: #FFFFFF;text-decoration: underline;\"><a href=\"https:\/\/goias.gov.br\/fapeg\/chamada-publica-fapeg-no-36-2025-edital-de-apoio-a-producao-de-livros-tecnico-cientificos\/\" target=\"_blank\">ABRIR<\/a><\/td><\/tr><tr><td style=\"color: #000000; background-color: #FFFFFF;\">35\/2025<\/td><td style=\"color: #000000; background-color: #FFFFFF;\">Chamada P\u00fablica <\/td><td style=\"color: #000000; background-color: #FFFFFF;\">Fapeg<\/td><td style=\"color: #000000; background-color: #FFFFFF;\">Programade Aux\u00edlio \u00e0 Pesquisa Cient\u00edfica e Tecnol\u00f3gica<\/td><td style=\"color: #467886; background-color: #FFFFFF;text-decoration: underline;\"><a href=\"https:\/\/goias.gov.br\/fapeg\/chamada-publica-fapeg-no-35-2025-programa-de-auxilio-a-pesquisa-cientifica-e-tecnologica\/\" target=\"_blank\">ABRIR<\/a><\/td><\/tr><tr><td style=\"color: #000000; background-color: #FFFFFF;\">34\/2025<\/td><td style=\"color: #000000; background-color: #FFFFFF;\">Chamada P\u00fablica <\/td><td style=\"color: #000000; background-color: #FFFFFF;\">Fapeg\/Secti\/SGG<\/td><td style=\"color: #000000; background-color: #FFFFFF;\">Pr\u00eamio Goi\u00e1s Aberto para a Intelig\u00eancia Artificial \u2013 GO.IA<\/td><td style=\"color: #467886; background-color: #FFFFFF;text-decoration: underline;\"><a href=\"https:\/\/goias.gov.br\/fapeg\/chamada-publica-sgg-secti-fapeg-no-34-2025-premio-goias-aberto-para-a-inteligencia-artificial-go-ia\/\" target=\"_blank\">ABRIR<\/a><\/td><\/tr><tr><td style=\"color: #000000; background-color: #FFFFFF;\">33\/2025<\/td><td style=\"color: #000000; background-color: #FFFFFF;\">Chamada P\u00fablica<\/td><td style=\"color: #000000; background-color: #FFFFFF;\">Fapeg<\/td><td style=\"color: #000000; background-color: #FFFFFF;\">Apoio a Projetos para o Enfrentamento da Viol\u00eancia Contra Mulheres e Meninas<\/td><td style=\"color: #467886; background-color: #FFFFFF;text-decoration: underline;\"><a href=\"https:\/\/goias.gov.br\/fapeg\/?p=87072&preview=true\" target=\"_blank\">ABRIR<\/a><\/td><\/tr><tr><td style=\"color: #000000; background-color: #FFFFFF;\">31\/2025<\/td><td style=\"color: #000000; background-color: #FFFFFF;\">Chamada P\u00fablica <\/td><td style=\"color: #000000; background-color: #FFFFFF;\">Fapeg\/Confap<\/td><td style=\"color: #000000; background-color: #FFFFFF;\">Edital Complementar \u00e0 Chamada Confap - ERC IA 2025<\/td><td style=\"color: #467886; background-color: #FFFFFF;text-decoration: underline;\"><a href=\"https:\/\/goias.gov.br\/fapeg\/?p=83699&preview=true\" target=\"_blank\">ABRIR<\/a><\/td><\/tr><tr><td style=\"color: #000000; background-color: #FFFFFF;\">29\/2025<\/td><td style=\"color: #000000; background-color: #FFFFFF;\">Chamada P\u00fablica <\/td><td style=\"color: #000000; background-color: #FFFFFF;\">Fapeg\/Finep<\/td><td style=\"color: #000000; background-color: #FFFFFF;\">Programa Nacional de Apoio \u00e0 Gera\u00e7\u00e3o de Empreendimentos Inovadores - Programa Centelha 3 Goi\u00e1s<\/td><td style=\"color: #467886; background-color: #FFFFFF;text-decoration: underline;\"><a href=\"https:\/\/goias.gov.br\/fapeg\/chamada-publica-fapeg-finep-no-29-2025-programa-nacional-de-apoio-a-geracao-de-empreendimentos-inovadores-programa-centelha-3-goias\/\" target=\"_blank\">ABRIR<\/a><\/td><\/tr><tr><td style=\"color: #000000; background-color: #FFFFFF;\">28\/2025<\/td><td style=\"color: #000000; background-color: #FFFFFF;\">Chamada P\u00fablica <\/td><td style=\"color: #000000; background-color: #FFFFFF;\">Fapeg<\/td><td style=\"color: #000000; background-color: #FFFFFF;\">Programa de Apoio \u00e0 Manuten\u00e7\u00e3o de Laborat\u00f3rios  e Espa\u00e7os Multiusu\u00e1rios <\/td><td style=\"color: #467886; background-color: #FFFFFF;text-decoration: underline;\"><a href=\"https:\/\/goias.gov.br\/fapeg\/chamada-publica-no28-2025-programa-de-apoio-a-manutencao-de-laboratorios-e-espacos-multiusuarios\/\" target=\"_blank\">ABRIR<\/a><\/td><\/tr><tr><td style=\"color: #000000; background-color: #FFFFFF;\">27\/2025<\/td><td style=\"color: #000000; background-color: #FFFFFF;\">Chamada P\u00fablica <\/td><td style=\"color: #000000; background-color: #FFFFFF;\">Fapeg\/IEL GO<\/td><td style=\"color: #000000; background-color: #FFFFFF;\">Sele\u00e7\u00e3o de Bolsistas para Projetos de Desenvolvimento Tecnol\u00f3gico e Industrial Vinculados ao Programa INOVA TALENTOS IEL\/FAPEG<\/td><td style=\"color: #467886; background-color: #FFFFFF;text-decoration: underline;\"><a href=\"https:\/\/goias.gov.br\/fapeg\/chamada-publica-fapeg-no-27-2025-selecao-de-bolsistas-para-projetos-de-desenvolvimento-tecnologico-e-industrial-vinculados-ao-programa-inova-talentos-iel-fapeg\/\" target=\"_blank\">ABRIR<\/a><\/td><\/tr><tr><td style=\"color: #000000; background-color: #FFFFFF;\">26\/2025<\/td><td style=\"color: #000000; background-color: #FFFFFF;\">Chamada P\u00fablica <\/td><td style=\"color: #000000; background-color: #FFFFFF;\">Chamada Complementar  <\/td><td style=\"color: #000000; background-color: #FFFFFF;\">Chamada Complementar \u00e0 Chamada P\u00fablica Fapeg n\u00ba 30\/2024 \u2013 Projeto FAPEG\/SECTI para Experi\u00eancia Acad\u00eamica Internacional<\/td><td style=\"color: #467886; background-color: #FFFFFF;text-decoration: underline;\"><a href=\"https:\/\/goias.gov.br\/fapeg\/chamada-publica-fapeg-no-26-2025-chamada-complementar-a-chamada-publica-fapeg-no-30-2024-projeto-fapeg-secti-para-experiencia-academica-internacional\/\" target=\"_blank\">ABRIR<\/a><\/td><\/tr><tr><td style=\"color: #000000; background-color: #FFFFFF;\">24\/2025<\/td><td style=\"color: #000000; background-color: #FFFFFF;\">Chamada P\u00fablica <\/td><td style=\"color: #000000; background-color: #FFFFFF;\">Fapeg <\/td><td style=\"color: #000000; background-color: #FFFFFF;\">Apoio a Projetos na \u00c1rea de Humanidades<\/td><td style=\"color: #467886; background-color: #FFFFFF;text-decoration: underline;\"><a href=\"https:\/\/goias.gov.br\/fapeg\/chamada-publica-fapeg-no-24-2025-apoio-a-projetos-na-area-de-humanidades\/\" target=\"_blank\">ABRIR<\/a><\/td><\/tr><tr><td style=\"color: #000000; background-color: #FFFFFF;\">23\/2025<\/td><td style=\"color: #000000; background-color: #FFFFFF;\">Chamada P\u00fablica <\/td><td style=\"color: #000000; background-color: #FFFFFF;\">Fapeg<\/td><td style=\"color: #000000; background-color: #FFFFFF;\">Programa de Aux\u00edlio \u00e0 Pesquisa - Apoio \u00e0 Consolida\u00e7\u00e3o de Centros de Pesquisa Emergentes<\/td><td style=\"color: #467886; background-color: #FFFFFF;text-decoration: underline;\"><a href=\"https:\/\/goias.gov.br\/fapeg\/chamada-publica-fapeg-no-23-2025-programa-de-auxilio-a-pesquisa-apoio-a-consolidacao-de-centros-de-pesquisa-emergentes\/\" target=\"_blank\">ABRIR<\/a><\/td><\/tr><tr><td style=\"color: #000000; background-color: #FFFFFF;\">01\/2025<\/td><td style=\"color: #000000; background-color: #FFFFFF;\">Chamada P\u00fablica <\/td><td style=\"color: #000000; background-color: #FFFFFF;\">Fapeg<\/td><td style=\"color: #000000; background-color: #FFFFFF;\">Edital Goianos e Goianas em Destaque em CT&I<\/td><td style=\"color: #467886; background-color: #FFFFFF;text-decoration: underline;\"><a href=\"https:\/\/goias.gov.br\/fapeg\/chamada-publica-confap-fapeg-n01-2025-goianos-e-goianas-em-destaque-em-cti\/\" target=\"_blank\">ABRIR<\/a><\/td><\/tr><\/tbody><\/table><div class=\"wp-block-file\"><a href=\"https:\/\/goias.gov.br\/fapeg\/wp-content\/uploads\/sites\/5\/2026\/03\/Editais-em-Andamento-em-12-de-marco-de-2026.xlsx\">Editais-em-Andamento-em-12-de-marco-de-2026.xlsx&nbsp; <span class=\"wp-block-file__button wp-element-button\">Baixar<\/span><\/a><\/div>\n","protected":false},"excerpt":{"rendered":"","protected":false},"author":62,"featured_media":0,"parent":65032,"menu_order":0,"comment_status":"closed","ping_status":"closed","template":"","meta":{"footnotes":""},"class_list":["post-65072","page","type-page","status-publish","hentry"],"rttpg_featured_image_url":null,"rttpg_author":{"display_name":"italoreis","author_link":"https:\/\/goias.gov.br\/fapeg\/author\/italoreis\/"},"rttpg_comment":0,"rttpg_category":null,"rttpg_excerpt":null,"_links":{"self":[{"href":"https:\/\/goias.gov.br\/fapeg\/wp-json\/wp\/v2\/pages\/65072","targetHints":{"allow":["GET"]}}],"collection":[{"href":"https:\/\/goias.gov.br\/fapeg\/wp-json\/wp\/v2\/pages"}],"about":[{"href":"https:\/\/goias.gov.br\/fapeg\/wp-json\/wp\/v2\/types\/page"}],"author":[{"embeddable":true,"href":"https:\/\/goias.gov.br\/fapeg\/wp-json\/wp\/v2\/users\/62"}],"replies":[{"embeddable":true,"href":"https:\/\/goias.gov.br\/fapeg\/wp-json\/wp\/v2\/comments?post=65072"}],"version-history":[{"count":2,"href":"https:\/\/goias.gov.br\/fapeg\/wp-json\/wp\/v2\/pages\/65072\/revisions"}],"predecessor-version":[{"id":92178,"href":"https:\/\/goias.gov.br\/fapeg\/wp-json\/wp\/v2\/pages\/65072\/revisions\/92178"}],"up":[{"embeddable":true,"href":"https:\/\/goias.gov.br\/fapeg\/wp-json\/wp\/v2\/pages\/65032"}],"wp:attachment":[{"href":"https:\/\/goias.gov.br\/fapeg\/wp-json\/wp\/v2\/media?parent=65072"}],"curies":[{"name":"wp","href":"https:\/\/api.w.org\/{rel}","templated":true}]}}