

{"id":65059,"date":"2025-05-27T11:47:10","date_gmt":"2025-05-27T14:47:10","guid":{"rendered":"https:\/\/goias.gov.br\/fapeg\/?page_id=65059"},"modified":"2026-05-04T11:09:56","modified_gmt":"2026-05-04T14:09:56","slug":"inscricoes-abertas","status":"publish","type":"page","link":"https:\/\/goias.gov.br\/fapeg\/editais\/inscricoes-abertas\/","title":{"rendered":"Inscri\u00e7\u00f5es Abertas"},"content":{"rendered":"\n<table class=\"planilhaview display\" style=\"width:100%\"><thead><tr><th>N\u00ba<\/th><th>Tipo<\/th><th>Origem<\/th><th>Descri\u00e7\u00e3o<\/th><th>Link<\/th><\/tr><tr><th><input type=\"text\" placeholder=\"Filtrar N\u00ba\"><\/th><th><input type=\"text\" placeholder=\"Filtrar Tipo\"><\/th><th><input type=\"text\" placeholder=\"Filtrar Origem\"><\/th><th><input type=\"text\" placeholder=\"Filtrar Descri\u00e7\u00e3o\"><\/th><th><input type=\"text\" placeholder=\"Filtrar Link\"><\/th><\/tr><\/thead><tbody><tr><td style=\"color: #000000; background-color: #FFFFFF;\">09\/2026<\/td><td style=\"color: #000000; background-color: #FFFFFF;\">Chamada P\u00fablica <\/td><td style=\"color: #000000; background-color: #FFFFFF;\">Fapeg\/Secti<\/td><td style=\"color: #000000; background-color: #FFFFFF;\">Experi\u00eancia Acad\u00eamica Internacional - Programa Goi\u00e1s pelo Mundo<\/td><td style=\"color: #467886; background-color: #FFFFFF;text-decoration: underline;\"><a href=\"https:\/\/goias.gov.br\/fapeg\/chamada-publica-09-2026-experiencia-academica-internacional-goias-pelo-mundo\/\" target=\"_blank\">ABRIR<\/a><\/td><\/tr><tr><td style=\"color: #000000; background-color: #FFFFFF;\">08\/2026<\/td><td style=\"color: #000000; background-color: #FFFFFF;\">Chamada P\u00fablica <\/td><td style=\"color: #000000; background-color: #FFFFFF;\">Fapeg<\/td><td style=\"color: #000000; background-color: #FFFFFF;\">Programa de Mobilidade Internacional \u2013 Participa\u00e7\u00e3o em Eventos no Exterior (2026-2027)<\/td><td style=\"color: #467886; background-color: #FFFFFF;text-decoration: underline;\"><a href=\"https:\/\/goias.gov.br\/fapeg\/chamada-publica-no-08-2026-programa-de-mobilidade-internacional-participacao-em-eventos-no-exterior-2026-2027\/\" target=\"_blank\">ABRIR<\/a><\/td><\/tr><tr><td style=\"color: #000000; background-color: #FFFFFF;\">07\/2026<\/td><td style=\"color: #000000; background-color: #FFFFFF;\">Chamada P\u00fablica <\/td><td style=\"color: #000000; background-color: #FFFFFF;\">Fapeg\/FGB<\/td><td style=\"color: #000000; background-color: #FFFFFF;\">Chamada Cerrado: Solu\u00e7\u00f5es para Prote\u00e7\u00e3o da Biodiversidade no Cerrado de Goi\u00e1s Frente aos Inc\u00eandios Florestais<\/td><td style=\"color: #467886; background-color: #FFFFFF;text-decoration: underline;\"><a href=\"https:\/\/goias.gov.br\/fapeg\/chamada-publica-fapeg-fgb-no-07-2026-chamada-cerrado-solucoes-para-protecao-da-biodiversidade-no-cerrado-de-goias-frente-aos-incendios-florestais\/\" target=\"_blank\">ABRIR<\/a><\/td><\/tr><tr><td style=\"color: #000000; background-color: #FFFFFF;\">05\/2026<\/td><td style=\"color: #000000; background-color: #FFFFFF;\">Chamada P\u00fablica <\/td><td style=\"color: #000000; background-color: #FFFFFF;\">Fapeg\/Secti<\/td><td style=\"color: #000000; background-color: #FFFFFF;\">Programa Goi\u00e1s pelo Mundo - Mestrado Internacional<\/td><td style=\"color: #467886; background-color: #FFFFFF;text-decoration: underline;\"><a href=\"https:\/\/goias.gov.br\/fapeg\/chamada-publica-secti-fapeg-no-05-2026-programa-goias-pelo-mundo-mestrado-internacional\/\" target=\"_blank\">ABRIR<\/a><\/td><\/tr><tr><td style=\"color: #000000; background-color: #FFFFFF;\">06\/2026<\/td><td style=\"color: #000000; background-color: #FFFFFF;\">Chamada P\u00fablica <\/td><td style=\"color: #000000; background-color: #FFFFFF;\">Fapeg<\/td><td style=\"color: #000000; background-color: #FFFFFF;\">Programa de Aux\u00edlio \u00e0 Pesquisa Cient\u00edfica e Tecnol\u00f3gica - Aquisi\u00e7\u00e3o de Equipamentos<\/td><td style=\"color: #467886; background-color: #FFFFFF;text-decoration: underline;\"><a href=\"https:\/\/goias.gov.br\/fapeg\/chamada-publica-fapeg-no-06-2026-programa-de-auxilio-a-pesquisa-cientifica-e-tecnologica-aquisicao-de-equipamentos\/\" target=\"_blank\">ABRIR<\/a><\/td><\/tr><tr><td style=\"color: #000000; background-color: #FFFFFF;\">02\/2026<\/td><td style=\"color: #000000; background-color: #FFFFFF;\">Chamada P\u00fablica <\/td><td style=\"color: #000000; background-color: #FFFFFF;\">Fapeg<\/td><td style=\"color: #000000; background-color: #FFFFFF;\">Programa de Apoio \u00e0 Realiza\u00e7\u00e3o de Eventos Cient\u00edficos, Tecnol\u00f3gicos e de Inova\u00e7\u00e3o<\/td><td style=\"color: #467886; background-color: #FFFFFF;text-decoration: underline;\"><a href=\"https:\/\/goias.gov.br\/fapeg\/programa-de-apoio-a-realizacao-de-eventos-cientificos-tecnologicos-e-de-inovacao\/\" target=\"_blank\">ABRIR<\/a><\/td><\/tr><tr><td style=\"color: #000000; background-color: #FFFFFF;\">01\/2026<\/td><td style=\"color: #000000; background-color: #FFFFFF;\">Chamada P\u00fablica <\/td><td style=\"color: #000000; background-color: #FFFFFF;\">Fapeg\/Secti<\/td><td style=\"color: #000000; background-color: #FFFFFF;\">Pr\u00eamio Goiano de Ci\u00eancia, Tecnologia e Inova\u00e7\u00e3o - Edi\u00e7\u00e3o 2025<\/td><td style=\"color: #467886; background-color: #FFFFFF;text-decoration: underline;\"><a href=\"https:\/\/goias.gov.br\/fapeg\/chamada-publica-fapeg-no-01-2026-premio-goiano-de-ciencia-tecnologia-e-inovacao-edicao-2025\/\" target=\"_blank\">ABRIR<\/a><\/td><\/tr><tr><td style=\"color: #000000; background-color: #FFFFFF;\">45\/2025<\/td><td style=\"color: #000000; background-color: #FFFFFF;\">Chamada P\u00fablica <\/td><td style=\"color: #000000; background-color: #FFFFFF;\">Fapeg\/Sead<\/td><td style=\"color: #000000; background-color: #FFFFFF;\">Programa de Apoio ao Desenvolvimento Cient\u00edfico, Tecnol\u00f3gico e de Inova\u00e7\u00e3o Aplicado \u00e0 Gest\u00e3o P\u00fablica \u2013 Apoio \u00e0 Forma\u00e7\u00e3o Acad\u00eamica de Servidores do Estado de Goi\u00e1s<\/td><td style=\"color: #467886; background-color: #FFFFFF;text-decoration: underline;\"><a href=\"https:\/\/goias.gov.br\/fapeg\/chamada-publica-fapeg-sead-no-45-2025-programa-de-apoio-ao-desenvolvimento-cientifico-tecnologico-e-de-inovacao-aplicado-a-gestao-publica-apoio-a-formacao-academica-de-servidores-do-estado-de-goia\/\" target=\"_blank\">ABRIR<\/a><\/td><\/tr><\/tbody><\/table><div class=\"wp-block-file\"><a href=\"https:\/\/goias.gov.br\/fapeg\/wp-content\/uploads\/sites\/5\/2026\/05\/Editais-Inscricoes-Abertas-em-04-de-maio-de-2026.xlsx\">Editais-Inscricoes-Abertas-em-04-de-maio-de-2026.xlsx&nbsp; <span class=\"wp-block-file__button wp-element-button\">Baixar<\/span><\/a><\/div>\n\n\n\n<p><\/p>\n","protected":false},"excerpt":{"rendered":"","protected":false},"author":62,"featured_media":0,"parent":65032,"menu_order":0,"comment_status":"closed","ping_status":"closed","template":"","meta":{"footnotes":""},"class_list":["post-65059","page","type-page","status-publish","hentry"],"rttpg_featured_image_url":null,"rttpg_author":{"display_name":"italoreis","author_link":"https:\/\/goias.gov.br\/fapeg\/author\/italoreis\/"},"rttpg_comment":0,"rttpg_category":null,"rttpg_excerpt":null,"_links":{"self":[{"href":"https:\/\/goias.gov.br\/fapeg\/wp-json\/wp\/v2\/pages\/65059","targetHints":{"allow":["GET"]}}],"collection":[{"href":"https:\/\/goias.gov.br\/fapeg\/wp-json\/wp\/v2\/pages"}],"about":[{"href":"https:\/\/goias.gov.br\/fapeg\/wp-json\/wp\/v2\/types\/page"}],"author":[{"embeddable":true,"href":"https:\/\/goias.gov.br\/fapeg\/wp-json\/wp\/v2\/users\/62"}],"replies":[{"embeddable":true,"href":"https:\/\/goias.gov.br\/fapeg\/wp-json\/wp\/v2\/comments?post=65059"}],"version-history":[{"count":2,"href":"https:\/\/goias.gov.br\/fapeg\/wp-json\/wp\/v2\/pages\/65059\/revisions"}],"predecessor-version":[{"id":105598,"href":"https:\/\/goias.gov.br\/fapeg\/wp-json\/wp\/v2\/pages\/65059\/revisions\/105598"}],"up":[{"embeddable":true,"href":"https:\/\/goias.gov.br\/fapeg\/wp-json\/wp\/v2\/pages\/65032"}],"wp:attachment":[{"href":"https:\/\/goias.gov.br\/fapeg\/wp-json\/wp\/v2\/media?parent=65059"}],"curies":[{"name":"wp","href":"https:\/\/api.w.org\/{rel}","templated":true}]}}