

{"id":4579,"date":"2016-06-07T09:36:20","date_gmt":"2016-06-07T12:36:20","guid":{"rendered":"http:\/\/www.fapeg.go.gov.br\/?page_id=4579"},"modified":"2026-02-03T14:23:59","modified_gmt":"2026-02-03T17:23:59","slug":"prestacao-de-contas-participacao-em-eventos","status":"publish","type":"page","link":"https:\/\/goias.gov.br\/fapeg\/pesquisador\/prestacao-de-contas\/prestacao-de-contas-participacao-em-eventos\/","title":{"rendered":"Presta\u00e7\u00e3o de contas &#8211; Participa\u00e7\u00e3o em Eventos"},"content":{"rendered":"<p><span data-olk-copy-source=\"MessageBody\">Planilha de Presta\u00e7\u00e3o de Contas Final &#8211; Participa\u00e7\u00e3o em Eventos <a href=\"https:\/\/goias.gov.br\/fapeg\/wp-content\/uploads\/sites\/5\/2025\/12\/Participacao-em-Eventos-Formulario-de-Prestacao-de-Contas.xlsx\">(XLS<\/a>)<\/span><\/p>\n<p><a href=\"https:\/\/docs.google.com\/forms\/d\/e\/1FAIpQLSfbgj5jMOz97hoQjEj08b7Wdn0j3rpnySYMfhrNLy0UAo-65g\/viewform?pli=1\" target=\"_blank\" rel=\"noopener noreferrer\">Formul\u00e1rio para Encaminhamento de Presta\u00e7\u00e3o de Contas Final \u2013\u00a0Participa\u00e7\u00e3o em\u00a0Eventos<\/a><\/p>\n","protected":false},"excerpt":{"rendered":"<p>Planilha de Presta\u00e7\u00e3o de Contas Final &#8211; Participa\u00e7\u00e3o em Eventos (XLS) Formul\u00e1rio para Encaminhamento de Presta\u00e7\u00e3o de Contas Final \u2013\u00a0Participa\u00e7\u00e3o em\u00a0Eventos<\/p>\n","protected":false},"author":46,"featured_media":0,"parent":18,"menu_order":0,"comment_status":"closed","ping_status":"closed","template":"","meta":{"footnotes":""},"class_list":["post-4579","page","type-page","status-publish","hentry"],"rttpg_featured_image_url":null,"rttpg_author":{"display_name":"cleybetsls","author_link":"https:\/\/goias.gov.br\/fapeg\/author\/cleybetsls\/"},"rttpg_comment":0,"rttpg_category":null,"rttpg_excerpt":"Planilha de Presta\u00e7\u00e3o de Contas Final &#8211; Participa\u00e7\u00e3o em Eventos (XLS) Formul\u00e1rio para Encaminhamento de Presta\u00e7\u00e3o de Contas Final \u2013\u00a0Participa\u00e7\u00e3o em\u00a0Eventos","_links":{"self":[{"href":"https:\/\/goias.gov.br\/fapeg\/wp-json\/wp\/v2\/pages\/4579","targetHints":{"allow":["GET"]}}],"collection":[{"href":"https:\/\/goias.gov.br\/fapeg\/wp-json\/wp\/v2\/pages"}],"about":[{"href":"https:\/\/goias.gov.br\/fapeg\/wp-json\/wp\/v2\/types\/page"}],"author":[{"embeddable":true,"href":"https:\/\/goias.gov.br\/fapeg\/wp-json\/wp\/v2\/users\/46"}],"replies":[{"embeddable":true,"href":"https:\/\/goias.gov.br\/fapeg\/wp-json\/wp\/v2\/comments?post=4579"}],"version-history":[{"count":2,"href":"https:\/\/goias.gov.br\/fapeg\/wp-json\/wp\/v2\/pages\/4579\/revisions"}],"predecessor-version":[{"id":89893,"href":"https:\/\/goias.gov.br\/fapeg\/wp-json\/wp\/v2\/pages\/4579\/revisions\/89893"}],"up":[{"embeddable":true,"href":"https:\/\/goias.gov.br\/fapeg\/wp-json\/wp\/v2\/pages\/18"}],"wp:attachment":[{"href":"https:\/\/goias.gov.br\/fapeg\/wp-json\/wp\/v2\/media?parent=4579"}],"curies":[{"name":"wp","href":"https:\/\/api.w.org\/{rel}","templated":true}]}}