

{"id":36705,"date":"2023-09-19T13:47:08","date_gmt":"2023-09-19T16:47:08","guid":{"rendered":"https:\/\/siteshom.goias.gov.br\/fapeg\/?page_id=36705"},"modified":"2025-06-23T19:46:45","modified_gmt":"2025-06-23T22:46:45","slug":"julgamento-de-contas-pelo-tce-go","status":"publish","type":"page","link":"https:\/\/goias.gov.br\/fapeg\/julgamento-de-contas-pelo-tce-go\/","title":{"rendered":"Julgamento de Contas pelo TCE-GO"},"content":{"rendered":"<p><strong>\u00a0Ac\u00f3rd\u00e3os de Julgamento de contas :<\/p>\n<p><\/strong><\/p>\n<ul>\n<li>Ac\u00f3rd\u00e3o 2024 (em an\u00e1lise na CGE)<\/li>\n<li>Ac\u00f3rd\u00e3o 2023 ( em fase de aprecia\u00e7\u00e3o do TCE)<\/li>\n<li><a href=\"https:\/\/goias.gov.br\/fapeg\/wp-content\/uploads\/sites\/5\/2024\/10\/1_02___Acordao_N__3052_2024-1.pdf\" target=\"_blank\" rel=\"noopener\">Ac\u00f3rd\u00e3o 2022<\/a><\/li>\n<li><a href=\"https:\/\/goias.gov.br\/fapeg\/wp-content\/uploads\/sites\/5\/2023\/09\/aprovacao-2021.pdf\">Ac\u00f3rd\u00e3o 2021<\/a><\/li>\n<li><a href=\"https:\/\/goias.gov.br\/fapeg\/wp-content\/uploads\/sites\/5\/2023\/09\/aprovacao-2020.pdf\">Ac\u00f3rd\u00e3o 2020<\/a><\/li>\n<li style=\"text-align: left;\"><a href=\"https:\/\/goias.gov.br\/fapeg\/wp-content\/uploads\/sites\/5\/2023\/09\/aprovacao-2019.pdf\">Ac\u00f3rd\u00e3o 2019<\/a><\/li>\n<\/ul>\n","protected":false},"excerpt":{"rendered":"<p>\u00a0Ac\u00f3rd\u00e3os de Julgamento de contas : Ac\u00f3rd\u00e3o 2024 (em an\u00e1lise na CGE) Ac\u00f3rd\u00e3o 2023 ( em fase de aprecia\u00e7\u00e3o do TCE) Ac\u00f3rd\u00e3o 2022 Ac\u00f3rd\u00e3o 2021 Ac\u00f3rd\u00e3o 2020 Ac\u00f3rd\u00e3o 2019<\/p>\n","protected":false},"author":79,"featured_media":0,"parent":0,"menu_order":0,"comment_status":"closed","ping_status":"closed","template":"","meta":{"footnotes":""},"class_list":["post-36705","page","type-page","status-publish","hentry"],"rttpg_featured_image_url":null,"rttpg_author":{"display_name":"isabeldias","author_link":"https:\/\/goias.gov.br\/fapeg\/author\/isabeldias\/"},"rttpg_comment":0,"rttpg_category":null,"rttpg_excerpt":"\u00a0Ac\u00f3rd\u00e3os de Julgamento de contas : Ac\u00f3rd\u00e3o 2024 (em an\u00e1lise na CGE) Ac\u00f3rd\u00e3o 2023 ( em fase de aprecia\u00e7\u00e3o do TCE) Ac\u00f3rd\u00e3o 2022 Ac\u00f3rd\u00e3o 2021 Ac\u00f3rd\u00e3o 2020 Ac\u00f3rd\u00e3o 2019","_links":{"self":[{"href":"https:\/\/goias.gov.br\/fapeg\/wp-json\/wp\/v2\/pages\/36705","targetHints":{"allow":["GET"]}}],"collection":[{"href":"https:\/\/goias.gov.br\/fapeg\/wp-json\/wp\/v2\/pages"}],"about":[{"href":"https:\/\/goias.gov.br\/fapeg\/wp-json\/wp\/v2\/types\/page"}],"author":[{"embeddable":true,"href":"https:\/\/goias.gov.br\/fapeg\/wp-json\/wp\/v2\/users\/79"}],"replies":[{"embeddable":true,"href":"https:\/\/goias.gov.br\/fapeg\/wp-json\/wp\/v2\/comments?post=36705"}],"version-history":[{"count":2,"href":"https:\/\/goias.gov.br\/fapeg\/wp-json\/wp\/v2\/pages\/36705\/revisions"}],"predecessor-version":[{"id":71082,"href":"https:\/\/goias.gov.br\/fapeg\/wp-json\/wp\/v2\/pages\/36705\/revisions\/71082"}],"wp:attachment":[{"href":"https:\/\/goias.gov.br\/fapeg\/wp-json\/wp\/v2\/media?parent=36705"}],"curies":[{"name":"wp","href":"https:\/\/api.w.org\/{rel}","templated":true}]}}