

{"id":36133,"date":"2023-06-30T14:37:06","date_gmt":"2023-06-30T17:37:06","guid":{"rendered":"http:\/\/www.fapeg.go.gov.br\/?page_id=36133"},"modified":"2026-03-25T16:31:36","modified_gmt":"2026-03-25T19:31:36","slug":"relatorio-de-gestao-ou-atividades","status":"publish","type":"page","link":"https:\/\/goias.gov.br\/fapeg\/relatorio-de-gestao-ou-atividades\/","title":{"rendered":"Relat\u00f3rio de Gest\u00e3o ou Atividades"},"content":{"rendered":"<p><strong>Relat\u00f3rio de Gest\u00e3o<br \/>\n<\/strong><br \/>\n<a href=\"https:\/\/goias.gov.br\/fapeg\/wp-content\/uploads\/sites\/5\/2026\/03\/Relatorio-2025-Prestacao-de-Contas-FAPEG-1.pdf\">Exerc\u00edcio 2025<\/a><a href=\"https:\/\/goias.gov.br\/fapeg\/wp-content\/uploads\/sites\/5\/2025\/06\/Relatorio_de_Gestao_2024_otimizado.pdf\"><br \/>\nExerc\u00edcio 2024<\/a><br \/>\n<a href=\"https:\/\/goias.gov.br\/fapeg\/wp-content\/uploads\/sites\/5\/2024\/05\/Relatorio-de-Gestao-2023-final-1-1.pdf\" target=\"_blank\" rel=\"noopener\">Exerc\u00edcio 2023<\/a><br \/>\n<a href=\"https:\/\/goias.gov.br\/fapeg\/wp-content\/uploads\/sites\/5\/2023\/06\/2022-Relatorio-de-Gestao.pdf\">Exerc\u00edcio 2022<\/a><br \/>\n<a href=\"https:\/\/goias.gov.br\/fapeg\/wp-content\/uploads\/sites\/5\/2023\/06\/2021-Relatorio-de-Gestao.pdf\">Exerc\u00edcio 2021<\/a><br \/>\n<a href=\"https:\/\/goias.gov.br\/fapeg\/wp-content\/uploads\/sites\/5\/2023\/09\/2020-Relatorio-de-Gestao.pdf\">Exerc\u00edcio 2020<\/a><\/p>\n<p><strong>Relat\u00f3rio de Monitoramento PPA FAPEG<\/strong><\/p>\n<p><a href=\"https:\/\/goias.gov.br\/fapeg\/wp-content\/uploads\/sites\/5\/2026\/03\/SIPLAM-2025-Relatorio-Consolidacao-Analitica.pdf\">Relat\u00f3rio 2025<\/a><br \/>\n<a href=\"https:\/\/goias.gov.br\/fapeg\/wp-content\/uploads\/sites\/5\/2025\/05\/Relatorio_Monitoramento_PPA_2024.pdf\">Relat\u00f3rio 2024<\/a><br \/>\n<a href=\"https:\/\/goias.gov.br\/fapeg\/wp-content\/uploads\/sites\/5\/2024\/05\/Relatorio-Monitoramento-PPA-2020-2024.pdf\" target=\"_blank\" rel=\"noopener\">Relat\u00f3rio 2023<\/a><br \/>\n<a href=\"https:\/\/goias.gov.br\/fapeg\/wp-content\/uploads\/sites\/5\/2023\/09\/Relatorio-Consolidacao-Analitica-2022.pdf\" target=\"_blank\" rel=\"noopener\">Relat\u00f3rio 2022<\/a><br \/>\n<a href=\"https:\/\/goias.gov.br\/fapeg\/wp-content\/uploads\/sites\/5\/2023\/09\/Relatorio-Consolidacao-Analitica-2021.pdf\" target=\"_blank\" rel=\"noopener\">Relat\u00f3rio 2021<\/a><br \/>\n<a href=\"https:\/\/goias.gov.br\/fapeg\/wp-content\/uploads\/sites\/5\/2021\/05\/3-Relat\u00f3rio-Consolidacao-Analitica-2020.pdf\">Relat\u00f3rio 2020<\/a><br \/>\n<a href=\"https:\/\/goias.gov.br\/fapeg\/wp-content\/uploads\/sites\/5\/2021\/05\/2-Relatorio-Consolidacao-Analitica-2019.pdf\">Relat\u00f3rio 2019<\/a><br \/>\n<a href=\"https:\/\/goias.gov.br\/fapeg\/wp-content\/uploads\/sites\/5\/2021\/05\/1-Relatorio-Consolidacao-Analitica_2018.pdf\">Relat\u00f3rio 2018<\/a><\/p>\n<p><strong>Relat\u00f3rios de Monitoramento dos Programas do PPA FAPEG<\/strong><\/p>\n<p><a href=\"https:\/\/goias.gov.br\/fapeg\/wp-content\/uploads\/sites\/5\/2026\/03\/Relatorios-de-Monitoramento-dos-Programas-do-PPA-FAPEG-2025.pdf\">2025<\/a><br \/>\n<a href=\"https:\/\/goias.gov.br\/fapeg\/wp-content\/uploads\/sites\/5\/2025\/05\/Relatorio_Programas_FAPEG_2024.pdf\">2024<\/a><strong><br \/>\n<\/strong><a href=\"https:\/\/goias.gov.br\/fapeg\/wp-content\/uploads\/sites\/5\/2025\/05\/Relatorio_Programas_FAPEG_2023.pdf\">2023<\/a><br \/>\n<a href=\"https:\/\/goias.gov.br\/fapeg\/wp-content\/uploads\/sites\/5\/2025\/05\/Relatorio_Programas_FAPEG_2022.pdf\">2022<\/a><br \/>\n<a href=\"https:\/\/goias.gov.br\/fapeg\/wp-content\/uploads\/sites\/5\/2025\/05\/Relatorio_Programas_FAPEG_2021.pdf\">2021<\/a><br \/>\n<a href=\"https:\/\/goias.gov.br\/fapeg\/wp-content\/uploads\/sites\/5\/2025\/05\/Relatorio_Programas_FAPEG_2020.pdf\">2020<\/a><\/p>\n<p><strong>Relat\u00f3rios de Execu\u00e7\u00e3o Or\u00e7ament\u00e1ria e Financeira da FAPEG<br \/>\n<\/strong><br \/>\n<a href=\"https:\/\/goias.gov.br\/fapeg\/wp-content\/uploads\/sites\/5\/2026\/03\/2025-JAN-a-DEZ_Exec-Orca-e-Financ_05-01-2026-1-1.pdf\">2019-2025<\/a><br \/>\n<a href=\"https:\/\/goias.gov.br\/fapeg\/wp-content\/uploads\/sites\/5\/2025\/05\/2024___JAN_a_DEZEMBRO_Exec_Orca_e_Financ-1.pdf\" target=\"_blank\" rel=\"noopener\">2019-2024<\/a><br \/>\n<a href=\"https:\/\/goias.gov.br\/fapeg\/wp-content\/uploads\/sites\/5\/2024\/05\/2023-JAN-a-DEZEMBRO_Exec-Orca-e-Financ.pdf\" target=\"_blank\" rel=\"noopener\">2018-2023<\/a><br \/>\n<a href=\"https:\/\/goias.gov.br\/fapeg\/wp-content\/uploads\/sites\/5\/2023\/10\/Execucao-Orcam-e-Financ-Fapeg_2018-2022.pdf\" target=\"_blank\" rel=\"noopener\">2018-2022<\/a><br \/>\n<a href=\"https:\/\/goias.gov.br\/fapeg\/wp-content\/uploads\/sites\/5\/2023\/10\/Execucao-Orcam-e-Financ-Fapeg_2018-2021.pdf\" target=\"_blank\" rel=\"noopener\">2018-2021<\/a><br \/>\n<a href=\"https:\/\/goias.gov.br\/fapeg\/wp-content\/uploads\/sites\/5\/2023\/10\/Execucao-Orcam-e-Financ-Fapeg_2017-2020.pdf\" target=\"_blank\" rel=\"noopener\">2017-2020<\/a><\/p>\n","protected":false},"excerpt":{"rendered":"<p>Relat\u00f3rio de Gest\u00e3o Exerc\u00edcio 2025 Exerc\u00edcio 2024 Exerc\u00edcio 2023 Exerc\u00edcio 2022 Exerc\u00edcio 2021 Exerc\u00edcio 2020 Relat\u00f3rio de Monitoramento PPA FAPEG Relat\u00f3rio 2025 Relat\u00f3rio 2024 Relat\u00f3rio 2023 Relat\u00f3rio 2022 Relat\u00f3rio 2021 Relat\u00f3rio 2020 Relat\u00f3rio 2019 Relat\u00f3rio 2018 Relat\u00f3rios de Monitoramento dos Programas do PPA FAPEG 2025 2024 2023 2022 2021 2020 Relat\u00f3rios de Execu\u00e7\u00e3o Or\u00e7ament\u00e1ria e [&hellip;]<\/p>\n","protected":false},"author":46,"featured_media":0,"parent":0,"menu_order":0,"comment_status":"closed","ping_status":"closed","template":"","meta":{"footnotes":""},"class_list":["post-36133","page","type-page","status-publish","hentry"],"rttpg_featured_image_url":null,"rttpg_author":{"display_name":"cleybetsls","author_link":"https:\/\/goias.gov.br\/fapeg\/author\/cleybetsls\/"},"rttpg_comment":0,"rttpg_category":null,"rttpg_excerpt":"Relat\u00f3rio de Gest\u00e3o Exerc\u00edcio 2025 Exerc\u00edcio 2024 Exerc\u00edcio 2023 Exerc\u00edcio 2022 Exerc\u00edcio 2021 Exerc\u00edcio 2020 Relat\u00f3rio de Monitoramento PPA FAPEG Relat\u00f3rio 2025 Relat\u00f3rio 2024 Relat\u00f3rio 2023 Relat\u00f3rio 2022 Relat\u00f3rio 2021 Relat\u00f3rio 2020 Relat\u00f3rio 2019 Relat\u00f3rio 2018 Relat\u00f3rios de Monitoramento dos Programas do PPA FAPEG 2025 2024 2023 2022 2021 2020 Relat\u00f3rios de Execu\u00e7\u00e3o Or\u00e7ament\u00e1ria e&hellip;","_links":{"self":[{"href":"https:\/\/goias.gov.br\/fapeg\/wp-json\/wp\/v2\/pages\/36133","targetHints":{"allow":["GET"]}}],"collection":[{"href":"https:\/\/goias.gov.br\/fapeg\/wp-json\/wp\/v2\/pages"}],"about":[{"href":"https:\/\/goias.gov.br\/fapeg\/wp-json\/wp\/v2\/types\/page"}],"author":[{"embeddable":true,"href":"https:\/\/goias.gov.br\/fapeg\/wp-json\/wp\/v2\/users\/46"}],"replies":[{"embeddable":true,"href":"https:\/\/goias.gov.br\/fapeg\/wp-json\/wp\/v2\/comments?post=36133"}],"version-history":[{"count":2,"href":"https:\/\/goias.gov.br\/fapeg\/wp-json\/wp\/v2\/pages\/36133\/revisions"}],"predecessor-version":[{"id":95427,"href":"https:\/\/goias.gov.br\/fapeg\/wp-json\/wp\/v2\/pages\/36133\/revisions\/95427"}],"wp:attachment":[{"href":"https:\/\/goias.gov.br\/fapeg\/wp-json\/wp\/v2\/media?parent=36133"}],"curies":[{"name":"wp","href":"https:\/\/api.w.org\/{rel}","templated":true}]}}