

{"id":34062,"date":"2022-06-22T08:07:04","date_gmt":"2022-06-22T11:07:04","guid":{"rendered":"http:\/\/www.fapeg.go.gov.br\/?page_id=34062"},"modified":"2024-07-08T16:56:19","modified_gmt":"2024-07-08T19:56:19","slug":"mapa-do-site","status":"publish","type":"page","link":"https:\/\/goias.gov.br\/fapeg\/mapa-do-site\/","title":{"rendered":"Mapa do Site"},"content":{"rendered":"<div id=\"custom-sitemap\" class=\"sitemap-container\"><div class='sitemap-group'><h3>A<\/h3><ul><li><a href='https:\/\/goias.gov.br\/fapeg\/' target='_blank'>ACESSO R\u00c1PIDO<\/a><\/li><li><a href='https:\/\/goias.gov.br\/fapeg\/fapeg\/' target='_blank'>A FUNDA\u00c7\u00c3O<\/a><\/li><li><a href='https:\/\/goias.gov.br\/fapeg\/wp-content\/uploads\/sites\/5\/2022\/05\/bolsas-lei.pdf' target='_blank'>ALTERA\u00c7\u00c3O DA LEI N\u00b016.690<\/a><\/li><li><a href='https:\/\/goias.gov.br\/fapeg\/adequacao-de-plano-de-trabalho\/' target='_blank'>ADEQUA\u00c7\u00c3O DE PLANO DE TRABALHO<\/a><\/li><li><a href='https:\/\/goias.gov.br\/fapeg\/atas-de-reunioes\/' target='_blank'>ATAS DE REUNI\u00d5ES<\/a><\/li><li><a href='https:\/\/goias.gov.br\/fapeg\/fapeg\/acordos-de-cooperacao\/' target='_blank'>ACORDOS DE COOPERA\u00c7\u00c3O<\/a><\/li><li><a href='https:\/\/goias.gov.br\/fapeg\/comunicacao\/artigos-de-opiniao\/' target='_blank'>ARTIGOS DE OPINI\u00c3O<\/a><\/li><li><a href='https:\/\/goias.gov.br\/fapeg\/acesso-a-informacao\/' target='_blank'>ACESSO \u00c0 INFORMA\u00c7\u00c3O<\/a><\/li><li><a href='https:\/\/portal.al.go.leg.br\/' target='_blank'>ASSEMBLEIA LEGISLATIVA DO ESTADO DE GOI\u00c1S<\/a><\/li><li><a href='https:\/\/goias.gov.br\/fapeg\/agenda-de-autoridades\/' target='_blank'>AGENDA DE AUTORIDADES<\/a><\/li><li><a href='https:\/\/goias.gov.br\/fapeg\/homepage\/acesso-a-informacao-old\/acordos-sem-transferencias-de-recursos\/' target='_blank'>ACORDOS SEM TRANSFER\u00caNCIA DE RECURSOS<\/a><\/li><li><a href='https:\/\/goias.gov.br\/fapeg\/acesso-a-informacao\/autoridade-de-monitoramento-de-pedidos-de-acesso-a-informacao\/' target='_blank'>AUTORIDADE DE MONITORAMENTO DE APLICA\u00c7\u00c3O DA LAI<\/a><\/li><li><a href='https:\/\/goias.gov.br\/fapeg\/wp-content\/uploads\/sites\/5\/2025\/07\/declaracao-consultas-publicas.pdf' target='_blank'>AUDI\u00caNCIAS P\u00daBLICAS<\/a><\/li><\/ul><\/div><div class='sitemap-group'><h3>B<\/h3><ul><li><a href='https:\/\/goias.gov.br\/fapeg\/bolsistas\/' target='_blank'>BOLSISTAS<\/a><\/li><li><a href='https:\/\/goias.gov.br\/fapeg\/wp-content\/uploads\/sites\/5\/2025\/05\/Relatorio_de_Bens_Moveis_Tangiveis_e_Intangiveis.pdf' target='_blank'>BENS M\u00d3VEIS<\/a><\/li><li><a href='https:\/\/www.transparencia.go.gov.br\/wp-content\/uploads\/sites\/2\/painel\/lai.php?painel=bens_imoveis&orgao=fapeg' target='_blank'>BENS IM\u00d3VEIS<\/a><\/li><li><a href='https:\/\/goias.gov.br\/economia\/prestacao-de-contas-de-governo\/' target='_blank'>BALAN\u00c7O GERAL DO ESTADO<\/a><\/li><\/ul><\/div><div class='sitemap-group'><h3>C<\/h3><ul><li><a href='https:\/\/www.go.gov.br\/servicos\/servicos-por-orgao\/fundacao-de-amparo-a-pesquisa-do-estado-de-goias' target='_blank'>CARTA DE SERVI\u00c7OS<\/a><\/li><li><a href='https:\/\/apex.fapeg.go.gov.br\/ords\/r\/charles\/charles-darwin' target='_blank'>CHARLES DARWIN<\/a><\/li><li><a href='https:\/\/goias.gov.br\/fapeg\/pesquisador\/cartao-bb-pesquisa\/' target='_blank'>CART\u00c3O BB PESQUISA<\/a><\/li><li><a href='https:\/\/goias.gov.br\/fapeg\/integrantes-do-consup\/conselho-superior\/' target='_blank'>CONSELHO SUPERIOR<\/a><\/li><li><a href='https:\/\/goias.gov.br\/fapeg\/comunicacao\/assessoria-de-comunicacao\/' target='_blank'>COMUNICA\u00c7\u00c3O SETORIAL<\/a><\/li><li><a href='https:\/\/goias.gov.br\/fapeg\/comite-da-mulher-e-da-diversidade\/' target='_blank'>COMIT\u00ca DA MULHER E DA DIVERSIDADE<\/a><\/li><li><a href='https:\/\/goias.gov.br\/fapeg\/contratos\/' target='_blank'>CONTRATOS<\/a><\/li><li><a href='https:\/\/legisla.casacivil.go.gov.br\/pesquisa_legislacao\/103904\/decreto-9837' target='_blank'>C\u00d3DIGO DE \u00c9TICA<\/a><\/li><li><a href='https:\/\/goias.gov.br\/fapeg\/telefones-e-e-mails-2\/' target='_blank'>CARGOS E SEUS OCUPANTES<\/a><\/li><li><a href='https:\/\/goias.gov.br\/controladoria' target='_blank'>CONTROLADORIA-GERAL DO ESTADO DE GOI\u00c1S<\/a><\/li><li><a href='https:\/\/goias.gov.br\/governo\/cadastro-de-autoridade\/' target='_blank'>CADASTRO DE AUTORIDADES<\/a><\/li><li><a href='https:\/\/goias.gov.br\/fapeg\/fapeg\/' target='_blank'>COMPET\u00caNCIAS<\/a><\/li><li><a href='\/fapeg\/telefones-e-e-mails-2\/' target='_blank'>CARGOS E SEUS OCUPANTES<\/a><\/li><li><a href='https:\/\/www.go.gov.br\/servicos\/servicos-por-orgao\/fundacao-de-amparo-a-pesquisa-do-estado-de-goias' target='_blank'>CARTA DE SERVI\u00c7OS\u00a0<\/a><\/li><li><a href='\/fapeg\/integrantes-do-consup\/conselho-superior\/' target='_blank'>CONSELHOS<\/a><\/li><li><a href='https:\/\/apex.fapeg.go.gov.br\/ords\/r\/charles\/mapa\/instrumentos-conveniais-com-repasses-recebidos' target='_blank'>CONV\u00caNIOS RECEBIDOS<\/a><\/li><li><a href='https:\/\/apex.fapeg.go.gov.br\/ords\/r\/charles\/mapa\/instrumentos-conveniais-com-repasse-concedido' target='_blank'>CONV\u00caNIOS CONCEDIDOS<\/a><\/li><li><a href='http:\/\/www.comprasnet.go.gov.br' target='_blank'>COMPRASNET<\/a><\/li><li><a href='https:\/\/goias.gov.br\/fapeg\/contratos-emergenciais\/' target='_blank'>CONTRATOS EMERGENCIAIS<\/a><\/li><li><a href='https:\/\/goias.gov.br\/fapeg\/wp-content\/uploads\/sites\/5\/2025\/06\/Contrato-de-Locacao-de-Imoveis.pdf' target='_blank'>CONTRATOS DE LOCA\u00c7\u00c3O DE IM\u00d3VEIS<\/a><\/li><li><a href='https:\/\/goias.gov.br\/fapeg\/classificacao-das-informacoes-sigilosas\/' target='_blank'>CLASSIFICA\u00c7\u00c3O DAS INFORMA\u00c7\u00d5ES SIGILOSAS<\/a><\/li><li><a href='https:\/\/goias.gov.br\/fapeg\/wp-content\/uploads\/sites\/5\/2025\/07\/consultas-publicas.pdf' target='_blank'>CONSULTAS P\u00daBLICAS<\/a><\/li><\/ul><\/div><div class='sitemap-group'><h3>D<\/h3><ul><li><a href='https:\/\/goias.gov.br\/fapeg\/wp-content\/uploads\/sites\/5\/2023\/09\/Decreto-Numerado_10.322_2023_Novo-Estatuto_FAPEG.pdf' target='_blank'>DECRETO N\u00ba 10.322, 19 DE SETEMBRO DE 2023. ESTATUTO DA FAPEG<\/a><\/li><li><a href='https:\/\/goias.gov.br\/fapeg\/wp-content\/uploads\/sites\/5\/2022\/06\/Decreto-no-10.041_2022_Altercoes_Estatuto_FAPEG.pdf' target='_blank'>DECRETO N\u00ba 10.041, DE 01\/02\/2022<\/a><\/li><li><a href='https:\/\/goias.gov.br\/fapeg\/fapeg\/diretoria\/' target='_blank'>DIRETORIA<\/a><\/li><li><a href='https:\/\/goias.gov.br\/fapeg\/dispensa-de-licitacao\/' target='_blank'>DISPENSA DE LICITA\u00c7\u00c3O<\/a><\/li><li><a href='https:\/\/dadosabertos.go.gov.br\/' target='_blank'>DADOS ABERTOS<\/a><\/li><li><a href='https:\/\/www.go.gov.br\/servicos-digitais\/cge\/nova-ouvidoria\/nova-manifestacao\/tela-negativo?orgao=14' target='_blank'>DENUNCIAS CONTRA CORRUP\u00c7\u00c3O<\/a><\/li><li><a href='https:\/\/goias.gov.br\/fapeg\/pesquisador\/duvidas-frequentes-auxilios\/' target='_blank'>D\u00daVIDAS FREQUENTES \u2013 AUX\u00cdLIOS<\/a><\/li><li><a href='https:\/\/goias.gov.br\/fapeg\/pesquisador\/duvidas-frequentes\/' target='_blank'>D\u00daVIDAS FREQUENTES \u2013 BOLSAS<\/a><\/li><li><a href='http:\/\/diariooficial.abc.go.gov.br\/' target='_blank'>DI\u00c1RIO OFICIAL<\/a><\/li><li><a href='https:\/\/dadosabertos.go.gov.br\/' target='_blank'>DADOS ABERTOS GOI\u00c1S<\/a><\/li><li><a href='https:\/\/goias.gov.br\/fapeg\/wp-content\/uploads\/sites\/5\/2025\/08\/SEI_78782766_Declaracao_21.pdf' target='_blank'>DOA\u00c7\u00d5ES<\/a><\/li><li><a href='https:\/\/www.transparencia.go.gov.br\/wp-content\/uploads\/sites\/2\/painel\/lai.php?painel=diarias&orgao=fapeg' target='_blank'>DI\u00c1RIAS<\/a><\/li><\/ul><\/div><div class='sitemap-group'><h3>E<\/h3><ul><li><a href='' target='_blank'>ESTATUTOS<\/a><\/li><li><a href='https:\/\/goias.gov.br\/fapeg\/categoria\/noticias\/especiais\/' target='_blank'>ESPECIAIS<\/a><\/li><li><a href='https:\/\/goias.gov.br\/fapeg\/editais\/' target='_blank'>EDITAIS<\/a><\/li><li><a href='https:\/\/goias.gov.br\/fapeg\/editais\/em-andamento\/' target='_blank'>EM ANDAMENTO<\/a><\/li><li><a href='https:\/\/goias.gov.br\/fapeg\/editais\/encerrados\/' target='_blank'>ENCERRADOS<\/a><\/li><li><a href='https:\/\/www.go.gov.br\/servicos-digitais\/cge\/nova-ouvidoria\/pedido-informacao-publica?orgao=14&tipo_manifestacao=7' target='_blank'>E-SIC<\/a><\/li><li><a href='https:\/\/www.go.gov.br\/servicos-digitais\/cge\/nova-ouvidoria\/pedido-informacao-publica?orgao=14&tipo_manifestacao=7' target='_blank'>E-SIC - SERVI\u00c7O ELETR\u00d4NICO DE INFORMA\u00c7\u00c3O AO CIDAD\u00c3O<\/a><\/li><li><a href='https:\/\/www.go.gov.br\/' target='_blank'>EXPRESSO GOI\u00c1S<\/a><\/li><li><a href='https:\/\/portal.go.gov.br\/' target='_blank'>EXPRESSO APLICA\u00c7\u00d5ES<\/a><\/li><li><a href='https:\/\/www.go.gov.br\/' target='_blank'>EXPRESSO SERVIDOR<\/a><\/li><li><a href='https:\/\/goias.gov.br\/escoladegoverno\/' target='_blank'>ESCOLA DE GOVERNO<\/a><\/li><li><a href='https:\/\/goias.gov.br\/administracao\/secretaria-geral-da-governadoria-regulamento-3\/' target='_blank'>ESTRUTURA ORGANIZACIONAL<\/a><\/li><li><a href='\/fapeg\/contato\/endereco\/' target='_blank'>ENDERE\u00c7OS, TELEFONES, E-MAILS E HOR\u00c1RIOS DE ATENDIMENTO<\/a><\/li><li><a href='https:\/\/www.transparencia.go.gov.br\/wp-content\/uploads\/sites\/2\/painel\/lai.php?painel=empenhos&orgao=fapeg' target='_blank'>EMPENHOS E PAGAMENTOS<\/a><\/li><li><a href='https:\/\/www.transparencia.go.gov.br\/wp-content\/uploads\/sites\/2\/painel\/lai.php?painel=execucao_orcamentaria_visao_geral&orgao=fapeg' target='_blank'>EXECU\u00c7\u00c3O OR\u00c7AMENT\u00c1RIA<\/a><\/li><li><a href='https:\/\/goias.gov.br\/fapeg\/wp-content\/uploads\/sites\/5\/2025\/06\/Declaracao-Emendas-Estaduais.pdf' target='_blank'>EMENDAS PARLAMENTARES ESTADUAIS<\/a><\/li><li><a href='https:\/\/goias.gov.br\/fapeg\/wp-content\/uploads\/sites\/5\/2025\/06\/Declaracao-Emendas-Federais.pdf' target='_blank'>EMENDAS PARLAMENTARES FEDERAIS<\/a><\/li><li><a href='https:\/\/www.go.gov.br\/servicos-digitais\/cge\/nova-ouvidoria\/nova-manifestacao?orgao=14' target='_blank'>E-SIC ELETR\u00d4NICO<\/a><\/li><li><a href='http:\/\/goias.gov.br\/fapeg\/lei-geral-de-protecao-de-dados-pessoais-lgpd\/' target='_blank'>ENCARREGADO PELO TRATAMENTO DOS DADOS PESSOAIS<\/a><\/li><\/ul><\/div><div class='sitemap-group'><h3>F<\/h3><ul><li><a href='https:\/\/goias.gov.br\/fapeg\/contato\/' target='_blank'>FORMUL\u00c1RIO DE CONTATO<\/a><\/li><li><a href='https:\/\/www.transparencia.go.gov.br\/wp-content\/uploads\/sites\/2\/painel\/lai.php?painel=folha_de_pagamento_salarios_de_servidores_ativos&orgao=fapeg' target='_blank'>FOLHA DE PAGAMENTO<\/a><\/li><\/ul><\/div><div class='sitemap-group'><h3>G<\/h3><ul><li><a href='https:\/\/www.gov.br\/' target='_blank'>GOVERNO FEDERAL<\/a><\/li><li><a href='https:\/\/transparencia.go.gov.br\/' target='_blank'>GOI\u00c1S TRANSPAR\u00caNCIA<\/a><\/li><li><a href='https:\/\/www.transparencia.go.gov.br\/wp-content\/uploads\/sites\/2\/painel\/lai.php?painel=gastos_governamentais&orgao=fapeg' target='_blank'>GASTOS GOVERNAMENTAIS<\/a><\/li><li><a href='https:\/\/www.transparencia.go.gov.br\/wp-content\/uploads\/sites\/2\/painel\/lai.php?painel=publicidade_propaganda&orgao=fapeg' target='_blank'>GASTOS COM PUBLICIDADE E PROPAGANDA<\/a><\/li><\/ul><\/div><div class='sitemap-group'><h3>I<\/h3><ul><li><a href='https:\/\/goias.gov.br\/fapeg\/fapeg\/' target='_blank'>INSTITUCIONAL<\/a><\/li><li><a href='https:\/\/goias.gov.br\/fapeg\/integrantes-consup\/' target='_blank'>INTEGRANTES CONSUP<\/a><\/li><li><a href='https:\/\/apex.fapeg.go.gov.br\/ords\/r\/charles\/mapa\/' target='_blank'>INDICADORES - CHARLES DARWIN<\/a><\/li><li><a href='https:\/\/goias.gov.br\/fapeg\/editais\/inscricoes-abertas\/' target='_blank'>INSCRI\u00c7\u00d5ES ABERTAS<\/a><\/li><li><a href='https:\/\/www.transparencia.go.gov.br\/wp-content\/uploads\/sites\/2\/painel\/lai.php?painel=pda&orgao=fapeg' target='_blank'>INVENT\u00c1RIO DE DADOS<\/a><\/li><\/ul><\/div><div class='sitemap-group'><h3>J<\/h3><ul><li><a href='https:\/\/goias.gov.br\/fapeg\/julgamento-de-contas-pelo-tce-go\/' target='_blank'>JULGAMENTO DAS CONTAS PELO TCE-GO<\/a><\/li><\/ul><\/div><div class='sitemap-group'><h3>L<\/h3><ul><li><a href='https:\/\/goias.gov.br\/fapeg\/fapeg\/legislacao\/' target='_blank'>LEGISLA\u00c7\u00c3O<\/a><\/li><li><a href='https:\/\/legisla.casacivil.go.gov.br\/pesquisa_legislacao\/80561\/lei-15472' target='_blank'>LEI DE CRIA\u00c7\u00c3O<\/a><\/li><li><a href='https:\/\/legisla.casacivil.go.gov.br\/api\/v2\/pesquisa\/legislacoes\/88395\/pdf' target='_blank'>LEI DE BOLSAS<\/a><\/li><li><a href='http:\/\/www.gabinetecivil.goias.gov.br\/pagina_leis.php?id=9286' target='_blank'>LEI DE INOVA\u00c7\u00c3O<\/a><\/li><li><a href='https:\/\/goias.gov.br\/fapeg\/lei-geral-de-protecao-de-dados-pessoais-lgpd\/' target='_blank'>LGPD<\/a><\/li><li><a href='https:\/\/goias.gov.br\/fapeg\/comunicacao\/links-de-interesse\/' target='_blank'>LINKS DE INTERESSE<\/a><\/li><li><a href='https:\/\/goias.gov.br\/fapeg\/categoria\/licitacoes\/' target='_blank'>LICITA\u00c7\u00d5ES<\/a><\/li><li><a href='\/fapeg\/fapeg\/legislacao\/' target='_blank'>LEGISLA\u00c7\u00c3O APLIC\u00c1VEL<\/a><\/li><li><a href='https:\/\/www.transparencia.go.gov.br\/wp-content\/uploads\/sites\/2\/painel\/lai.php?painel=folha_de_pagamento_salarios_de_estagiarios_ativos&orgao=fapeg' target='_blank'>LISTA DE ESTAGI\u00c1RIOS<\/a><\/li><li><a href='https:\/\/www.transparencia.go.gov.br\/wp-content\/uploads\/sites\/2\/painel\/lai.php?painel=licitacoes_licitacoes_concluidas&orgao=fapeg' target='_blank'>LICITA\u00c7\u00d5ES - COMPRASNET<\/a><\/li><li><a href='https:\/\/www.transparencia.go.gov.br\/wp-content\/uploads\/sites\/2\/painel\/lai.php?painel=licitacoes_concluidas_sislog&orgao=fapeg' target='_blank'>LICITA\u00c7\u00d5ES - SISLOG<\/a><\/li><li><a href='https:\/\/transparencia.go.gov.br\/fornecedores-impedidos\/' target='_blank'>LICITANTES SANCIONADOS ADMINISTRATIVAMENTE<\/a><\/li><li><a href='https:\/\/transparencia.go.gov.br\/orcamento-e-planejamento-pecas\/' target='_blank'>LDO\/LOA<\/a><\/li><li><a href='https:\/\/legisla.casacivil.go.gov.br\/pesquisa_legislacao\/90142\/lei-18025' target='_blank'>LEI DE ACESSO A INFORMA\u00c7\u00c3O ESTADUAL<\/a><\/li><\/ul><\/div><div class='sitemap-group'><h3>M<\/h3><ul><li><a href='https:\/\/goias.gov.br\/fapeg\/fapeg\/missaovisao-e-valores\/' target='_blank'>MISS\u00c3O,VIS\u00c3O E VALORES<\/a><\/li><li><a href='https:\/\/goias.gov.br\/fapeg\/marca-fapeg\/' target='_blank'>MARCA FAPEG<\/a><\/li><li><a href='https:\/\/www.mpgo.mp.br\/portal\/' target='_blank'>MINIST\u00c9RIO P\u00daBLICO DO ESTADO DE GOI\u00c1S<\/a><\/li><li><a href='https:\/\/goias.gov.br\/fapeg\/planejamento-estrategico-2019\/' target='_blank'>MONITORAMENTO DE PROGRAMAS, PROJETOS, A\u00c7\u00d5ES E ATIVIDADES<\/a><\/li><\/ul><\/div><div class='sitemap-group'><h3>N<\/h3><ul><li><a href='https:\/\/goias.gov.br\/fapeg\/categoria\/noticias\/' target='_blank'>NOT\u00cdCIAS<\/a><\/li><\/ul><\/div><div class='sitemap-group'><h3>O<\/h3><ul><li><a href='http:\/\/www.gabinetecivil.go.gov.br\/pagina_leis.php?id=19586' target='_blank'>ORGANIZA\u00c7\u00c3O ADMINISTRATIVA<\/a><\/li><li><a href='https:\/\/goias.gov.br\/fapeg\/orientacoes-para-projetos\/' target='_blank'>ORIENTA\u00c7\u00d5ES PARA PROJETOS<\/a><\/li><li><a href='https:\/\/goias.gov.br\/fapeg\/ouvidoria\/' target='_blank'>OUVIDORIA<\/a><\/li><li><a href='https:\/\/www.go.gov.br\/servicos-digitais\/cge\/nova-ouvidoria?orgao=14' target='_blank'>OUVIDORIA<\/a><\/li><li><a href='https:\/\/www.go.gov.br\/servicos-digitais\/cge\/nova-ouvidoria?orgao=14' target='_blank'>OUVIDORIA SETORIAL<\/a><\/li><li><a href='https:\/\/www.transparencia.go.gov.br\/wp-content\/uploads\/sites\/2\/painel\/lai.php?painel=ordem_cronologica_despesas&orgao=fapeg' target='_blank'>ORDEM CRONOL\u00d3GICA DE PAGAMENTOS<\/a><\/li><li><a href='https:\/\/goias.gov.br\/fapeg\/wp-content\/uploads\/sites\/5\/2026\/04\/Nao-possui-obras-em-Abril-2026.pdf' target='_blank'>OBRAS<\/a><\/li><li><a href='https:\/\/goias.gov.br\/fapeg\/wp-content\/uploads\/sites\/5\/2026\/04\/Nao-possui-obras-paralisadas-em-Abril-2026.pdf' target='_blank'>OBRAS PARALISADAS<\/a><\/li><li><a href='https:\/\/goias.gov.br\/fapeg\/obras-audiencias-consultas-publicas\/' target='_blank'>OBRAS - AUDI\u00caNCIAS\/CONSULTAS P\u00daBLICAS<\/a><\/li><li><a href='https:\/\/goias.gov.br\/fapeg\/acesso-a-informacao\/atendimento-presencial-ouvidoria-fapeg\/' target='_blank'>OUVIDORIA - ATENDIMENTO PRESENCIAL<\/a><\/li><\/ul><\/div><div class='sitemap-group'><h3>P<\/h3><ul><li><a href='https:\/\/goias.gov.br\/fapeg\/planejamento-estrategico-2019\/' target='_blank'>PLANEJAMENTO ESTRAT\u00c9GICO<\/a><\/li><li><a href='https:\/\/goias.gov.br\/fapeg\/wp-content\/uploads\/sites\/5\/2024\/12\/SEI_67757622_Portaria_Normativa_01_PRES.pdf' target='_blank'>PORTARIA CART\u00c3O BB<\/a><\/li><li><a href='https:\/\/goias.gov.br\/fapeg\/prorrogacao-de-vigencia-de-projeto\/' target='_blank'>PRORROGA\u00c7\u00c3O DE VIG\u00caNCIA DE PROJETO<\/a><\/li><li><a href='https:\/\/goias.gov.br\/fapeg\/pesquisador\/prestacao-de-contas\/' target='_blank'>PRESTA\u00c7\u00c3O DE CONTAS<\/a><\/li><li><a href='https:\/\/goias.gov.br\/fapeg\/acoes\/' target='_blank'>PROGRAMAS E A\u00c7\u00d5ES<\/a><\/li><li><a href='https:\/\/apex.fapeg.go.gov.br\/ords\/r\/charles\/mapa\/macrofluxo-de-processos' target='_blank'>PROCESSOS DE NEG\u00d3CIO \/ MACROFLUXO<\/a><\/li><li><a href='https:\/\/goias.gov.br\/fapeg\/licitacoes\/pregoes-eletronicos\/' target='_blank'>PREG\u00d5ES ELETR\u00d4NICOS<\/a><\/li><li><a href='https:\/\/transparencia.go.gov.br\/' target='_blank'>PORTAL DA TRANSPAR\u00caNCIA<\/a><\/li><li><a href='https:\/\/goias.gov.br\/controladoria\/programa-de-compliance-publico-do-governo-de-goias\/' target='_blank'>PCP<\/a><\/li><li><a href='https:\/\/goias.gov.br\/procuradoria\/' target='_blank'>PROCURADORIA-GERAL DO ESTADO DE GOI\u00c1S<\/a><\/li><li><a href='https:\/\/goias.gov.br\/fapeg\/programa-de-compliance-publico-pcp\/' target='_blank'>PROGRAMA DE COMPLIANCE P\u00daBLICO PCP<\/a><\/li><li><a href='https:\/\/sislog.go.gov.br\/Pca' target='_blank'>PCA - PLANO DE CONTRATA\u00c7\u00d5ES ANUAL<\/a><\/li><li><a href='https:\/\/www.gov.br\/pncp\/pt-br\/acesso-a-informacao\/painel-pncp-em-numeros\/pncp-em-numeros-contratacoes\/pncp-em-numeros-municipio' target='_blank'>PNCP<\/a><\/li><li><a href='https:\/\/goias.gov.br\/fapeg\/organizacoes-da-sociedade-civil\/' target='_blank'>PARCERIAS COM OSCS<\/a><\/li><li><a href='https:\/\/goias.gov.br\/fapeg\/planejamento-estrategico-2019\/' target='_blank'>PLANO ESTRAT\u00c9GICO INSTITUCIONAL<\/a><\/li><li><a href='https:\/\/ppa.go.gov.br\/' target='_blank'>PPA<\/a><\/li><li><a href='https:\/\/www.planalto.gov.br\/ccivil_03\/_ato2015-2018\/2018\/lei\/l13709.htm' target='_blank'>POL\u00cdTICA DE PRIVACIDADE E PROTE\u00c7\u00c3O DE DADOS<\/a><\/li><li><a href='https:\/\/app.powerbi.com\/view?r=eyJrIjoiNmRhN2MzZmYtMWZkMi00ODdmLWJhNGQtYTJkODcwNDJlMTU4IiwidCI6IjY3ZmQ0MzFjLWIyYWQtNDg2Ny04MWJjLWQ3NTYyMjBiNTZkNCJ9' target='_blank'>PESQUISAS DE SATISFA\u00c7\u00c3O<\/a><\/li><li><a href='https:\/\/transparencia.go.gov.br\/' target='_blank'>PORTAL GOI\u00c1S TRANSPARENTE<\/a><\/li><li><a href='https:\/\/goias.gov.br\/fapeg\/acesso-a-informacao\/projetos-de-participacao-social\/' target='_blank'>PROJETOS DE PARTICIPA\u00c7\u00c3O SOCIAL<\/a><\/li><li><a href='https:\/\/goias.gov.br\/fapeg\/acesso-a-informacao\/projetos-de-inovacao-no-servico-publico\/' target='_blank'>PROJETOS DE INOVA\u00c7\u00c3O NO SERVI\u00c7O P\u00daBLICO<\/a><\/li><\/ul><\/div><div class='sitemap-group'><h3>R<\/h3><ul><li><a href='https:\/\/legisla.casacivil.go.gov.br\/pesquisa_legislacao\/111256\/lei-23664' target='_blank'>REORGANIZA\u00c7\u00c3O DA ESTRUTURA ADMINISTRATIVA DA FAPEG<\/a><\/li><li><a href='https:\/\/goias.gov.br\/fapeg\/fapeg\/legislacao\/resolucoes\/' target='_blank'>RESOLU\u00c7\u00d5ES<\/a><\/li><li><a href='https:\/\/goias.gov.br\/fapeg\/wp-content\/uploads\/sites\/5\/2025\/03\/Resolucao-Normativa-1-2024.pdf' target='_blank'>RESOLU\u00c7\u00c3O NORMATIVA 01 2024<\/a><\/li><li><a href='https:\/\/goias.gov.br\/fapeg\/integrantes-do-consup\/conselho-superior\/regimento-consup\/' target='_blank'>REGIMENTO CONSUP<\/a><\/li><li><a href='https:\/\/goias.gov.br\/fapeg\/fapeg\/relatorios-de-gestao\/' target='_blank'>RELAT\u00d3RIOS DE GEST\u00c3O OU ATIVIDADES<\/a><\/li><li><a href='https:\/\/radardatransparencia.atricon.org.br\/' target='_blank'>RADAR DA TRANSPAR\u00caNCIA<\/a><\/li><li><a href='https:\/\/www.transparencia.go.gov.br\/wp-content\/uploads\/sites\/2\/painel\/lai.php?painel=receitas_estaduais&orgao=fapeg' target='_blank'>RECEITA ESTADUAL<\/a><\/li><li><a href='https:\/\/goias.gov.br\/fapeg\/fapeg\/terceirizados-2\/' target='_blank'>RELA\u00c7\u00c3O DE TERCEIRIZADOS<\/a><\/li><li><a href='https:\/\/www.transparencia.go.gov.br\/wp-content\/uploads\/sites\/2\/painel\/lai.php?painel=contratos_fiscais_e_gestores&orgao=fapeg' target='_blank'>RELA\u00c7\u00c3O DOS FISCAIS DOS CONTRATOS<\/a><\/li><li><a href='https:\/\/goias.gov.br\/fapeg\/wp-content\/uploads\/sites\/5\/2025\/05\/Veiculos.pdf' target='_blank'>RELA\u00c7\u00c3O DE VE\u00cdCULOS<\/a><\/li><li><a href='https:\/\/goias.gov.br\/fapeg\/relatorio-de-gestao-ou-atividades\/' target='_blank'>RELAT\u00d3RIO DE GEST\u00c3O OU ATIVIDADES<\/a><\/li><li><a href='https:\/\/transparencia.go.gov.br\/gestao-fiscal-e-governamental-rgf\/' target='_blank'>RGF<\/a><\/li><li><a href='https:\/\/transparencia.go.gov.br\/rreo\/' target='_blank'>RREO<\/a><\/li><li><a href='https:\/\/www.ouvidoriageral.go.gov.br\/api\/relatorio_gestao.php?tipo=7&orgao=14' target='_blank'>RELAT\u00d3RIO DE PEDIDOS DE ACESSO \u00c0 INFORMA\u00c7\u00c3O<\/a><\/li><li><a href='https:\/\/goias.gov.br\/fapeg\/wp-content\/uploads\/sites\/5\/2025\/07\/RELATORIO_DE_GESTAO_ANUAL_DA_OUVIDOIRA_ADJUNTA_FAPEG_2024-versao-site-FAPEG-1.pdf' target='_blank'>RELAT\u00d3RIO DE GEST\u00c3O DE OUVIDORIA<\/a><\/li><\/ul><\/div><div class='sitemap-group'><h3>S<\/h3><ul><li><a href='https:\/\/sparkx.fapeg.go.gov.br\/' target='_blank'>SPARKX OPP<\/a><\/li><li><a href='https:\/\/goias.gov.br\/administracao\/siga-eng\/' target='_blank'>SIGA<\/a><\/li><li><a href='https:\/\/www.go.gov.br\/unidadesvaptvupt' target='_blank'>SIC - SERVI\u00c7O DE INFORMA\u00c7\u00c3O AO CIDAD\u00c3O<\/a><\/li><li><a href='https:\/\/sei.go.gov.br\/sei\/modulos\/goias\/login-sei\/MdGoiasLoginSEI.php?acao=md_goias_login_SEI&sigla_orgao_sistema=GOVERNADORIA&sigla_sistema=SEI&infra_url=L3NlaS8=' target='_blank'>SEI GOVERNADORIA<\/a><\/li><li><a href='https:\/\/goias.gov.br\/fapeg\/pesquisador\/duvidas-frequentes\/' target='_blank'>SOBRE BOLSAS <\/a><\/li><li><a href='https:\/\/goias.gov.br\/fapeg\/pesquisador\/duvidas-frequentes-auxilios\/' target='_blank'>SOBRE AUX\u00cdLIOS<\/a><\/li><li><a href='https:\/\/sislog.go.gov.br\/' target='_blank'>SISLOG<\/a><\/li><li><a href='https:\/\/www.go.gov.br\/servicos\/servico-id\/1092' target='_blank'>SIC F\u00cdSICO \u2013 UNIDADES DO VAPT VUPT<\/a><\/li><\/ul><\/div><div class='sitemap-group'><h3>T<\/h3><ul><li><a href='https:\/\/goias.gov.br\/fapeg\/fapeg\/terceirizados-2\/' target='_blank'>TERCEIRIZADOS<\/a><\/li><li><a href='https:\/\/www.tjgo.jus.br\/' target='_blank'>TRIBUNAL DE JUSTI\u00c7A DO ESTADO DE GOI\u00c1S<\/a><\/li><\/ul><\/div><\/div>\n","protected":false},"excerpt":{"rendered":"","protected":false},"author":46,"featured_media":0,"parent":0,"menu_order":0,"comment_status":"closed","ping_status":"closed","template":"","meta":{"footnotes":""},"class_list":["post-34062","page","type-page","status-publish","hentry"],"rttpg_featured_image_url":null,"rttpg_author":{"display_name":"cleybetsls","author_link":"https:\/\/goias.gov.br\/fapeg\/author\/cleybetsls\/"},"rttpg_comment":0,"rttpg_category":null,"rttpg_excerpt":null,"_links":{"self":[{"href":"https:\/\/goias.gov.br\/fapeg\/wp-json\/wp\/v2\/pages\/34062","targetHints":{"allow":["GET"]}}],"collection":[{"href":"https:\/\/goias.gov.br\/fapeg\/wp-json\/wp\/v2\/pages"}],"about":[{"href":"https:\/\/goias.gov.br\/fapeg\/wp-json\/wp\/v2\/types\/page"}],"author":[{"embeddable":true,"href":"https:\/\/goias.gov.br\/fapeg\/wp-json\/wp\/v2\/users\/46"}],"replies":[{"embeddable":true,"href":"https:\/\/goias.gov.br\/fapeg\/wp-json\/wp\/v2\/comments?post=34062"}],"version-history":[{"count":2,"href":"https:\/\/goias.gov.br\/fapeg\/wp-json\/wp\/v2\/pages\/34062\/revisions"}],"predecessor-version":[{"id":40383,"href":"https:\/\/goias.gov.br\/fapeg\/wp-json\/wp\/v2\/pages\/34062\/revisions\/40383"}],"wp:attachment":[{"href":"https:\/\/goias.gov.br\/fapeg\/wp-json\/wp\/v2\/media?parent=34062"}],"curies":[{"name":"wp","href":"https:\/\/api.w.org\/{rel}","templated":true}]}}