

{"id":310,"date":"2015-07-14T16:13:00","date_gmt":"2015-07-14T16:13:00","guid":{"rendered":"http:\/\/10.246.8.22\/?page_id=310"},"modified":"2024-04-23T13:43:03","modified_gmt":"2024-04-23T16:43:03","slug":"assessoria-de-comunicacao","status":"publish","type":"page","link":"https:\/\/goias.gov.br\/fapeg\/comunicacao\/assessoria-de-comunicacao\/","title":{"rendered":"Comunica\u00e7\u00e3o Setorial"},"content":{"rendered":"<p><a href=\"https:\/\/goias.gov.br\/fapeg\/wp-content\/uploads\/sites\/5\/2022\/07\/Portaria-Politica-de-Comunicacao.pdf\" target=\"_blank\" rel=\"noopener\">Portaria da Pol\u00edtica de Comunica\u00e7\u00e3o da Fapeg<\/a><\/p>\n<p><strong>Comunica\u00e7\u00e3o Setorial da Fapeg<\/strong><br \/>\nTelefone: +55 (62) 3623-0409 \/ +55 (62) 3623-0410<br \/>\nE-mail: comunicacao.fapeg@goias.gov.br<\/p>\n<p><strong>Atendimento \u00e0 imprensa<\/strong><br \/>\nAlessandra Rodrigues Oliveira<br \/>\nalessandra.oliveira@goias.gov.br<br \/>\n(62) 9 8256-3991\/ 9 9849-9899<\/p>\n<p>Helenice Ferreira de Souza<br \/>\nhelenice.souza@goias.gov.br<\/p>\n<p>Let\u00edcia Santana<br \/>\nleticia.santana@goias.gov.br<\/p>\n<p><strong>Atendimento ao pesquisador<br \/>\n<\/strong>atendimento.fapeg@goias.gov.br<\/p>\n","protected":false},"excerpt":{"rendered":"<p>Portaria da Pol\u00edtica de Comunica\u00e7\u00e3o da Fapeg Comunica\u00e7\u00e3o Setorial da Fapeg Telefone: +55 (62) 3623-0409 \/ +55 (62) 3623-0410 E-mail: comunicacao.fapeg@goias.gov.br Atendimento \u00e0 imprensa Alessandra Rodrigues Oliveira alessandra.oliveira@goias.gov.br (62) 9 8256-3991\/ 9 9849-9899 Helenice Ferreira de Souza helenice.souza@goias.gov.br Let\u00edcia Santana leticia.santana@goias.gov.br Atendimento ao pesquisador atendimento.fapeg@goias.gov.br<\/p>\n","protected":false},"author":46,"featured_media":0,"parent":285,"menu_order":0,"comment_status":"closed","ping_status":"closed","template":"","meta":{"footnotes":""},"class_list":["post-310","page","type-page","status-publish","hentry"],"rttpg_featured_image_url":null,"rttpg_author":{"display_name":"cleybetsls","author_link":"https:\/\/goias.gov.br\/fapeg\/author\/cleybetsls\/"},"rttpg_comment":0,"rttpg_category":null,"rttpg_excerpt":"Portaria da Pol\u00edtica de Comunica\u00e7\u00e3o da Fapeg Comunica\u00e7\u00e3o Setorial da Fapeg Telefone: +55 (62) 3623-0409 \/ +55 (62) 3623-0410 E-mail: comunicacao.fapeg@goias.gov.br Atendimento \u00e0 imprensa Alessandra Rodrigues Oliveira alessandra.oliveira@goias.gov.br (62) 9 8256-3991\/ 9 9849-9899 Helenice Ferreira de Souza helenice.souza@goias.gov.br Let\u00edcia Santana leticia.santana@goias.gov.br Atendimento ao pesquisador atendimento.fapeg@goias.gov.br","_links":{"self":[{"href":"https:\/\/goias.gov.br\/fapeg\/wp-json\/wp\/v2\/pages\/310","targetHints":{"allow":["GET"]}}],"collection":[{"href":"https:\/\/goias.gov.br\/fapeg\/wp-json\/wp\/v2\/pages"}],"about":[{"href":"https:\/\/goias.gov.br\/fapeg\/wp-json\/wp\/v2\/types\/page"}],"author":[{"embeddable":true,"href":"https:\/\/goias.gov.br\/fapeg\/wp-json\/wp\/v2\/users\/46"}],"replies":[{"embeddable":true,"href":"https:\/\/goias.gov.br\/fapeg\/wp-json\/wp\/v2\/comments?post=310"}],"version-history":[{"count":2,"href":"https:\/\/goias.gov.br\/fapeg\/wp-json\/wp\/v2\/pages\/310\/revisions"}],"predecessor-version":[{"id":39132,"href":"https:\/\/goias.gov.br\/fapeg\/wp-json\/wp\/v2\/pages\/310\/revisions\/39132"}],"up":[{"embeddable":true,"href":"https:\/\/goias.gov.br\/fapeg\/wp-json\/wp\/v2\/pages\/285"}],"wp:attachment":[{"href":"https:\/\/goias.gov.br\/fapeg\/wp-json\/wp\/v2\/media?parent=310"}],"curies":[{"name":"wp","href":"https:\/\/api.w.org\/{rel}","templated":true}]}}