

{"id":28172,"date":"2020-01-16T09:01:42","date_gmt":"2020-01-16T11:01:42","guid":{"rendered":"http:\/\/www.fapeg.go.gov.br\/?page_id=28172"},"modified":"2026-03-25T15:40:10","modified_gmt":"2026-03-25T18:40:10","slug":"planejamento-estrategico-2019","status":"publish","type":"page","link":"https:\/\/goias.gov.br\/fapeg\/planejamento-estrategico-2019\/","title":{"rendered":"Planejamento Estrat\u00e9gico"},"content":{"rendered":"<p><strong>Planejamento Estrat\u00e9gico<\/strong><\/p>\n<p><a href=\"https:\/\/goias.gov.br\/fapeg\/wp-content\/uploads\/sites\/5\/2024\/09\/OFICIAL-Consolidacao-PE-2024-2027-30-08-2024-1.pdf\" target=\"_blank\" rel=\"noopener\">Planejamento Estrat\u00e9gico 2024-2027<\/a><br \/><a href=\"https:\/\/goias.gov.br\/fapeg\/wp-content\/uploads\/sites\/5\/2021\/09\/Planejamento-Estrategico-2020-2023-Fapeg_compressed-1.pdf\" target=\"_blank\" rel=\"noopener\">Planejamento Estrat\u00e9gico 2020-2023<\/a><br \/><a href=\"https:\/\/goias.gov.br\/fapeg\/wp-content\/uploads\/sites\/5\/2021\/08\/Metodologia-Planejamento-Estrategico-2020-2023-Fapeg.pdf\">Metodologia &#8211; Planejamento Estrat\u00e9gico 2020-2023<\/a><\/p>\n<p><strong>Monitoramento<\/strong><\/p>\n<p><a href=\"https:\/\/goias.gov.br\/fapeg\/wp-content\/uploads\/sites\/5\/2025\/09\/Monitoramento-Parcial-2025-do-Planejamento-Estrategico-2024-2027-janeiro-agosto.pdf\" target=\"_blank\" rel=\"noopener\">Monitoramento Parcial 2025 do Planejamento Estrat\u00e9gico 2024-2027 (janeiro-agosto)<\/a><strong><br \/><\/strong><a href=\"https:\/\/goias.gov.br\/fapeg\/wp-content\/uploads\/sites\/5\/2025\/05\/Versao_Oficial_Monitoramento_PE_2024___23_05_2025.pdf\">Monitoramento 2024 do Planejamento Estrat\u00e9gico 2024-2027<\/a><br \/><a href=\"https:\/\/goias.gov.br\/fapeg\/wp-content\/uploads\/sites\/5\/2024\/11\/Monitoramento-parcial-2024-PE-2024-2027.pdf\">Monitoramento Parcial do Planejamento Estrat\u00e9gico 2024-2027 (Outubro)<\/a><br \/><a href=\"https:\/\/goias.gov.br\/fapeg\/wp-content\/uploads\/sites\/5\/2024\/02\/Monitoramento-2023-do-Planejamento-Estrategico-2020-2023.pdf\">Monitoramento 2023 do Planejamento Estrat\u00e9gico 2020-2023<\/a><br \/><a href=\"https:\/\/goias.gov.br\/fapeg\/wp-content\/uploads\/sites\/5\/2023\/09\/Retif_Oficial_Monitorament_PE-2020-2023.pdf\">Monitoramento 2022 do Planejamento Estrat\u00e9gico 2020-2023<\/a><br \/><a href=\"https:\/\/goias.gov.br\/fapeg\/wp-content\/uploads\/sites\/5\/2023\/09\/Plan-Estrat-2020-2023_Fapeg_Revisao-2021.pdf\">Monitoramento 2021 do Planejamento Estrat\u00e9gico 2020-2023<\/a><br \/><a href=\"https:\/\/goias.gov.br\/fapeg\/wp-content\/uploads\/sites\/5\/2020\/01\/ACOMPANHAMENTO_2019_PE_FAPEG_final_16-01-2019.pdf\" target=\"_blank\" rel=\"noopener noreferrer\">Monitoramento 2019<\/a><strong><br \/><\/strong><a href=\"https:\/\/goias.gov.br\/fapeg\/wp-content\/uploads\/sites\/5\/2021\/08\/ACOMPANHAMENTO_2018_PE_FAPEG.pdf\">Monitoramento 2018<\/a><\/p>\n\n\n<p><\/p>\n","protected":false},"excerpt":{"rendered":"<p>Planejamento Estrat\u00e9gico Planejamento Estrat\u00e9gico 2024-2027Planejamento Estrat\u00e9gico 2020-2023Metodologia &#8211; Planejamento Estrat\u00e9gico 2020-2023 Monitoramento Monitoramento Parcial 2025 do Planejamento Estrat\u00e9gico 2024-2027 (janeiro-agosto)Monitoramento 2024 do Planejamento Estrat\u00e9gico 2024-2027Monitoramento Parcial do Planejamento Estrat\u00e9gico 2024-2027 (Outubro)Monitoramento 2023 do Planejamento Estrat\u00e9gico 2020-2023Monitoramento 2022 do Planejamento Estrat\u00e9gico 2020-2023Monitoramento 2021 do Planejamento Estrat\u00e9gico 2020-2023Monitoramento 2019Monitoramento 2018<\/p>\n","protected":false},"author":46,"featured_media":0,"parent":0,"menu_order":0,"comment_status":"closed","ping_status":"closed","template":"","meta":{"footnotes":""},"class_list":["post-28172","page","type-page","status-publish","hentry"],"rttpg_featured_image_url":null,"rttpg_author":{"display_name":"cleybetsls","author_link":"https:\/\/goias.gov.br\/fapeg\/author\/cleybetsls\/"},"rttpg_comment":0,"rttpg_category":null,"rttpg_excerpt":"Planejamento Estrat\u00e9gico Planejamento Estrat\u00e9gico 2024-2027Planejamento Estrat\u00e9gico 2020-2023Metodologia &#8211; Planejamento Estrat\u00e9gico 2020-2023 Monitoramento Monitoramento Parcial 2025 do Planejamento Estrat\u00e9gico 2024-2027 (janeiro-agosto)Monitoramento 2024 do Planejamento Estrat\u00e9gico 2024-2027Monitoramento Parcial do Planejamento Estrat\u00e9gico 2024-2027 (Outubro)Monitoramento 2023 do Planejamento Estrat\u00e9gico 2020-2023Monitoramento 2022 do Planejamento Estrat\u00e9gico 2020-2023Monitoramento 2021 do Planejamento Estrat\u00e9gico 2020-2023Monitoramento 2019Monitoramento 2018","_links":{"self":[{"href":"https:\/\/goias.gov.br\/fapeg\/wp-json\/wp\/v2\/pages\/28172","targetHints":{"allow":["GET"]}}],"collection":[{"href":"https:\/\/goias.gov.br\/fapeg\/wp-json\/wp\/v2\/pages"}],"about":[{"href":"https:\/\/goias.gov.br\/fapeg\/wp-json\/wp\/v2\/types\/page"}],"author":[{"embeddable":true,"href":"https:\/\/goias.gov.br\/fapeg\/wp-json\/wp\/v2\/users\/46"}],"replies":[{"embeddable":true,"href":"https:\/\/goias.gov.br\/fapeg\/wp-json\/wp\/v2\/comments?post=28172"}],"version-history":[{"count":2,"href":"https:\/\/goias.gov.br\/fapeg\/wp-json\/wp\/v2\/pages\/28172\/revisions"}],"predecessor-version":[{"id":95413,"href":"https:\/\/goias.gov.br\/fapeg\/wp-json\/wp\/v2\/pages\/28172\/revisions\/95413"}],"wp:attachment":[{"href":"https:\/\/goias.gov.br\/fapeg\/wp-json\/wp\/v2\/media?parent=28172"}],"curies":[{"name":"wp","href":"https:\/\/api.w.org\/{rel}","templated":true}]}}