

{"id":27728,"date":"2019-11-19T15:56:09","date_gmt":"2019-11-19T17:56:09","guid":{"rendered":"http:\/\/www.fapeg.go.gov.br\/?page_id=27728"},"modified":"2022-07-06T17:13:50","modified_gmt":"2022-07-06T20:13:50","slug":"orientacoes-para-projetos","status":"publish","type":"page","link":"https:\/\/goias.gov.br\/fapeg\/orientacoes-para-projetos\/","title":{"rendered":"Orienta\u00e7\u00f5es para projetos"},"content":{"rendered":"<p><a href=\"https:\/\/goias.gov.br\/fapeg\/wp-content\/uploads\/sites\/5\/2022\/07\/Roteiro-para-Projeto-Regular-06-07-2022.pdf\" target=\"_blank\" rel=\"noopener\">Roteiro de projeto regular<\/a><\/p>\n<p><a href=\"https:\/\/goias.gov.br\/fapeg\/wp-content\/uploads\/sites\/5\/2020\/08\/Roteiro-projetos-FAPEG-CHAMADA-GOVERNO-COM-CI\u00caNCIA-1-1.pdf\" target=\"_blank\" rel=\"noopener noreferrer\">Roteiro para Projetos da Chamada Governo com Ci\u00eancia<\/a><\/p>\n<p><a href=\"https:\/\/goias.gov.br\/fapeg\/wp-content\/uploads\/sites\/5\/2022\/06\/Planilha-Orcamento-Junho-2022-1.xlsx\">Planilha &#8211; Or\u00e7amento<\/a><\/p>\n<p><a href=\"https:\/\/goias.gov.br\/fapeg\/wp-content\/uploads\/sites\/5\/2019\/11\/Cronograma-F\u00edsico-Financeiro-FAPEG.xlsx\" target=\"_blank\" rel=\"noopener noreferrer\">Planilha &#8211; Cronograma f\u00edsico-financeiro<\/a><\/p>\n<p><a href=\"https:\/\/goias.gov.br\/fapeg\/wp-content\/uploads\/sites\/5\/2021\/03\/Planilha-Equipe.v2.xlsx\" target=\"_blank\" rel=\"noopener noreferrer\">Planilha &#8211; Equipe<\/a><\/p>\n<p><a href=\"https:\/\/goias.gov.br\/fapeg\/wp-content\/uploads\/sites\/5\/2020\/08\/S\u00famula-Curricular.pdf\" target=\"_blank\" rel=\"noopener noreferrer\">Modelo de S\u00famula Curricular<\/a><\/p>\n<p><a href=\"https:\/\/goias.gov.br\/fapeg\/wp-content\/uploads\/sites\/5\/2020\/07\/Infraestrutura_Institucional_-_PDF_Edit\u00e1vel.pdf\" target=\"_blank\" rel=\"noopener noreferrer\">Manifesta\u00e7\u00e3o do dirigente da Institui\u00e7\u00e3o Sede<\/a><\/p>\n","protected":false},"excerpt":{"rendered":"<p>Roteiro de projeto regular Roteiro para Projetos da Chamada Governo com Ci\u00eancia Planilha &#8211; Or\u00e7amento Planilha &#8211; Cronograma f\u00edsico-financeiro Planilha &#8211; Equipe Modelo de S\u00famula Curricular Manifesta\u00e7\u00e3o do dirigente da Institui\u00e7\u00e3o Sede<\/p>\n","protected":false},"author":46,"featured_media":0,"parent":0,"menu_order":0,"comment_status":"closed","ping_status":"closed","template":"","meta":{"footnotes":""},"class_list":["post-27728","page","type-page","status-publish","hentry"],"rttpg_featured_image_url":null,"rttpg_author":{"display_name":"cleybetsls","author_link":"https:\/\/goias.gov.br\/fapeg\/author\/cleybetsls\/"},"rttpg_comment":0,"rttpg_category":null,"rttpg_excerpt":"Roteiro de projeto regular Roteiro para Projetos da Chamada Governo com Ci\u00eancia Planilha &#8211; Or\u00e7amento Planilha &#8211; Cronograma f\u00edsico-financeiro Planilha &#8211; Equipe Modelo de S\u00famula Curricular Manifesta\u00e7\u00e3o do dirigente da Institui\u00e7\u00e3o Sede","_links":{"self":[{"href":"https:\/\/goias.gov.br\/fapeg\/wp-json\/wp\/v2\/pages\/27728","targetHints":{"allow":["GET"]}}],"collection":[{"href":"https:\/\/goias.gov.br\/fapeg\/wp-json\/wp\/v2\/pages"}],"about":[{"href":"https:\/\/goias.gov.br\/fapeg\/wp-json\/wp\/v2\/types\/page"}],"author":[{"embeddable":true,"href":"https:\/\/goias.gov.br\/fapeg\/wp-json\/wp\/v2\/users\/46"}],"replies":[{"embeddable":true,"href":"https:\/\/goias.gov.br\/fapeg\/wp-json\/wp\/v2\/comments?post=27728"}],"version-history":[{"count":25,"href":"https:\/\/goias.gov.br\/fapeg\/wp-json\/wp\/v2\/pages\/27728\/revisions"}],"predecessor-version":[{"id":34283,"href":"https:\/\/goias.gov.br\/fapeg\/wp-json\/wp\/v2\/pages\/27728\/revisions\/34283"}],"wp:attachment":[{"href":"https:\/\/goias.gov.br\/fapeg\/wp-json\/wp\/v2\/media?parent=27728"}],"curies":[{"name":"wp","href":"https:\/\/api.w.org\/{rel}","templated":true}]}}