

{"id":273,"date":"2015-07-14T15:06:12","date_gmt":"2015-07-14T15:06:12","guid":{"rendered":"http:\/\/10.246.8.22\/?page_id=273"},"modified":"2024-01-30T18:31:32","modified_gmt":"2024-01-30T21:31:32","slug":"marca-fapeg","status":"publish","type":"page","link":"https:\/\/goias.gov.br\/fapeg\/marca-fapeg\/","title":{"rendered":"Marca Fapeg"},"content":{"rendered":"<p><strong>Sobre a Marca<\/strong><\/p>\n<p>O trabalho da FAPEG ampara e difunde a pesquisa, ou seja, amplifica o conhecimento. Para evidenciar esse princ\u00edpio, traduzimos em um \u00edcone marcante, e de r\u00e1pida associa\u00e7\u00e3o, toda a sapi\u00eancia enraizada ao trabalho da Funda\u00e7\u00e3o. Assim, o \u00edcone nos remete ao formato do c\u00e9rebro humano que, por consequ\u00eancia, representa o est\u00edmulo ao conhecimento.<\/p>\n<p>Para que a marca tenha identidade e ess\u00eancia significativa, uma planta t\u00edpica do bioma Cerrado, o Chuveirinho, uma esp\u00e9cie de Sempre-Viva, \u00e9 aplicada a esse \u00edcone, valorizando o ecossistema predominante no Estado de Goi\u00e1s. As ramifica\u00e7\u00f5es da planta fazem alus\u00e3o direta \u00e0s conex\u00f5es neurais, bem como ao car\u00e1ter de difus\u00e3o do conhecimento, tratando a FAPEG como o pr\u00f3prio caule dessa planta, ou seja, o instrumento que d\u00e1 alcance e sustentabilidade para novas ideias.<\/p>\n<p>Em rela\u00e7\u00e3o \u00e0s cores, trazemos a paleta do Cerrado, com tons alaranjados que somam vivacidade ao conjunto e tons esverdeados que incitam a esperan\u00e7a e a transforma\u00e7\u00e3o por meio da pesquisa.<\/p>\n<p><a href=\"https:\/\/goias.gov.br\/fapeg\/wp-content\/uploads\/sites\/5\/2015\/07\/FAPEG-Manual-da-marca.pdf\" target=\"_blank\" rel=\"noopener noreferrer\">Clique aqui para fazer o download do\u00a0manual de aplica\u00e7\u00e3o da marca (.pdf)<\/a><\/p>\n<p><a href=\"\/wp-content\/uploads\/sites\/5\/2015\/07\/marca-horizontal-fapeg.jpg\" target=\"_blank\" rel=\"noopener noreferrer\">Clique aqui para fazer o download da logomarca da FAPEG (.jpg)<br \/>\n<\/a><a href=\"https:\/\/goias.gov.br\/fapeg\/wp-content\/uploads\/sites\/5\/2016\/06\/marca-fapeg-transparente.png\" target=\"_blank\" rel=\"noopener noreferrer\">Clique aqui para fazer o download da logomarca da FAPEG (.png)<br \/>\n<\/a><a href=\"https:\/\/goias.gov.br\/fapeg\/wp-content\/uploads\/sites\/5\/2016\/09\/marca-fapeg-branca.png\" target=\"_blank\" rel=\"noopener noreferrer\">Clique aqui para fazer o download da logomarca da FAPEG &#8211; vers\u00e3o branca (.png)<\/a><br \/>\n<a href=\"https:\/\/goias.gov.br\/fapeg\/wp-content\/uploads\/sites\/5\/2016\/09\/marca-fapeg-preta.png\" target=\"_blank\" rel=\"noopener noreferrer\">Clique aqui para fazer o download da logomarca da FAPEG &#8211; vers\u00e3o preta\u00a0(.png)<\/a><\/p>\n","protected":false},"excerpt":{"rendered":"<p>Sobre a Marca O trabalho da FAPEG ampara e difunde a pesquisa, ou seja, amplifica o conhecimento. Para evidenciar esse princ\u00edpio, traduzimos em um \u00edcone marcante, e de r\u00e1pida associa\u00e7\u00e3o, toda a sapi\u00eancia enraizada ao trabalho da Funda\u00e7\u00e3o. Assim, o \u00edcone nos remete ao formato do c\u00e9rebro humano que, por consequ\u00eancia, representa o est\u00edmulo ao [&hellip;]<\/p>\n","protected":false},"author":46,"featured_media":0,"parent":0,"menu_order":0,"comment_status":"closed","ping_status":"closed","template":"","meta":{"footnotes":""},"class_list":["post-273","page","type-page","status-publish","hentry"],"rttpg_featured_image_url":null,"rttpg_author":{"display_name":"cleybetsls","author_link":"https:\/\/goias.gov.br\/fapeg\/author\/cleybetsls\/"},"rttpg_comment":0,"rttpg_category":null,"rttpg_excerpt":"Sobre a Marca O trabalho da FAPEG ampara e difunde a pesquisa, ou seja, amplifica o conhecimento. Para evidenciar esse princ\u00edpio, traduzimos em um \u00edcone marcante, e de r\u00e1pida associa\u00e7\u00e3o, toda a sapi\u00eancia enraizada ao trabalho da Funda\u00e7\u00e3o. Assim, o \u00edcone nos remete ao formato do c\u00e9rebro humano que, por consequ\u00eancia, representa o est\u00edmulo ao&hellip;","_links":{"self":[{"href":"https:\/\/goias.gov.br\/fapeg\/wp-json\/wp\/v2\/pages\/273","targetHints":{"allow":["GET"]}}],"collection":[{"href":"https:\/\/goias.gov.br\/fapeg\/wp-json\/wp\/v2\/pages"}],"about":[{"href":"https:\/\/goias.gov.br\/fapeg\/wp-json\/wp\/v2\/types\/page"}],"author":[{"embeddable":true,"href":"https:\/\/goias.gov.br\/fapeg\/wp-json\/wp\/v2\/users\/46"}],"replies":[{"embeddable":true,"href":"https:\/\/goias.gov.br\/fapeg\/wp-json\/wp\/v2\/comments?post=273"}],"version-history":[{"count":2,"href":"https:\/\/goias.gov.br\/fapeg\/wp-json\/wp\/v2\/pages\/273\/revisions"}],"predecessor-version":[{"id":38446,"href":"https:\/\/goias.gov.br\/fapeg\/wp-json\/wp\/v2\/pages\/273\/revisions\/38446"}],"wp:attachment":[{"href":"https:\/\/goias.gov.br\/fapeg\/wp-json\/wp\/v2\/media?parent=273"}],"curies":[{"name":"wp","href":"https:\/\/api.w.org\/{rel}","templated":true}]}}