

{"id":26,"date":"2014-08-29T12:36:36","date_gmt":"2014-08-29T15:36:36","guid":{"rendered":"http:\/\/localhost\/sitefapeg\/?page_id=26"},"modified":"2022-02-25T12:29:33","modified_gmt":"2022-02-25T15:29:33","slug":"licitacoes","status":"publish","type":"page","link":"https:\/\/goias.gov.br\/fapeg\/licitacoes\/","title":{"rendered":"Licita\u00e7\u00f5es"},"content":{"rendered":"<div class=\"headline\" style=\"color: #676767;\">\n<h5 class=\"title\" style=\"color: #fd5909;\"><\/h5>\n<\/div>\n<p style=\"color: #676767;\"><a style=\"color: #fd5909;\" href=\"http:\/\/fapeg.go.gov.br\/sitefapeg\/index.php?option=com_content&amp;view=article&amp;id=357&amp;Itemid=56\" target=\"_blank\" rel=\"noopener noreferrer\">Ades\u00e3o a ata de registro de pre\u00e7o<\/a><\/p>\n<hr style=\"color: #676767;\" \/>\n<p style=\"color: #676767;\"><a style=\"color: #fd5909;\" href=\"http:\/\/fapeg.go.gov.br\/sitefapeg\/index.php?option=com_content&amp;view=article&amp;id=420&amp;Itemid=56\">Inexigibilidade de licita\u00e7\u00e3o<\/a><\/p>\n<hr style=\"color: #676767;\" \/>\n<p style=\"color: #676767;\"><a style=\"color: #fd5909;\" href=\"http:\/\/fapeg.go.gov.br\/sitefapeg\/anexos\/licitacoes\/Relatorios_2012\/Relat%C3%B3rio%20Anal%C3%ADtico%20de%20aquisi%C3%A7%C3%B5es%20-%202012.pdf\" target=\"_blank\" rel=\"noopener noreferrer\">Relat\u00f3rio Anal\u00edtico de Aquisi\u00e7\u00f5es 2012<\/a><\/p>\n<hr style=\"color: #676767;\" \/>\n<p style=\"color: #676767;\"><a style=\"color: #fd5909;\" href=\"http:\/\/fapeg.go.gov.br\/sitefapeg\/index.php?option=com_content&amp;view=article&amp;id=491&amp;Itemid=56\">Importa\u00e7\u00f5es<\/a><\/p>\n<hr style=\"color: #676767;\" \/>\n<p style=\"color: #676767;\"><a style=\"color: #fd5909;\" href=\"http:\/\/fapeg.go.gov.br\/sitefapeg\/index.php?option=com_content&amp;view=article&amp;id=528&amp;Itemid=56\">Preg\u00f5es Eletr\u00f4nicos 2014<\/a><\/p>\n<p style=\"color: #676767;\"><a style=\"color: #fd5909;\" href=\"http:\/\/fapeg.go.gov.br\/sitefapeg\/index.php?option=com_content&amp;view=article&amp;id=324&amp;Itemid=56\">Preg\u00f5es Eletr\u00f4nicos 2013<\/a><\/p>\n<p style=\"color: #676767;\"><a style=\"color: #fd5909;\" href=\"http:\/\/fapeg.go.gov.br\/sitefapeg\/index.php?option=com_content&amp;view=article&amp;id=206&amp;Itemid=56\">Preg\u00f5es Eletr\u00f4nicos 2012<\/a><\/p>\n<p style=\"color: #676767;\"><a style=\"color: #fd5909;\" href=\"http:\/\/fapeg.go.gov.br\/sitefapeg\/index.php?option=com_content&amp;view=article&amp;id=126&amp;Itemid=56\">Preg\u00f5es Eletr\u00f4nicos 2011<\/a><\/p>\n<p style=\"color: #676767;\"><a style=\"color: #fd5909;\" href=\"http:\/\/fapeg.go.gov.br\/sitefapeg\/index.php?option=com_content&amp;view=article&amp;id=110&amp;Itemid=56\">Preg\u00f5es Eletr\u00f4nicos 2010<\/a><\/p>\n<p style=\"color: #676767;\"><a style=\"color: #fd5909;\" href=\"http:\/\/fapeg.go.gov.br\/sitefapeg\/index.php?option=com_content&amp;view=article&amp;id=111&amp;Itemid=56\">Preg\u00f5es Eletr\u00f4nicos 2009<\/a><\/p>\n<hr style=\"color: #676767;\" \/>\n<p style=\"color: #676767;\"><a style=\"color: #fd5909;\" href=\"http:\/\/fapeg.go.gov.br\/sitefapeg\/index.php?option=com_content&amp;view=article&amp;id=248&amp;Itemid=56\">Preg\u00f5es Presenciais 2012<\/a><\/p>\n<p style=\"color: #676767;\"><a style=\"color: #fd5909;\" href=\"http:\/\/fapeg.go.gov.br\/sitefapeg\/index.php?option=com_content&amp;view=article&amp;id=129&amp;Itemid=56\">Preg\u00f5es Presenciais 2011<\/a><\/p>\n<p style=\"color: #676767;\"><a style=\"color: #fd5909;\" href=\"http:\/\/fapeg.go.gov.br\/sitefapeg\/index.php?option=com_content&amp;view=article&amp;id=112&amp;Itemid=56\">Preg\u00f5es Presenciais 2010<\/a><\/p>\n<hr style=\"color: #676767;\" \/>\n<p style=\"color: #676767;\"><a style=\"color: #fd5909;\" href=\"http:\/\/fapeg.go.gov.br\/sitefapeg\/index.php?option=com_content&amp;view=article&amp;id=526&amp;Itemid=56\">Dispensas de Licita\u00e7\u00f5es 2014<\/a><\/p>\n<p style=\"color: #676767;\"><a style=\"color: #fd5909;\" href=\"http:\/\/fapeg.go.gov.br\/sitefapeg\/index.php?option=com_content&amp;view=article&amp;id=379&amp;Itemid=56\">Dispensas de Licita\u00e7\u00f5es 2013<\/a><\/p>\n<p style=\"color: #676767;\"><a style=\"color: #fd5909;\" href=\"http:\/\/fapeg.go.gov.br\/sitefapeg\/index.php?option=com_content&amp;view=article&amp;id=198&amp;Itemid=56\">Dispensas de Licita\u00e7\u00f5es 2012<\/a><\/p>\n<p style=\"color: #676767;\"><a style=\"color: #fd5909;\" href=\"http:\/\/fapeg.go.gov.br\/sitefapeg\/index.php?option=com_content&amp;view=article&amp;id=113&amp;Itemid=56\">Dispensas de Licita\u00e7\u00f5es 2011<\/a><\/p>\n<p style=\"color: #676767;\"><a style=\"color: #fd5909;\" href=\"http:\/\/fapeg.go.gov.br\/sitefapeg\/index.php?option=com_content&amp;view=article&amp;id=114&amp;Itemid=56\">Dispensas de Licita\u00e7\u00f5es 2009-2010<\/a><\/p>\n<hr style=\"color: #676767;\" \/>\n<p style=\"color: #676767;\"><a style=\"color: #fd5909;\" href=\"http:\/\/fapeg.go.gov.br\/sitefapeg\/index.php?option=com_content&amp;view=article&amp;id=115&amp;Itemid=56\">Legisla\u00e7\u00e3o Federal<\/a><\/p>\n<p style=\"color: #676767;\"><a style=\"color: #fd5909;\" href=\"http:\/\/fapeg.go.gov.br\/sitefapeg\/index.php?option=com_content&amp;view=article&amp;id=116&amp;Itemid=56\">Legisla\u00e7\u00e3o Estadual<\/a><\/p>\n<hr style=\"color: #676767;\" \/>\n","protected":false},"excerpt":{"rendered":"<p>Ades\u00e3o a ata de registro de pre\u00e7o Inexigibilidade de licita\u00e7\u00e3o Relat\u00f3rio Anal\u00edtico de Aquisi\u00e7\u00f5es 2012 Importa\u00e7\u00f5es Preg\u00f5es Eletr\u00f4nicos 2014 Preg\u00f5es Eletr\u00f4nicos 2013 Preg\u00f5es Eletr\u00f4nicos 2012 Preg\u00f5es Eletr\u00f4nicos 2011 Preg\u00f5es Eletr\u00f4nicos 2010 Preg\u00f5es Eletr\u00f4nicos 2009 Preg\u00f5es Presenciais 2012 Preg\u00f5es Presenciais 2011 Preg\u00f5es Presenciais 2010 Dispensas de Licita\u00e7\u00f5es 2014 Dispensas de Licita\u00e7\u00f5es 2013 Dispensas de Licita\u00e7\u00f5es 2012 [&hellip;]<\/p>\n","protected":false},"author":46,"featured_media":0,"parent":0,"menu_order":0,"comment_status":"closed","ping_status":"closed","template":"","meta":{"footnotes":""},"class_list":["post-26","page","type-page","status-publish","hentry"],"rttpg_featured_image_url":null,"rttpg_author":{"display_name":"cleybetsls","author_link":"https:\/\/goias.gov.br\/fapeg\/author\/cleybetsls\/"},"rttpg_comment":0,"rttpg_category":null,"rttpg_excerpt":"Ades\u00e3o a ata de registro de pre\u00e7o Inexigibilidade de licita\u00e7\u00e3o Relat\u00f3rio Anal\u00edtico de Aquisi\u00e7\u00f5es 2012 Importa\u00e7\u00f5es Preg\u00f5es Eletr\u00f4nicos 2014 Preg\u00f5es Eletr\u00f4nicos 2013 Preg\u00f5es Eletr\u00f4nicos 2012 Preg\u00f5es Eletr\u00f4nicos 2011 Preg\u00f5es Eletr\u00f4nicos 2010 Preg\u00f5es Eletr\u00f4nicos 2009 Preg\u00f5es Presenciais 2012 Preg\u00f5es Presenciais 2011 Preg\u00f5es Presenciais 2010 Dispensas de Licita\u00e7\u00f5es 2014 Dispensas de Licita\u00e7\u00f5es 2013 Dispensas de Licita\u00e7\u00f5es 2012&hellip;","_links":{"self":[{"href":"https:\/\/goias.gov.br\/fapeg\/wp-json\/wp\/v2\/pages\/26","targetHints":{"allow":["GET"]}}],"collection":[{"href":"https:\/\/goias.gov.br\/fapeg\/wp-json\/wp\/v2\/pages"}],"about":[{"href":"https:\/\/goias.gov.br\/fapeg\/wp-json\/wp\/v2\/types\/page"}],"author":[{"embeddable":true,"href":"https:\/\/goias.gov.br\/fapeg\/wp-json\/wp\/v2\/users\/46"}],"replies":[{"embeddable":true,"href":"https:\/\/goias.gov.br\/fapeg\/wp-json\/wp\/v2\/comments?post=26"}],"version-history":[{"count":9,"href":"https:\/\/goias.gov.br\/fapeg\/wp-json\/wp\/v2\/pages\/26\/revisions"}],"predecessor-version":[{"id":33250,"href":"https:\/\/goias.gov.br\/fapeg\/wp-json\/wp\/v2\/pages\/26\/revisions\/33250"}],"wp:attachment":[{"href":"https:\/\/goias.gov.br\/fapeg\/wp-json\/wp\/v2\/media?parent=26"}],"curies":[{"name":"wp","href":"https:\/\/api.w.org\/{rel}","templated":true}]}}