

{"id":24,"date":"2014-08-29T12:35:49","date_gmt":"2014-08-29T12:35:49","guid":{"rendered":"http:\/\/localhost\/sitefapeg\/?page_id=24"},"modified":"2025-10-31T14:59:45","modified_gmt":"2025-10-31T17:59:45","slug":"bolsistas","status":"publish","type":"page","link":"https:\/\/goias.gov.br\/fapeg\/bolsistas\/","title":{"rendered":"Bolsistas"},"content":{"rendered":"<p>Link para envio de relat\u00f3rio pela plataforma Darwin (clique <a href=\"https:\/\/apex.fapeg.go.gov.br\/ords\/r\/charles\/charles-darwin\" target=\"_blank\" rel=\"noopener\">aqui<\/a>).<\/p>\n<p>Formul\u00e1rio de Adequa\u00e7\u00e3o Projeto Bolsista\u00a0<a href=\"https:\/\/goias.gov.br\/fapeg\/wp-content\/uploads\/sites\/5\/2017\/04\/FORMUL\u00c1RIO_DE_ADEQUA\u00c7\u00c3O_DE_PROJETO_DE_BOLSAS_2.ods\">(ods)<\/a>\u00a0<a href=\"https:\/\/goias.gov.br\/fapeg\/wp-content\/uploads\/sites\/5\/2017\/04\/FORMUL\u00c1RIO_DE_ADEQUA\u00c7\u00c3O_DE_PROJETO_DE_BOLSAS.xls\">(xls)<\/a><\/p>\n<p>Relat\u00f3rio Final Bolsa de Forma\u00e7\u00e3o &#8211; Inicia\u00e7\u00e3o Cient\u00edfica <a href=\"https:\/\/goias.gov.br\/fapeg\/wp-content\/uploads\/sites\/5\/2017\/07\/FORMUL\u00c1RIO_T\u00c9CNICO_FINAL_BOLSA_INICIACAO-1.odt\">(odt)<\/a>\u00a0<a href=\"https:\/\/goias.gov.br\/fapeg\/wp-content\/uploads\/sites\/5\/2017\/07\/FORMUL\u00c1RIO_T\u00c9CNICO_FINAL_BOLSA_INICIACAO-1-1.doc\">(doc)<\/a><\/p>\n<p>Relat\u00f3rio Final Bolsa de Forma\u00e7\u00e3o &#8211; Mestrado\/Doutorado\u00a0<a href=\"https:\/\/goias.gov.br\/fapeg\/wp-content\/uploads\/sites\/5\/2017\/07\/FORMUL\u00c1RIO_T\u00c9CNICO_FINAL_BOLSA_MESTRADO_DOUTORADO-1.odt\">(odt)<\/a>\u00a0<a href=\"https:\/\/goias.gov.br\/fapeg\/wp-content\/uploads\/sites\/5\/2017\/07\/FORMUL\u00c1RIO_T\u00c9CNICO_FINAL_BOLSA_MESTRADO_DOUTORADO.doc\">(doc)<\/a><\/p>\n<p>Relat\u00f3rio Final Bolsa de Forma\u00e7\u00e3o &#8211; P\u00f3s-Doutorado\u00a0<a href=\"https:\/\/goias.gov.br\/fapeg\/wp-content\/uploads\/sites\/5\/2017\/07\/FORMUL\u00c1RIO_T\u00c9CNICO_FINAL_BOLSA_POS_DOUTORADO-1.odt\">(odt)<\/a>\u00a0<a href=\"https:\/\/goias.gov.br\/fapeg\/wp-content\/uploads\/sites\/5\/2017\/07\/FORMUL\u00c1RIO_T\u00c9CNICO_FINAL_BOLSA_POS_DOUTORADO.doc\">(doc)<\/a><\/p>\n<p>Relat\u00f3rio Final Bolsa de Forma\u00e7\u00e3o &#8211; Apoio T\u00e9cnico\u00a0<a href=\"https:\/\/goias.gov.br\/fapeg\/wp-content\/uploads\/sites\/5\/2017\/07\/FORMUL\u00c1RIO_T\u00c9CNICO_FINAL_APOIO_TECNICO-1.odt\">(odt)<\/a>\u00a0<a href=\"https:\/\/goias.gov.br\/fapeg\/wp-content\/uploads\/sites\/5\/2017\/07\/FORMUL\u00c1RIO_T\u00c9CNICO_FINAL_APOIO_TECNICO-1.doc\">(doc)<\/a><\/p>\n<p>Relat\u00f3rio Final Bolsa &#8211; DCR\u00a0<a href=\"https:\/\/goias.gov.br\/fapeg\/wp-content\/uploads\/sites\/5\/2018\/03\/87.-FORMUL\u00c1RIO_T\u00c9CNICO_FINAL_BOLSA_DCR-1.odt\">(odt)<\/a>\u00a0<a href=\"https:\/\/goias.gov.br\/fapeg\/wp-content\/uploads\/sites\/5\/2018\/03\/87.-FORMUL\u00c1RIO_T\u00c9CNICO_FINAL_BOLSA_DCR-1.doc\">(doc)<\/a><\/p>\n<p>Formul\u00e1rio T\u00e9cnico Final Bolsa IEL (<a href=\"https:\/\/goias.gov.br\/fapeg\/wp-content\/uploads\/sites\/5\/2019\/10\/2-FORMUL\u00c1RIO_T\u00c9CNICO_FINAL_BOLSA_IEL.odt\" target=\"_blank\" rel=\"noopener noreferrer\">odt<\/a>) (<a href=\"https:\/\/goias.gov.br\/fapeg\/wp-content\/uploads\/sites\/5\/2019\/10\/2-FORMUL\u00c1RIO_T\u00c9CNICO_FINAL_BOLSA_IEL.doc\" target=\"_blank\" rel=\"noopener noreferrer\">doc<\/a>)<\/p>\n<p><a href=\"https:\/\/goias.gov.br\/fapeg\/wp-content\/uploads\/sites\/5\/2022\/02\/Portaria-no-011-PRES-14-02-2022-1.pdf\" target=\"_blank\" rel=\"noopener\">Portaria 11<\/a> &#8211; Acumulo de bolsa de formacao com outras atividades<\/p>\n<p><a href=\"https:\/\/goias.gov.br\/fapeg\/wp-content\/uploads\/sites\/5\/2022\/02\/Portaria-no-013-PRES-21-02-2022-2.pdf\" target=\"_blank\" rel=\"noopener\">Portaria 13<\/a> PRES &#8211; Acumulo de bolsa de formacao com outras atividades<\/p>\n<p><a href=\"https:\/\/goias.gov.br\/fapeg\/wp-content\/uploads\/sites\/5\/2022\/02\/Autorizacao-para-Exercicio-de-Atividade-Secundaria-3.docx\" target=\"_blank\" rel=\"noopener\">Autorizacao para exercicio de atividade secundaria<\/a><\/p>\n<p><a href=\"https:\/\/goias.gov.br\/fapeg\/wp-content\/uploads\/sites\/5\/2023\/04\/Declaracao-de-Responsabilidade-das-Informacoes.docx\" target=\"_blank\" rel=\"noopener\">Modelo Declara\u00e7\u00e3o de Responsabilidade das Informa\u00e7\u00f5es<\/a><\/p>\n","protected":false},"excerpt":{"rendered":"<p>Link para envio de relat\u00f3rio pela plataforma Darwin (clique aqui). Formul\u00e1rio de Adequa\u00e7\u00e3o Projeto Bolsista\u00a0(ods)\u00a0(xls) Relat\u00f3rio Final Bolsa de Forma\u00e7\u00e3o &#8211; Inicia\u00e7\u00e3o Cient\u00edfica (odt)\u00a0(doc) Relat\u00f3rio Final Bolsa de Forma\u00e7\u00e3o &#8211; Mestrado\/Doutorado\u00a0(odt)\u00a0(doc) Relat\u00f3rio Final Bolsa de Forma\u00e7\u00e3o &#8211; P\u00f3s-Doutorado\u00a0(odt)\u00a0(doc) Relat\u00f3rio Final Bolsa de Forma\u00e7\u00e3o &#8211; Apoio T\u00e9cnico\u00a0(odt)\u00a0(doc) Relat\u00f3rio Final Bolsa &#8211; DCR\u00a0(odt)\u00a0(doc) Formul\u00e1rio T\u00e9cnico Final Bolsa [&hellip;]<\/p>\n","protected":false},"author":46,"featured_media":0,"parent":0,"menu_order":0,"comment_status":"closed","ping_status":"closed","template":"","meta":{"footnotes":""},"class_list":["post-24","page","type-page","status-publish","hentry"],"rttpg_featured_image_url":null,"rttpg_author":{"display_name":"cleybetsls","author_link":"https:\/\/goias.gov.br\/fapeg\/author\/cleybetsls\/"},"rttpg_comment":0,"rttpg_category":null,"rttpg_excerpt":"Link para envio de relat\u00f3rio pela plataforma Darwin (clique aqui). Formul\u00e1rio de Adequa\u00e7\u00e3o Projeto Bolsista\u00a0(ods)\u00a0(xls) Relat\u00f3rio Final Bolsa de Forma\u00e7\u00e3o &#8211; Inicia\u00e7\u00e3o Cient\u00edfica (odt)\u00a0(doc) Relat\u00f3rio Final Bolsa de Forma\u00e7\u00e3o &#8211; Mestrado\/Doutorado\u00a0(odt)\u00a0(doc) Relat\u00f3rio Final Bolsa de Forma\u00e7\u00e3o &#8211; P\u00f3s-Doutorado\u00a0(odt)\u00a0(doc) Relat\u00f3rio Final Bolsa de Forma\u00e7\u00e3o &#8211; Apoio T\u00e9cnico\u00a0(odt)\u00a0(doc) Relat\u00f3rio Final Bolsa &#8211; DCR\u00a0(odt)\u00a0(doc) Formul\u00e1rio T\u00e9cnico Final Bolsa&hellip;","_links":{"self":[{"href":"https:\/\/goias.gov.br\/fapeg\/wp-json\/wp\/v2\/pages\/24","targetHints":{"allow":["GET"]}}],"collection":[{"href":"https:\/\/goias.gov.br\/fapeg\/wp-json\/wp\/v2\/pages"}],"about":[{"href":"https:\/\/goias.gov.br\/fapeg\/wp-json\/wp\/v2\/types\/page"}],"author":[{"embeddable":true,"href":"https:\/\/goias.gov.br\/fapeg\/wp-json\/wp\/v2\/users\/46"}],"replies":[{"embeddable":true,"href":"https:\/\/goias.gov.br\/fapeg\/wp-json\/wp\/v2\/comments?post=24"}],"version-history":[{"count":6,"href":"https:\/\/goias.gov.br\/fapeg\/wp-json\/wp\/v2\/pages\/24\/revisions"}],"predecessor-version":[{"id":85118,"href":"https:\/\/goias.gov.br\/fapeg\/wp-json\/wp\/v2\/pages\/24\/revisions\/85118"}],"wp:attachment":[{"href":"https:\/\/goias.gov.br\/fapeg\/wp-json\/wp\/v2\/media?parent=24"}],"curies":[{"name":"wp","href":"https:\/\/api.w.org\/{rel}","templated":true}]}}