

{"id":238,"date":"2015-07-14T14:18:25","date_gmt":"2015-07-14T14:18:25","guid":{"rendered":"http:\/\/10.246.8.22\/?page_id=238"},"modified":"2026-03-30T17:07:03","modified_gmt":"2026-03-30T20:07:03","slug":"integrantes-consup","status":"publish","type":"page","link":"https:\/\/goias.gov.br\/fapeg\/integrantes-consup\/","title":{"rendered":"Integrantes Consup"},"content":{"rendered":"<p>O Conselho Superior \u00e9 composto pelo presidente da Fapeg, Marcos Fernando Arriel, e outros 20 membros indicados:<\/p>\n<p>\u2022 2\u00a0 pela Universidade Federal de Goi\u00e1s \u2013 UFG:<br \/>\n&#8211; Angelita Pereira de Lima<br \/>\n&#8211; Camila Cardoso Caixeta<\/p>\n<p>\u2022 1 pela Universidade Federal de Jata\u00ed \u2013 UFJ;<br \/>\n&#8211; Christiano Peres Coelho<\/p>\n<p>\u2022 1 pela Universidade Federal de Catal\u00e3o \u2013 UFCat;<br \/>\n&#8211; Roselma Lucchese<\/p>\n<p>\u2022 1 pelo Instituto Federal Goiano \u2013 IFGOIANO;<br \/>\n&#8211; Alan Carlos da Costa<\/p>\n<p>\u2022 1 pelo Instituto Federal de Goi\u00e1s \u2013 IFG;<br \/>\n&#8211; Oneida Cristina Gomes Barcelos Irigon<\/p>\n<p>\u2022 2 pela Universidade Estadual de Goi\u00e1s \u2013 UEG;<br \/>\n&#8211; Claudio Roberto Stacheira<br \/>\n&#8211; Everton Tizo Pedroso<\/p>\n<p>\u2022 1 pela Pontif\u00edcia Universidade Cat\u00f3lica de Goi\u00e1s (PUC-Goi\u00e1s), antiga UCG:<br \/>\n&#8211; Priscila Valverde de Oliveira Vitorino<\/p>\n<p>\u2022 1 pelas institui\u00e7\u00f5es estaduais com a\u00e7\u00f5es em pesquisa, desenvolvimento e inova\u00e7\u00e3o, em funcionamento no Estado de Goi\u00e1s;<br \/>\n&#8211; Erik Alencar de Figueiredo \u2013 IMB<\/p>\n<p>\u2022 1\u00a0pelas institui\u00e7\u00f5es federais com a\u00e7\u00f5es em pesquisa, desenvolvimento e inova\u00e7\u00e3o, em funcionamento no Estado de Goi\u00e1s;<br \/>\n&#8211; Adriano Stephan Nascente<\/p>\n<p>\u2022 1 pelas institui\u00e7\u00f5es do sistema estadual de educa\u00e7\u00e3o superior em Goi\u00e1s, exceto a UEG;<br \/>\n&#8211; Carlos C\u00e9sar Evangelista de Menezes \u2013 UNIRV<\/p>\n<p>\u2022 1 pela Pontif\u00edcia Universidade Cat\u00f3lica de Goi\u00e1s \u2013 PUC Goi\u00e1s;<br \/>\n&#8211; Thais Alves Marinho<\/p>\n<p>\u2022 1\u00a0pela Universidade Evang\u00e9lica de Goi\u00e1s \u2013 UniEvang\u00e9lica;<br \/>\n&#8211; Lucas Danilo Dias<\/p>\n<p>\u2022 1\u00a0pelo setor empresarial privado com a\u00e7\u00f5es em pesquisa, desenvolvimento e inova\u00e7\u00e3o, em funcionamento no Estado;<br \/>\n&#8211; Claudemir Jos\u00e9 Bonatto \u2013 SESI\/SENAI<\/p>\n<p>\u2022 2 pela Secretaria de Estado de Ci\u00eancia, Tecnologia e Inova\u00e7\u00e3o;<br \/>\n&#8211; Raphael dos Santos Veloso Martins<br \/>\n&#8211; Robert Bonif\u00e1cio da Silva<\/p>\n<p>\u2022 3 de livre escolha e nomeados pelo Governador do Estado:<br \/>\n&#8211; Adriano da Rocha Lima \u2013 Livre indica\u00e7\u00e3o do governador<\/p>\n<p>&#8211; Pedro Henrique Lemes Camilo \u2013 FAEG\/SENAR<br \/>\n&#8211; Robson Domingos Vieira \u2013 Livre indica\u00e7\u00e3o do governador.<\/p>\n","protected":false},"excerpt":{"rendered":"<p>O Conselho Superior \u00e9 composto pelo presidente da Fapeg, Marcos Fernando Arriel, e outros 20 membros indicados: \u2022 2\u00a0 pela Universidade Federal de Goi\u00e1s \u2013 UFG: &#8211; Angelita Pereira de Lima &#8211; Camila Cardoso Caixeta \u2022 1 pela Universidade Federal de Jata\u00ed \u2013 UFJ; &#8211; Christiano Peres Coelho \u2022 1 pela Universidade Federal de Catal\u00e3o [&hellip;]<\/p>\n","protected":false},"author":46,"featured_media":0,"parent":0,"menu_order":0,"comment_status":"closed","ping_status":"closed","template":"","meta":{"footnotes":""},"class_list":["post-238","page","type-page","status-publish","hentry"],"rttpg_featured_image_url":null,"rttpg_author":{"display_name":"cleybetsls","author_link":"https:\/\/goias.gov.br\/fapeg\/author\/cleybetsls\/"},"rttpg_comment":0,"rttpg_category":null,"rttpg_excerpt":"O Conselho Superior \u00e9 composto pelo presidente da Fapeg, Marcos Fernando Arriel, e outros 20 membros indicados: \u2022 2\u00a0 pela Universidade Federal de Goi\u00e1s \u2013 UFG: &#8211; Angelita Pereira de Lima &#8211; Camila Cardoso Caixeta \u2022 1 pela Universidade Federal de Jata\u00ed \u2013 UFJ; &#8211; Christiano Peres Coelho \u2022 1 pela Universidade Federal de Catal\u00e3o&hellip;","_links":{"self":[{"href":"https:\/\/goias.gov.br\/fapeg\/wp-json\/wp\/v2\/pages\/238","targetHints":{"allow":["GET"]}}],"collection":[{"href":"https:\/\/goias.gov.br\/fapeg\/wp-json\/wp\/v2\/pages"}],"about":[{"href":"https:\/\/goias.gov.br\/fapeg\/wp-json\/wp\/v2\/types\/page"}],"author":[{"embeddable":true,"href":"https:\/\/goias.gov.br\/fapeg\/wp-json\/wp\/v2\/users\/46"}],"replies":[{"embeddable":true,"href":"https:\/\/goias.gov.br\/fapeg\/wp-json\/wp\/v2\/comments?post=238"}],"version-history":[{"count":2,"href":"https:\/\/goias.gov.br\/fapeg\/wp-json\/wp\/v2\/pages\/238\/revisions"}],"predecessor-version":[{"id":96647,"href":"https:\/\/goias.gov.br\/fapeg\/wp-json\/wp\/v2\/pages\/238\/revisions\/96647"}],"wp:attachment":[{"href":"https:\/\/goias.gov.br\/fapeg\/wp-json\/wp\/v2\/media?parent=238"}],"curies":[{"name":"wp","href":"https:\/\/api.w.org\/{rel}","templated":true}]}}