

{"id":236,"date":"2015-07-14T14:16:44","date_gmt":"2015-07-14T14:16:44","guid":{"rendered":"http:\/\/10.246.8.22\/?page_id=236"},"modified":"2025-06-11T10:36:03","modified_gmt":"2025-06-11T13:36:03","slug":"conselho-superior","status":"publish","type":"page","link":"https:\/\/goias.gov.br\/fapeg\/integrantes-do-consup\/conselho-superior\/","title":{"rendered":"Conselho Superior"},"content":{"rendered":"<p>O Conselho Superior da Funda\u00e7\u00e3o de Amparo \u00e0 Pesquisa do Estado de Goi\u00e1s (FAPEG) foi criado pela Lei n. 15.472, de 12 de dezembro de 2005, como \u00f3rg\u00e3o m\u00e1ximo de delibera\u00e7\u00e3o da institui\u00e7\u00e3o\u00a0com a miss\u00e3o de cumprir as finalidades da FAPEG por meio de suas compet\u00eancias determinadas pela mesma Lei de cria\u00e7\u00e3o e altera\u00e7\u00f5es promovidas pela Lei n\u00ba 16.272, de 30 de maio de 2008. \u00c9 composto pelo presidente da Funda\u00e7\u00e3o e\u00a0de outros 15 membros, estes com mandatos de 03 (tr\u00eas) anos sendo-lhes permitida uma recondu\u00e7\u00e3o, conforme disposto no caput do Artigo 7\u00ba da Lei n\u00ba 15.472, de 12 de dezembro de 2005.<\/p>\n<p>&#8211; <a href=\"https:\/\/goias.gov.br\/fapeg\/integrantes-consup\/\">Integrantes<\/a><br \/>\n&#8211; <a href=\"\/fapeg\/conselho-superior\/regimento-consup\/\">Regimento interno<\/a><br \/>\n&#8211; <a href=\"https:\/\/goias.gov.br\/fapeg\/atas-de-reunioes\/\">Atas de reuni\u00f5es<\/a><br \/>\n&#8211; <a href=\"https:\/\/goias.gov.br\/fapeg\/wp-content\/uploads\/sites\/5\/2025\/06\/Cronograma-reuniao-Consup.pdf\">Cronograma das Reuni\u00f5es<\/a><\/p>\n","protected":false},"excerpt":{"rendered":"<p>O Conselho Superior da Funda\u00e7\u00e3o de Amparo \u00e0 Pesquisa do Estado de Goi\u00e1s (FAPEG) foi criado pela Lei n. 15.472, de 12 de dezembro de 2005, como \u00f3rg\u00e3o m\u00e1ximo de delibera\u00e7\u00e3o da institui\u00e7\u00e3o\u00a0com a miss\u00e3o de cumprir as finalidades da FAPEG por meio de suas compet\u00eancias determinadas pela mesma Lei de cria\u00e7\u00e3o e altera\u00e7\u00f5es promovidas [&hellip;]<\/p>\n","protected":false},"author":46,"featured_media":0,"parent":26958,"menu_order":0,"comment_status":"closed","ping_status":"closed","template":"","meta":{"footnotes":""},"class_list":["post-236","page","type-page","status-publish","hentry"],"rttpg_featured_image_url":null,"rttpg_author":{"display_name":"cleybetsls","author_link":"https:\/\/goias.gov.br\/fapeg\/author\/cleybetsls\/"},"rttpg_comment":0,"rttpg_category":null,"rttpg_excerpt":"O Conselho Superior da Funda\u00e7\u00e3o de Amparo \u00e0 Pesquisa do Estado de Goi\u00e1s (FAPEG) foi criado pela Lei n. 15.472, de 12 de dezembro de 2005, como \u00f3rg\u00e3o m\u00e1ximo de delibera\u00e7\u00e3o da institui\u00e7\u00e3o\u00a0com a miss\u00e3o de cumprir as finalidades da FAPEG por meio de suas compet\u00eancias determinadas pela mesma Lei de cria\u00e7\u00e3o e altera\u00e7\u00f5es promovidas&hellip;","_links":{"self":[{"href":"https:\/\/goias.gov.br\/fapeg\/wp-json\/wp\/v2\/pages\/236","targetHints":{"allow":["GET"]}}],"collection":[{"href":"https:\/\/goias.gov.br\/fapeg\/wp-json\/wp\/v2\/pages"}],"about":[{"href":"https:\/\/goias.gov.br\/fapeg\/wp-json\/wp\/v2\/types\/page"}],"author":[{"embeddable":true,"href":"https:\/\/goias.gov.br\/fapeg\/wp-json\/wp\/v2\/users\/46"}],"replies":[{"embeddable":true,"href":"https:\/\/goias.gov.br\/fapeg\/wp-json\/wp\/v2\/comments?post=236"}],"version-history":[{"count":2,"href":"https:\/\/goias.gov.br\/fapeg\/wp-json\/wp\/v2\/pages\/236\/revisions"}],"predecessor-version":[{"id":68470,"href":"https:\/\/goias.gov.br\/fapeg\/wp-json\/wp\/v2\/pages\/236\/revisions\/68470"}],"up":[{"embeddable":true,"href":"https:\/\/goias.gov.br\/fapeg\/wp-json\/wp\/v2\/pages\/26958"}],"wp:attachment":[{"href":"https:\/\/goias.gov.br\/fapeg\/wp-json\/wp\/v2\/media?parent=236"}],"curies":[{"name":"wp","href":"https:\/\/api.w.org\/{rel}","templated":true}]}}