

{"id":227,"date":"2015-07-14T13:52:59","date_gmt":"2015-07-14T13:52:59","guid":{"rendered":"http:\/\/10.246.8.22\/?page_id=227"},"modified":"2023-10-20T11:09:01","modified_gmt":"2023-10-20T14:09:01","slug":"diretoria","status":"publish","type":"page","link":"https:\/\/goias.gov.br\/fapeg\/fapeg\/diretoria\/","title":{"rendered":"Diretoria"},"content":{"rendered":"<p><strong>Marcos Fernando Arriel &#8211; Presidente<br \/>\n<\/strong><\/p>\n<p><a href=\"https:\/\/goias.gov.br\/fapeg\/wp-content\/uploads\/sites\/5\/2023\/10\/WhatsApp-Image-2023-10-20-at-11.05.00.jpeg\"><img fetchpriority=\"high\" decoding=\"async\" class=\"wp-image-37604 alignright\" src=\"https:\/\/goias.gov.br\/fapeg\/wp-content\/uploads\/sites\/5\/2023\/10\/WhatsApp-Image-2023-10-20-at-11.05.00.jpeg\" alt=\"\" width=\"351\" height=\"234\" \/><\/a>Marcos Fernando Arriel \u00e9 economista, graduado pela PUC Goi\u00e1s (1998), especialista em Economia Agroindustrial pela Universidade Federal de Goi\u00e1s (UFG, 2002), com mestrado em Desenvolvimento e Planejamento Territorial (PUC Goi\u00e1s, 2010) e com doutorado em Geografia (UFG, 2017). Tem experi\u00eancia na \u00e1rea de Economia, com \u00eanfase em indicadores econ\u00f4micos e sociais e economia regional, atuando principalmente nos seguintes temas: economia goiana, planejamento regional e ind\u00fastria goiana.<\/p>\n<p>Marcos \u00e9 Gestor Governamental do Estado de Goi\u00e1s; Membro do Conselho Administrativo da Organiza\u00e7\u00e3o das Volunt\u00e1rias de Goi\u00e1s; Membro do Conselho Cient\u00edfico do Boletim Goiano de Geografia do IESA\/UFG; e Membro do Conselho Editorial do Boletim de Estat\u00edsticas P\u00fablicas da Associa\u00e7\u00e3o Nacional das Institui\u00e7\u00f5es de Planejamento, Pesquisa e Estat\u00edstica (Anipes).<\/p>\n<p>Atuou como Superintendente de Micro e Pequenas Empresas na Secretaria de Desenvolvimento Econ\u00f4mico e Inova\u00e7\u00e3o do Estado de Goi\u00e1s; Assessor da Superintend\u00eancia e Gerente de Estudos Socioecon\u00f4micos e Especiais do Instituto Mauro Borges de Estat\u00edsticas e Estudos Socioecon\u00f4micos (IMB); Editor do Boletim de Estat\u00edsticas P\u00fablicas da Anipes; Membro de banca avaliadora da Escola de Governo Henrique Santillo; Pesquisador da Funda\u00e7\u00e3o Nacional de Desenvolvimento do Ensino Superior Particular\/Unialfa; Membro do Comit\u00ea T\u00e9cnico Nacional do PIB Municipal do IBGE; Conselheiro efetivo e Vice-presidente do Conselho Regional de Economia 18\u00aa Regi\u00e3o \u2013 Goi\u00e1s; Conselheiro da Central de Aquisi\u00e7\u00f5es e Contrata\u00e7\u00f5es (Sefaz); Coordenador do Projeto matriz insumo-produto em Goi\u00e1s (IPEA); Parecerista ad hoc para a UEFS Editoras.<\/p>\n<p>Coordenou e implantou os seguintes projetos principais no Instituto Mauro Borges de Estat\u00edsticas e Estudos Socioecon\u00f4micos: Produto Interno Bruto dos Munic\u00edpios Goianos, Boletim Conjuntura Econ\u00f4mica Goiana, \u00cdndice de Desempenho dos Munic\u00edpios Goianos, Colet\u00e2nea do Planejamento em Goi\u00e1s e Painel das Profiss\u00f5es.<\/p>\n<p><strong><a href=\"https:\/\/goias.gov.br\/fapeg\/wp-content\/uploads\/sites\/5\/2019\/07\/Vanderlei-Cassiano.jpg\"><img decoding=\"async\" class=\"alignright size-medium wp-image-26433\" src=\"https:\/\/goias.gov.br\/fapeg\/wp-content\/uploads\/sites\/5\/2019\/07\/Vanderlei-Cassiano-300x200.jpg\" alt=\"Vanderlei Cassiano - Diretor Fapeg\" width=\"300\" height=\"200\" srcset=\"https:\/\/goias.gov.br\/fapeg\/wp-content\/uploads\/sites\/5\/2019\/07\/Vanderlei-Cassiano-300x200.jpg 300w, https:\/\/goias.gov.br\/fapeg\/wp-content\/uploads\/sites\/5\/2019\/07\/Vanderlei-Cassiano-768x512.jpg 768w, https:\/\/goias.gov.br\/fapeg\/wp-content\/uploads\/sites\/5\/2019\/07\/Vanderlei-Cassiano-1024x683.jpg 1024w, https:\/\/goias.gov.br\/fapeg\/wp-content\/uploads\/sites\/5\/2019\/07\/Vanderlei-Cassiano-272x182.jpg 272w, https:\/\/goias.gov.br\/fapeg\/wp-content\/uploads\/sites\/5\/2019\/07\/Vanderlei-Cassiano.jpg 1961w\" sizes=\"(max-width: 300px) 100vw, 300px\" \/><\/a>Vanderlei Veget Cassiano Lopes J\u00fanior &#8211; Diretor de Programas e Monitoramento<br \/>\n<\/strong>Vanderlei Cassiano Lopes \u00e9 bacharel em Direito pela Universidade Federal de Goi\u00e1s (2000), com doutorado em Ci\u00eancias da Informa\u00e7\u00e3o, pela Universidade de Montpellier, Fran\u00e7a (2016), tendo sido apoiado pelo CNPq, como bolsista de doutorado pleno no exterior (GDE). Integra, como pesquisador, o laborat\u00f3rio CORHIS (<em>Communication, Ressources Humaines et Intervention Sociale<\/em>), desde 2016. Sua tese de doutoramento abordou a caracteriza\u00e7\u00e3o normativa do Programa Telessa\u00fade Brasil, do Minist\u00e9rio da Sa\u00fade, face \u00e0s recomenda\u00e7\u00f5es de organismos internacionais atuantes nesse campo. Tal tem\u00e1tica ensejou a convalida\u00e7\u00e3o do diploma pelo Programa de P\u00f3s-Gradua\u00e7\u00e3o em Direito da Universidade Federal de Minas Gerais &#8211; UFMG, programa que atualmente conta com nota 6, atribu\u00edda pela Capes. Vanderlei tamb\u00e9m \u00e9 advogado e especialista em Parcerias e Concess\u00f5es com a Administra\u00e7\u00e3o P\u00fablica, pela Escola de Governo Henrique Santillo (2018). Tem experi\u00eancia no campo da gest\u00e3o p\u00fablica e pol\u00edticas p\u00fablicas, pol\u00edticas de fomento \u00e0 cultura, fomento \u00e0 pesquisa, desenvolvimento e inova\u00e7\u00e3o, com interesse em temas ligados ao direito administrativo, direito internacional, recep\u00e7\u00e3o de tratados internacionais pelo ordenamento brasileiro, parcerias da administra\u00e7\u00e3o p\u00fablica com a iniciativa privada, formaliza\u00e7\u00e3o de acordos com a administra\u00e7\u00e3o p\u00fablica.<\/p>\n<p>Vanderlei pertence, desde 2002, \u00e0 carreira dos gestores governamentais, especificamente \u00e0 carreira de Gestor de Finan\u00e7as e Controle, cargo ligado \u00e0 Controladoria-Geral do Estado (CGE). No final de 2016 foi aprovado em processo interno de sele\u00e7\u00e3o de gerentes, promovido pelo Governo do Estado, passando a assumir a Ger\u00eancia Cient\u00edfica da FAPEG, no per\u00edodo 2017-2018. Nos dois anos em que esteve \u00e0 frente da ger\u00eancia, coordenou a elabora\u00e7\u00e3o, lan\u00e7amento e sele\u00e7\u00e3o de mais de trinta editais, atuando tamb\u00e9m na estrutura\u00e7\u00e3o e formaliza\u00e7\u00e3o de diversos acordos, termos de coopera\u00e7\u00e3o, conv\u00eanios e outros ajustes, realizados pela FAPEG no per\u00edodo. No segundo semestre de 2018, foi um dos respons\u00e1veis pelo estudo e elabora\u00e7\u00e3o, e reda\u00e7\u00e3o de exposi\u00e7\u00e3o de motivos, da minuta do decreto de regulamenta\u00e7\u00e3o da lei de inova\u00e7\u00e3o do estado, Lei n\u00b0 16.922\/2010, o marco legal da ci\u00eancia, tecnologia e inova\u00e7\u00e3o em Goi\u00e1s, que aguarda avalia\u00e7\u00e3o final pelo atual governo, para sua publica\u00e7\u00e3o.<\/p>\n<p><strong><a href=\"https:\/\/goias.gov.br\/fapeg\/wp-content\/uploads\/sites\/5\/2022\/02\/Lorena_Perfil_para_SITE_Copia.jpg\"><img decoding=\"async\" class=\"wp-image-33167 alignright\" src=\"https:\/\/goias.gov.br\/fapeg\/wp-content\/uploads\/sites\/5\/2022\/02\/Lorena_Perfil_para_SITE_Copia.jpg\" alt=\"\" width=\"302\" height=\"262\" \/><\/a><\/strong><\/p>\n<p><strong>Lorena Raquel Feliciano de Faria Peixoto \u2013 Diretora de Gest\u00e3o Integrada<br \/>\n<\/strong>Lorena Raquel Feliciano de Faria Peixoto possui gradua\u00e7\u00e3o em Pedagogia pela Universidade Federal de Goi\u00e1s (2002), MBA em Gerenciamento de Projetos pela Funda\u00e7\u00e3o Get\u00falio Vargas, extens\u00e3o universit\u00e1ria em Gest\u00e3o Governamental pela Escola de Direito de Bras\u00edlia, Certifica\u00e7\u00e3o em Compliance P\u00fablico pela Escola de Governo do Estado de Goi\u00e1s. Tem experi\u00eancia na \u00e1rea de gerenciamento de projetos, presta\u00e7\u00e3o de contas, gest\u00e3o de conv\u00eanio, auditoria em contratos, compliance p\u00fablico, gerenciamento de riscos e planejamento estrat\u00e9gico.<\/p>\n<p>Trabalhou na Secretaria da Seguran\u00e7a P\u00fablica de Goi\u00e1s SSP\/GO entre 2007 e 2014, onde atuava no acompanhamento da execu\u00e7\u00e3o dos conv\u00eanios, desenvolvimento de relat\u00f3rios, presta\u00e7\u00e3o de contas dos conv\u00eanios executados e em execu\u00e7\u00e3o. Entre 2015 e 2017, trabalhou na Ag\u00eancia Goiana de Transportes e Obras (Agetop) em atividades de auditoria nos contratos e processos de pagamento. Em 2017, ingressou no quadro de servidores da Funda\u00e7\u00e3o de Amparo \u00e0 Pesquisa do Estado de Goi\u00e1s (FAPEG) como Gerente de Avalia\u00e7\u00e3o de Fomentos, posteriormente como Gerente de Opera\u00e7\u00f5es de Fomento, oportunidade em que trabalhou em atividades de acompanhamento de projetos e conv\u00eanios, desenvolvimento de relat\u00f3rios e implementa\u00e7\u00e3o de diretrizes para o monitoramento da execu\u00e7\u00e3o dos projetos amparados pela Funda\u00e7\u00e3o. Ainda participou da contrata\u00e7\u00e3o de fomentos, an\u00e1lise de presta\u00e7\u00e3o de contas, entre outros.<\/p>\n<p><strong>Cl\u00e1udio Rodrigues Leles &#8211; Diretor Cient\u00edfico e de Inova\u00e7\u00e3o<a href=\"https:\/\/goias.gov.br\/fapeg\/wp-content\/uploads\/sites\/5\/2023\/04\/professor-claudio.jpg\"><img loading=\"lazy\" decoding=\"async\" class=\"alignright  wp-image-35683\" src=\"https:\/\/goias.gov.br\/fapeg\/wp-content\/uploads\/sites\/5\/2023\/04\/professor-claudio.jpg\" alt=\"\" width=\"304\" height=\"219\" \/><\/a><br \/>\n<\/strong><\/p>\n<p>Cl\u00e1udio Rodrigues Leles \u00e9 Professor Titular da Universidade Federal de Goi\u00e1s, com ingresso em 2002, em regime de dedica\u00e7\u00e3o exclusiva. \u00c9 Mestre (1998) e Doutor (2001) em Reabilita\u00e7\u00e3o Oral pela Unesp com experi\u00eancia de quase 30 anos na aten\u00e7\u00e3o cl\u00ednica, doc\u00eancia e pesquisa em Pr\u00f3tese Dent\u00e1ria. \u00c9 bolsista de Produtividade em Pesquisa 2 do CNPq desde 2009 e possui cerca de 200 artigos publicados, sendo 140 deles indexados no PubMed. \u00c9 revisor e editor de peri\u00f3dicos internacionais e atua em coopera\u00e7\u00e3o efetiva com v\u00e1rios pesquisadores internacionais na Su\u00ed\u00e7a, Reino Unido e Canad\u00e1, sendo orientador de um consider\u00e1vel n\u00famero de alunos p\u00f3s-gradua\u00e7\u00e3o (Me\/Dr), Inicia\u00e7\u00e3o Cient\u00edfica e supervis\u00e3o de P\u00f3s-Doutorado. \u00c9 professor permanente do Programa de P\u00f3s-Gradua\u00e7\u00e3o em Odontologia (PPGO) da UFG desde 2003 e do PPG em Ci\u00eancias da Sa\u00fade (PPGCS) da UFG desde 2006.<\/p>\n<p>Foi Diretor Executivo da Funda\u00e7\u00e3o de Apoio \u00e0 Pesquisa da UFG \u2013 Funape (2010-14), membro e atual Presidente do Conselho Deliberativo da Funape, Pr\u00f3-Reitor Adjunto de P\u00f3s-Gradua\u00e7\u00e3o da UFG e Coordenador Geral de P\u00f3s-Gradua\u00e7\u00e3o da UFG (2018-2019), Coordenador do Programa de P\u00f3s-Gradua\u00e7\u00e3o em Odontologia (2008-2010; 2016-2017), Coordenador de Pesquisa FO-UFG (2007-2010), Coordenador de Projeto Procad-Capes (2017-2020), e atualmente \u00e9 Coordenador do N\u00facleo de Pesquisa em Pr\u00f3tese e Implantes da UFG (2019 \u2013 atual) e Vice-Coordenador do Programa de P\u00f3s-Gradua\u00e7\u00e3o em Ci\u00eancias da Sa\u00fade da UFG.\u00a0\u00c9 membro efetivo da Sociedade Brasileira de Pesquisa Odontol\u00f3gica desde 1996, do <em>International Association for Dental Research<\/em> desde 2012, e do Geriatric Oral Research Group \u2013 IADR desde 2017. Tem parcerias consolidadas na forma de projetos conjuntos com <em>University of Zurich<\/em>, <em>Universit\u00e9 de Gen\u00e8ve<\/em> (Switzerland), <em>Queen\u2019s University Belfast<\/em> (Reino Unido) e <em>University of Bern, <\/em>onde recebeu o t\u00edtulo de Professor Adjunto na Cl\u00ednica de Odontologia Reconstrutiva e Gerodontologia.<\/p>\n<p>Tem forma\u00e7\u00e3o adicional como Especialista em Sa\u00fade Coletiva (UFG, 2002), Especialista em Epidemiologia (UFG, 2011), e Especialista em Avalia\u00e7\u00e3o de Tecnologias em Sa\u00fade (UFRGS-Rebrats, 2015). Possui treinamentos avan\u00e7ados em bioestat\u00edstica, gerenciamento de dados em pesquisa \/ Plataforma RedCap, Economia da Sa\u00fade e Estudos de Custo-Efetividade. No ano de 2019, na condi\u00e7\u00e3o de orientador de doutorado, foi o vencedor do Pr\u00eamio Capes de Teses da Capes. Tem projetos de pesquisa e produ\u00e7\u00e3o recente focada em ensaios cl\u00ednicos randomizados e na avalia\u00e7\u00e3o econ\u00f4mica de tratamentos simplificados e minimamente invasivos para pacientes idosos com pr\u00f3teses dent\u00e1rias convencionais e sobre implantes, principalmente no contexto da inser\u00e7\u00e3o dos tratamentos reabilitadores no SUS.<\/p>\n","protected":false},"excerpt":{"rendered":"<p>Marcos Fernando Arriel &#8211; Presidente Marcos Fernando Arriel \u00e9 economista, graduado pela PUC Goi\u00e1s (1998), especialista em Economia Agroindustrial pela Universidade Federal de Goi\u00e1s (UFG, 2002), com mestrado em Desenvolvimento e Planejamento Territorial (PUC Goi\u00e1s, 2010) e com doutorado em Geografia (UFG, 2017). Tem experi\u00eancia na \u00e1rea de Economia, com \u00eanfase em indicadores econ\u00f4micos e [&hellip;]<\/p>\n","protected":false},"author":46,"featured_media":0,"parent":10,"menu_order":0,"comment_status":"closed","ping_status":"closed","template":"","meta":{"footnotes":""},"class_list":["post-227","page","type-page","status-publish","hentry"],"rttpg_featured_image_url":null,"rttpg_author":{"display_name":"cleybetsls","author_link":"https:\/\/goias.gov.br\/fapeg\/author\/cleybetsls\/"},"rttpg_comment":0,"rttpg_category":null,"rttpg_excerpt":"Marcos Fernando Arriel &#8211; Presidente Marcos Fernando Arriel \u00e9 economista, graduado pela PUC Goi\u00e1s (1998), especialista em Economia Agroindustrial pela Universidade Federal de Goi\u00e1s (UFG, 2002), com mestrado em Desenvolvimento e Planejamento Territorial (PUC Goi\u00e1s, 2010) e com doutorado em Geografia (UFG, 2017). Tem experi\u00eancia na \u00e1rea de Economia, com \u00eanfase em indicadores econ\u00f4micos e&hellip;","_links":{"self":[{"href":"https:\/\/goias.gov.br\/fapeg\/wp-json\/wp\/v2\/pages\/227","targetHints":{"allow":["GET"]}}],"collection":[{"href":"https:\/\/goias.gov.br\/fapeg\/wp-json\/wp\/v2\/pages"}],"about":[{"href":"https:\/\/goias.gov.br\/fapeg\/wp-json\/wp\/v2\/types\/page"}],"author":[{"embeddable":true,"href":"https:\/\/goias.gov.br\/fapeg\/wp-json\/wp\/v2\/users\/46"}],"replies":[{"embeddable":true,"href":"https:\/\/goias.gov.br\/fapeg\/wp-json\/wp\/v2\/comments?post=227"}],"version-history":[{"count":2,"href":"https:\/\/goias.gov.br\/fapeg\/wp-json\/wp\/v2\/pages\/227\/revisions"}],"predecessor-version":[{"id":37605,"href":"https:\/\/goias.gov.br\/fapeg\/wp-json\/wp\/v2\/pages\/227\/revisions\/37605"}],"up":[{"embeddable":true,"href":"https:\/\/goias.gov.br\/fapeg\/wp-json\/wp\/v2\/pages\/10"}],"wp:attachment":[{"href":"https:\/\/goias.gov.br\/fapeg\/wp-json\/wp\/v2\/media?parent=227"}],"curies":[{"name":"wp","href":"https:\/\/api.w.org\/{rel}","templated":true}]}}