

{"id":20,"date":"2014-08-29T12:33:08","date_gmt":"2014-08-29T12:33:08","guid":{"rendered":"http:\/\/localhost\/sitefapeg\/?page_id=20"},"modified":"2023-09-18T09:56:01","modified_gmt":"2023-09-18T12:56:01","slug":"pesquisador","status":"publish","type":"page","link":"https:\/\/goias.gov.br\/fapeg\/pesquisador\/","title":{"rendered":"Pesquisador"},"content":{"rendered":"<p>&#8211; <a href=\"\/fapeg\/pesquisador\/fapegestor\/\">FAPGestor<\/a><br \/>\n&#8211; <a href=\"\/fapeg\/fomularios\/\" target=\"_blank\" rel=\"noopener noreferrer\">Formul\u00e1rios<\/a><br \/>\n&#8211; <a href=\"\/fapeg\/prestacao-de-contas\/\">Presta\u00e7\u00e3o de contas<\/a><br \/>\n&#8211; <a href=\"\/fapeg\/bolsistas\/\">Bolsistas<\/a><br \/>\n&#8211; <a href=\"\/fapeg\/pesquisador\/cartao-bb-pesquisa\/\">Cart\u00e3o BB Pesquisa<\/a><br \/>\n&#8211; <a href=\"\/fapeg\/duvidas-frequentes\/\">D\u00favidas frequentes (FAQ)<\/a><\/p>\n","protected":false},"excerpt":{"rendered":"<p>&#8211; FAPGestor &#8211; Formul\u00e1rios &#8211; Presta\u00e7\u00e3o de contas &#8211; Bolsistas &#8211; Cart\u00e3o BB Pesquisa &#8211; D\u00favidas frequentes (FAQ)<\/p>\n","protected":false},"author":46,"featured_media":0,"parent":0,"menu_order":0,"comment_status":"closed","ping_status":"closed","template":"","meta":{"footnotes":""},"class_list":["post-20","page","type-page","status-publish","hentry"],"rttpg_featured_image_url":null,"rttpg_author":{"display_name":"cleybetsls","author_link":"https:\/\/goias.gov.br\/fapeg\/author\/cleybetsls\/"},"rttpg_comment":0,"rttpg_category":null,"rttpg_excerpt":"&#8211; FAPGestor &#8211; Formul\u00e1rios &#8211; Presta\u00e7\u00e3o de contas &#8211; Bolsistas &#8211; Cart\u00e3o BB Pesquisa &#8211; D\u00favidas frequentes (FAQ)","_links":{"self":[{"href":"https:\/\/goias.gov.br\/fapeg\/wp-json\/wp\/v2\/pages\/20","targetHints":{"allow":["GET"]}}],"collection":[{"href":"https:\/\/goias.gov.br\/fapeg\/wp-json\/wp\/v2\/pages"}],"about":[{"href":"https:\/\/goias.gov.br\/fapeg\/wp-json\/wp\/v2\/types\/page"}],"author":[{"embeddable":true,"href":"https:\/\/goias.gov.br\/fapeg\/wp-json\/wp\/v2\/users\/46"}],"replies":[{"embeddable":true,"href":"https:\/\/goias.gov.br\/fapeg\/wp-json\/wp\/v2\/comments?post=20"}],"version-history":[{"count":1,"href":"https:\/\/goias.gov.br\/fapeg\/wp-json\/wp\/v2\/pages\/20\/revisions"}],"predecessor-version":[{"id":36556,"href":"https:\/\/goias.gov.br\/fapeg\/wp-json\/wp\/v2\/pages\/20\/revisions\/36556"}],"wp:attachment":[{"href":"https:\/\/goias.gov.br\/fapeg\/wp-json\/wp\/v2\/media?parent=20"}],"curies":[{"name":"wp","href":"https:\/\/api.w.org\/{rel}","templated":true}]}}