

{"id":18,"date":"2014-08-29T12:32:45","date_gmt":"2014-08-29T12:32:45","guid":{"rendered":"http:\/\/localhost\/sitefapeg\/?page_id=18"},"modified":"2025-12-17T18:35:34","modified_gmt":"2025-12-17T21:35:34","slug":"prestacao-de-contas","status":"publish","type":"page","link":"https:\/\/goias.gov.br\/fapeg\/pesquisador\/prestacao-de-contas\/","title":{"rendered":"Presta\u00e7\u00e3o de Contas"},"content":{"rendered":"<p><strong>Demais Documentos<\/strong><\/p>\n<p>1. <a href=\"https:\/\/goias.gov.br\/fapeg\/pesquisador\/prestacao-de-contas\/prestacao-de-contas-pesquisa\/\">Pesquisa<br \/><\/a><br \/>2.\u00a0<a href=\"https:\/\/goias.gov.br\/fapeg\/pesquisador\/prestacao-de-contas\/prestacao-de-contas-participacao-em-eventos\/\">Participa\u00e7\u00e3o em Eventos<\/a><br \/><br \/>3. <a href=\"https:\/\/forms.gle\/jbzSLwki9sA3QBtF9\">Ajuda de Custo<\/a><\/p>\n<p>4. <a href=\"https:\/\/goias.gov.br\/fapeg\/pesquisador\/prestacao-de-contas\/prestacao-de-contas-realizacao-de-eventos\/\">Realiza\u00e7\u00e3o de Eventos<\/a><br \/><br \/>5. <a href=\"https:\/\/goias.gov.br\/fapeg\/pesquisador\/prestacao-de-contas\/prestacao-de-contas-subvencao-economica\/\" target=\"_blank\" rel=\"noopener noreferrer\">Subven\u00e7\u00e3o Econ\u00f4mica<\/a><\/p>\n<p><a href=\"https:\/\/goias.gov.br\/fapeg\/wp-content\/uploads\/sites\/5\/2025\/09\/Manual-de-Prestacao-de-Contas-FAPEG.pdf\"><span data-olk-copy-source=\"MessageBody\">Manual de Presta\u00e7\u00e3o de Contas FAPEG<\/span><\/a><\/p>\n\n\n<p><\/p>\n","protected":false},"excerpt":{"rendered":"<p>Demais Documentos 1. Pesquisa2.\u00a0Participa\u00e7\u00e3o em Eventos 3. Ajuda de Custo 4. Realiza\u00e7\u00e3o de Eventos 5. Subven\u00e7\u00e3o Econ\u00f4mica Manual de Presta\u00e7\u00e3o de Contas FAPEG<\/p>\n","protected":false},"author":46,"featured_media":0,"parent":20,"menu_order":0,"comment_status":"closed","ping_status":"closed","template":"","meta":{"footnotes":""},"class_list":["post-18","page","type-page","status-publish","hentry"],"rttpg_featured_image_url":null,"rttpg_author":{"display_name":"cleybetsls","author_link":"https:\/\/goias.gov.br\/fapeg\/author\/cleybetsls\/"},"rttpg_comment":0,"rttpg_category":null,"rttpg_excerpt":"Demais Documentos 1. Pesquisa2.\u00a0Participa\u00e7\u00e3o em Eventos 3. Ajuda de Custo 4. Realiza\u00e7\u00e3o de Eventos 5. Subven\u00e7\u00e3o Econ\u00f4mica Manual de Presta\u00e7\u00e3o de Contas FAPEG","_links":{"self":[{"href":"https:\/\/goias.gov.br\/fapeg\/wp-json\/wp\/v2\/pages\/18","targetHints":{"allow":["GET"]}}],"collection":[{"href":"https:\/\/goias.gov.br\/fapeg\/wp-json\/wp\/v2\/pages"}],"about":[{"href":"https:\/\/goias.gov.br\/fapeg\/wp-json\/wp\/v2\/types\/page"}],"author":[{"embeddable":true,"href":"https:\/\/goias.gov.br\/fapeg\/wp-json\/wp\/v2\/users\/46"}],"replies":[{"embeddable":true,"href":"https:\/\/goias.gov.br\/fapeg\/wp-json\/wp\/v2\/comments?post=18"}],"version-history":[{"count":2,"href":"https:\/\/goias.gov.br\/fapeg\/wp-json\/wp\/v2\/pages\/18\/revisions"}],"predecessor-version":[{"id":88358,"href":"https:\/\/goias.gov.br\/fapeg\/wp-json\/wp\/v2\/pages\/18\/revisions\/88358"}],"up":[{"embeddable":true,"href":"https:\/\/goias.gov.br\/fapeg\/wp-json\/wp\/v2\/pages\/20"}],"wp:attachment":[{"href":"https:\/\/goias.gov.br\/fapeg\/wp-json\/wp\/v2\/media?parent=18"}],"curies":[{"name":"wp","href":"https:\/\/api.w.org\/{rel}","templated":true}]}}