

{"id":12949,"date":"2018-03-15T15:14:41","date_gmt":"2018-03-15T18:14:41","guid":{"rendered":"http:\/\/www.fapeg.go.gov.br\/?page_id=12949"},"modified":"2019-04-16T09:39:47","modified_gmt":"2019-04-16T12:39:47","slug":"contratos-2018","status":"publish","type":"page","link":"https:\/\/goias.gov.br\/fapeg\/contratos-2018\/","title":{"rendered":"Contratos &#8211; Ano Base 2018"},"content":{"rendered":"<p>Primeiro Termo Aditivo ao Contrato Origin\u00e1rio n\u00ba 004\/2017<\/p>\n<p><a href=\"https:\/\/goias.gov.br\/fapeg\/wp-content\/uploads\/sites\/5\/2018\/05\/SEGUNDO_ADITIVO.pdf\">Segundo Termo Aditivo ao Contrato Origin\u00e1rio n\u00ba 005\/2016<\/a><\/p>\n<p><a href=\"https:\/\/goias.gov.br\/fapeg\/wp-content\/uploads\/sites\/5\/2018\/03\/Contrato_n_001_2018.pdf\">Contrato n\u00ba. 001\/2018 &#8211; Estrat\u00e9gia Comunica\u00e7\u00e3o Integrada Ltda<\/a><\/p>\n<p><a href=\"https:\/\/goias.gov.br\/fapeg\/wp-content\/uploads\/sites\/5\/2018\/05\/QUINTO_TERMO_ADITIVO.pdf\">Quinto Termo Aditivo ao Contrato N\u00ba. 008\/2013 &#8211; INDRA BRASIL<\/a><\/p>\n<p><a href=\"https:\/\/goias.gov.br\/fapeg\/wp-content\/uploads\/sites\/5\/2018\/05\/Contrato_n_002_2018_ACHEI_VE\u00cdCULOS.pdf\">Contrato n\u00ba. 002\/2018 &#8211; Achei Autom\u00f3veis LTDA<\/a><\/p>\n<p><a href=\"https:\/\/goias.gov.br\/fapeg\/wp-content\/uploads\/sites\/5\/2018\/05\/Contrato_n_003_2018_Fort_Limp.pdf\">Contrato\u00a0n\u00ba 003\/2018 &#8211; FORTE LIMP ADM E SERVI\u00c7OS -ME<\/a><\/p>\n<p><a href=\"https:\/\/goias.gov.br\/fapeg\/wp-content\/uploads\/sites\/5\/2018\/05\/CONTRATO.pdf\">Contrato\u00a0n\u00ba 006\/2018 &#8211; Empresa MULTIDATA LTDA<\/a><\/p>\n<p><a href=\"https:\/\/goias.gov.br\/fapeg\/wp-content\/uploads\/sites\/5\/2018\/05\/SEGUNDO_ASSINADO.pdf\">Segundo T.A ao Contrato Origin\u00e1rio n\u00ba 001\/2016 &#8211; Instituto Stela<\/a><\/p>\n<p><a href=\"https:\/\/goias.gov.br\/fapeg\/wp-content\/uploads\/sites\/5\/2018\/06\/Contrato_N_004-2018.pdf\">Contrato\u00a0n\u00ba 004\/2018 &#8211; TIM CELULAR S\/A<\/a><\/p>\n<p><a href=\"https:\/\/goias.gov.br\/fapeg\/wp-content\/uploads\/sites\/5\/2018\/06\/CONTRATO_N_005_2018.pdf\">Contrato n\u00ba. 005\/2018 &#8211; MAPFRE SEGUROS GERAIS S\/A<\/a><\/p>\n<p><a href=\"https:\/\/goias.gov.br\/fapeg\/wp-content\/uploads\/sites\/5\/2018\/06\/3_T_A.pdf\">Terceiro T.A ao contrato n\u00ba004\/2015 &#8211; Total Vigil\u00e2ncia<\/a><\/p>\n<p><a href=\"https:\/\/goias.gov.br\/fapeg\/wp-content\/uploads\/sites\/5\/2018\/06\/Segundo_Termo_Aditivio_Assinado.pdf\">Segundo T.A ao Contrato n\u00ba 003\/2016 &#8211; Editora Ra\u00edzes<\/a><\/p>\n<p><a href=\"https:\/\/goias.gov.br\/fapeg\/wp-content\/uploads\/sites\/5\/2018\/07\/Contrato_007-2018.pdf\">Contratos 2018 o Contrato n\u00ba 007\/2018 &#8211; Ticket Solu\u00e7\u00f5es HDFGT<\/a><\/p>\n<p><a href=\"https:\/\/goias.gov.br\/fapeg\/wp-content\/uploads\/sites\/5\/2018\/08\/SEGUNDO_TERMO_ADITIVO.pdf\">Segundo T.A ao Contrato Origin\u00e1rio 010\/2016 &#8211; LC SISTEMAS LTDA<\/a><\/p>\n<p><a href=\"https:\/\/goias.gov.br\/fapeg\/wp-content\/uploads\/sites\/5\/2018\/08\/Contrato_008-2018.pdf\">Contrato n\u00ba. 008\/2018- REDEMOB CONSORCIO<\/a><\/p>\n<p><a href=\"https:\/\/goias.gov.br\/fapeg\/wp-content\/uploads\/sites\/5\/2018\/08\/contrato_ENEL.pdf\">Contrato n\u00ba. 009\/2018 &#8211; CELG<\/a><\/p>\n<p><a href=\"https:\/\/goias.gov.br\/fapeg\/wp-content\/uploads\/sites\/5\/2018\/09\/Contrato_11-2018.pdf\">Contrato n\u00ba. n\u00ba 011\/2018 &#8211; NP CAPACITA\u00c7\u00c3O<\/a><\/p>\n<p><a href=\"https:\/\/goias.gov.br\/fapeg\/wp-content\/uploads\/sites\/5\/2018\/09\/CONTRATO_ASSINADO.pdf\">Contrato n\u00ba.012\/2018 &#8211; M. MORAIS E IRM\u00c3OS EIRELI<\/a><\/p>\n<p><a href=\"https:\/\/goias.gov.br\/fapeg\/wp-content\/uploads\/sites\/5\/2018\/09\/PRIMEIRO-TERMO-ADITIVO-ASSINADO.pdf\">Primeiro T.A ao Contrato Origin\u00e1rio n\u00ba.014\/2017 &#8211; UATUM\u00c3 EMPREENDIMENTOS TUR\u00cdSTICOS LTDA -EPP<\/a><\/p>\n<p><a href=\"https:\/\/goias.gov.br\/fapeg\/wp-content\/uploads\/sites\/5\/2018\/09\/5_TERMO_ADITIVO_-ASSINADO.pdf\">Quinto T.A ao Contrato n\u00ba 03\/2014 &#8211; Correios<\/a><\/p>\n<p><a href=\"https:\/\/goias.gov.br\/fapeg\/wp-content\/uploads\/sites\/5\/2018\/09\/Terceiro_T_A_Assinado.pdf\">Terceiro T.A ao Contrato origin\u00e1rio n\u00ba. 015\/2015 Banco do Brasil<\/a><\/p>\n<p><a href=\"https:\/\/goias.gov.br\/fapeg\/wp-content\/uploads\/sites\/5\/2018\/09\/Segundo_TA_011_2016.pdf\">Segundo T.A ao contrato n\u00ba. 011\/2016 &#8211; BRASILCARD ADMINISTRADORA DE CART\u00d5ES<\/a><\/p>\n<p><a href=\"https:\/\/goias.gov.br\/fapeg\/wp-content\/uploads\/sites\/5\/2018\/10\/CONTRATO_ASSINADO.pdf\">Contrato n\u00ba 013\/2018 &#8211; Fonseca e Martins<\/a><\/p>\n<p><a href=\"https:\/\/goias.gov.br\/fapeg\/wp-content\/uploads\/sites\/5\/2018\/11\/Contrato-014-2018-assinado.pdf\">Contrato 014\/2018 &#8211; SHALOM TAXI<\/a><\/p>\n<p><a href=\"https:\/\/goias.gov.br\/fapeg\/wp-content\/uploads\/sites\/5\/2018\/11\/CONTRATO-016-2018-ASSINADO.pdf\">Contrato n\u00ba .016\/2018 &#8211; INSTITUTO DE PROMO\u00c7\u00c3O HUMANA (estagi\u00e1rios)<\/a><\/p>\n<p><a href=\"https:\/\/goias.gov.br\/fapeg\/wp-content\/uploads\/sites\/5\/2018\/11\/Contrato_Assinado.pdf\">Contrato n\u00ba 017\/2018 &#8211; Fonseca e Martins<\/a><\/p>\n<p><a href=\"https:\/\/goias.gov.br\/fapeg\/wp-content\/uploads\/sites\/5\/2018\/12\/Quarto-Aditivo.pdf\">Quarto Termo Aditivo ao contrato origin\u00e1rio de n\u00b0. 037\/2014 &#8211; IMPRENSA NACIONAL<\/a><\/p>\n<p><a href=\"https:\/\/goias.gov.br\/fapeg\/wp-content\/uploads\/sites\/5\/2018\/12\/CONTRATO_18-2018.pdf\n\">Contrato n\u00ba 018\/2018 &#8211; LOG LAB INTELIG\u00caNCIA DIGITAL LTDA<\/a><\/p>\n","protected":false},"excerpt":{"rendered":"<p>Primeiro Termo Aditivo ao Contrato Origin\u00e1rio n\u00ba 004\/2017 Segundo Termo Aditivo ao Contrato Origin\u00e1rio n\u00ba 005\/2016 Contrato n\u00ba. 001\/2018 &#8211; Estrat\u00e9gia Comunica\u00e7\u00e3o Integrada Ltda Quinto Termo Aditivo ao Contrato N\u00ba. 008\/2013 &#8211; INDRA BRASIL Contrato n\u00ba. 002\/2018 &#8211; Achei Autom\u00f3veis LTDA Contrato\u00a0n\u00ba 003\/2018 &#8211; FORTE LIMP ADM E SERVI\u00c7OS -ME Contrato\u00a0n\u00ba 006\/2018 &#8211; Empresa MULTIDATA [&hellip;]<\/p>\n","protected":false},"author":46,"featured_media":0,"parent":0,"menu_order":0,"comment_status":"closed","ping_status":"closed","template":"","meta":{"footnotes":""},"class_list":["post-12949","page","type-page","status-publish","hentry"],"rttpg_featured_image_url":null,"rttpg_author":{"display_name":"cleybetsls","author_link":"https:\/\/goias.gov.br\/fapeg\/author\/cleybetsls\/"},"rttpg_comment":0,"rttpg_category":null,"rttpg_excerpt":"Primeiro Termo Aditivo ao Contrato Origin\u00e1rio n\u00ba 004\/2017 Segundo Termo Aditivo ao Contrato Origin\u00e1rio n\u00ba 005\/2016 Contrato n\u00ba. 001\/2018 &#8211; Estrat\u00e9gia Comunica\u00e7\u00e3o Integrada Ltda Quinto Termo Aditivo ao Contrato N\u00ba. 008\/2013 &#8211; INDRA BRASIL Contrato n\u00ba. 002\/2018 &#8211; Achei Autom\u00f3veis LTDA Contrato\u00a0n\u00ba 003\/2018 &#8211; FORTE LIMP ADM E SERVI\u00c7OS -ME Contrato\u00a0n\u00ba 006\/2018 &#8211; Empresa MULTIDATA&hellip;","_links":{"self":[{"href":"https:\/\/goias.gov.br\/fapeg\/wp-json\/wp\/v2\/pages\/12949","targetHints":{"allow":["GET"]}}],"collection":[{"href":"https:\/\/goias.gov.br\/fapeg\/wp-json\/wp\/v2\/pages"}],"about":[{"href":"https:\/\/goias.gov.br\/fapeg\/wp-json\/wp\/v2\/types\/page"}],"author":[{"embeddable":true,"href":"https:\/\/goias.gov.br\/fapeg\/wp-json\/wp\/v2\/users\/46"}],"replies":[{"embeddable":true,"href":"https:\/\/goias.gov.br\/fapeg\/wp-json\/wp\/v2\/comments?post=12949"}],"version-history":[{"count":32,"href":"https:\/\/goias.gov.br\/fapeg\/wp-json\/wp\/v2\/pages\/12949\/revisions"}],"predecessor-version":[{"id":25750,"href":"https:\/\/goias.gov.br\/fapeg\/wp-json\/wp\/v2\/pages\/12949\/revisions\/25750"}],"wp:attachment":[{"href":"https:\/\/goias.gov.br\/fapeg\/wp-json\/wp\/v2\/media?parent=12949"}],"curies":[{"name":"wp","href":"https:\/\/api.w.org\/{rel}","templated":true}]}}