

{"id":3896,"date":"2024-03-04T14:10:42","date_gmt":"2024-03-04T17:10:42","guid":{"rendered":"https:\/\/siteshom.goias.gov.br\/esporte\/?page_id=3896"},"modified":"2026-03-23T14:19:51","modified_gmt":"2026-03-23T17:19:51","slug":"institucional","status":"publish","type":"page","link":"https:\/\/goias.gov.br\/esporte\/institucional\/","title":{"rendered":"Institucional"},"content":{"rendered":"\t\t<div data-elementor-type=\"wp-page\" data-elementor-id=\"3896\" class=\"elementor elementor-3896\">\n\t\t\t\t<div class=\"elementor-element elementor-element-4b990ac e-flex e-con-boxed e-con e-parent\" data-id=\"4b990ac\" data-element_type=\"container\" data-e-type=\"container\">\n\t\t\t\t\t<div class=\"e-con-inner\">\n\t\t\t\t<div class=\"elementor-element elementor-element-4db2453 elementor-widget elementor-widget-shortcode\" data-id=\"4db2453\" data-element_type=\"widget\" data-e-type=\"widget\" data-widget_type=\"shortcode.default\">\n\t\t\t\t<div class=\"elementor-widget-container\">\n\t\t\t\t\t\t\t<div class=\"elementor-shortcode\"><div data-post-id=\"7\" class=\"insert-page insert-page-7 \"><h1 class='insert-page-title'>Compet\u00eancias<\/h1><p>A Secretaria de Estado de Esporte e Lazer foi recriada no dia 6 de fevereiro de 2019, por meio da lei n\u00ba 20.491\/19, com o objetivo de fomentar o esporte em Goi\u00e1s, utilizando pol\u00edticas p\u00fablicas transparentes e criteriosas, para que assim o Estado volte a ter condi\u00e7\u00f5es de incentivar e auxiliar os talentosos atletas que s\u00e3o criados aqui, tal qual projetos de inicia\u00e7\u00e3o esportiva, que visam a inclus\u00e3o social e sa\u00fade, com atividades destinadas para crian\u00e7as, adolescentes, adultos e idosos.<\/p>\n<ul class='post-meta'>\n<li><span class='post-meta-key'>author_alias:<\/span> Joomla<\/li>\n<li><span class='post-meta-key'>rank_math_og_content_image:<\/span> a:2:{s:5:\"check\";s:32:\"472c6dc36ceabc60fcd22e968b105c27\";s:6:\"images\";a:1:{i:0;i:6;}}<\/li>\n<li><span class='post-meta-key'>tpg-post-view-count:<\/span> 248<\/li>\n<li><span class='post-meta-key'>rank_math_seo_score:<\/span> 7<\/li>\n<\/ul>\n<\/div><\/div>\n\t\t\t\t\t\t<\/div>\n\t\t\t\t<\/div>\n\t\t\t\t\t<\/div>\n\t\t\t\t<\/div>\n\t\t<div class=\"elementor-element elementor-element-3913721 e-flex e-con-boxed e-con e-parent\" data-id=\"3913721\" data-element_type=\"container\" data-e-type=\"container\">\n\t\t\t\t\t<div class=\"e-con-inner\">\n\t\t<div class=\"elementor-element elementor-element-dfe5313 e-con-full e-flex e-con e-child\" data-id=\"dfe5313\" data-element_type=\"container\" data-e-type=\"container\">\n\t\t\t\t<div class=\"elementor-element elementor-element-eff6421 elementor-widget__width-initial elementor-widget elementor-widget-shortcode\" data-id=\"eff6421\" data-element_type=\"widget\" data-e-type=\"widget\" data-widget_type=\"shortcode.default\">\n\t\t\t\t<div class=\"elementor-widget-container\">\n\t\t\t\t\t\t\t<div class=\"elementor-shortcode\"><div data-post-id=\"22\" class=\"insert-page insert-page-22 \"><h1 class='insert-page-title'>Compet\u00eancias<\/h1><p>Segundo a <a href=\"https:\/\/legisla.casacivil.go.gov.br\/api\/v2\/pesquisa\/legislacoes\/106749\/pdf\">Lei 21.792\/2023<\/a>\u00a0e o <a id=\"\" title=\"\" href=\"https:\/\/goias.gov.br\/esporte\/wp-content\/uploads\/sites\/53\/2018\/07\/diario_oficial_2024-02-06_suplemento_completo-e00.pdf\" target=\"\" rel=\"noopener\">Decreto 10.408\/2024<\/a>\u00a0, s\u00e3o atribui\u00e7\u00f5es da Secretaria de Esporte e Lazer:<\/p>\n<p><strong>Se\u00e7\u00e3o XIV, Art. 44 \u00e0 Seel competem:<\/strong><\/p>\n<ol style=\"list-style-type: upper-roman;\" start=\"1\">\n<li>formula\u00e7\u00e3o e execu\u00e7\u00e3o da pol\u00edtica estadual de esportes e lazer;<\/li>\n<li>a regula\u00e7\u00e3o e o controle da pr\u00e1tica desportiva, inclusive ado\u00e7\u00e3o de medidas de preven\u00e7\u00e3o ou repress\u00e3o do uso de meios il\u00edcitos nessa pr\u00e1tica;<\/li>\n<li>fomento \u00e0 inicia\u00e7\u00e3o esportiva e ao desporto de rendimento;<\/li>\n<li>administra\u00e7\u00e3o, manuten\u00e7\u00e3o, expans\u00e3o e aprimoramento da infraestrutura de esporte e lazer do Estado;<\/li>\n<\/ol>\n<p class=\"Texto_Justificado_Recuo_Primeira_Linha_Esp15\"><strong>Refer\u00eancia:\u00a0<\/strong><a href=\"https:\/\/legisla.casacivil.go.gov.br\/pesquisa_legislacao\/106749\/lei-21792\" target=\"_blank\" rel=\"noopener\">Lei n\u00ba 21.792, de 16 de fevereiro de 2023<\/a><\/p>\n<p class=\"Texto_Justificado_Recuo_Primeira_Linha_Esp15\"><strong>Vig\u00eancia: 16 de fevereiro de 2023,\u00a0<\/strong>publicado\u00a0<a href=\"https:\/\/diariooficial.abc.go.gov.br\/portal\/edicoes\/download\/5532\" target=\"_blank\" rel=\"noopener\">no D.O de 16\/02\/2023<\/a><\/p>\n<p class=\"Texto_Justificado_Recuo_Primeira_Linha_Esp15\"><strong>Regulamento: <a id=\"\" title=\"\" href=\"https:\/\/goias.gov.br\/esporte\/wp-content\/uploads\/sites\/53\/2018\/07\/diario_oficial_2024-02-06_suplemento_completo-e00.pdf\" target=\"\" rel=\"noopener\">Decreto 10.408\/2024<\/a><\/strong><b><br \/>\n<\/b><strong>Vig\u00eancia: 6 de fevereiro de 2024, <\/strong>publicado no <strong><a href=\"https:\/\/goias.gov.br\/esporte\/wp-content\/uploads\/sites\/53\/2018\/07\/diario_oficial_2024-02-06_suplemento_completo-e00.pdf\">D.O de 06\/02\/2024<\/a><\/strong><\/p>\n<ul class='post-meta'>\n<li><span class='post-meta-key'>tpg-post-view-count:<\/span> 725<\/li>\n<\/ul>\n<\/div><\/div>\n\t\t\t\t\t\t<\/div>\n\t\t\t\t<\/div>\n\t\t\t\t<div class=\"elementor-element elementor-element-b9cb4d1 elementor-widget elementor-widget-shortcode\" data-id=\"b9cb4d1\" data-element_type=\"widget\" data-e-type=\"widget\" data-widget_type=\"shortcode.default\">\n\t\t\t\t<div class=\"elementor-widget-container\">\n\t\t\t\t\t\t\t<div class=\"elementor-shortcode\"><div data-post-id=\"15\" class=\"insert-page insert-page-15 \"><h1 class='insert-page-title'>Canais de Atendimento<\/h1><p class=\"nomargintop\">O atendimento presencial acontece das <strong>08h \u00e0s 12h<\/strong> e <strong>14h \u00e0s 18h<\/strong>.<\/p>\n<p>Avenida Oeste, N\u00ba 56-250, Setor Aeroporto, Goi\u00e2nia &#8211; GO, 74075-110<\/p>\n<p>O protocolo tamb\u00e9m pode ser realizado pelo email:\u00a0protocolo.seel@goias.gov.br<\/p>\n<p><span id=\"more-15\"><\/span><\/p>\n<hr \/>\n<p><a href=\"\/esporte\/telefones-enderecos-e-horarios-de-atendimento\/\">Saiba mais informa\u00e7\u00f5es sobre telefones, endere\u00e7os e hor\u00e1rios de atendimentos das\u00a0unidades<\/a>.<\/p>\n<ul class='post-meta'>\n<li><span class='post-meta-key'>tpg-post-view-count:<\/span> 278<\/li>\n<li><span class='post-meta-key'>rank_math_seo_score:<\/span> 11<\/li>\n<\/ul>\n<\/div><\/div>\n\t\t\t\t\t\t<\/div>\n\t\t\t\t<\/div>\n\t\t\t\t<\/div>\n\t\t<div class=\"elementor-element elementor-element-89ea15b e-con-full e-flex e-con e-child\" data-id=\"89ea15b\" data-element_type=\"container\" data-e-type=\"container\">\n\t\t\t\t<div class=\"elementor-element elementor-element-3a35b21 elementor-widget elementor-widget-shortcode\" data-id=\"3a35b21\" data-element_type=\"widget\" data-e-type=\"widget\" data-widget_type=\"shortcode.default\">\n\t\t\t\t<div class=\"elementor-widget-container\">\n\t\t\t\t\t\t\t<div class=\"elementor-shortcode\"><div data-post-id=\"18\" class=\"insert-page insert-page-18 \"><h1 class='insert-page-title'>Secret\u00e1rio<\/h1><h3><img fetchpriority=\"high\" fetchpriority=\"high\" decoding=\"async\" class=\"alignnone size-medium wp-image-66964\" src=\"https:\/\/goias.gov.br\/esporte\/wp-content\/uploads\/sites\/53\/2018\/07\/Escolhida-200x300.jpg\" alt=\"\" width=\"200\" height=\"300\" srcset=\"https:\/\/goias.gov.br\/esporte\/wp-content\/uploads\/sites\/53\/2018\/07\/Escolhida-200x300.jpg 200w, https:\/\/goias.gov.br\/esporte\/wp-content\/uploads\/sites\/53\/2018\/07\/Escolhida-683x1024.jpg 683w, https:\/\/goias.gov.br\/esporte\/wp-content\/uploads\/sites\/53\/2018\/07\/Escolhida-768x1152.jpg 768w, https:\/\/goias.gov.br\/esporte\/wp-content\/uploads\/sites\/53\/2018\/07\/Escolhida-1024x1536.jpg 1024w, https:\/\/goias.gov.br\/esporte\/wp-content\/uploads\/sites\/53\/2018\/07\/Escolhida-1365x2048.jpg 1365w\" sizes=\"(max-width: 200px) 100vw, 200px\" \/><\/h3>\n<h3>Nilton C\u00e9zar Moreira<\/h3>\n<p>Nilton Cezar Moreira \u00e9 militar de carreira, est\u00e1 h\u00e1 24 anos na corpora\u00e7\u00e3o e ocupa a gradua\u00e7\u00e3o de 2\u00ba Sargento da Pol\u00edcia Militar do Estado de Goi\u00e1s. Bacharel em Direito, Nilton estava como Integrante da Assist\u00eancia Policial Militar da Secretaria de Estado da Infraestrutura de 2023 a 2024. Em mar\u00e7o de 2024 foi convidado para o desafio de ocupar a fun\u00e7\u00e3o de Superintendente de Seguran\u00e7a e Infraestrutura na Secretaria Estado de Esporte e Lazer. Em fevereiro de 2026 assume como secret\u00e1rio de Estado de Esporte e Lazer<\/p>\n<ul class='post-meta'>\n<li><span class='post-meta-key'>tpg-post-view-count:<\/span> 998<\/li>\n<\/ul>\n<\/div><\/div>\n\t\t\t\t\t\t<\/div>\n\t\t\t\t<\/div>\n\t\t\t\t<\/div>\n\t\t\t\t\t<\/div>\n\t\t\t\t<\/div>\n\t\t<div class=\"elementor-element elementor-element-ec53e8c e-flex e-con-boxed e-con e-parent\" data-id=\"ec53e8c\" data-element_type=\"container\" data-e-type=\"container\">\n\t\t\t\t\t<div class=\"e-con-inner\">\n\t\t\t\t<div class=\"elementor-element elementor-element-0c134f1 elementor-widget elementor-widget-shortcode\" data-id=\"0c134f1\" data-element_type=\"widget\" data-e-type=\"widget\" data-widget_type=\"shortcode.default\">\n\t\t\t\t<div class=\"elementor-widget-container\">\n\t\t\t\t\t\t\t<div class=\"elementor-shortcode\"><div data-post-id=\"23\" class=\"insert-page insert-page-23 \"><h1 class='insert-page-title'>Estrutura Organizacional<\/h1><p>A SEEL em\u00a0quatro\u00a0superintend\u00eancias respons\u00e1veis por atender ao cidad\u00e3o por meio de suas atividades.<\/p>\n<ul class=\"list-unidades\">\n<li>Superintend\u00eancia de Gest\u00e3o Integrada<\/li>\n<li>Superintend\u00eancia de Seguran\u00e7a e Infraestrutura Esportiva<\/li>\n<li>Superintend\u00eancia de Paradesporto e Fomento Esportivo<\/li>\n<li>Superintend\u00eancia\u00a0de Esporte e Lazer<\/li>\n<\/ul>\n<ul class=\"list-unidades\">\n<li><a href=\"https:\/\/goias.gov.br\/esporte\/wp-content\/uploads\/sites\/53\/2018\/07\/OrganogramaSEEL17112023.pdf\">Conhe\u00e7a tamb\u00e9m o nosso organograma<\/a><\/li>\n<li><a href=\"\/esporte\/cargos-e-seus-ocupantes\/\">Saiba quem \u00e9 quem em\u00a0Cargos e seus Ocupantes<\/a><\/li>\n<\/ul>\n<p class=\"nomarginbottom\">Conhe\u00e7a tamb\u00e9m outras entidades que est\u00e3o jurisdicionadas a SEEL:<\/p>\n<ul class=\"nomargintop\">\n<li>Conselho Estadual de Esporte e Lazer<\/li>\n<li>* A Subsecretaria de Seguran\u00e7a Esportiva e Gest\u00e3o Integrada foi extinta conforme o Decreto 10.454\/2024, publicado no Di\u00e1rio Oficial N\u00famero 24.272, no dia 24 de abril de 2024.<\/li>\n<\/ul>\n<ul class='post-meta'>\n<li><span class='post-meta-key'>tpg-post-view-count:<\/span> 444<\/li>\n<li><span class='post-meta-key'>rank_math_seo_score:<\/span> 17<\/li>\n<\/ul>\n<\/div><\/div>\n\t\t\t\t\t\t<\/div>\n\t\t\t\t<\/div>\n\t\t\t\t\t<\/div>\n\t\t\t\t<\/div>\n\t\t\t\t<\/div>\n\t\t","protected":false},"excerpt":{"rendered":"","protected":false},"author":1,"featured_media":0,"parent":0,"menu_order":0,"comment_status":"closed","ping_status":"closed","template":"","meta":{"footnotes":""},"class_list":["post-3896","page","type-page","status-publish","hentry"],"rttpg_featured_image_url":null,"rttpg_author":{"display_name":"wagner.viana","author_link":"https:\/\/goias.gov.br\/esporte\/author\/wagner-viana\/"},"rttpg_comment":0,"rttpg_category":"","rttpg_excerpt":null,"_links":{"self":[{"href":"https:\/\/goias.gov.br\/esporte\/wp-json\/wp\/v2\/pages\/3896","targetHints":{"allow":["GET"]}}],"collection":[{"href":"https:\/\/goias.gov.br\/esporte\/wp-json\/wp\/v2\/pages"}],"about":[{"href":"https:\/\/goias.gov.br\/esporte\/wp-json\/wp\/v2\/types\/page"}],"author":[{"embeddable":true,"href":"https:\/\/goias.gov.br\/esporte\/wp-json\/wp\/v2\/users\/1"}],"replies":[{"embeddable":true,"href":"https:\/\/goias.gov.br\/esporte\/wp-json\/wp\/v2\/comments?post=3896"}],"version-history":[{"count":2,"href":"https:\/\/goias.gov.br\/esporte\/wp-json\/wp\/v2\/pages\/3896\/revisions"}],"predecessor-version":[{"id":70661,"href":"https:\/\/goias.gov.br\/esporte\/wp-json\/wp\/v2\/pages\/3896\/revisions\/70661"}],"wp:attachment":[{"href":"https:\/\/goias.gov.br\/esporte\/wp-json\/wp\/v2\/media?parent=3896"}],"curies":[{"name":"wp","href":"https:\/\/api.w.org\/{rel}","templated":true}]}}